{"id":55816,"date":"2026-03-19T10:16:14","date_gmt":"2026-03-19T09:16:14","guid":{"rendered":"https:\/\/librairie7l.com\/?post_type=product&#038;p=55816"},"modified":"2026-04-20T04:11:50","modified_gmt":"2026-04-20T02:11:50","slug":"cosmic-garden-an-homage-to-indias-collective-heritage-2","status":"publish","type":"product","link":"https:\/\/librairie7l.com\/en\/produit\/cosmic-garden-an-homage-to-indias-collective-heritage-2\/","title":{"rendered":"COSMIC GARDEN : AN HOMAGE TO INDIA&#8217;S COLLECTIVE HERITAGE"},"content":{"rendered":"<p>Un hommage au patrimoine collectif de l&#8217;Inde<br \/>\nCette exposition et le livre qui l&#8217;accompagne montrent comment des artistes contemporains ont su, en se r\u00e9appropriant des techniques ancestrales, explorer leur propre histoire culturelle et leur identit\u00e9.<br \/>\nArt transmis de g\u00e9n\u00e9ration en g\u00e9n\u00e9ration, la broderie joue un r\u00f4le central dans cette exploration. Traditionnellement pratiqu\u00e9e par les femmes, elle l&#8217;est aujourd&#8217;hui par l&#8217;un comme l&#8217;autre sexe. L&#8217;exposition met en lumi\u00e8re le travail de Madhvi et Manu Parekh, qui puisent leur inspiration dans les riches traditions spirituelles et artistiques de l&#8217;Inde. Leurs productions, qui comprend aussi des peintures et des sculptures, refl\u00e8tent l&#8217;interaction entre le r\u00e9el et l&#8217;imaginaire.<br \/>\nLa Chanakya School of Craft collabore avec ce couple d&#8217;artistes \u00e0 la r\u00e9interpr\u00e9tation de leur cr\u00e9ation \u00e0 travers la broderie. Cette fusion entre art et artisanat brouille les fronti\u00e8res traditionnelles et donne naissance \u00e0 un dialogue entre pass\u00e9 et pr\u00e9sent.<br \/>\nExposition : 60e biennale de Venise, Salone Verde, Santa Croce, Venise, du 20 avril 2024 au 24 novembre 2024<\/p>\n<p>Promouvoir l&#8217;autonomie des femmes artisans : mettre en valeur le talent de femmes artisans qui revitalisent les savoir-faire traditionnels et d\u00e9fient les normes de genre ;<br \/>\nUn dialogue entre pass\u00e9 et pr\u00e9sent : l&#8217;exposition promeut un dialogue entre pass\u00e9 et pr\u00e9sent, comblant l&#8217;\u00e9cart entre pratiques artistiques traditionnelles et contemporaines ;<br \/>\nFusion de l&#8217;art et de l&#8217;artisanat : l&#8217;exposition met en \u00e9vidence la synth\u00e8se entre art et artisanat, qui brouille les lignes entre les disciplines et produit des oeuvres visuellement enthousiasmantes<\/p>\n","protected":false},"excerpt":{"rendered":"<p>Un hommage au patrimoine collectif de l&#8217;Inde Cette exposition et le livre qui l&#8217;accompagne montrent comment des artistes contemporains ont su, en se r\u00e9appropriant des techniques ancestrales, explorer leur propre histoire culturelle et leur identit\u00e9. Art transmis de g\u00e9n\u00e9ration en g\u00e9n\u00e9ration, la broderie joue un r\u00f4le central dans cette exploration. Traditionnellement pratiqu\u00e9e par les femmes, [&hellip;]<\/p>\n","protected":false},"featured_media":55814,"template":"","meta":[],"product_cat":[2948],"product_tag":[],"acf":[],"yoast_head":"<!-- This site is optimized with the Yoast SEO plugin v20.11 - https:\/\/yoast.com\/wordpress\/plugins\/seo\/ -->\n<title>Cosmic garden : An Homage to India&#039;s Collective Heritage - Librairie 7L<\/title>\n<meta name=\"robots\" content=\"index, follow, max-snippet:-1, max-image-preview:large, max-video-preview:-1\" \/>\n<link rel=\"canonical\" href=\"https:\/\/librairie7l.com\/en\/produit\/cosmic-garden-an-homage-to-indias-collective-heritage-2\/\" \/>\n<meta property=\"og:locale\" content=\"en_US\" \/>\n<meta property=\"og:type\" content=\"article\" \/>\n<meta property=\"og:title\" content=\"Cosmic garden : An Homage to India&#039;s Collective Heritage - Librairie 7L\" \/>\n<meta property=\"og:description\" content=\"Un hommage au patrimoine collectif de l&#8217;Inde Cette exposition et le livre qui l&#8217;accompagne montrent comment des artistes contemporains ont su, en se r\u00e9appropriant des techniques ancestrales, explorer leur propre histoire culturelle et leur identit\u00e9. Art transmis de g\u00e9n\u00e9ration en g\u00e9n\u00e9ration, la broderie joue un r\u00f4le central dans cette exploration. Traditionnellement pratiqu\u00e9e par les femmes, [&hellip;]\" \/>\n<meta property=\"og:url\" content=\"https:\/\/librairie7l.com\/en\/produit\/cosmic-garden-an-homage-to-indias-collective-heritage-2\/\" \/>\n<meta property=\"og:site_name\" content=\"Librairie 7L\" \/>\n<meta property=\"article:modified_time\" content=\"2026-04-20T02:11:50+00:00\" \/>\n<meta property=\"og:image\" content=\"https:\/\/librairie7l.com\/wp-content\/uploads\/2024\/12\/9791254600979_1_75.jpg\" \/>\n\t<meta property=\"og:image:width\" content=\"600\" \/>\n\t<meta property=\"og:image:height\" content=\"699\" \/>\n\t<meta property=\"og:image:type\" content=\"image\/jpeg\" \/>\n<meta name=\"twitter:card\" content=\"summary_large_image\" \/>\n<meta name=\"twitter:label1\" content=\"Est. reading time\" \/>\n\t<meta name=\"twitter:data1\" content=\"1 minute\" \/>\n<script type=\"application\/ld+json\" class=\"yoast-schema-graph\">{\"@context\":\"https:\/\/schema.org\",\"@graph\":[{\"@type\":\"WebPage\",\"@id\":\"https:\/\/librairie7l.com\/en\/produit\/cosmic-garden-an-homage-to-indias-collective-heritage-2\/\",\"url\":\"https:\/\/librairie7l.com\/en\/produit\/cosmic-garden-an-homage-to-indias-collective-heritage-2\/\",\"name\":\"Cosmic garden : An Homage to India's Collective Heritage - Librairie 7L\",\"isPartOf\":{\"@id\":\"https:\/\/librairie7l.com\/en\/#website\"},\"datePublished\":\"2026-03-19T09:16:14+00:00\",\"dateModified\":\"2026-04-20T02:11:50+00:00\",\"breadcrumb\":{\"@id\":\"https:\/\/librairie7l.com\/en\/produit\/cosmic-garden-an-homage-to-indias-collective-heritage-2\/#breadcrumb\"},\"inLanguage\":\"en-US\",\"potentialAction\":[{\"@type\":\"ReadAction\",\"target\":[\"https:\/\/librairie7l.com\/en\/produit\/cosmic-garden-an-homage-to-indias-collective-heritage-2\/\"]}]},{\"@type\":\"BreadcrumbList\",\"@id\":\"https:\/\/librairie7l.com\/en\/produit\/cosmic-garden-an-homage-to-indias-collective-heritage-2\/#breadcrumb\",\"itemListElement\":[{\"@type\":\"ListItem\",\"position\":1,\"name\":\"Accueil\",\"item\":\"https:\/\/librairie7l.com\/en\/\"},{\"@type\":\"ListItem\",\"position\":2,\"name\":\"Shop\",\"item\":\"https:\/\/librairie7l.com\/en\/shop\/\"},{\"@type\":\"ListItem\",\"position\":3,\"name\":\"COSMIC GARDEN : AN HOMAGE TO INDIA&#8217;S COLLECTIVE HERITAGE\"}]},{\"@type\":\"WebSite\",\"@id\":\"https:\/\/librairie7l.com\/en\/#website\",\"url\":\"https:\/\/librairie7l.com\/en\/\",\"name\":\"Librairie 7L\",\"description\":\"Librairie fond\u00e9e en 1999 par Karl Lagerfeld \u00e0 Paris\",\"publisher\":{\"@id\":\"https:\/\/librairie7l.com\/en\/#organization\"},\"potentialAction\":[{\"@type\":\"SearchAction\",\"target\":{\"@type\":\"EntryPoint\",\"urlTemplate\":\"https:\/\/librairie7l.com\/en\/?s={search_term_string}\"},\"query-input\":\"required name=search_term_string\"}],\"inLanguage\":\"en-US\"},{\"@type\":\"Organization\",\"@id\":\"https:\/\/librairie7l.com\/en\/#organization\",\"name\":\"Librairie 7L\",\"url\":\"https:\/\/librairie7l.com\/en\/\",\"logo\":{\"@type\":\"ImageObject\",\"inLanguage\":\"en-US\",\"@id\":\"https:\/\/librairie7l.com\/en\/#\/schema\/logo\/image\/\",\"url\":\"https:\/\/librairie7l.com\/wp-content\/uploads\/2022\/08\/logo-1.png\",\"contentUrl\":\"https:\/\/librairie7l.com\/wp-content\/uploads\/2022\/08\/logo-1.png\",\"width\":227,\"height\":301,\"caption\":\"Librairie 7L\"},\"image\":{\"@id\":\"https:\/\/librairie7l.com\/en\/#\/schema\/logo\/image\/\"}}]}<\/script>\n<!-- \/ Yoast SEO plugin. -->","yoast_head_json":{"title":"Cosmic garden : An Homage to India's Collective Heritage - Librairie 7L","robots":{"index":"index","follow":"follow","max-snippet":"max-snippet:-1","max-image-preview":"max-image-preview:large","max-video-preview":"max-video-preview:-1"},"canonical":"https:\/\/librairie7l.com\/en\/produit\/cosmic-garden-an-homage-to-indias-collective-heritage-2\/","og_locale":"en_US","og_type":"article","og_title":"Cosmic garden : An Homage to India's Collective Heritage - Librairie 7L","og_description":"Un hommage au patrimoine collectif de l&#8217;Inde Cette exposition et le livre qui l&#8217;accompagne montrent comment des artistes contemporains ont su, en se r\u00e9appropriant des techniques ancestrales, explorer leur propre histoire culturelle et leur identit\u00e9. Art transmis de g\u00e9n\u00e9ration en g\u00e9n\u00e9ration, la broderie joue un r\u00f4le central dans cette exploration. Traditionnellement pratiqu\u00e9e par les femmes, [&hellip;]","og_url":"https:\/\/librairie7l.com\/en\/produit\/cosmic-garden-an-homage-to-indias-collective-heritage-2\/","og_site_name":"Librairie 7L","article_modified_time":"2026-04-20T02:11:50+00:00","og_image":[{"width":600,"height":699,"url":"https:\/\/librairie7l.com\/wp-content\/uploads\/2024\/12\/9791254600979_1_75.jpg","type":"image\/jpeg"}],"twitter_card":"summary_large_image","twitter_misc":{"Est. reading time":"1 minute"},"schema":{"@context":"https:\/\/schema.org","@graph":[{"@type":"WebPage","@id":"https:\/\/librairie7l.com\/en\/produit\/cosmic-garden-an-homage-to-indias-collective-heritage-2\/","url":"https:\/\/librairie7l.com\/en\/produit\/cosmic-garden-an-homage-to-indias-collective-heritage-2\/","name":"Cosmic garden : An Homage to India's Collective Heritage - Librairie 7L","isPartOf":{"@id":"https:\/\/librairie7l.com\/en\/#website"},"datePublished":"2026-03-19T09:16:14+00:00","dateModified":"2026-04-20T02:11:50+00:00","breadcrumb":{"@id":"https:\/\/librairie7l.com\/en\/produit\/cosmic-garden-an-homage-to-indias-collective-heritage-2\/#breadcrumb"},"inLanguage":"en-US","potentialAction":[{"@type":"ReadAction","target":["https:\/\/librairie7l.com\/en\/produit\/cosmic-garden-an-homage-to-indias-collective-heritage-2\/"]}]},{"@type":"BreadcrumbList","@id":"https:\/\/librairie7l.com\/en\/produit\/cosmic-garden-an-homage-to-indias-collective-heritage-2\/#breadcrumb","itemListElement":[{"@type":"ListItem","position":1,"name":"Accueil","item":"https:\/\/librairie7l.com\/en\/"},{"@type":"ListItem","position":2,"name":"Shop","item":"https:\/\/librairie7l.com\/en\/shop\/"},{"@type":"ListItem","position":3,"name":"COSMIC GARDEN : AN HOMAGE TO INDIA&#8217;S COLLECTIVE HERITAGE"}]},{"@type":"WebSite","@id":"https:\/\/librairie7l.com\/en\/#website","url":"https:\/\/librairie7l.com\/en\/","name":"Librairie 7L","description":"Librairie fond\u00e9e en 1999 par Karl Lagerfeld \u00e0 Paris","publisher":{"@id":"https:\/\/librairie7l.com\/en\/#organization"},"potentialAction":[{"@type":"SearchAction","target":{"@type":"EntryPoint","urlTemplate":"https:\/\/librairie7l.com\/en\/?s={search_term_string}"},"query-input":"required name=search_term_string"}],"inLanguage":"en-US"},{"@type":"Organization","@id":"https:\/\/librairie7l.com\/en\/#organization","name":"Librairie 7L","url":"https:\/\/librairie7l.com\/en\/","logo":{"@type":"ImageObject","inLanguage":"en-US","@id":"https:\/\/librairie7l.com\/en\/#\/schema\/logo\/image\/","url":"https:\/\/librairie7l.com\/wp-content\/uploads\/2022\/08\/logo-1.png","contentUrl":"https:\/\/librairie7l.com\/wp-content\/uploads\/2022\/08\/logo-1.png","width":227,"height":301,"caption":"Librairie 7L"},"image":{"@id":"https:\/\/librairie7l.com\/en\/#\/schema\/logo\/image\/"}}]}},"_links":{"self":[{"href":"https:\/\/librairie7l.com\/en\/wp-json\/wp\/v2\/product\/55816"}],"collection":[{"href":"https:\/\/librairie7l.com\/en\/wp-json\/wp\/v2\/product"}],"about":[{"href":"https:\/\/librairie7l.com\/en\/wp-json\/wp\/v2\/types\/product"}],"wp:featuredmedia":[{"embeddable":true,"href":"https:\/\/librairie7l.com\/en\/wp-json\/wp\/v2\/media\/55814"}],"wp:attachment":[{"href":"https:\/\/librairie7l.com\/en\/wp-json\/wp\/v2\/media?parent=55816"}],"wp:term":[{"taxonomy":"product_cat","embeddable":true,"href":"https:\/\/librairie7l.com\/en\/wp-json\/wp\/v2\/product_cat?post=55816"},{"taxonomy":"product_tag","embeddable":true,"href":"https:\/\/librairie7l.com\/en\/wp-json\/wp\/v2\/product_tag?post=55816"}],"curies":[{"name":"wp","href":"https:\/\/api.w.org\/{rel}","templated":true}]}}