{"id":55834,"date":"2026-03-19T10:16:27","date_gmt":"2026-03-19T09:16:27","guid":{"rendered":"https:\/\/librairie7l.com\/?post_type=product&#038;p=55834"},"modified":"2026-04-20T01:55:11","modified_gmt":"2026-04-19T23:55:11","slug":"primitivismes-iii-crises-et-mutations-2","status":"publish","type":"product","link":"https:\/\/librairie7l.com\/en\/produit\/primitivismes-iii-crises-et-mutations-2\/","title":{"rendered":"PRIMITIVISMES III : CRISES ET MUTATIONS"},"content":{"rendered":"<p>Philippe Dagen cl\u00f4t ici sa trilogie sur les primitivismes en examinant, \u00e0 travers oeuvres et \u00e9crits, la p\u00e9riode de la Seconde Guerre mondiale aux ann\u00e9es 1980. Dans un premier temps, l&#8217;id\u00e9e d&#8217;une continuit\u00e9 avec l&#8217;entre-deux-guerres semble s&#8217;imposer. La culture primitiviste constitu\u00e9e et transmise par le surr\u00e9alisme est aussi d\u00e9terminante dans la formation de l&#8217;expressionnisme abstrait \u00e0 New York que dans celle de CoBrA en Europe. Ce syst\u00e8me de r\u00e9f\u00e9rences est d\u00e9sormais reconnu et c\u00e9l\u00e9br\u00e9 \u00e0 travers expositions et livres, jusqu&#8217;\u00e0 la cr\u00e9ation du Museum of Primitive Art en 1954 \u00e0 New York et aux expositions du mus\u00e9e de l&#8217;Homme, dont Arts primitifs dans les ateliers d&#8217;artistes en 1967. \u00c0 cette date, cela fait plus de vingt ans que des \u00e9crivains et des philosophes &#8211; Claude L\u00e9vi-Strauss, Jean-Paul Sartre et, plus particuli\u00e8rement, Aim\u00e9 C\u00e9saire et Michel Leiris &#8211; ont d\u00e9montr\u00e9 que le primitif est indissociable du fait colonial et de ses fondements racistes. Ainsi le triomphe public du syst\u00e8me primitiviste s&#8217;accomplit-il alors que les notions sur lesquelles il se fonde sont d\u00e9j\u00e0 ruin\u00e9es par la mise \u00e0 nu de leurs pr\u00e9misses et des st\u00e9r\u00e9otypes de hi\u00e9rarchie entre les cultures qu&#8217;elles portent en elles. \u00c0 partir de la fin des ann\u00e9es 1950 cependant, les fonctions critiques du primitif, qui ont \u00e9t\u00e9 les armes de Dada et du surr\u00e9alisme, sont r\u00e9activ\u00e9es par des pratiques nouvelles. Elles le sont dans des happenings jug\u00e9s scandaleux, de Jean Beno\u00eet \u00e0 Jean-Jacques Lebel, qui transgressent les interdits bourgeois. Elles le sont par les performances de celles &#8211; Carolee Schneemann, Yayoi Kusama ou Ana Mendieta &#8211; qui font de leur corps et de sa libert\u00e9 les enjeux et les instruments de leur r\u00e9sistance \u00e0 la marchandisation et \u00e0 l&#8217;oppression de la femme dans la soci\u00e9t\u00e9 occidentale capitaliste. Et elles le sont, simultan\u00e9ment, par Betye Sarr, David Hammons ou Noah Purifoy, artistes afro-am\u00e9ricains, qui se saisissent des arts africains anciens pour les d\u00e9gager des appropriations et leur rendre leur puissance symbolique.<\/p>\n","protected":false},"excerpt":{"rendered":"<p>Philippe Dagen cl\u00f4t ici sa trilogie sur les primitivismes en examinant, \u00e0 travers oeuvres et \u00e9crits, la p\u00e9riode de la Seconde Guerre mondiale aux ann\u00e9es 1980. Dans un premier temps, l&#8217;id\u00e9e d&#8217;une continuit\u00e9 avec l&#8217;entre-deux-guerres semble s&#8217;imposer. La culture primitiviste constitu\u00e9e et transmise par le surr\u00e9alisme est aussi d\u00e9terminante dans la formation de l&#8217;expressionnisme abstrait [&hellip;]<\/p>\n","protected":false},"featured_media":55832,"template":"","meta":[],"product_cat":[2948],"product_tag":[],"acf":[],"yoast_head":"<!-- This site is optimized with the Yoast SEO plugin v20.11 - https:\/\/yoast.com\/wordpress\/plugins\/seo\/ -->\n<title>Primitivismes III : Crises et mutations - Librairie 7L<\/title>\n<meta name=\"robots\" content=\"index, follow, max-snippet:-1, max-image-preview:large, max-video-preview:-1\" \/>\n<link rel=\"canonical\" href=\"https:\/\/librairie7l.com\/en\/produit\/primitivismes-iii-crises-et-mutations-2\/\" \/>\n<meta property=\"og:locale\" content=\"en_US\" \/>\n<meta property=\"og:type\" content=\"article\" \/>\n<meta property=\"og:title\" content=\"Primitivismes III : Crises et mutations - Librairie 7L\" \/>\n<meta property=\"og:description\" content=\"Philippe Dagen cl\u00f4t ici sa trilogie sur les primitivismes en examinant, \u00e0 travers oeuvres et \u00e9crits, la p\u00e9riode de la Seconde Guerre mondiale aux ann\u00e9es 1980. Dans un premier temps, l&#8217;id\u00e9e d&#8217;une continuit\u00e9 avec l&#8217;entre-deux-guerres semble s&#8217;imposer. La culture primitiviste constitu\u00e9e et transmise par le surr\u00e9alisme est aussi d\u00e9terminante dans la formation de l&#8217;expressionnisme abstrait [&hellip;]\" \/>\n<meta property=\"og:url\" content=\"https:\/\/librairie7l.com\/en\/produit\/primitivismes-iii-crises-et-mutations-2\/\" \/>\n<meta property=\"og:site_name\" content=\"Librairie 7L\" \/>\n<meta property=\"article:modified_time\" content=\"2026-04-19T23:55:11+00:00\" \/>\n<meta property=\"og:image\" content=\"https:\/\/librairie7l.com\/wp-content\/uploads\/2025\/10\/9782073083616_1_75.jpg\" \/>\n\t<meta property=\"og:image:width\" content=\"600\" \/>\n\t<meta property=\"og:image:height\" content=\"879\" \/>\n\t<meta property=\"og:image:type\" content=\"image\/jpeg\" \/>\n<meta name=\"twitter:card\" content=\"summary_large_image\" \/>\n<meta name=\"twitter:label1\" content=\"Est. reading time\" \/>\n\t<meta name=\"twitter:data1\" content=\"2 minutes\" \/>\n<script type=\"application\/ld+json\" class=\"yoast-schema-graph\">{\"@context\":\"https:\/\/schema.org\",\"@graph\":[{\"@type\":\"WebPage\",\"@id\":\"https:\/\/librairie7l.com\/en\/produit\/primitivismes-iii-crises-et-mutations-2\/\",\"url\":\"https:\/\/librairie7l.com\/en\/produit\/primitivismes-iii-crises-et-mutations-2\/\",\"name\":\"Primitivismes III : Crises et mutations - Librairie 7L\",\"isPartOf\":{\"@id\":\"https:\/\/librairie7l.com\/en\/#website\"},\"datePublished\":\"2026-03-19T09:16:27+00:00\",\"dateModified\":\"2026-04-19T23:55:11+00:00\",\"breadcrumb\":{\"@id\":\"https:\/\/librairie7l.com\/en\/produit\/primitivismes-iii-crises-et-mutations-2\/#breadcrumb\"},\"inLanguage\":\"en-US\",\"potentialAction\":[{\"@type\":\"ReadAction\",\"target\":[\"https:\/\/librairie7l.com\/en\/produit\/primitivismes-iii-crises-et-mutations-2\/\"]}]},{\"@type\":\"BreadcrumbList\",\"@id\":\"https:\/\/librairie7l.com\/en\/produit\/primitivismes-iii-crises-et-mutations-2\/#breadcrumb\",\"itemListElement\":[{\"@type\":\"ListItem\",\"position\":1,\"name\":\"Accueil\",\"item\":\"https:\/\/librairie7l.com\/en\/\"},{\"@type\":\"ListItem\",\"position\":2,\"name\":\"Shop\",\"item\":\"https:\/\/librairie7l.com\/en\/shop\/\"},{\"@type\":\"ListItem\",\"position\":3,\"name\":\"PRIMITIVISMES III : CRISES ET MUTATIONS\"}]},{\"@type\":\"WebSite\",\"@id\":\"https:\/\/librairie7l.com\/en\/#website\",\"url\":\"https:\/\/librairie7l.com\/en\/\",\"name\":\"Librairie 7L\",\"description\":\"Librairie fond\u00e9e en 1999 par Karl Lagerfeld \u00e0 Paris\",\"publisher\":{\"@id\":\"https:\/\/librairie7l.com\/en\/#organization\"},\"potentialAction\":[{\"@type\":\"SearchAction\",\"target\":{\"@type\":\"EntryPoint\",\"urlTemplate\":\"https:\/\/librairie7l.com\/en\/?s={search_term_string}\"},\"query-input\":\"required name=search_term_string\"}],\"inLanguage\":\"en-US\"},{\"@type\":\"Organization\",\"@id\":\"https:\/\/librairie7l.com\/en\/#organization\",\"name\":\"Librairie 7L\",\"url\":\"https:\/\/librairie7l.com\/en\/\",\"logo\":{\"@type\":\"ImageObject\",\"inLanguage\":\"en-US\",\"@id\":\"https:\/\/librairie7l.com\/en\/#\/schema\/logo\/image\/\",\"url\":\"https:\/\/librairie7l.com\/wp-content\/uploads\/2022\/08\/logo-1.png\",\"contentUrl\":\"https:\/\/librairie7l.com\/wp-content\/uploads\/2022\/08\/logo-1.png\",\"width\":227,\"height\":301,\"caption\":\"Librairie 7L\"},\"image\":{\"@id\":\"https:\/\/librairie7l.com\/en\/#\/schema\/logo\/image\/\"}}]}<\/script>\n<!-- \/ Yoast SEO plugin. -->","yoast_head_json":{"title":"Primitivismes III : Crises et mutations - Librairie 7L","robots":{"index":"index","follow":"follow","max-snippet":"max-snippet:-1","max-image-preview":"max-image-preview:large","max-video-preview":"max-video-preview:-1"},"canonical":"https:\/\/librairie7l.com\/en\/produit\/primitivismes-iii-crises-et-mutations-2\/","og_locale":"en_US","og_type":"article","og_title":"Primitivismes III : Crises et mutations - Librairie 7L","og_description":"Philippe Dagen cl\u00f4t ici sa trilogie sur les primitivismes en examinant, \u00e0 travers oeuvres et \u00e9crits, la p\u00e9riode de la Seconde Guerre mondiale aux ann\u00e9es 1980. Dans un premier temps, l&#8217;id\u00e9e d&#8217;une continuit\u00e9 avec l&#8217;entre-deux-guerres semble s&#8217;imposer. La culture primitiviste constitu\u00e9e et transmise par le surr\u00e9alisme est aussi d\u00e9terminante dans la formation de l&#8217;expressionnisme abstrait [&hellip;]","og_url":"https:\/\/librairie7l.com\/en\/produit\/primitivismes-iii-crises-et-mutations-2\/","og_site_name":"Librairie 7L","article_modified_time":"2026-04-19T23:55:11+00:00","og_image":[{"width":600,"height":879,"url":"https:\/\/librairie7l.com\/wp-content\/uploads\/2025\/10\/9782073083616_1_75.jpg","type":"image\/jpeg"}],"twitter_card":"summary_large_image","twitter_misc":{"Est. reading time":"2 minutes"},"schema":{"@context":"https:\/\/schema.org","@graph":[{"@type":"WebPage","@id":"https:\/\/librairie7l.com\/en\/produit\/primitivismes-iii-crises-et-mutations-2\/","url":"https:\/\/librairie7l.com\/en\/produit\/primitivismes-iii-crises-et-mutations-2\/","name":"Primitivismes III : Crises et mutations - Librairie 7L","isPartOf":{"@id":"https:\/\/librairie7l.com\/en\/#website"},"datePublished":"2026-03-19T09:16:27+00:00","dateModified":"2026-04-19T23:55:11+00:00","breadcrumb":{"@id":"https:\/\/librairie7l.com\/en\/produit\/primitivismes-iii-crises-et-mutations-2\/#breadcrumb"},"inLanguage":"en-US","potentialAction":[{"@type":"ReadAction","target":["https:\/\/librairie7l.com\/en\/produit\/primitivismes-iii-crises-et-mutations-2\/"]}]},{"@type":"BreadcrumbList","@id":"https:\/\/librairie7l.com\/en\/produit\/primitivismes-iii-crises-et-mutations-2\/#breadcrumb","itemListElement":[{"@type":"ListItem","position":1,"name":"Accueil","item":"https:\/\/librairie7l.com\/en\/"},{"@type":"ListItem","position":2,"name":"Shop","item":"https:\/\/librairie7l.com\/en\/shop\/"},{"@type":"ListItem","position":3,"name":"PRIMITIVISMES III : CRISES ET MUTATIONS"}]},{"@type":"WebSite","@id":"https:\/\/librairie7l.com\/en\/#website","url":"https:\/\/librairie7l.com\/en\/","name":"Librairie 7L","description":"Librairie fond\u00e9e en 1999 par Karl Lagerfeld \u00e0 Paris","publisher":{"@id":"https:\/\/librairie7l.com\/en\/#organization"},"potentialAction":[{"@type":"SearchAction","target":{"@type":"EntryPoint","urlTemplate":"https:\/\/librairie7l.com\/en\/?s={search_term_string}"},"query-input":"required name=search_term_string"}],"inLanguage":"en-US"},{"@type":"Organization","@id":"https:\/\/librairie7l.com\/en\/#organization","name":"Librairie 7L","url":"https:\/\/librairie7l.com\/en\/","logo":{"@type":"ImageObject","inLanguage":"en-US","@id":"https:\/\/librairie7l.com\/en\/#\/schema\/logo\/image\/","url":"https:\/\/librairie7l.com\/wp-content\/uploads\/2022\/08\/logo-1.png","contentUrl":"https:\/\/librairie7l.com\/wp-content\/uploads\/2022\/08\/logo-1.png","width":227,"height":301,"caption":"Librairie 7L"},"image":{"@id":"https:\/\/librairie7l.com\/en\/#\/schema\/logo\/image\/"}}]}},"_links":{"self":[{"href":"https:\/\/librairie7l.com\/en\/wp-json\/wp\/v2\/product\/55834"}],"collection":[{"href":"https:\/\/librairie7l.com\/en\/wp-json\/wp\/v2\/product"}],"about":[{"href":"https:\/\/librairie7l.com\/en\/wp-json\/wp\/v2\/types\/product"}],"wp:featuredmedia":[{"embeddable":true,"href":"https:\/\/librairie7l.com\/en\/wp-json\/wp\/v2\/media\/55832"}],"wp:attachment":[{"href":"https:\/\/librairie7l.com\/en\/wp-json\/wp\/v2\/media?parent=55834"}],"wp:term":[{"taxonomy":"product_cat","embeddable":true,"href":"https:\/\/librairie7l.com\/en\/wp-json\/wp\/v2\/product_cat?post=55834"},{"taxonomy":"product_tag","embeddable":true,"href":"https:\/\/librairie7l.com\/en\/wp-json\/wp\/v2\/product_tag?post=55834"}],"curies":[{"name":"wp","href":"https:\/\/api.w.org\/{rel}","templated":true}]}}