{"id":55842,"date":"2026-03-19T10:16:33","date_gmt":"2026-03-19T09:16:33","guid":{"rendered":"https:\/\/librairie7l.com\/?post_type=product&#038;p=55842"},"modified":"2026-04-20T01:55:07","modified_gmt":"2026-04-19T23:55:07","slug":"africa-fashion-3","status":"publish","type":"product","link":"https:\/\/librairie7l.com\/en\/produit\/africa-fashion-3\/","title":{"rendered":"AFRICA FASHION"},"content":{"rendered":"<p>L&#8217;\u00e9nergie cr\u00e9ative de l&#8217;Afrique s&#8217;exprime avec une vitalit\u00e9 et une inventivit\u00e9 singuli\u00e8res dans le domaine de la mode. Avec audace et style, cr\u00e9ateurs et cr\u00e9atrices de mode du continent et de la diaspora revendiquent \u00e0 la fois leur h\u00e9ritage historique et l&#8217;\u00ab afro-modernit\u00e9 \u00bb : l&#8217;\u00e9l\u00e9gance de leurs anc\u00eatres, le savoir-faire des artisans africains, et leur propre aspiration \u00e0 rayonner sur les sc\u00e8nes internationales. De l&#8217;Afrique du Sud au Mali et du Maroc au Kenya, Africa Fashion tisse le portrait d&#8217;une Afrique plurielle, inspir\u00e9e, en constante r\u00e9invention, dont les d\u00e9fil\u00e9s \u00e0 Lagos, Dakar, Accra ou Johannesburg r\u00e9v\u00e8lent les nouvelles capitales de la mode, d\u00e9sormais incontournables, qui rivalisent de cr\u00e9ativit\u00e9 avec Paris, Londres ou New York.<\/p>\n","protected":false},"excerpt":{"rendered":"<p>L&#8217;\u00e9nergie cr\u00e9ative de l&#8217;Afrique s&#8217;exprime avec une vitalit\u00e9 et une inventivit\u00e9 singuli\u00e8res dans le domaine de la mode. Avec audace et style, cr\u00e9ateurs et cr\u00e9atrices de mode du continent et de la diaspora revendiquent \u00e0 la fois leur h\u00e9ritage historique et l&#8217;\u00ab afro-modernit\u00e9 \u00bb : l&#8217;\u00e9l\u00e9gance de leurs anc\u00eatres, le savoir-faire des artisans africains, et [&hellip;]<\/p>\n","protected":false},"featured_media":55840,"template":"","meta":[],"product_cat":[2948],"product_tag":[],"acf":[],"yoast_head":"<!-- This site is optimized with the Yoast SEO plugin v20.11 - https:\/\/yoast.com\/wordpress\/plugins\/seo\/ -->\n<title>Africa Fashion - Librairie 7L<\/title>\n<meta name=\"robots\" content=\"index, follow, max-snippet:-1, max-image-preview:large, max-video-preview:-1\" \/>\n<link rel=\"canonical\" href=\"https:\/\/librairie7l.com\/en\/produit\/africa-fashion-3\/\" \/>\n<meta property=\"og:locale\" content=\"en_US\" \/>\n<meta property=\"og:type\" content=\"article\" \/>\n<meta property=\"og:title\" content=\"Africa Fashion - Librairie 7L\" \/>\n<meta property=\"og:description\" content=\"L&#8217;\u00e9nergie cr\u00e9ative de l&#8217;Afrique s&#8217;exprime avec une vitalit\u00e9 et une inventivit\u00e9 singuli\u00e8res dans le domaine de la mode. Avec audace et style, cr\u00e9ateurs et cr\u00e9atrices de mode du continent et de la diaspora revendiquent \u00e0 la fois leur h\u00e9ritage historique et l&#8217;\u00ab afro-modernit\u00e9 \u00bb : l&#8217;\u00e9l\u00e9gance de leurs anc\u00eatres, le savoir-faire des artisans africains, et [&hellip;]\" \/>\n<meta property=\"og:url\" content=\"https:\/\/librairie7l.com\/en\/produit\/africa-fashion-3\/\" \/>\n<meta property=\"og:site_name\" content=\"Librairie 7L\" \/>\n<meta property=\"article:modified_time\" content=\"2026-04-19T23:55:07+00:00\" \/>\n<meta property=\"og:image\" content=\"https:\/\/librairie7l.com\/wp-content\/uploads\/2026\/01\/9791399068733_1_75.jpg\" \/>\n\t<meta property=\"og:image:width\" content=\"600\" \/>\n\t<meta property=\"og:image:height\" content=\"740\" \/>\n\t<meta property=\"og:image:type\" content=\"image\/jpeg\" \/>\n<meta name=\"twitter:card\" content=\"summary_large_image\" \/>\n<meta name=\"twitter:label1\" content=\"Est. reading time\" \/>\n\t<meta name=\"twitter:data1\" content=\"1 minute\" \/>\n<script type=\"application\/ld+json\" class=\"yoast-schema-graph\">{\"@context\":\"https:\/\/schema.org\",\"@graph\":[{\"@type\":\"WebPage\",\"@id\":\"https:\/\/librairie7l.com\/en\/produit\/africa-fashion-3\/\",\"url\":\"https:\/\/librairie7l.com\/en\/produit\/africa-fashion-3\/\",\"name\":\"Africa Fashion - Librairie 7L\",\"isPartOf\":{\"@id\":\"https:\/\/librairie7l.com\/en\/#website\"},\"datePublished\":\"2026-03-19T09:16:33+00:00\",\"dateModified\":\"2026-04-19T23:55:07+00:00\",\"breadcrumb\":{\"@id\":\"https:\/\/librairie7l.com\/en\/produit\/africa-fashion-3\/#breadcrumb\"},\"inLanguage\":\"en-US\",\"potentialAction\":[{\"@type\":\"ReadAction\",\"target\":[\"https:\/\/librairie7l.com\/en\/produit\/africa-fashion-3\/\"]}]},{\"@type\":\"BreadcrumbList\",\"@id\":\"https:\/\/librairie7l.com\/en\/produit\/africa-fashion-3\/#breadcrumb\",\"itemListElement\":[{\"@type\":\"ListItem\",\"position\":1,\"name\":\"Accueil\",\"item\":\"https:\/\/librairie7l.com\/en\/\"},{\"@type\":\"ListItem\",\"position\":2,\"name\":\"Shop\",\"item\":\"https:\/\/librairie7l.com\/en\/shop\/\"},{\"@type\":\"ListItem\",\"position\":3,\"name\":\"AFRICA FASHION\"}]},{\"@type\":\"WebSite\",\"@id\":\"https:\/\/librairie7l.com\/en\/#website\",\"url\":\"https:\/\/librairie7l.com\/en\/\",\"name\":\"Librairie 7L\",\"description\":\"Librairie fond\u00e9e en 1999 par Karl Lagerfeld \u00e0 Paris\",\"publisher\":{\"@id\":\"https:\/\/librairie7l.com\/en\/#organization\"},\"potentialAction\":[{\"@type\":\"SearchAction\",\"target\":{\"@type\":\"EntryPoint\",\"urlTemplate\":\"https:\/\/librairie7l.com\/en\/?s={search_term_string}\"},\"query-input\":\"required name=search_term_string\"}],\"inLanguage\":\"en-US\"},{\"@type\":\"Organization\",\"@id\":\"https:\/\/librairie7l.com\/en\/#organization\",\"name\":\"Librairie 7L\",\"url\":\"https:\/\/librairie7l.com\/en\/\",\"logo\":{\"@type\":\"ImageObject\",\"inLanguage\":\"en-US\",\"@id\":\"https:\/\/librairie7l.com\/en\/#\/schema\/logo\/image\/\",\"url\":\"https:\/\/librairie7l.com\/wp-content\/uploads\/2022\/08\/logo-1.png\",\"contentUrl\":\"https:\/\/librairie7l.com\/wp-content\/uploads\/2022\/08\/logo-1.png\",\"width\":227,\"height\":301,\"caption\":\"Librairie 7L\"},\"image\":{\"@id\":\"https:\/\/librairie7l.com\/en\/#\/schema\/logo\/image\/\"}}]}<\/script>\n<!-- \/ Yoast SEO plugin. -->","yoast_head_json":{"title":"Africa Fashion - Librairie 7L","robots":{"index":"index","follow":"follow","max-snippet":"max-snippet:-1","max-image-preview":"max-image-preview:large","max-video-preview":"max-video-preview:-1"},"canonical":"https:\/\/librairie7l.com\/en\/produit\/africa-fashion-3\/","og_locale":"en_US","og_type":"article","og_title":"Africa Fashion - Librairie 7L","og_description":"L&#8217;\u00e9nergie cr\u00e9ative de l&#8217;Afrique s&#8217;exprime avec une vitalit\u00e9 et une inventivit\u00e9 singuli\u00e8res dans le domaine de la mode. Avec audace et style, cr\u00e9ateurs et cr\u00e9atrices de mode du continent et de la diaspora revendiquent \u00e0 la fois leur h\u00e9ritage historique et l&#8217;\u00ab afro-modernit\u00e9 \u00bb : l&#8217;\u00e9l\u00e9gance de leurs anc\u00eatres, le savoir-faire des artisans africains, et [&hellip;]","og_url":"https:\/\/librairie7l.com\/en\/produit\/africa-fashion-3\/","og_site_name":"Librairie 7L","article_modified_time":"2026-04-19T23:55:07+00:00","og_image":[{"width":600,"height":740,"url":"https:\/\/librairie7l.com\/wp-content\/uploads\/2026\/01\/9791399068733_1_75.jpg","type":"image\/jpeg"}],"twitter_card":"summary_large_image","twitter_misc":{"Est. reading time":"1 minute"},"schema":{"@context":"https:\/\/schema.org","@graph":[{"@type":"WebPage","@id":"https:\/\/librairie7l.com\/en\/produit\/africa-fashion-3\/","url":"https:\/\/librairie7l.com\/en\/produit\/africa-fashion-3\/","name":"Africa Fashion - Librairie 7L","isPartOf":{"@id":"https:\/\/librairie7l.com\/en\/#website"},"datePublished":"2026-03-19T09:16:33+00:00","dateModified":"2026-04-19T23:55:07+00:00","breadcrumb":{"@id":"https:\/\/librairie7l.com\/en\/produit\/africa-fashion-3\/#breadcrumb"},"inLanguage":"en-US","potentialAction":[{"@type":"ReadAction","target":["https:\/\/librairie7l.com\/en\/produit\/africa-fashion-3\/"]}]},{"@type":"BreadcrumbList","@id":"https:\/\/librairie7l.com\/en\/produit\/africa-fashion-3\/#breadcrumb","itemListElement":[{"@type":"ListItem","position":1,"name":"Accueil","item":"https:\/\/librairie7l.com\/en\/"},{"@type":"ListItem","position":2,"name":"Shop","item":"https:\/\/librairie7l.com\/en\/shop\/"},{"@type":"ListItem","position":3,"name":"AFRICA FASHION"}]},{"@type":"WebSite","@id":"https:\/\/librairie7l.com\/en\/#website","url":"https:\/\/librairie7l.com\/en\/","name":"Librairie 7L","description":"Librairie fond\u00e9e en 1999 par Karl Lagerfeld \u00e0 Paris","publisher":{"@id":"https:\/\/librairie7l.com\/en\/#organization"},"potentialAction":[{"@type":"SearchAction","target":{"@type":"EntryPoint","urlTemplate":"https:\/\/librairie7l.com\/en\/?s={search_term_string}"},"query-input":"required name=search_term_string"}],"inLanguage":"en-US"},{"@type":"Organization","@id":"https:\/\/librairie7l.com\/en\/#organization","name":"Librairie 7L","url":"https:\/\/librairie7l.com\/en\/","logo":{"@type":"ImageObject","inLanguage":"en-US","@id":"https:\/\/librairie7l.com\/en\/#\/schema\/logo\/image\/","url":"https:\/\/librairie7l.com\/wp-content\/uploads\/2022\/08\/logo-1.png","contentUrl":"https:\/\/librairie7l.com\/wp-content\/uploads\/2022\/08\/logo-1.png","width":227,"height":301,"caption":"Librairie 7L"},"image":{"@id":"https:\/\/librairie7l.com\/en\/#\/schema\/logo\/image\/"}}]}},"_links":{"self":[{"href":"https:\/\/librairie7l.com\/en\/wp-json\/wp\/v2\/product\/55842"}],"collection":[{"href":"https:\/\/librairie7l.com\/en\/wp-json\/wp\/v2\/product"}],"about":[{"href":"https:\/\/librairie7l.com\/en\/wp-json\/wp\/v2\/types\/product"}],"wp:featuredmedia":[{"embeddable":true,"href":"https:\/\/librairie7l.com\/en\/wp-json\/wp\/v2\/media\/55840"}],"wp:attachment":[{"href":"https:\/\/librairie7l.com\/en\/wp-json\/wp\/v2\/media?parent=55842"}],"wp:term":[{"taxonomy":"product_cat","embeddable":true,"href":"https:\/\/librairie7l.com\/en\/wp-json\/wp\/v2\/product_cat?post=55842"},{"taxonomy":"product_tag","embeddable":true,"href":"https:\/\/librairie7l.com\/en\/wp-json\/wp\/v2\/product_tag?post=55842"}],"curies":[{"name":"wp","href":"https:\/\/api.w.org\/{rel}","templated":true}]}}