{"id":55879,"date":"2026-03-20T10:16:16","date_gmt":"2026-03-20T09:16:16","guid":{"rendered":"https:\/\/librairie7l.com\/?post_type=product&#038;p=55879"},"modified":"2026-04-20T01:54:49","modified_gmt":"2026-04-19T23:54:49","slug":"charlotte-perriand-7","status":"publish","type":"product","link":"https:\/\/librairie7l.com\/en\/produit\/charlotte-perriand-7\/","title":{"rendered":"CHARLOTTE PERRIAND"},"content":{"rendered":"<p>Le mus\u00e9e de Grenoble r\u00e9v\u00e8le pour la premi\u00e8re fois un ensemble exceptionnel de photographies de Charlotte Perriand (1903-1999), figure majeure du design et de l&#8217;architecture du XXe si\u00e8cle. Longtemps rest\u00e9es dans l&#8217;ombre, ces images montrent combien la photographie fut au coeur de sa pens\u00e9e : un outil de travail, un laboratoire de formes, une mani\u00e8re d&#8217;habiter le monde. La montagne y appara\u00eet comme une matrice &#8211; espace d&#8217;exp\u00e9rience, de modernit\u00e9 et de libert\u00e9 &#8211; o\u00f9 se nouent nature, technique et corps en mouvement.<\/p>\n<p> Ces images de glaciers, de roches, de vall\u00e9es et de gestes quotidiens d\u00e9voilent l&#8217;envers intime d&#8217;une oeuvre connue pour ses meubles et architectures iconiques. Elles \u00e9clairent autrement son dialogue avec Le Corbusier, Pierre Jeanneret ou Fernand L\u00e9ger et prolongent la vision d&#8217;une cr\u00e9atrice qui se disait \u00ab inventeuse \u00bb plus que designeuse. Accompagn\u00e9 d&#8217;un texte in\u00e9dit de Maylis de Kerangal et publi\u00e9 \u00e0 l&#8217;occasion de l&#8217;exposition du mus\u00e9e de Grenoble, ce livre offre une entr\u00e9e essentielle et sensible dans l&#8217;univers de Charlotte Perriand.<\/p>\n","protected":false},"excerpt":{"rendered":"<p>Le mus\u00e9e de Grenoble r\u00e9v\u00e8le pour la premi\u00e8re fois un ensemble exceptionnel de photographies de Charlotte Perriand (1903-1999), figure majeure du design et de l&#8217;architecture du XXe si\u00e8cle. Longtemps rest\u00e9es dans l&#8217;ombre, ces images montrent combien la photographie fut au coeur de sa pens\u00e9e : un outil de travail, un laboratoire de formes, une mani\u00e8re [&hellip;]<\/p>\n","protected":false},"featured_media":55877,"template":"","meta":[],"product_cat":[2948],"product_tag":[],"acf":[],"yoast_head":"<!-- This site is optimized with the Yoast SEO plugin v20.11 - https:\/\/yoast.com\/wordpress\/plugins\/seo\/ -->\n<title>Charlotte Perriand - Librairie 7L<\/title>\n<meta name=\"robots\" content=\"index, follow, max-snippet:-1, max-image-preview:large, max-video-preview:-1\" \/>\n<link rel=\"canonical\" href=\"https:\/\/librairie7l.com\/en\/produit\/charlotte-perriand-7\/\" \/>\n<meta property=\"og:locale\" content=\"en_US\" \/>\n<meta property=\"og:type\" content=\"article\" \/>\n<meta property=\"og:title\" content=\"Charlotte Perriand - Librairie 7L\" \/>\n<meta property=\"og:description\" content=\"Le mus\u00e9e de Grenoble r\u00e9v\u00e8le pour la premi\u00e8re fois un ensemble exceptionnel de photographies de Charlotte Perriand (1903-1999), figure majeure du design et de l&#8217;architecture du XXe si\u00e8cle. Longtemps rest\u00e9es dans l&#8217;ombre, ces images montrent combien la photographie fut au coeur de sa pens\u00e9e : un outil de travail, un laboratoire de formes, une mani\u00e8re [&hellip;]\" \/>\n<meta property=\"og:url\" content=\"https:\/\/librairie7l.com\/en\/produit\/charlotte-perriand-7\/\" \/>\n<meta property=\"og:site_name\" content=\"Librairie 7L\" \/>\n<meta property=\"article:modified_time\" content=\"2026-04-19T23:54:49+00:00\" \/>\n<meta property=\"og:image\" content=\"https:\/\/librairie7l.com\/wp-content\/uploads\/2025\/12\/9782350466644_1_75.jpg\" \/>\n\t<meta property=\"og:image:width\" content=\"613\" \/>\n\t<meta property=\"og:image:height\" content=\"600\" \/>\n\t<meta property=\"og:image:type\" content=\"image\/jpeg\" \/>\n<meta name=\"twitter:card\" content=\"summary_large_image\" \/>\n<meta name=\"twitter:label1\" content=\"Est. reading time\" \/>\n\t<meta name=\"twitter:data1\" content=\"1 minute\" \/>\n<script type=\"application\/ld+json\" class=\"yoast-schema-graph\">{\"@context\":\"https:\/\/schema.org\",\"@graph\":[{\"@type\":\"WebPage\",\"@id\":\"https:\/\/librairie7l.com\/en\/produit\/charlotte-perriand-7\/\",\"url\":\"https:\/\/librairie7l.com\/en\/produit\/charlotte-perriand-7\/\",\"name\":\"Charlotte Perriand - Librairie 7L\",\"isPartOf\":{\"@id\":\"https:\/\/librairie7l.com\/en\/#website\"},\"datePublished\":\"2026-03-20T09:16:16+00:00\",\"dateModified\":\"2026-04-19T23:54:49+00:00\",\"breadcrumb\":{\"@id\":\"https:\/\/librairie7l.com\/en\/produit\/charlotte-perriand-7\/#breadcrumb\"},\"inLanguage\":\"en-US\",\"potentialAction\":[{\"@type\":\"ReadAction\",\"target\":[\"https:\/\/librairie7l.com\/en\/produit\/charlotte-perriand-7\/\"]}]},{\"@type\":\"BreadcrumbList\",\"@id\":\"https:\/\/librairie7l.com\/en\/produit\/charlotte-perriand-7\/#breadcrumb\",\"itemListElement\":[{\"@type\":\"ListItem\",\"position\":1,\"name\":\"Accueil\",\"item\":\"https:\/\/librairie7l.com\/en\/\"},{\"@type\":\"ListItem\",\"position\":2,\"name\":\"Shop\",\"item\":\"https:\/\/librairie7l.com\/en\/shop\/\"},{\"@type\":\"ListItem\",\"position\":3,\"name\":\"CHARLOTTE PERRIAND\"}]},{\"@type\":\"WebSite\",\"@id\":\"https:\/\/librairie7l.com\/en\/#website\",\"url\":\"https:\/\/librairie7l.com\/en\/\",\"name\":\"Librairie 7L\",\"description\":\"Librairie fond\u00e9e en 1999 par Karl Lagerfeld \u00e0 Paris\",\"publisher\":{\"@id\":\"https:\/\/librairie7l.com\/en\/#organization\"},\"potentialAction\":[{\"@type\":\"SearchAction\",\"target\":{\"@type\":\"EntryPoint\",\"urlTemplate\":\"https:\/\/librairie7l.com\/en\/?s={search_term_string}\"},\"query-input\":\"required name=search_term_string\"}],\"inLanguage\":\"en-US\"},{\"@type\":\"Organization\",\"@id\":\"https:\/\/librairie7l.com\/en\/#organization\",\"name\":\"Librairie 7L\",\"url\":\"https:\/\/librairie7l.com\/en\/\",\"logo\":{\"@type\":\"ImageObject\",\"inLanguage\":\"en-US\",\"@id\":\"https:\/\/librairie7l.com\/en\/#\/schema\/logo\/image\/\",\"url\":\"https:\/\/librairie7l.com\/wp-content\/uploads\/2022\/08\/logo-1.png\",\"contentUrl\":\"https:\/\/librairie7l.com\/wp-content\/uploads\/2022\/08\/logo-1.png\",\"width\":227,\"height\":301,\"caption\":\"Librairie 7L\"},\"image\":{\"@id\":\"https:\/\/librairie7l.com\/en\/#\/schema\/logo\/image\/\"}}]}<\/script>\n<!-- \/ Yoast SEO plugin. -->","yoast_head_json":{"title":"Charlotte Perriand - Librairie 7L","robots":{"index":"index","follow":"follow","max-snippet":"max-snippet:-1","max-image-preview":"max-image-preview:large","max-video-preview":"max-video-preview:-1"},"canonical":"https:\/\/librairie7l.com\/en\/produit\/charlotte-perriand-7\/","og_locale":"en_US","og_type":"article","og_title":"Charlotte Perriand - Librairie 7L","og_description":"Le mus\u00e9e de Grenoble r\u00e9v\u00e8le pour la premi\u00e8re fois un ensemble exceptionnel de photographies de Charlotte Perriand (1903-1999), figure majeure du design et de l&#8217;architecture du XXe si\u00e8cle. Longtemps rest\u00e9es dans l&#8217;ombre, ces images montrent combien la photographie fut au coeur de sa pens\u00e9e : un outil de travail, un laboratoire de formes, une mani\u00e8re [&hellip;]","og_url":"https:\/\/librairie7l.com\/en\/produit\/charlotte-perriand-7\/","og_site_name":"Librairie 7L","article_modified_time":"2026-04-19T23:54:49+00:00","og_image":[{"width":613,"height":600,"url":"https:\/\/librairie7l.com\/wp-content\/uploads\/2025\/12\/9782350466644_1_75.jpg","type":"image\/jpeg"}],"twitter_card":"summary_large_image","twitter_misc":{"Est. reading time":"1 minute"},"schema":{"@context":"https:\/\/schema.org","@graph":[{"@type":"WebPage","@id":"https:\/\/librairie7l.com\/en\/produit\/charlotte-perriand-7\/","url":"https:\/\/librairie7l.com\/en\/produit\/charlotte-perriand-7\/","name":"Charlotte Perriand - Librairie 7L","isPartOf":{"@id":"https:\/\/librairie7l.com\/en\/#website"},"datePublished":"2026-03-20T09:16:16+00:00","dateModified":"2026-04-19T23:54:49+00:00","breadcrumb":{"@id":"https:\/\/librairie7l.com\/en\/produit\/charlotte-perriand-7\/#breadcrumb"},"inLanguage":"en-US","potentialAction":[{"@type":"ReadAction","target":["https:\/\/librairie7l.com\/en\/produit\/charlotte-perriand-7\/"]}]},{"@type":"BreadcrumbList","@id":"https:\/\/librairie7l.com\/en\/produit\/charlotte-perriand-7\/#breadcrumb","itemListElement":[{"@type":"ListItem","position":1,"name":"Accueil","item":"https:\/\/librairie7l.com\/en\/"},{"@type":"ListItem","position":2,"name":"Shop","item":"https:\/\/librairie7l.com\/en\/shop\/"},{"@type":"ListItem","position":3,"name":"CHARLOTTE PERRIAND"}]},{"@type":"WebSite","@id":"https:\/\/librairie7l.com\/en\/#website","url":"https:\/\/librairie7l.com\/en\/","name":"Librairie 7L","description":"Librairie fond\u00e9e en 1999 par Karl Lagerfeld \u00e0 Paris","publisher":{"@id":"https:\/\/librairie7l.com\/en\/#organization"},"potentialAction":[{"@type":"SearchAction","target":{"@type":"EntryPoint","urlTemplate":"https:\/\/librairie7l.com\/en\/?s={search_term_string}"},"query-input":"required name=search_term_string"}],"inLanguage":"en-US"},{"@type":"Organization","@id":"https:\/\/librairie7l.com\/en\/#organization","name":"Librairie 7L","url":"https:\/\/librairie7l.com\/en\/","logo":{"@type":"ImageObject","inLanguage":"en-US","@id":"https:\/\/librairie7l.com\/en\/#\/schema\/logo\/image\/","url":"https:\/\/librairie7l.com\/wp-content\/uploads\/2022\/08\/logo-1.png","contentUrl":"https:\/\/librairie7l.com\/wp-content\/uploads\/2022\/08\/logo-1.png","width":227,"height":301,"caption":"Librairie 7L"},"image":{"@id":"https:\/\/librairie7l.com\/en\/#\/schema\/logo\/image\/"}}]}},"_links":{"self":[{"href":"https:\/\/librairie7l.com\/en\/wp-json\/wp\/v2\/product\/55879"}],"collection":[{"href":"https:\/\/librairie7l.com\/en\/wp-json\/wp\/v2\/product"}],"about":[{"href":"https:\/\/librairie7l.com\/en\/wp-json\/wp\/v2\/types\/product"}],"wp:featuredmedia":[{"embeddable":true,"href":"https:\/\/librairie7l.com\/en\/wp-json\/wp\/v2\/media\/55877"}],"wp:attachment":[{"href":"https:\/\/librairie7l.com\/en\/wp-json\/wp\/v2\/media?parent=55879"}],"wp:term":[{"taxonomy":"product_cat","embeddable":true,"href":"https:\/\/librairie7l.com\/en\/wp-json\/wp\/v2\/product_cat?post=55879"},{"taxonomy":"product_tag","embeddable":true,"href":"https:\/\/librairie7l.com\/en\/wp-json\/wp\/v2\/product_tag?post=55879"}],"curies":[{"name":"wp","href":"https:\/\/api.w.org\/{rel}","templated":true}]}}