{"id":55899,"date":"2026-03-20T10:16:30","date_gmt":"2026-03-20T09:16:30","guid":{"rendered":"https:\/\/librairie7l.com\/?post_type=product&#038;p=55899"},"modified":"2026-04-19T20:06:28","modified_gmt":"2026-04-19T18:06:28","slug":"vallotton-la-palette-de-lecrivain-2","status":"publish","type":"product","link":"https:\/\/librairie7l.com\/en\/produit\/vallotton-la-palette-de-lecrivain-2\/","title":{"rendered":"VALLOTTON, LA PALETTE DE L&#8217;\u00c9CRIVAIN"},"content":{"rendered":"<p>D\u00e9couvrez un F\u00e9lix Vallotton m\u00e9connu : peintre et graveur de g\u00e9nie, mais aussi \u00e9crivain visionnaire, dont les textes litt\u00e9raires r\u00e9v\u00e8lent un regard ac\u00e9r\u00e9 et d\u00e9sabus\u00e9 sur son \u00e9poque.<br \/>\nMondialement connu pour sa peinture et pour son talent de graveur, gr\u00e2ce auquel il est devenu c\u00e9l\u00e8bre \u00e0 la fin du XIXe si\u00e8cle, F\u00e9lix Vallotton (1865-1925) est aussi l&#8217;auteur de textes litt\u00e9raires. Ses trois romans, ses pi\u00e8ces de th\u00e9\u00e2tre et ses sayn\u00e8tes, \u00e9crits pour la plupart dans la premi\u00e8re d\u00e9cennie du XXe si\u00e8cle, ont paru \u00e0 titre posthume ; sa production dramatique est m\u00eame rest\u00e9e inconnue du public jusqu&#8217;en 2025. Apr\u00e8s un rappel de la trajectoire de Vallotton, parti de Lausanne, son lieu de naissance, pour se former \u00e0 Paris o\u00f9 il a fait carri\u00e8re, l&#8217;ouvrage aborde sa production th\u00e9\u00e2trale et ses romans, en mettant en \u00e9vidence \u00e0 la fois la constance d&#8217;un regard d\u00e9sillusionn\u00e9 sur le monde, et les explorations narratives et formelles d&#8217;un artiste pour qui l&#8217;\u00e9criture n&#8217;est pas un violon d&#8217;Ingres, mais un compl\u00e9ment essentiel dans la prise \u00e0 distance vis-\u00e0-vis de la soci\u00e9t\u00e9 de son temps.<\/p>\n","protected":false},"excerpt":{"rendered":"<p>D\u00e9couvrez un F\u00e9lix Vallotton m\u00e9connu : peintre et graveur de g\u00e9nie, mais aussi \u00e9crivain visionnaire, dont les textes litt\u00e9raires r\u00e9v\u00e8lent un regard ac\u00e9r\u00e9 et d\u00e9sabus\u00e9 sur son \u00e9poque. Mondialement connu pour sa peinture et pour son talent de graveur, gr\u00e2ce auquel il est devenu c\u00e9l\u00e8bre \u00e0 la fin du XIXe si\u00e8cle, F\u00e9lix Vallotton (1865-1925) est [&hellip;]<\/p>\n","protected":false},"featured_media":55897,"template":"","meta":[],"product_cat":[2948],"product_tag":[],"acf":[],"yoast_head":"<!-- This site is optimized with the Yoast SEO plugin v20.11 - https:\/\/yoast.com\/wordpress\/plugins\/seo\/ -->\n<title>Vallotton, la palette de l&#039;\u00e9crivain - Librairie 7L<\/title>\n<meta name=\"robots\" content=\"index, follow, max-snippet:-1, max-image-preview:large, max-video-preview:-1\" \/>\n<link rel=\"canonical\" href=\"https:\/\/librairie7l.com\/en\/produit\/vallotton-la-palette-de-lecrivain-2\/\" \/>\n<meta property=\"og:locale\" content=\"en_US\" \/>\n<meta property=\"og:type\" content=\"article\" \/>\n<meta property=\"og:title\" content=\"Vallotton, la palette de l&#039;\u00e9crivain - Librairie 7L\" \/>\n<meta property=\"og:description\" content=\"D\u00e9couvrez un F\u00e9lix Vallotton m\u00e9connu : peintre et graveur de g\u00e9nie, mais aussi \u00e9crivain visionnaire, dont les textes litt\u00e9raires r\u00e9v\u00e8lent un regard ac\u00e9r\u00e9 et d\u00e9sabus\u00e9 sur son \u00e9poque. Mondialement connu pour sa peinture et pour son talent de graveur, gr\u00e2ce auquel il est devenu c\u00e9l\u00e8bre \u00e0 la fin du XIXe si\u00e8cle, F\u00e9lix Vallotton (1865-1925) est [&hellip;]\" \/>\n<meta property=\"og:url\" content=\"https:\/\/librairie7l.com\/en\/produit\/vallotton-la-palette-de-lecrivain-2\/\" \/>\n<meta property=\"og:site_name\" content=\"Librairie 7L\" \/>\n<meta property=\"article:modified_time\" content=\"2026-04-19T18:06:28+00:00\" \/>\n<meta property=\"og:image\" content=\"https:\/\/librairie7l.com\/wp-content\/uploads\/2025\/04\/9782889682027_1_75.jpg\" \/>\n\t<meta property=\"og:image:width\" content=\"600\" \/>\n\t<meta property=\"og:image:height\" content=\"918\" \/>\n\t<meta property=\"og:image:type\" content=\"image\/jpeg\" \/>\n<meta name=\"twitter:card\" content=\"summary_large_image\" \/>\n<meta name=\"twitter:label1\" content=\"Est. reading time\" \/>\n\t<meta name=\"twitter:data1\" content=\"1 minute\" \/>\n<script type=\"application\/ld+json\" class=\"yoast-schema-graph\">{\"@context\":\"https:\/\/schema.org\",\"@graph\":[{\"@type\":\"WebPage\",\"@id\":\"https:\/\/librairie7l.com\/en\/produit\/vallotton-la-palette-de-lecrivain-2\/\",\"url\":\"https:\/\/librairie7l.com\/en\/produit\/vallotton-la-palette-de-lecrivain-2\/\",\"name\":\"Vallotton, la palette de l'\u00e9crivain - Librairie 7L\",\"isPartOf\":{\"@id\":\"https:\/\/librairie7l.com\/en\/#website\"},\"datePublished\":\"2026-03-20T09:16:30+00:00\",\"dateModified\":\"2026-04-19T18:06:28+00:00\",\"breadcrumb\":{\"@id\":\"https:\/\/librairie7l.com\/en\/produit\/vallotton-la-palette-de-lecrivain-2\/#breadcrumb\"},\"inLanguage\":\"en-US\",\"potentialAction\":[{\"@type\":\"ReadAction\",\"target\":[\"https:\/\/librairie7l.com\/en\/produit\/vallotton-la-palette-de-lecrivain-2\/\"]}]},{\"@type\":\"BreadcrumbList\",\"@id\":\"https:\/\/librairie7l.com\/en\/produit\/vallotton-la-palette-de-lecrivain-2\/#breadcrumb\",\"itemListElement\":[{\"@type\":\"ListItem\",\"position\":1,\"name\":\"Accueil\",\"item\":\"https:\/\/librairie7l.com\/en\/\"},{\"@type\":\"ListItem\",\"position\":2,\"name\":\"Shop\",\"item\":\"https:\/\/librairie7l.com\/en\/shop\/\"},{\"@type\":\"ListItem\",\"position\":3,\"name\":\"VALLOTTON, LA PALETTE DE L&#8217;\u00c9CRIVAIN\"}]},{\"@type\":\"WebSite\",\"@id\":\"https:\/\/librairie7l.com\/en\/#website\",\"url\":\"https:\/\/librairie7l.com\/en\/\",\"name\":\"Librairie 7L\",\"description\":\"Librairie fond\u00e9e en 1999 par Karl Lagerfeld \u00e0 Paris\",\"publisher\":{\"@id\":\"https:\/\/librairie7l.com\/en\/#organization\"},\"potentialAction\":[{\"@type\":\"SearchAction\",\"target\":{\"@type\":\"EntryPoint\",\"urlTemplate\":\"https:\/\/librairie7l.com\/en\/?s={search_term_string}\"},\"query-input\":\"required name=search_term_string\"}],\"inLanguage\":\"en-US\"},{\"@type\":\"Organization\",\"@id\":\"https:\/\/librairie7l.com\/en\/#organization\",\"name\":\"Librairie 7L\",\"url\":\"https:\/\/librairie7l.com\/en\/\",\"logo\":{\"@type\":\"ImageObject\",\"inLanguage\":\"en-US\",\"@id\":\"https:\/\/librairie7l.com\/en\/#\/schema\/logo\/image\/\",\"url\":\"https:\/\/librairie7l.com\/wp-content\/uploads\/2022\/08\/logo-1.png\",\"contentUrl\":\"https:\/\/librairie7l.com\/wp-content\/uploads\/2022\/08\/logo-1.png\",\"width\":227,\"height\":301,\"caption\":\"Librairie 7L\"},\"image\":{\"@id\":\"https:\/\/librairie7l.com\/en\/#\/schema\/logo\/image\/\"}}]}<\/script>\n<!-- \/ Yoast SEO plugin. -->","yoast_head_json":{"title":"Vallotton, la palette de l'\u00e9crivain - Librairie 7L","robots":{"index":"index","follow":"follow","max-snippet":"max-snippet:-1","max-image-preview":"max-image-preview:large","max-video-preview":"max-video-preview:-1"},"canonical":"https:\/\/librairie7l.com\/en\/produit\/vallotton-la-palette-de-lecrivain-2\/","og_locale":"en_US","og_type":"article","og_title":"Vallotton, la palette de l'\u00e9crivain - Librairie 7L","og_description":"D\u00e9couvrez un F\u00e9lix Vallotton m\u00e9connu : peintre et graveur de g\u00e9nie, mais aussi \u00e9crivain visionnaire, dont les textes litt\u00e9raires r\u00e9v\u00e8lent un regard ac\u00e9r\u00e9 et d\u00e9sabus\u00e9 sur son \u00e9poque. Mondialement connu pour sa peinture et pour son talent de graveur, gr\u00e2ce auquel il est devenu c\u00e9l\u00e8bre \u00e0 la fin du XIXe si\u00e8cle, F\u00e9lix Vallotton (1865-1925) est [&hellip;]","og_url":"https:\/\/librairie7l.com\/en\/produit\/vallotton-la-palette-de-lecrivain-2\/","og_site_name":"Librairie 7L","article_modified_time":"2026-04-19T18:06:28+00:00","og_image":[{"width":600,"height":918,"url":"https:\/\/librairie7l.com\/wp-content\/uploads\/2025\/04\/9782889682027_1_75.jpg","type":"image\/jpeg"}],"twitter_card":"summary_large_image","twitter_misc":{"Est. reading time":"1 minute"},"schema":{"@context":"https:\/\/schema.org","@graph":[{"@type":"WebPage","@id":"https:\/\/librairie7l.com\/en\/produit\/vallotton-la-palette-de-lecrivain-2\/","url":"https:\/\/librairie7l.com\/en\/produit\/vallotton-la-palette-de-lecrivain-2\/","name":"Vallotton, la palette de l'\u00e9crivain - Librairie 7L","isPartOf":{"@id":"https:\/\/librairie7l.com\/en\/#website"},"datePublished":"2026-03-20T09:16:30+00:00","dateModified":"2026-04-19T18:06:28+00:00","breadcrumb":{"@id":"https:\/\/librairie7l.com\/en\/produit\/vallotton-la-palette-de-lecrivain-2\/#breadcrumb"},"inLanguage":"en-US","potentialAction":[{"@type":"ReadAction","target":["https:\/\/librairie7l.com\/en\/produit\/vallotton-la-palette-de-lecrivain-2\/"]}]},{"@type":"BreadcrumbList","@id":"https:\/\/librairie7l.com\/en\/produit\/vallotton-la-palette-de-lecrivain-2\/#breadcrumb","itemListElement":[{"@type":"ListItem","position":1,"name":"Accueil","item":"https:\/\/librairie7l.com\/en\/"},{"@type":"ListItem","position":2,"name":"Shop","item":"https:\/\/librairie7l.com\/en\/shop\/"},{"@type":"ListItem","position":3,"name":"VALLOTTON, LA PALETTE DE L&#8217;\u00c9CRIVAIN"}]},{"@type":"WebSite","@id":"https:\/\/librairie7l.com\/en\/#website","url":"https:\/\/librairie7l.com\/en\/","name":"Librairie 7L","description":"Librairie fond\u00e9e en 1999 par Karl Lagerfeld \u00e0 Paris","publisher":{"@id":"https:\/\/librairie7l.com\/en\/#organization"},"potentialAction":[{"@type":"SearchAction","target":{"@type":"EntryPoint","urlTemplate":"https:\/\/librairie7l.com\/en\/?s={search_term_string}"},"query-input":"required name=search_term_string"}],"inLanguage":"en-US"},{"@type":"Organization","@id":"https:\/\/librairie7l.com\/en\/#organization","name":"Librairie 7L","url":"https:\/\/librairie7l.com\/en\/","logo":{"@type":"ImageObject","inLanguage":"en-US","@id":"https:\/\/librairie7l.com\/en\/#\/schema\/logo\/image\/","url":"https:\/\/librairie7l.com\/wp-content\/uploads\/2022\/08\/logo-1.png","contentUrl":"https:\/\/librairie7l.com\/wp-content\/uploads\/2022\/08\/logo-1.png","width":227,"height":301,"caption":"Librairie 7L"},"image":{"@id":"https:\/\/librairie7l.com\/en\/#\/schema\/logo\/image\/"}}]}},"_links":{"self":[{"href":"https:\/\/librairie7l.com\/en\/wp-json\/wp\/v2\/product\/55899"}],"collection":[{"href":"https:\/\/librairie7l.com\/en\/wp-json\/wp\/v2\/product"}],"about":[{"href":"https:\/\/librairie7l.com\/en\/wp-json\/wp\/v2\/types\/product"}],"wp:featuredmedia":[{"embeddable":true,"href":"https:\/\/librairie7l.com\/en\/wp-json\/wp\/v2\/media\/55897"}],"wp:attachment":[{"href":"https:\/\/librairie7l.com\/en\/wp-json\/wp\/v2\/media?parent=55899"}],"wp:term":[{"taxonomy":"product_cat","embeddable":true,"href":"https:\/\/librairie7l.com\/en\/wp-json\/wp\/v2\/product_cat?post=55899"},{"taxonomy":"product_tag","embeddable":true,"href":"https:\/\/librairie7l.com\/en\/wp-json\/wp\/v2\/product_tag?post=55899"}],"curies":[{"name":"wp","href":"https:\/\/api.w.org\/{rel}","templated":true}]}}