{"id":55915,"date":"2026-03-21T10:16:11","date_gmt":"2026-03-21T09:16:11","guid":{"rendered":"https:\/\/librairie7l.com\/?post_type=product&#038;p=55915"},"modified":"2026-04-20T02:31:11","modified_gmt":"2026-04-20T00:31:11","slug":"larchitecture-au-regard-de-la-psychanalyse-2","status":"publish","type":"product","link":"https:\/\/librairie7l.com\/en\/produit\/larchitecture-au-regard-de-la-psychanalyse-2\/","title":{"rendered":"L&#8217;ARCHITECTURE AU REGARD DE LA PSYCHANALYSE"},"content":{"rendered":"<p>L&#8217;espace construit qui forme notre environnement, depuis l&#8217;intimit\u00e9 de notre chambre \u00e0 coucher jusqu&#8217;\u00e0 l&#8217;extraordinaire diversit\u00e9 en mouvement de la ville, joue un r\u00f4le cl\u00e9 dans notre \u00e9quilibre psychique et dans la stimulation sensorielle qui participe \u00e0 la constitution de nos pens\u00e9es et de nos repr\u00e9sentations du monde. Ainsi, dans le traitement de la souffrance mentale par le psychanalyste, les th\u00e9matiques de la maison et de la ville, aux espaces capables aussi bien de rassurer que d&#8217;inqui\u00e9ter, sont omnipr\u00e9sentes. Ainsi, les m\u00e9taphores de la r\u00e9novation d&#8217;une maison ou les r\u00eaves de d\u00e9m\u00e9nagement sont-ils souvent pr\u00e9sents dans la cure analytique, et parlent des changements profonds qui s&#8217;op\u00e8rent dans la vie \u00e9motionnelle du patient. Dans ce livre, Cosimo Schinaia pose la cr\u00e9ativit\u00e9 comme d\u00e9nominateur commun de la psychanalyse et de l&#8217;architecture, car, dit-il, ces deux sciences croisent continuellement les arts et se nourrissent de transversalit\u00e9. S&#8217;appuyant sur les grands penseurs de sa discipline, et sur les r\u00e9flexions et les \u00e9crits d&#8217;\u00e9crivains, d&#8217;artistes et d&#8217;architectes, ce psychiatre italien propose ici un riche parcours intellectuel qui envisage l&#8217;espace selon diff\u00e9rentes perspectives pour mettre en \u00e9vidence la centralit\u00e9, dans nos existences, des lieux qui nous entourent. Il en ressort la n\u00e9cessit\u00e9 de plus en plus criante de pr\u00eater attention \u00e0 la complexit\u00e9 du symbolique qui relie leurs habitants aux maisons et aux villes. Architectes, urbanistes et psychanalystes sont ainsi appel\u00e9s \u00e0 enrichir leurs comp\u00e9tences propres pour parvenir \u00e0 une vision dynamique de la relation immat\u00e9rielle entre ressources, individus et territoire ; et ainsi \u00e0 am\u00e9nager un environnement plus respectueux. \u00c0 travers quatorze chapitres, et apr\u00e8s avoir pr\u00e9sent\u00e9 les raisons de son int\u00e9r\u00eat particulier pour l&#8217;architecture, l&#8217;auteur discute de l&#8217;utilit\u00e9 d&#8217;ouvrir toute discipline et singuli\u00e8rement la psychanalyse, aux diff\u00e9rents champs de r\u00e9flexion et d&#8217;activit\u00e9, en recherchant confrontation fructueuse et contamination cr\u00e9atrice. Il traite ensuite de la m\u00e9taphore de l&#8217;arch\u00e9ologie et de celle de l&#8217;architecture \u00e0 partir de Freud, et de leur r\u00f4le dans la construction de l&#8217;appareil psychique freudien. Un chapitre est \u00e9galement consacr\u00e9 \u00e0 l&#8217;espace d&#8217;abord du point de vue ph\u00e9nom\u00e9nologique, puis de celui de la Gestalt, et se concentre sur la fa\u00e7on dont l&#8217;espace a \u00e9t\u00e9 d\u00e9crit et utilis\u00e9 dans la culture psychanalytique, en cherchant \u00e0 mettre en \u00e9vidence la relation entre l&#8217;espace interne et l&#8217;espace externe. La critique sp\u00e9cifique des concepts fondamentaux de l&#8217;architecture moderniste et du Style international fait l&#8217;objet d&#8217;un autre chapitre qui souligne la n\u00e9cessit\u00e9 d&#8217;une rencontre entre la m\u00e9moire du pass\u00e9, l&#8217;urgence du pr\u00e9sent et la construction du futur. L&#8217;auteur aborde ensuite les m\u00eames th\u00e8mes, la relation entre pass\u00e9, pr\u00e9sent et futur en psychanalyse, en mettant l&#8217;accent sur la valeur et les limites des th\u00e9ories postmodernes actuelles, et sur le choc entre le besoin de th\u00e9ories et l&#8217;hypoth\u00e8se d&#8217;une absence de n\u00e9cessit\u00e9 d&#8217;explications g\u00e9n\u00e9rales. C&#8217;est par la suite l&#8217;\u00e9tranget\u00e9 (the uncanny) qui est questionn\u00e9e, ainsi que la mani\u00e8re dont elle peut \u00eatre abord\u00e9e en termes d&#8217;architecture, en commen\u00e7ant par quelques solutions spatiales et architecturales de l&#8217;architecte Frank Gehry. La maison et la relation entre les espaces int\u00e9rieurs et ext\u00e9rieurs, avec leurs influences mutuelles, sont ensuite abord\u00e9es, suivies par un chapitre sur la n\u00e9cessit\u00e9 d&#8217;une \u00e9tude des espaces de confinement des troubles mentaux. Un mod\u00e8le franciscain conventuel est avanc\u00e9 comme r\u00e9f\u00e9rence utile pour la construction d&#8217;espaces communautaires psychiatriques. Le onzi\u00e8me chapitre s&#8217;int\u00e9resse au cabinet de l&#8217;analyste : sa constitution avec Freud, son \u00e9volution dans les diff\u00e9rents contextes g\u00e9ographiques et culturels, et son rapport aux diff\u00e9rentes th\u00e9ories psychanalytiques. \u00c0 travers des r\u00e9cits cliniques, l&#8217;influence de l&#8217;espace ext\u00e9rieur sur la relation transfert\/contre-transfert entre patient et analyste est mise en exergue. En conclusion, l&#8217;auteur nous invite \u00e0 un dialogue plus \u00e9troit entre l&#8217;architecture et la psychanalyse dans l&#8217;int\u00e9r\u00eat du bien-\u00eatre de chaque \u00eatre humain.<\/p>\n","protected":false},"excerpt":{"rendered":"<p>L&#8217;espace construit qui forme notre environnement, depuis l&#8217;intimit\u00e9 de notre chambre \u00e0 coucher jusqu&#8217;\u00e0 l&#8217;extraordinaire diversit\u00e9 en mouvement de la ville, joue un r\u00f4le cl\u00e9 dans notre \u00e9quilibre psychique et dans la stimulation sensorielle qui participe \u00e0 la constitution de nos pens\u00e9es et de nos repr\u00e9sentations du monde. Ainsi, dans le traitement de la souffrance [&hellip;]<\/p>\n","protected":false},"featured_media":55913,"template":"","meta":[],"product_cat":[2948],"product_tag":[],"acf":[],"yoast_head":"<!-- This site is optimized with the Yoast SEO plugin v20.11 - https:\/\/yoast.com\/wordpress\/plugins\/seo\/ -->\n<title>L&#039;architecture au regard de la psychanalyse - Librairie 7L<\/title>\n<meta name=\"robots\" content=\"index, follow, max-snippet:-1, max-image-preview:large, max-video-preview:-1\" \/>\n<link rel=\"canonical\" href=\"https:\/\/librairie7l.com\/en\/produit\/larchitecture-au-regard-de-la-psychanalyse-2\/\" \/>\n<meta property=\"og:locale\" content=\"en_US\" \/>\n<meta property=\"og:type\" content=\"article\" \/>\n<meta property=\"og:title\" content=\"L&#039;architecture au regard de la psychanalyse - Librairie 7L\" \/>\n<meta property=\"og:description\" content=\"L&#8217;espace construit qui forme notre environnement, depuis l&#8217;intimit\u00e9 de notre chambre \u00e0 coucher jusqu&#8217;\u00e0 l&#8217;extraordinaire diversit\u00e9 en mouvement de la ville, joue un r\u00f4le cl\u00e9 dans notre \u00e9quilibre psychique et dans la stimulation sensorielle qui participe \u00e0 la constitution de nos pens\u00e9es et de nos repr\u00e9sentations du monde. Ainsi, dans le traitement de la souffrance [&hellip;]\" \/>\n<meta property=\"og:url\" content=\"https:\/\/librairie7l.com\/en\/produit\/larchitecture-au-regard-de-la-psychanalyse-2\/\" \/>\n<meta property=\"og:site_name\" content=\"Librairie 7L\" \/>\n<meta property=\"article:modified_time\" content=\"2026-04-20T00:31:11+00:00\" \/>\n<meta property=\"og:image\" content=\"https:\/\/librairie7l.com\/wp-content\/uploads\/2025\/01\/9782863644591_1_75.jpg\" \/>\n\t<meta property=\"og:image:width\" content=\"315\" \/>\n\t<meta property=\"og:image:height\" content=\"482\" \/>\n\t<meta property=\"og:image:type\" content=\"image\/jpeg\" \/>\n<meta name=\"twitter:card\" content=\"summary_large_image\" \/>\n<meta name=\"twitter:label1\" content=\"Est. reading time\" \/>\n\t<meta name=\"twitter:data1\" content=\"3 minutes\" \/>\n<script type=\"application\/ld+json\" class=\"yoast-schema-graph\">{\"@context\":\"https:\/\/schema.org\",\"@graph\":[{\"@type\":\"WebPage\",\"@id\":\"https:\/\/librairie7l.com\/en\/produit\/larchitecture-au-regard-de-la-psychanalyse-2\/\",\"url\":\"https:\/\/librairie7l.com\/en\/produit\/larchitecture-au-regard-de-la-psychanalyse-2\/\",\"name\":\"L'architecture au regard de la psychanalyse - Librairie 7L\",\"isPartOf\":{\"@id\":\"https:\/\/librairie7l.com\/en\/#website\"},\"datePublished\":\"2026-03-21T09:16:11+00:00\",\"dateModified\":\"2026-04-20T00:31:11+00:00\",\"breadcrumb\":{\"@id\":\"https:\/\/librairie7l.com\/en\/produit\/larchitecture-au-regard-de-la-psychanalyse-2\/#breadcrumb\"},\"inLanguage\":\"en-US\",\"potentialAction\":[{\"@type\":\"ReadAction\",\"target\":[\"https:\/\/librairie7l.com\/en\/produit\/larchitecture-au-regard-de-la-psychanalyse-2\/\"]}]},{\"@type\":\"BreadcrumbList\",\"@id\":\"https:\/\/librairie7l.com\/en\/produit\/larchitecture-au-regard-de-la-psychanalyse-2\/#breadcrumb\",\"itemListElement\":[{\"@type\":\"ListItem\",\"position\":1,\"name\":\"Accueil\",\"item\":\"https:\/\/librairie7l.com\/en\/\"},{\"@type\":\"ListItem\",\"position\":2,\"name\":\"Shop\",\"item\":\"https:\/\/librairie7l.com\/en\/shop\/\"},{\"@type\":\"ListItem\",\"position\":3,\"name\":\"L&#8217;ARCHITECTURE AU REGARD DE LA PSYCHANALYSE\"}]},{\"@type\":\"WebSite\",\"@id\":\"https:\/\/librairie7l.com\/en\/#website\",\"url\":\"https:\/\/librairie7l.com\/en\/\",\"name\":\"Librairie 7L\",\"description\":\"Librairie fond\u00e9e en 1999 par Karl Lagerfeld \u00e0 Paris\",\"publisher\":{\"@id\":\"https:\/\/librairie7l.com\/en\/#organization\"},\"potentialAction\":[{\"@type\":\"SearchAction\",\"target\":{\"@type\":\"EntryPoint\",\"urlTemplate\":\"https:\/\/librairie7l.com\/en\/?s={search_term_string}\"},\"query-input\":\"required name=search_term_string\"}],\"inLanguage\":\"en-US\"},{\"@type\":\"Organization\",\"@id\":\"https:\/\/librairie7l.com\/en\/#organization\",\"name\":\"Librairie 7L\",\"url\":\"https:\/\/librairie7l.com\/en\/\",\"logo\":{\"@type\":\"ImageObject\",\"inLanguage\":\"en-US\",\"@id\":\"https:\/\/librairie7l.com\/en\/#\/schema\/logo\/image\/\",\"url\":\"https:\/\/librairie7l.com\/wp-content\/uploads\/2022\/08\/logo-1.png\",\"contentUrl\":\"https:\/\/librairie7l.com\/wp-content\/uploads\/2022\/08\/logo-1.png\",\"width\":227,\"height\":301,\"caption\":\"Librairie 7L\"},\"image\":{\"@id\":\"https:\/\/librairie7l.com\/en\/#\/schema\/logo\/image\/\"}}]}<\/script>\n<!-- \/ Yoast SEO plugin. -->","yoast_head_json":{"title":"L'architecture au regard de la psychanalyse - Librairie 7L","robots":{"index":"index","follow":"follow","max-snippet":"max-snippet:-1","max-image-preview":"max-image-preview:large","max-video-preview":"max-video-preview:-1"},"canonical":"https:\/\/librairie7l.com\/en\/produit\/larchitecture-au-regard-de-la-psychanalyse-2\/","og_locale":"en_US","og_type":"article","og_title":"L'architecture au regard de la psychanalyse - Librairie 7L","og_description":"L&#8217;espace construit qui forme notre environnement, depuis l&#8217;intimit\u00e9 de notre chambre \u00e0 coucher jusqu&#8217;\u00e0 l&#8217;extraordinaire diversit\u00e9 en mouvement de la ville, joue un r\u00f4le cl\u00e9 dans notre \u00e9quilibre psychique et dans la stimulation sensorielle qui participe \u00e0 la constitution de nos pens\u00e9es et de nos repr\u00e9sentations du monde. Ainsi, dans le traitement de la souffrance [&hellip;]","og_url":"https:\/\/librairie7l.com\/en\/produit\/larchitecture-au-regard-de-la-psychanalyse-2\/","og_site_name":"Librairie 7L","article_modified_time":"2026-04-20T00:31:11+00:00","og_image":[{"width":315,"height":482,"url":"https:\/\/librairie7l.com\/wp-content\/uploads\/2025\/01\/9782863644591_1_75.jpg","type":"image\/jpeg"}],"twitter_card":"summary_large_image","twitter_misc":{"Est. reading time":"3 minutes"},"schema":{"@context":"https:\/\/schema.org","@graph":[{"@type":"WebPage","@id":"https:\/\/librairie7l.com\/en\/produit\/larchitecture-au-regard-de-la-psychanalyse-2\/","url":"https:\/\/librairie7l.com\/en\/produit\/larchitecture-au-regard-de-la-psychanalyse-2\/","name":"L'architecture au regard de la psychanalyse - Librairie 7L","isPartOf":{"@id":"https:\/\/librairie7l.com\/en\/#website"},"datePublished":"2026-03-21T09:16:11+00:00","dateModified":"2026-04-20T00:31:11+00:00","breadcrumb":{"@id":"https:\/\/librairie7l.com\/en\/produit\/larchitecture-au-regard-de-la-psychanalyse-2\/#breadcrumb"},"inLanguage":"en-US","potentialAction":[{"@type":"ReadAction","target":["https:\/\/librairie7l.com\/en\/produit\/larchitecture-au-regard-de-la-psychanalyse-2\/"]}]},{"@type":"BreadcrumbList","@id":"https:\/\/librairie7l.com\/en\/produit\/larchitecture-au-regard-de-la-psychanalyse-2\/#breadcrumb","itemListElement":[{"@type":"ListItem","position":1,"name":"Accueil","item":"https:\/\/librairie7l.com\/en\/"},{"@type":"ListItem","position":2,"name":"Shop","item":"https:\/\/librairie7l.com\/en\/shop\/"},{"@type":"ListItem","position":3,"name":"L&#8217;ARCHITECTURE AU REGARD DE LA PSYCHANALYSE"}]},{"@type":"WebSite","@id":"https:\/\/librairie7l.com\/en\/#website","url":"https:\/\/librairie7l.com\/en\/","name":"Librairie 7L","description":"Librairie fond\u00e9e en 1999 par Karl Lagerfeld \u00e0 Paris","publisher":{"@id":"https:\/\/librairie7l.com\/en\/#organization"},"potentialAction":[{"@type":"SearchAction","target":{"@type":"EntryPoint","urlTemplate":"https:\/\/librairie7l.com\/en\/?s={search_term_string}"},"query-input":"required name=search_term_string"}],"inLanguage":"en-US"},{"@type":"Organization","@id":"https:\/\/librairie7l.com\/en\/#organization","name":"Librairie 7L","url":"https:\/\/librairie7l.com\/en\/","logo":{"@type":"ImageObject","inLanguage":"en-US","@id":"https:\/\/librairie7l.com\/en\/#\/schema\/logo\/image\/","url":"https:\/\/librairie7l.com\/wp-content\/uploads\/2022\/08\/logo-1.png","contentUrl":"https:\/\/librairie7l.com\/wp-content\/uploads\/2022\/08\/logo-1.png","width":227,"height":301,"caption":"Librairie 7L"},"image":{"@id":"https:\/\/librairie7l.com\/en\/#\/schema\/logo\/image\/"}}]}},"_links":{"self":[{"href":"https:\/\/librairie7l.com\/en\/wp-json\/wp\/v2\/product\/55915"}],"collection":[{"href":"https:\/\/librairie7l.com\/en\/wp-json\/wp\/v2\/product"}],"about":[{"href":"https:\/\/librairie7l.com\/en\/wp-json\/wp\/v2\/types\/product"}],"wp:featuredmedia":[{"embeddable":true,"href":"https:\/\/librairie7l.com\/en\/wp-json\/wp\/v2\/media\/55913"}],"wp:attachment":[{"href":"https:\/\/librairie7l.com\/en\/wp-json\/wp\/v2\/media?parent=55915"}],"wp:term":[{"taxonomy":"product_cat","embeddable":true,"href":"https:\/\/librairie7l.com\/en\/wp-json\/wp\/v2\/product_cat?post=55915"},{"taxonomy":"product_tag","embeddable":true,"href":"https:\/\/librairie7l.com\/en\/wp-json\/wp\/v2\/product_tag?post=55915"}],"curies":[{"name":"wp","href":"https:\/\/api.w.org\/{rel}","templated":true}]}}