{"id":55920,"date":"2026-03-22T10:16:15","date_gmt":"2026-03-22T09:16:15","guid":{"rendered":"https:\/\/librairie7l.com\/?post_type=product&#038;p=55920"},"modified":"2026-04-20T01:54:33","modified_gmt":"2026-04-19T23:54:33","slug":"egypte-8e-edition-2","status":"publish","type":"product","link":"https:\/\/librairie7l.com\/en\/produit\/egypte-8e-edition-2\/","title":{"rendered":"\u00c9GYPTE (8E \u00c9DITION)"},"content":{"rendered":"<p>Le guide de r\u00e9f\u00e9rence pour organiser votre voyage de r\u00eave en \u00c9gypte !<br \/>\nLonely Planet, l&#8217;\u00e9diteur n\u00b01 de guides de voyage dans le monde.<br \/>\nCe guide tout en couleur vous accompagne dans votre voyage pour d\u00e9couvrir les incontournables de l&#8217;\u00c9gypte et sortir des sentiers battus. De Gizeh au Caire, en passant par Louxor ou encore Alexandrie, d\u00e9couvrez tous les tr\u00e9sors rep\u00e9r\u00e9s par nos auteurs sur le terrain.<br \/>\n&#8211; Les sites incontournables d&#8217;un voyage en \u00c9gypte : Le Caire, les pyramides de Gizeh et de Saqqarah, Alexandrie et la c\u00f4te m\u00e9diterran\u00e9enne, la vall\u00e9e du Nil et ses sites prestigieux (Louxor, Karnak et Th\u00e8bes notamment), Assouan, Abou Simbel et le lac Nasser, la mer Rouge, le Sina\u00ef et le monast\u00e8re Sainte-Catherine couvert d&#8217;ic\u00f4nes byzantines, Siouah (Siwa) et les oasis du d\u00e9sert Blanc &#8230;<br \/>\n&#8211; Des conseils d&#8217;experts Lonely Planet mis \u00e0 jour r\u00e9guli\u00e8rement : les meilleures adresses (restaurants, caf\u00e9s, h\u00f4tels), des recommandations pratiques pour organiser son voyage&#8230;<br \/>\n&#8211; Les plus belles exp\u00e9riences \u00e0 vivre en \u00c9gypte pour un voyage hors du commun : des activit\u00e9s et sorties originales avec toutes les informations n\u00e9cessaires et les astuces pour les r\u00e9aliser au mieux.<br \/>\n&#8211; Des s\u00e9lections d&#8217; itin\u00e9raires th\u00e9matiques \u00e0 pied, \u00e0 v\u00e9lo ou en voiture, mais aussi des itin\u00e9raires r\u00e9gionaux pour d\u00e9couvrir le meilleur de l&#8217;\u00c9gypte, en toute saison, quel que soit le temps ou le budget disponible.<br \/>\n&#8211; Un focus complet sur les activit\u00e9s de plein ai r \u00e0 faire en \u00c9gypte, avec une attention particuli\u00e8re port\u00e9e sur la randonn\u00e9e, mais aussi le v\u00e9lo, l&#8217;observation des oiseaux ou encore les sports nautiques.<br \/>\n&#8211; Plus de 60 cartes et plans clairs de l&#8217;\u00c9gypte et de ses villes principales pour rep\u00e9rer les sites en un coup d&#8217;oeil et organiser ses d\u00e9placements.<br \/>\nCe guide propose \u00e9galement des informations pour voyager responsable et avec des enfants, ainsi que des chapitres th\u00e9matiques sur la vie des habitants, l&#8217;histoire et les traditions de l&#8217;\u00c9gypte.<br \/>\nUn guide clair et synth\u00e9tique pour construire facilement son voyage et vivre des exp\u00e9riences inoubliables en \u00c9gypte, au plus pr\u00e8s des habitants.<\/p>\n","protected":false},"excerpt":{"rendered":"<p>Le guide de r\u00e9f\u00e9rence pour organiser votre voyage de r\u00eave en \u00c9gypte ! Lonely Planet, l&#8217;\u00e9diteur n\u00b01 de guides de voyage dans le monde. Ce guide tout en couleur vous accompagne dans votre voyage pour d\u00e9couvrir les incontournables de l&#8217;\u00c9gypte et sortir des sentiers battus. De Gizeh au Caire, en passant par Louxor ou encore [&hellip;]<\/p>\n","protected":false},"featured_media":55918,"template":"","meta":[],"product_cat":[2948],"product_tag":[],"acf":[],"yoast_head":"<!-- This site is optimized with the Yoast SEO plugin v20.11 - https:\/\/yoast.com\/wordpress\/plugins\/seo\/ -->\n<title>\u00c9gypte (8e \u00e9dition) - Librairie 7L<\/title>\n<meta name=\"robots\" content=\"index, follow, max-snippet:-1, max-image-preview:large, max-video-preview:-1\" \/>\n<link rel=\"canonical\" href=\"https:\/\/librairie7l.com\/en\/produit\/egypte-8e-edition-2\/\" \/>\n<meta property=\"og:locale\" content=\"en_US\" \/>\n<meta property=\"og:type\" content=\"article\" \/>\n<meta property=\"og:title\" content=\"\u00c9gypte (8e \u00e9dition) - Librairie 7L\" \/>\n<meta property=\"og:description\" content=\"Le guide de r\u00e9f\u00e9rence pour organiser votre voyage de r\u00eave en \u00c9gypte ! Lonely Planet, l&#8217;\u00e9diteur n\u00b01 de guides de voyage dans le monde. Ce guide tout en couleur vous accompagne dans votre voyage pour d\u00e9couvrir les incontournables de l&#8217;\u00c9gypte et sortir des sentiers battus. De Gizeh au Caire, en passant par Louxor ou encore [&hellip;]\" \/>\n<meta property=\"og:url\" content=\"https:\/\/librairie7l.com\/en\/produit\/egypte-8e-edition-2\/\" \/>\n<meta property=\"og:site_name\" content=\"Librairie 7L\" \/>\n<meta property=\"article:modified_time\" content=\"2026-04-19T23:54:33+00:00\" \/>\n<meta property=\"og:image\" content=\"https:\/\/librairie7l.com\/wp-content\/uploads\/2025\/10\/9782384929108_1_75.jpg\" \/>\n\t<meta property=\"og:image:width\" content=\"600\" \/>\n\t<meta property=\"og:image:height\" content=\"924\" \/>\n\t<meta property=\"og:image:type\" content=\"image\/jpeg\" \/>\n<meta name=\"twitter:card\" content=\"summary_large_image\" \/>\n<meta name=\"twitter:label1\" content=\"Est. reading time\" \/>\n\t<meta name=\"twitter:data1\" content=\"2 minutes\" \/>\n<script type=\"application\/ld+json\" class=\"yoast-schema-graph\">{\"@context\":\"https:\/\/schema.org\",\"@graph\":[{\"@type\":\"WebPage\",\"@id\":\"https:\/\/librairie7l.com\/en\/produit\/egypte-8e-edition-2\/\",\"url\":\"https:\/\/librairie7l.com\/en\/produit\/egypte-8e-edition-2\/\",\"name\":\"\u00c9gypte (8e \u00e9dition) - Librairie 7L\",\"isPartOf\":{\"@id\":\"https:\/\/librairie7l.com\/en\/#website\"},\"datePublished\":\"2026-03-22T09:16:15+00:00\",\"dateModified\":\"2026-04-19T23:54:33+00:00\",\"breadcrumb\":{\"@id\":\"https:\/\/librairie7l.com\/en\/produit\/egypte-8e-edition-2\/#breadcrumb\"},\"inLanguage\":\"en-US\",\"potentialAction\":[{\"@type\":\"ReadAction\",\"target\":[\"https:\/\/librairie7l.com\/en\/produit\/egypte-8e-edition-2\/\"]}]},{\"@type\":\"BreadcrumbList\",\"@id\":\"https:\/\/librairie7l.com\/en\/produit\/egypte-8e-edition-2\/#breadcrumb\",\"itemListElement\":[{\"@type\":\"ListItem\",\"position\":1,\"name\":\"Accueil\",\"item\":\"https:\/\/librairie7l.com\/en\/\"},{\"@type\":\"ListItem\",\"position\":2,\"name\":\"Shop\",\"item\":\"https:\/\/librairie7l.com\/en\/shop\/\"},{\"@type\":\"ListItem\",\"position\":3,\"name\":\"\u00c9GYPTE (8E \u00c9DITION)\"}]},{\"@type\":\"WebSite\",\"@id\":\"https:\/\/librairie7l.com\/en\/#website\",\"url\":\"https:\/\/librairie7l.com\/en\/\",\"name\":\"Librairie 7L\",\"description\":\"Librairie fond\u00e9e en 1999 par Karl Lagerfeld \u00e0 Paris\",\"publisher\":{\"@id\":\"https:\/\/librairie7l.com\/en\/#organization\"},\"potentialAction\":[{\"@type\":\"SearchAction\",\"target\":{\"@type\":\"EntryPoint\",\"urlTemplate\":\"https:\/\/librairie7l.com\/en\/?s={search_term_string}\"},\"query-input\":\"required name=search_term_string\"}],\"inLanguage\":\"en-US\"},{\"@type\":\"Organization\",\"@id\":\"https:\/\/librairie7l.com\/en\/#organization\",\"name\":\"Librairie 7L\",\"url\":\"https:\/\/librairie7l.com\/en\/\",\"logo\":{\"@type\":\"ImageObject\",\"inLanguage\":\"en-US\",\"@id\":\"https:\/\/librairie7l.com\/en\/#\/schema\/logo\/image\/\",\"url\":\"https:\/\/librairie7l.com\/wp-content\/uploads\/2022\/08\/logo-1.png\",\"contentUrl\":\"https:\/\/librairie7l.com\/wp-content\/uploads\/2022\/08\/logo-1.png\",\"width\":227,\"height\":301,\"caption\":\"Librairie 7L\"},\"image\":{\"@id\":\"https:\/\/librairie7l.com\/en\/#\/schema\/logo\/image\/\"}}]}<\/script>\n<!-- \/ Yoast SEO plugin. -->","yoast_head_json":{"title":"\u00c9gypte (8e \u00e9dition) - Librairie 7L","robots":{"index":"index","follow":"follow","max-snippet":"max-snippet:-1","max-image-preview":"max-image-preview:large","max-video-preview":"max-video-preview:-1"},"canonical":"https:\/\/librairie7l.com\/en\/produit\/egypte-8e-edition-2\/","og_locale":"en_US","og_type":"article","og_title":"\u00c9gypte (8e \u00e9dition) - Librairie 7L","og_description":"Le guide de r\u00e9f\u00e9rence pour organiser votre voyage de r\u00eave en \u00c9gypte ! Lonely Planet, l&#8217;\u00e9diteur n\u00b01 de guides de voyage dans le monde. Ce guide tout en couleur vous accompagne dans votre voyage pour d\u00e9couvrir les incontournables de l&#8217;\u00c9gypte et sortir des sentiers battus. De Gizeh au Caire, en passant par Louxor ou encore [&hellip;]","og_url":"https:\/\/librairie7l.com\/en\/produit\/egypte-8e-edition-2\/","og_site_name":"Librairie 7L","article_modified_time":"2026-04-19T23:54:33+00:00","og_image":[{"width":600,"height":924,"url":"https:\/\/librairie7l.com\/wp-content\/uploads\/2025\/10\/9782384929108_1_75.jpg","type":"image\/jpeg"}],"twitter_card":"summary_large_image","twitter_misc":{"Est. reading time":"2 minutes"},"schema":{"@context":"https:\/\/schema.org","@graph":[{"@type":"WebPage","@id":"https:\/\/librairie7l.com\/en\/produit\/egypte-8e-edition-2\/","url":"https:\/\/librairie7l.com\/en\/produit\/egypte-8e-edition-2\/","name":"\u00c9gypte (8e \u00e9dition) - Librairie 7L","isPartOf":{"@id":"https:\/\/librairie7l.com\/en\/#website"},"datePublished":"2026-03-22T09:16:15+00:00","dateModified":"2026-04-19T23:54:33+00:00","breadcrumb":{"@id":"https:\/\/librairie7l.com\/en\/produit\/egypte-8e-edition-2\/#breadcrumb"},"inLanguage":"en-US","potentialAction":[{"@type":"ReadAction","target":["https:\/\/librairie7l.com\/en\/produit\/egypte-8e-edition-2\/"]}]},{"@type":"BreadcrumbList","@id":"https:\/\/librairie7l.com\/en\/produit\/egypte-8e-edition-2\/#breadcrumb","itemListElement":[{"@type":"ListItem","position":1,"name":"Accueil","item":"https:\/\/librairie7l.com\/en\/"},{"@type":"ListItem","position":2,"name":"Shop","item":"https:\/\/librairie7l.com\/en\/shop\/"},{"@type":"ListItem","position":3,"name":"\u00c9GYPTE (8E \u00c9DITION)"}]},{"@type":"WebSite","@id":"https:\/\/librairie7l.com\/en\/#website","url":"https:\/\/librairie7l.com\/en\/","name":"Librairie 7L","description":"Librairie fond\u00e9e en 1999 par Karl Lagerfeld \u00e0 Paris","publisher":{"@id":"https:\/\/librairie7l.com\/en\/#organization"},"potentialAction":[{"@type":"SearchAction","target":{"@type":"EntryPoint","urlTemplate":"https:\/\/librairie7l.com\/en\/?s={search_term_string}"},"query-input":"required name=search_term_string"}],"inLanguage":"en-US"},{"@type":"Organization","@id":"https:\/\/librairie7l.com\/en\/#organization","name":"Librairie 7L","url":"https:\/\/librairie7l.com\/en\/","logo":{"@type":"ImageObject","inLanguage":"en-US","@id":"https:\/\/librairie7l.com\/en\/#\/schema\/logo\/image\/","url":"https:\/\/librairie7l.com\/wp-content\/uploads\/2022\/08\/logo-1.png","contentUrl":"https:\/\/librairie7l.com\/wp-content\/uploads\/2022\/08\/logo-1.png","width":227,"height":301,"caption":"Librairie 7L"},"image":{"@id":"https:\/\/librairie7l.com\/en\/#\/schema\/logo\/image\/"}}]}},"_links":{"self":[{"href":"https:\/\/librairie7l.com\/en\/wp-json\/wp\/v2\/product\/55920"}],"collection":[{"href":"https:\/\/librairie7l.com\/en\/wp-json\/wp\/v2\/product"}],"about":[{"href":"https:\/\/librairie7l.com\/en\/wp-json\/wp\/v2\/types\/product"}],"wp:featuredmedia":[{"embeddable":true,"href":"https:\/\/librairie7l.com\/en\/wp-json\/wp\/v2\/media\/55918"}],"wp:attachment":[{"href":"https:\/\/librairie7l.com\/en\/wp-json\/wp\/v2\/media?parent=55920"}],"wp:term":[{"taxonomy":"product_cat","embeddable":true,"href":"https:\/\/librairie7l.com\/en\/wp-json\/wp\/v2\/product_cat?post=55920"},{"taxonomy":"product_tag","embeddable":true,"href":"https:\/\/librairie7l.com\/en\/wp-json\/wp\/v2\/product_tag?post=55920"}],"curies":[{"name":"wp","href":"https:\/\/api.w.org\/{rel}","templated":true}]}}