{"id":55946,"date":"2026-03-23T16:34:07","date_gmt":"2026-03-23T15:34:07","guid":{"rendered":"https:\/\/librairie7l.com\/?post_type=product&#038;p=55946"},"modified":"2026-04-17T11:09:18","modified_gmt":"2026-04-17T09:09:18","slug":"atelier-creatif-coloriages-mysteres-disney-heros-mechants-la-battle-2","status":"publish","type":"product","link":"https:\/\/librairie7l.com\/en\/produit\/atelier-creatif-coloriages-mysteres-disney-heros-mechants-la-battle-2\/","title":{"rendered":"ATELIER CR\u00c9ATIF ; COLORIAGES MYST\u00c8RES : DISNEY : H\u00c9ROS &AMP; M\u00c9CHANTS, LA BATTLE"},"content":{"rendered":"<p>La battle que tout le monde attendait ! Retrouve dans un m\u00eame livre 50 illustrations de J\u00e9r\u00e9my Mariez et 50 illustrations d&#8217;Alexandre Karam.<br \/>\nM\u00e9chants et h\u00e9ros vont se m\u00ealer dans des doubles pages th\u00e9matiques. Remplis les cases en suivant les codes couleur et d\u00e9couvre des sc\u00e8nes compl\u00e8tes tir\u00e9es de tes Disney et Pixar pr\u00e9f\u00e9r\u00e9s !<br \/>\nColorie les chiffres et d\u00e9couvre l&#8217;image !<\/p>\n","protected":false},"excerpt":{"rendered":"<p>La battle que tout le monde attendait ! Retrouve dans un m\u00eame livre 50 illustrations de J\u00e9r\u00e9my Mariez et 50 illustrations d&#8217;Alexandre Karam. M\u00e9chants et h\u00e9ros vont se m\u00ealer dans des doubles pages th\u00e9matiques. Remplis les cases en suivant les codes couleur et d\u00e9couvre des sc\u00e8nes compl\u00e8tes tir\u00e9es de tes Disney et Pixar pr\u00e9f\u00e9r\u00e9s ! [&hellip;]<\/p>\n","protected":false},"featured_media":55944,"template":"","meta":[],"product_cat":[7364,2948],"product_tag":[],"acf":[],"yoast_head":"<!-- This site is optimized with the Yoast SEO plugin v20.11 - https:\/\/yoast.com\/wordpress\/plugins\/seo\/ -->\n<title>Atelier cr\u00e9atif ; Coloriages myst\u00e8res : Disney : H\u00e9ros &amp; M\u00e9chants, la battle - Librairie 7L<\/title>\n<meta name=\"robots\" content=\"index, follow, max-snippet:-1, max-image-preview:large, max-video-preview:-1\" \/>\n<link rel=\"canonical\" href=\"https:\/\/librairie7l.com\/en\/produit\/atelier-creatif-coloriages-mysteres-disney-heros-mechants-la-battle-2\/\" \/>\n<meta property=\"og:locale\" content=\"en_US\" \/>\n<meta property=\"og:type\" content=\"article\" \/>\n<meta property=\"og:title\" content=\"Atelier cr\u00e9atif ; Coloriages myst\u00e8res : Disney : H\u00e9ros &amp; M\u00e9chants, la battle - Librairie 7L\" \/>\n<meta property=\"og:description\" content=\"La battle que tout le monde attendait ! Retrouve dans un m\u00eame livre 50 illustrations de J\u00e9r\u00e9my Mariez et 50 illustrations d&#8217;Alexandre Karam. M\u00e9chants et h\u00e9ros vont se m\u00ealer dans des doubles pages th\u00e9matiques. Remplis les cases en suivant les codes couleur et d\u00e9couvre des sc\u00e8nes compl\u00e8tes tir\u00e9es de tes Disney et Pixar pr\u00e9f\u00e9r\u00e9s ! [&hellip;]\" \/>\n<meta property=\"og:url\" content=\"https:\/\/librairie7l.com\/en\/produit\/atelier-creatif-coloriages-mysteres-disney-heros-mechants-la-battle-2\/\" \/>\n<meta property=\"og:site_name\" content=\"Librairie 7L\" \/>\n<meta property=\"article:modified_time\" content=\"2026-04-17T09:09:18+00:00\" \/>\n<meta property=\"og:image\" content=\"https:\/\/librairie7l.com\/wp-content\/uploads\/2024\/10\/9782017285991_1_75.jpg\" \/>\n\t<meta property=\"og:image:width\" content=\"600\" \/>\n\t<meta property=\"og:image:height\" content=\"827\" \/>\n\t<meta property=\"og:image:type\" content=\"image\/jpeg\" \/>\n<meta name=\"twitter:card\" content=\"summary_large_image\" \/>\n<script type=\"application\/ld+json\" class=\"yoast-schema-graph\">{\"@context\":\"https:\/\/schema.org\",\"@graph\":[{\"@type\":\"WebPage\",\"@id\":\"https:\/\/librairie7l.com\/en\/produit\/atelier-creatif-coloriages-mysteres-disney-heros-mechants-la-battle-2\/\",\"url\":\"https:\/\/librairie7l.com\/en\/produit\/atelier-creatif-coloriages-mysteres-disney-heros-mechants-la-battle-2\/\",\"name\":\"Atelier cr\u00e9atif ; Coloriages myst\u00e8res : Disney : H\u00e9ros &amp; M\u00e9chants, la battle - Librairie 7L\",\"isPartOf\":{\"@id\":\"https:\/\/librairie7l.com\/en\/#website\"},\"datePublished\":\"2026-03-23T15:34:07+00:00\",\"dateModified\":\"2026-04-17T09:09:18+00:00\",\"breadcrumb\":{\"@id\":\"https:\/\/librairie7l.com\/en\/produit\/atelier-creatif-coloriages-mysteres-disney-heros-mechants-la-battle-2\/#breadcrumb\"},\"inLanguage\":\"en-US\",\"potentialAction\":[{\"@type\":\"ReadAction\",\"target\":[\"https:\/\/librairie7l.com\/en\/produit\/atelier-creatif-coloriages-mysteres-disney-heros-mechants-la-battle-2\/\"]}]},{\"@type\":\"BreadcrumbList\",\"@id\":\"https:\/\/librairie7l.com\/en\/produit\/atelier-creatif-coloriages-mysteres-disney-heros-mechants-la-battle-2\/#breadcrumb\",\"itemListElement\":[{\"@type\":\"ListItem\",\"position\":1,\"name\":\"Accueil\",\"item\":\"https:\/\/librairie7l.com\/en\/\"},{\"@type\":\"ListItem\",\"position\":2,\"name\":\"Shop\",\"item\":\"https:\/\/librairie7l.com\/en\/shop\/\"},{\"@type\":\"ListItem\",\"position\":3,\"name\":\"ATELIER CR\u00c9ATIF ; COLORIAGES MYST\u00c8RES : DISNEY : H\u00c9ROS &AMP; M\u00c9CHANTS, LA BATTLE\"}]},{\"@type\":\"WebSite\",\"@id\":\"https:\/\/librairie7l.com\/en\/#website\",\"url\":\"https:\/\/librairie7l.com\/en\/\",\"name\":\"Librairie 7L\",\"description\":\"Librairie fond\u00e9e en 1999 par Karl Lagerfeld \u00e0 Paris\",\"publisher\":{\"@id\":\"https:\/\/librairie7l.com\/en\/#organization\"},\"potentialAction\":[{\"@type\":\"SearchAction\",\"target\":{\"@type\":\"EntryPoint\",\"urlTemplate\":\"https:\/\/librairie7l.com\/en\/?s={search_term_string}\"},\"query-input\":\"required name=search_term_string\"}],\"inLanguage\":\"en-US\"},{\"@type\":\"Organization\",\"@id\":\"https:\/\/librairie7l.com\/en\/#organization\",\"name\":\"Librairie 7L\",\"url\":\"https:\/\/librairie7l.com\/en\/\",\"logo\":{\"@type\":\"ImageObject\",\"inLanguage\":\"en-US\",\"@id\":\"https:\/\/librairie7l.com\/en\/#\/schema\/logo\/image\/\",\"url\":\"https:\/\/librairie7l.com\/wp-content\/uploads\/2022\/08\/logo-1.png\",\"contentUrl\":\"https:\/\/librairie7l.com\/wp-content\/uploads\/2022\/08\/logo-1.png\",\"width\":227,\"height\":301,\"caption\":\"Librairie 7L\"},\"image\":{\"@id\":\"https:\/\/librairie7l.com\/en\/#\/schema\/logo\/image\/\"}}]}<\/script>\n<!-- \/ Yoast SEO plugin. -->","yoast_head_json":{"title":"Atelier cr\u00e9atif ; Coloriages myst\u00e8res : Disney : H\u00e9ros &amp; M\u00e9chants, la battle - Librairie 7L","robots":{"index":"index","follow":"follow","max-snippet":"max-snippet:-1","max-image-preview":"max-image-preview:large","max-video-preview":"max-video-preview:-1"},"canonical":"https:\/\/librairie7l.com\/en\/produit\/atelier-creatif-coloriages-mysteres-disney-heros-mechants-la-battle-2\/","og_locale":"en_US","og_type":"article","og_title":"Atelier cr\u00e9atif ; Coloriages myst\u00e8res : Disney : H\u00e9ros &amp; M\u00e9chants, la battle - Librairie 7L","og_description":"La battle que tout le monde attendait ! Retrouve dans un m\u00eame livre 50 illustrations de J\u00e9r\u00e9my Mariez et 50 illustrations d&#8217;Alexandre Karam. M\u00e9chants et h\u00e9ros vont se m\u00ealer dans des doubles pages th\u00e9matiques. Remplis les cases en suivant les codes couleur et d\u00e9couvre des sc\u00e8nes compl\u00e8tes tir\u00e9es de tes Disney et Pixar pr\u00e9f\u00e9r\u00e9s ! [&hellip;]","og_url":"https:\/\/librairie7l.com\/en\/produit\/atelier-creatif-coloriages-mysteres-disney-heros-mechants-la-battle-2\/","og_site_name":"Librairie 7L","article_modified_time":"2026-04-17T09:09:18+00:00","og_image":[{"width":600,"height":827,"url":"https:\/\/librairie7l.com\/wp-content\/uploads\/2024\/10\/9782017285991_1_75.jpg","type":"image\/jpeg"}],"twitter_card":"summary_large_image","schema":{"@context":"https:\/\/schema.org","@graph":[{"@type":"WebPage","@id":"https:\/\/librairie7l.com\/en\/produit\/atelier-creatif-coloriages-mysteres-disney-heros-mechants-la-battle-2\/","url":"https:\/\/librairie7l.com\/en\/produit\/atelier-creatif-coloriages-mysteres-disney-heros-mechants-la-battle-2\/","name":"Atelier cr\u00e9atif ; Coloriages myst\u00e8res : Disney : H\u00e9ros &amp; M\u00e9chants, la battle - Librairie 7L","isPartOf":{"@id":"https:\/\/librairie7l.com\/en\/#website"},"datePublished":"2026-03-23T15:34:07+00:00","dateModified":"2026-04-17T09:09:18+00:00","breadcrumb":{"@id":"https:\/\/librairie7l.com\/en\/produit\/atelier-creatif-coloriages-mysteres-disney-heros-mechants-la-battle-2\/#breadcrumb"},"inLanguage":"en-US","potentialAction":[{"@type":"ReadAction","target":["https:\/\/librairie7l.com\/en\/produit\/atelier-creatif-coloriages-mysteres-disney-heros-mechants-la-battle-2\/"]}]},{"@type":"BreadcrumbList","@id":"https:\/\/librairie7l.com\/en\/produit\/atelier-creatif-coloriages-mysteres-disney-heros-mechants-la-battle-2\/#breadcrumb","itemListElement":[{"@type":"ListItem","position":1,"name":"Accueil","item":"https:\/\/librairie7l.com\/en\/"},{"@type":"ListItem","position":2,"name":"Shop","item":"https:\/\/librairie7l.com\/en\/shop\/"},{"@type":"ListItem","position":3,"name":"ATELIER CR\u00c9ATIF ; COLORIAGES MYST\u00c8RES : DISNEY : H\u00c9ROS &AMP; M\u00c9CHANTS, LA BATTLE"}]},{"@type":"WebSite","@id":"https:\/\/librairie7l.com\/en\/#website","url":"https:\/\/librairie7l.com\/en\/","name":"Librairie 7L","description":"Librairie fond\u00e9e en 1999 par Karl Lagerfeld \u00e0 Paris","publisher":{"@id":"https:\/\/librairie7l.com\/en\/#organization"},"potentialAction":[{"@type":"SearchAction","target":{"@type":"EntryPoint","urlTemplate":"https:\/\/librairie7l.com\/en\/?s={search_term_string}"},"query-input":"required name=search_term_string"}],"inLanguage":"en-US"},{"@type":"Organization","@id":"https:\/\/librairie7l.com\/en\/#organization","name":"Librairie 7L","url":"https:\/\/librairie7l.com\/en\/","logo":{"@type":"ImageObject","inLanguage":"en-US","@id":"https:\/\/librairie7l.com\/en\/#\/schema\/logo\/image\/","url":"https:\/\/librairie7l.com\/wp-content\/uploads\/2022\/08\/logo-1.png","contentUrl":"https:\/\/librairie7l.com\/wp-content\/uploads\/2022\/08\/logo-1.png","width":227,"height":301,"caption":"Librairie 7L"},"image":{"@id":"https:\/\/librairie7l.com\/en\/#\/schema\/logo\/image\/"}}]}},"_links":{"self":[{"href":"https:\/\/librairie7l.com\/en\/wp-json\/wp\/v2\/product\/55946"}],"collection":[{"href":"https:\/\/librairie7l.com\/en\/wp-json\/wp\/v2\/product"}],"about":[{"href":"https:\/\/librairie7l.com\/en\/wp-json\/wp\/v2\/types\/product"}],"wp:featuredmedia":[{"embeddable":true,"href":"https:\/\/librairie7l.com\/en\/wp-json\/wp\/v2\/media\/55944"}],"wp:attachment":[{"href":"https:\/\/librairie7l.com\/en\/wp-json\/wp\/v2\/media?parent=55946"}],"wp:term":[{"taxonomy":"product_cat","embeddable":true,"href":"https:\/\/librairie7l.com\/en\/wp-json\/wp\/v2\/product_cat?post=55946"},{"taxonomy":"product_tag","embeddable":true,"href":"https:\/\/librairie7l.com\/en\/wp-json\/wp\/v2\/product_tag?post=55946"}],"curies":[{"name":"wp","href":"https:\/\/api.w.org\/{rel}","templated":true}]}}