{"id":55950,"date":"2026-03-23T16:35:52","date_gmt":"2026-03-23T15:35:52","guid":{"rendered":"https:\/\/librairie7l.com\/?post_type=product&#038;p=55950"},"modified":"2026-04-17T11:11:27","modified_gmt":"2026-04-17T09:11:27","slug":"art-therapie-coloriages-mysteres-disney-best-of-nature-2","status":"publish","type":"product","link":"https:\/\/librairie7l.com\/en\/produit\/art-therapie-coloriages-mysteres-disney-best-of-nature-2\/","title":{"rendered":"ART-TH\u00c9RAPIE ; COLORIAGES MYST\u00c8RES : DISNEY : BEST OF NATURE"},"content":{"rendered":"<p>Plongez dans l&#8217;univers enchanteur de Disney et Pixar et laissez-vous envo\u00fbter par les paysages luxuriants de vos films pr\u00e9f\u00e9r\u00e9s. Sous l&#8217;oc\u00e9an, dans la jungle ou en pleine for\u00eat, partez \u00e0 l&#8217;aventure avec vos h\u00e9ros favoris !<br \/>\nLes codes couleurs sont l\u00e0 pour vous aider \u00e0 donner vie \u00e0 ces tableaux merveilleux. D\u00e9m\u00ealez les entrelacs de lignes, appliquez chaque nuance dans la zone correspondante et r\u00e9v\u00e9lez la sc\u00e8ne repr\u00e9sent\u00e9e.<br \/>\nD\u00e9tendez-vous et red\u00e9couvrez le plaisir simple et apaisant de la cr\u00e9ation.<\/p>\n","protected":false},"excerpt":{"rendered":"<p>Plongez dans l&#8217;univers enchanteur de Disney et Pixar et laissez-vous envo\u00fbter par les paysages luxuriants de vos films pr\u00e9f\u00e9r\u00e9s. Sous l&#8217;oc\u00e9an, dans la jungle ou en pleine for\u00eat, partez \u00e0 l&#8217;aventure avec vos h\u00e9ros favoris ! Les codes couleurs sont l\u00e0 pour vous aider \u00e0 donner vie \u00e0 ces tableaux merveilleux. D\u00e9m\u00ealez les entrelacs de [&hellip;]<\/p>\n","protected":false},"featured_media":55948,"template":"","meta":[],"product_cat":[7364,2948],"product_tag":[],"acf":[],"yoast_head":"<!-- This site is optimized with the Yoast SEO plugin v20.11 - https:\/\/yoast.com\/wordpress\/plugins\/seo\/ -->\n<title>Art-th\u00e9rapie ; Coloriages myst\u00e8res : Disney : Best of Nature - Librairie 7L<\/title>\n<meta name=\"robots\" content=\"index, follow, max-snippet:-1, max-image-preview:large, max-video-preview:-1\" \/>\n<link rel=\"canonical\" href=\"https:\/\/librairie7l.com\/en\/produit\/art-therapie-coloriages-mysteres-disney-best-of-nature-2\/\" \/>\n<meta property=\"og:locale\" content=\"en_US\" \/>\n<meta property=\"og:type\" content=\"article\" \/>\n<meta property=\"og:title\" content=\"Art-th\u00e9rapie ; Coloriages myst\u00e8res : Disney : Best of Nature - Librairie 7L\" \/>\n<meta property=\"og:description\" content=\"Plongez dans l&#8217;univers enchanteur de Disney et Pixar et laissez-vous envo\u00fbter par les paysages luxuriants de vos films pr\u00e9f\u00e9r\u00e9s. Sous l&#8217;oc\u00e9an, dans la jungle ou en pleine for\u00eat, partez \u00e0 l&#8217;aventure avec vos h\u00e9ros favoris ! Les codes couleurs sont l\u00e0 pour vous aider \u00e0 donner vie \u00e0 ces tableaux merveilleux. D\u00e9m\u00ealez les entrelacs de [&hellip;]\" \/>\n<meta property=\"og:url\" content=\"https:\/\/librairie7l.com\/en\/produit\/art-therapie-coloriages-mysteres-disney-best-of-nature-2\/\" \/>\n<meta property=\"og:site_name\" content=\"Librairie 7L\" \/>\n<meta property=\"article:modified_time\" content=\"2026-04-17T09:11:27+00:00\" \/>\n<meta property=\"og:image\" content=\"https:\/\/librairie7l.com\/wp-content\/uploads\/2024\/07\/9782017285694_1_75.jpg\" \/>\n\t<meta property=\"og:image:width\" content=\"250\" \/>\n\t<meta property=\"og:image:height\" content=\"344\" \/>\n\t<meta property=\"og:image:type\" content=\"image\/jpeg\" \/>\n<meta name=\"twitter:card\" content=\"summary_large_image\" \/>\n<script type=\"application\/ld+json\" class=\"yoast-schema-graph\">{\"@context\":\"https:\/\/schema.org\",\"@graph\":[{\"@type\":\"WebPage\",\"@id\":\"https:\/\/librairie7l.com\/en\/produit\/art-therapie-coloriages-mysteres-disney-best-of-nature-2\/\",\"url\":\"https:\/\/librairie7l.com\/en\/produit\/art-therapie-coloriages-mysteres-disney-best-of-nature-2\/\",\"name\":\"Art-th\u00e9rapie ; Coloriages myst\u00e8res : Disney : Best of Nature - Librairie 7L\",\"isPartOf\":{\"@id\":\"https:\/\/librairie7l.com\/en\/#website\"},\"datePublished\":\"2026-03-23T15:35:52+00:00\",\"dateModified\":\"2026-04-17T09:11:27+00:00\",\"breadcrumb\":{\"@id\":\"https:\/\/librairie7l.com\/en\/produit\/art-therapie-coloriages-mysteres-disney-best-of-nature-2\/#breadcrumb\"},\"inLanguage\":\"en-US\",\"potentialAction\":[{\"@type\":\"ReadAction\",\"target\":[\"https:\/\/librairie7l.com\/en\/produit\/art-therapie-coloriages-mysteres-disney-best-of-nature-2\/\"]}]},{\"@type\":\"BreadcrumbList\",\"@id\":\"https:\/\/librairie7l.com\/en\/produit\/art-therapie-coloriages-mysteres-disney-best-of-nature-2\/#breadcrumb\",\"itemListElement\":[{\"@type\":\"ListItem\",\"position\":1,\"name\":\"Accueil\",\"item\":\"https:\/\/librairie7l.com\/en\/\"},{\"@type\":\"ListItem\",\"position\":2,\"name\":\"Shop\",\"item\":\"https:\/\/librairie7l.com\/en\/shop\/\"},{\"@type\":\"ListItem\",\"position\":3,\"name\":\"ART-TH\u00c9RAPIE ; COLORIAGES MYST\u00c8RES : DISNEY : BEST OF NATURE\"}]},{\"@type\":\"WebSite\",\"@id\":\"https:\/\/librairie7l.com\/en\/#website\",\"url\":\"https:\/\/librairie7l.com\/en\/\",\"name\":\"Librairie 7L\",\"description\":\"Librairie fond\u00e9e en 1999 par Karl Lagerfeld \u00e0 Paris\",\"publisher\":{\"@id\":\"https:\/\/librairie7l.com\/en\/#organization\"},\"potentialAction\":[{\"@type\":\"SearchAction\",\"target\":{\"@type\":\"EntryPoint\",\"urlTemplate\":\"https:\/\/librairie7l.com\/en\/?s={search_term_string}\"},\"query-input\":\"required name=search_term_string\"}],\"inLanguage\":\"en-US\"},{\"@type\":\"Organization\",\"@id\":\"https:\/\/librairie7l.com\/en\/#organization\",\"name\":\"Librairie 7L\",\"url\":\"https:\/\/librairie7l.com\/en\/\",\"logo\":{\"@type\":\"ImageObject\",\"inLanguage\":\"en-US\",\"@id\":\"https:\/\/librairie7l.com\/en\/#\/schema\/logo\/image\/\",\"url\":\"https:\/\/librairie7l.com\/wp-content\/uploads\/2022\/08\/logo-1.png\",\"contentUrl\":\"https:\/\/librairie7l.com\/wp-content\/uploads\/2022\/08\/logo-1.png\",\"width\":227,\"height\":301,\"caption\":\"Librairie 7L\"},\"image\":{\"@id\":\"https:\/\/librairie7l.com\/en\/#\/schema\/logo\/image\/\"}}]}<\/script>\n<!-- \/ Yoast SEO plugin. -->","yoast_head_json":{"title":"Art-th\u00e9rapie ; Coloriages myst\u00e8res : Disney : Best of Nature - Librairie 7L","robots":{"index":"index","follow":"follow","max-snippet":"max-snippet:-1","max-image-preview":"max-image-preview:large","max-video-preview":"max-video-preview:-1"},"canonical":"https:\/\/librairie7l.com\/en\/produit\/art-therapie-coloriages-mysteres-disney-best-of-nature-2\/","og_locale":"en_US","og_type":"article","og_title":"Art-th\u00e9rapie ; Coloriages myst\u00e8res : Disney : Best of Nature - Librairie 7L","og_description":"Plongez dans l&#8217;univers enchanteur de Disney et Pixar et laissez-vous envo\u00fbter par les paysages luxuriants de vos films pr\u00e9f\u00e9r\u00e9s. Sous l&#8217;oc\u00e9an, dans la jungle ou en pleine for\u00eat, partez \u00e0 l&#8217;aventure avec vos h\u00e9ros favoris ! Les codes couleurs sont l\u00e0 pour vous aider \u00e0 donner vie \u00e0 ces tableaux merveilleux. D\u00e9m\u00ealez les entrelacs de [&hellip;]","og_url":"https:\/\/librairie7l.com\/en\/produit\/art-therapie-coloriages-mysteres-disney-best-of-nature-2\/","og_site_name":"Librairie 7L","article_modified_time":"2026-04-17T09:11:27+00:00","og_image":[{"width":250,"height":344,"url":"https:\/\/librairie7l.com\/wp-content\/uploads\/2024\/07\/9782017285694_1_75.jpg","type":"image\/jpeg"}],"twitter_card":"summary_large_image","schema":{"@context":"https:\/\/schema.org","@graph":[{"@type":"WebPage","@id":"https:\/\/librairie7l.com\/en\/produit\/art-therapie-coloriages-mysteres-disney-best-of-nature-2\/","url":"https:\/\/librairie7l.com\/en\/produit\/art-therapie-coloriages-mysteres-disney-best-of-nature-2\/","name":"Art-th\u00e9rapie ; Coloriages myst\u00e8res : Disney : Best of Nature - Librairie 7L","isPartOf":{"@id":"https:\/\/librairie7l.com\/en\/#website"},"datePublished":"2026-03-23T15:35:52+00:00","dateModified":"2026-04-17T09:11:27+00:00","breadcrumb":{"@id":"https:\/\/librairie7l.com\/en\/produit\/art-therapie-coloriages-mysteres-disney-best-of-nature-2\/#breadcrumb"},"inLanguage":"en-US","potentialAction":[{"@type":"ReadAction","target":["https:\/\/librairie7l.com\/en\/produit\/art-therapie-coloriages-mysteres-disney-best-of-nature-2\/"]}]},{"@type":"BreadcrumbList","@id":"https:\/\/librairie7l.com\/en\/produit\/art-therapie-coloriages-mysteres-disney-best-of-nature-2\/#breadcrumb","itemListElement":[{"@type":"ListItem","position":1,"name":"Accueil","item":"https:\/\/librairie7l.com\/en\/"},{"@type":"ListItem","position":2,"name":"Shop","item":"https:\/\/librairie7l.com\/en\/shop\/"},{"@type":"ListItem","position":3,"name":"ART-TH\u00c9RAPIE ; COLORIAGES MYST\u00c8RES : DISNEY : BEST OF NATURE"}]},{"@type":"WebSite","@id":"https:\/\/librairie7l.com\/en\/#website","url":"https:\/\/librairie7l.com\/en\/","name":"Librairie 7L","description":"Librairie fond\u00e9e en 1999 par Karl Lagerfeld \u00e0 Paris","publisher":{"@id":"https:\/\/librairie7l.com\/en\/#organization"},"potentialAction":[{"@type":"SearchAction","target":{"@type":"EntryPoint","urlTemplate":"https:\/\/librairie7l.com\/en\/?s={search_term_string}"},"query-input":"required name=search_term_string"}],"inLanguage":"en-US"},{"@type":"Organization","@id":"https:\/\/librairie7l.com\/en\/#organization","name":"Librairie 7L","url":"https:\/\/librairie7l.com\/en\/","logo":{"@type":"ImageObject","inLanguage":"en-US","@id":"https:\/\/librairie7l.com\/en\/#\/schema\/logo\/image\/","url":"https:\/\/librairie7l.com\/wp-content\/uploads\/2022\/08\/logo-1.png","contentUrl":"https:\/\/librairie7l.com\/wp-content\/uploads\/2022\/08\/logo-1.png","width":227,"height":301,"caption":"Librairie 7L"},"image":{"@id":"https:\/\/librairie7l.com\/en\/#\/schema\/logo\/image\/"}}]}},"_links":{"self":[{"href":"https:\/\/librairie7l.com\/en\/wp-json\/wp\/v2\/product\/55950"}],"collection":[{"href":"https:\/\/librairie7l.com\/en\/wp-json\/wp\/v2\/product"}],"about":[{"href":"https:\/\/librairie7l.com\/en\/wp-json\/wp\/v2\/types\/product"}],"wp:featuredmedia":[{"embeddable":true,"href":"https:\/\/librairie7l.com\/en\/wp-json\/wp\/v2\/media\/55948"}],"wp:attachment":[{"href":"https:\/\/librairie7l.com\/en\/wp-json\/wp\/v2\/media?parent=55950"}],"wp:term":[{"taxonomy":"product_cat","embeddable":true,"href":"https:\/\/librairie7l.com\/en\/wp-json\/wp\/v2\/product_cat?post=55950"},{"taxonomy":"product_tag","embeddable":true,"href":"https:\/\/librairie7l.com\/en\/wp-json\/wp\/v2\/product_tag?post=55950"}],"curies":[{"name":"wp","href":"https:\/\/api.w.org\/{rel}","templated":true}]}}