{"id":55953,"date":"2026-03-24T11:57:23","date_gmt":"2026-03-24T10:57:23","guid":{"rendered":"https:\/\/librairie7l.com\/?post_type=product&#038;p=55953"},"modified":"2026-04-01T20:36:50","modified_gmt":"2026-04-01T18:36:50","slug":"contes","status":"publish","type":"product","link":"https:\/\/librairie7l.com\/en\/produit\/contes\/","title":{"rendered":"CONTES"},"content":{"rendered":"<p>Apr\u00e8s la parution du roman <em>La Chambre des \u00e9cureuils<\/em>, du recueil d&#8217;essais <em>Journal d&#8217;un peintre<\/em> et des Po\u00e9sies compl\u00e8tes, Seghers et 7L poursuivent la mise au jour de l&#8217;oeuvre litt\u00e9raire de Marie Laure de Noailles, l&#8217;une des plus importantes m\u00e9c\u00e8nes du 20e si\u00e8cle, figure embl\u00e9matique des arts et des lettres, avec ses Contes.<br \/>\nFigure embl\u00e9matique des arts et des lettres du d\u00e9but du 20e si\u00e8cle, m\u00e9c\u00e8ne flamboyante, Marie Laure de Noailles fut aussi l&#8217;auteur d&#8217;une oeuvre \u00e9tonnante &#8211; m\u00ealant po\u00e9sie, fiction et essais litt\u00e9raires &#8211; jusqu&#8217;alors oubli\u00e9e. Exhum\u00e9 en octobre 2023 par les \u00e9ditions Seghers et les \u00e9ditions 7L et republi\u00e9 dans une \u00e9dition de luxe (sur beau papier, reli\u00e9e, cartonn\u00e9e et entoil\u00e9e),<br \/>\n<em>La Chambre des \u00e9cureuils<\/em>, son roman le plus abouti souvent compar\u00e9 \u00e0 <em>Bonjour tristesse<\/em>, a connu un succ\u00e8s encourageant. Salu\u00e9e par la presse, favorablement accueillie en librairie, cette nouvelle \u00e9dition fit passer l&#8217;oeuvre litt\u00e9raire de celle que l&#8217;on pr\u00e9nommait &#8221; la vicomtesse du bizarre &#8221; de l&#8217;oubli \u00e0 la reconnaissance.<br \/>\nApr\u00e8s cette premi\u00e8re collaboration fructueuse, Seghers et 7L ont poursuivis sa mise en lumi\u00e8re avec la parution de <em>Journal d&#8217;un peintre suivi de Lettres proven\u00e7ales<\/em> en 2024, et de <em>Po\u00e9sies <\/em>en 2025.<br \/>\nLe pr\u00e9sent ouvrage, consacr\u00e9 \u00e0 ses <em>Contes<\/em>, compl\u00e8tera la collection en rassemblant quatre r\u00e9cits fantastiques et oniriques : <em>Dix ans sur terre<\/em> (1937), <em>La Tour de Babel<\/em> (1942), <em>Les \u00celes invisibles<\/em> (1945) et <em>La Mandragore<\/em> (1945).<\/p>\n","protected":false},"excerpt":{"rendered":"<p>Apr\u00e8s la parution du roman La Chambre des \u00e9cureuils, du recueil d&#8217;essais Journal d&#8217;un peintre et des Po\u00e9sies compl\u00e8tes, Seghers et 7L poursuivent la mise au jour de l&#8217;oeuvre litt\u00e9raire de Marie Laure de Noailles, l&#8217;une des plus importantes m\u00e9c\u00e8nes du 20e si\u00e8cle, figure embl\u00e9matique des arts et des lettres, avec ses Contes. Figure embl\u00e9matique [&hellip;]<\/p>\n","protected":false},"featured_media":55954,"template":"","meta":[],"product_cat":[55,8753,16],"product_tag":[],"acf":[],"yoast_head":"<!-- This site is optimized with the Yoast SEO plugin v20.11 - https:\/\/yoast.com\/wordpress\/plugins\/seo\/ -->\n<title>CONTES - Librairie 7L<\/title>\n<meta name=\"robots\" content=\"index, follow, max-snippet:-1, max-image-preview:large, max-video-preview:-1\" \/>\n<link rel=\"canonical\" href=\"https:\/\/librairie7l.com\/en\/produit\/contes\/\" \/>\n<meta property=\"og:locale\" content=\"en_US\" \/>\n<meta property=\"og:type\" content=\"article\" \/>\n<meta property=\"og:title\" content=\"CONTES - Librairie 7L\" \/>\n<meta property=\"og:description\" content=\"Apr\u00e8s la parution du roman La Chambre des \u00e9cureuils, du recueil d&#8217;essais Journal d&#8217;un peintre et des Po\u00e9sies compl\u00e8tes, Seghers et 7L poursuivent la mise au jour de l&#8217;oeuvre litt\u00e9raire de Marie Laure de Noailles, l&#8217;une des plus importantes m\u00e9c\u00e8nes du 20e si\u00e8cle, figure embl\u00e9matique des arts et des lettres, avec ses Contes. Figure embl\u00e9matique [&hellip;]\" \/>\n<meta property=\"og:url\" content=\"https:\/\/librairie7l.com\/en\/produit\/contes\/\" \/>\n<meta property=\"og:site_name\" content=\"Librairie 7L\" \/>\n<meta property=\"article:modified_time\" content=\"2026-04-01T18:36:50+00:00\" \/>\n<meta property=\"og:image\" content=\"https:\/\/librairie7l.com\/wp-content\/uploads\/2026\/03\/CONTES_NOAILLES_260129_Plat1_Yonix-807x1080.jpg\" \/>\n\t<meta property=\"og:image:width\" content=\"807\" \/>\n\t<meta property=\"og:image:height\" content=\"1080\" \/>\n\t<meta property=\"og:image:type\" content=\"image\/jpeg\" \/>\n<meta name=\"twitter:card\" content=\"summary_large_image\" \/>\n<meta name=\"twitter:label1\" content=\"Est. reading time\" \/>\n\t<meta name=\"twitter:data1\" content=\"2 minutes\" \/>\n<script type=\"application\/ld+json\" class=\"yoast-schema-graph\">{\"@context\":\"https:\/\/schema.org\",\"@graph\":[{\"@type\":\"WebPage\",\"@id\":\"https:\/\/librairie7l.com\/en\/produit\/contes\/\",\"url\":\"https:\/\/librairie7l.com\/en\/produit\/contes\/\",\"name\":\"CONTES - Librairie 7L\",\"isPartOf\":{\"@id\":\"https:\/\/librairie7l.com\/en\/#website\"},\"datePublished\":\"2026-03-24T10:57:23+00:00\",\"dateModified\":\"2026-04-01T18:36:50+00:00\",\"breadcrumb\":{\"@id\":\"https:\/\/librairie7l.com\/en\/produit\/contes\/#breadcrumb\"},\"inLanguage\":\"en-US\",\"potentialAction\":[{\"@type\":\"ReadAction\",\"target\":[\"https:\/\/librairie7l.com\/en\/produit\/contes\/\"]}]},{\"@type\":\"BreadcrumbList\",\"@id\":\"https:\/\/librairie7l.com\/en\/produit\/contes\/#breadcrumb\",\"itemListElement\":[{\"@type\":\"ListItem\",\"position\":1,\"name\":\"Accueil\",\"item\":\"https:\/\/librairie7l.com\/en\/\"},{\"@type\":\"ListItem\",\"position\":2,\"name\":\"Shop\",\"item\":\"https:\/\/librairie7l.com\/en\/shop\/\"},{\"@type\":\"ListItem\",\"position\":3,\"name\":\"CONTES\"}]},{\"@type\":\"WebSite\",\"@id\":\"https:\/\/librairie7l.com\/en\/#website\",\"url\":\"https:\/\/librairie7l.com\/en\/\",\"name\":\"Librairie 7L\",\"description\":\"Librairie fond\u00e9e en 1999 par Karl Lagerfeld \u00e0 Paris\",\"publisher\":{\"@id\":\"https:\/\/librairie7l.com\/en\/#organization\"},\"potentialAction\":[{\"@type\":\"SearchAction\",\"target\":{\"@type\":\"EntryPoint\",\"urlTemplate\":\"https:\/\/librairie7l.com\/en\/?s={search_term_string}\"},\"query-input\":\"required name=search_term_string\"}],\"inLanguage\":\"en-US\"},{\"@type\":\"Organization\",\"@id\":\"https:\/\/librairie7l.com\/en\/#organization\",\"name\":\"Librairie 7L\",\"url\":\"https:\/\/librairie7l.com\/en\/\",\"logo\":{\"@type\":\"ImageObject\",\"inLanguage\":\"en-US\",\"@id\":\"https:\/\/librairie7l.com\/en\/#\/schema\/logo\/image\/\",\"url\":\"https:\/\/librairie7l.com\/wp-content\/uploads\/2022\/08\/logo-1.png\",\"contentUrl\":\"https:\/\/librairie7l.com\/wp-content\/uploads\/2022\/08\/logo-1.png\",\"width\":227,\"height\":301,\"caption\":\"Librairie 7L\"},\"image\":{\"@id\":\"https:\/\/librairie7l.com\/en\/#\/schema\/logo\/image\/\"}}]}<\/script>\n<!-- \/ Yoast SEO plugin. -->","yoast_head_json":{"title":"CONTES - Librairie 7L","robots":{"index":"index","follow":"follow","max-snippet":"max-snippet:-1","max-image-preview":"max-image-preview:large","max-video-preview":"max-video-preview:-1"},"canonical":"https:\/\/librairie7l.com\/en\/produit\/contes\/","og_locale":"en_US","og_type":"article","og_title":"CONTES - Librairie 7L","og_description":"Apr\u00e8s la parution du roman La Chambre des \u00e9cureuils, du recueil d&#8217;essais Journal d&#8217;un peintre et des Po\u00e9sies compl\u00e8tes, Seghers et 7L poursuivent la mise au jour de l&#8217;oeuvre litt\u00e9raire de Marie Laure de Noailles, l&#8217;une des plus importantes m\u00e9c\u00e8nes du 20e si\u00e8cle, figure embl\u00e9matique des arts et des lettres, avec ses Contes. Figure embl\u00e9matique [&hellip;]","og_url":"https:\/\/librairie7l.com\/en\/produit\/contes\/","og_site_name":"Librairie 7L","article_modified_time":"2026-04-01T18:36:50+00:00","og_image":[{"width":807,"height":1080,"url":"https:\/\/librairie7l.com\/wp-content\/uploads\/2026\/03\/CONTES_NOAILLES_260129_Plat1_Yonix-807x1080.jpg","type":"image\/jpeg"}],"twitter_card":"summary_large_image","twitter_misc":{"Est. reading time":"2 minutes"},"schema":{"@context":"https:\/\/schema.org","@graph":[{"@type":"WebPage","@id":"https:\/\/librairie7l.com\/en\/produit\/contes\/","url":"https:\/\/librairie7l.com\/en\/produit\/contes\/","name":"CONTES - Librairie 7L","isPartOf":{"@id":"https:\/\/librairie7l.com\/en\/#website"},"datePublished":"2026-03-24T10:57:23+00:00","dateModified":"2026-04-01T18:36:50+00:00","breadcrumb":{"@id":"https:\/\/librairie7l.com\/en\/produit\/contes\/#breadcrumb"},"inLanguage":"en-US","potentialAction":[{"@type":"ReadAction","target":["https:\/\/librairie7l.com\/en\/produit\/contes\/"]}]},{"@type":"BreadcrumbList","@id":"https:\/\/librairie7l.com\/en\/produit\/contes\/#breadcrumb","itemListElement":[{"@type":"ListItem","position":1,"name":"Accueil","item":"https:\/\/librairie7l.com\/en\/"},{"@type":"ListItem","position":2,"name":"Shop","item":"https:\/\/librairie7l.com\/en\/shop\/"},{"@type":"ListItem","position":3,"name":"CONTES"}]},{"@type":"WebSite","@id":"https:\/\/librairie7l.com\/en\/#website","url":"https:\/\/librairie7l.com\/en\/","name":"Librairie 7L","description":"Librairie fond\u00e9e en 1999 par Karl Lagerfeld \u00e0 Paris","publisher":{"@id":"https:\/\/librairie7l.com\/en\/#organization"},"potentialAction":[{"@type":"SearchAction","target":{"@type":"EntryPoint","urlTemplate":"https:\/\/librairie7l.com\/en\/?s={search_term_string}"},"query-input":"required name=search_term_string"}],"inLanguage":"en-US"},{"@type":"Organization","@id":"https:\/\/librairie7l.com\/en\/#organization","name":"Librairie 7L","url":"https:\/\/librairie7l.com\/en\/","logo":{"@type":"ImageObject","inLanguage":"en-US","@id":"https:\/\/librairie7l.com\/en\/#\/schema\/logo\/image\/","url":"https:\/\/librairie7l.com\/wp-content\/uploads\/2022\/08\/logo-1.png","contentUrl":"https:\/\/librairie7l.com\/wp-content\/uploads\/2022\/08\/logo-1.png","width":227,"height":301,"caption":"Librairie 7L"},"image":{"@id":"https:\/\/librairie7l.com\/en\/#\/schema\/logo\/image\/"}}]}},"_links":{"self":[{"href":"https:\/\/librairie7l.com\/en\/wp-json\/wp\/v2\/product\/55953"}],"collection":[{"href":"https:\/\/librairie7l.com\/en\/wp-json\/wp\/v2\/product"}],"about":[{"href":"https:\/\/librairie7l.com\/en\/wp-json\/wp\/v2\/types\/product"}],"wp:featuredmedia":[{"embeddable":true,"href":"https:\/\/librairie7l.com\/en\/wp-json\/wp\/v2\/media\/55954"}],"wp:attachment":[{"href":"https:\/\/librairie7l.com\/en\/wp-json\/wp\/v2\/media?parent=55953"}],"wp:term":[{"taxonomy":"product_cat","embeddable":true,"href":"https:\/\/librairie7l.com\/en\/wp-json\/wp\/v2\/product_cat?post=55953"},{"taxonomy":"product_tag","embeddable":true,"href":"https:\/\/librairie7l.com\/en\/wp-json\/wp\/v2\/product_tag?post=55953"}],"curies":[{"name":"wp","href":"https:\/\/api.w.org\/{rel}","templated":true}]}}