{"id":55964,"date":"2026-03-25T10:16:17","date_gmt":"2026-03-25T09:16:17","guid":{"rendered":"https:\/\/librairie7l.com\/?post_type=product&#038;p=55964"},"modified":"2026-04-20T00:00:44","modified_gmt":"2026-04-19T22:00:44","slug":"new-york-2","status":"publish","type":"product","link":"https:\/\/librairie7l.com\/en\/produit\/new-york-2\/","title":{"rendered":"NEW YORK"},"content":{"rendered":"<p>Ville qui a inspir\u00e9 les plus grands photographes et cin\u00e9astes, New York offre, \u00e0 qui sait observer, tous les prismes du monde contemporain.<br \/>\nV\u00e9ritable theatrum mundi, elle se d\u00e9ploie en ville-monde : grandes perspectives urbaines, quartiers multiculturels, rues agit\u00e9es dans lesquelles se m\u00ealent hommes d&#8217;affaires et ladies au chic surann\u00e9, diners pour esseul\u00e9s, enseignes lumineuses pop, \u00e9tals de petits \u00e9piciers ambulants, teenagers d\u00e9sinvoltes&#8230; New York est une sc\u00e8ne aux dimensions gigantesques sur laquelle d\u00e9ambule depuis plus de cinquante ans le photographe Harry Gruyaert. Ma\u00eetre de la couleur, celui-ci nous invite, dans un ouvrage con\u00e7u comme un grand album, \u00e0 une immersion sensorielle : chaque image se d\u00e9ploie sur une double page, sur le mode du storyboard. Pour accompagner cette promenade visuelle, Harry Gruyaert a invit\u00e9 C\u00e9dric Klapisch \u00e0 imaginer de courts r\u00e9cits. Le r\u00e9alisateur d\u00e9roule au fil des pages un sc\u00e9nario ponctu\u00e9 de sayn\u00e8tes o\u00f9 s&#8217;animent, tels des acteurs, les personnages saisis par Gruyaert. La ville r\u00e9sonne de voix, de songes, des bruits de la rue. New York oscille entre r\u00e9el et fiction.<\/p>\n","protected":false},"excerpt":{"rendered":"<p>Ville qui a inspir\u00e9 les plus grands photographes et cin\u00e9astes, New York offre, \u00e0 qui sait observer, tous les prismes du monde contemporain. V\u00e9ritable theatrum mundi, elle se d\u00e9ploie en ville-monde : grandes perspectives urbaines, quartiers multiculturels, rues agit\u00e9es dans lesquelles se m\u00ealent hommes d&#8217;affaires et ladies au chic surann\u00e9, diners pour esseul\u00e9s, enseignes lumineuses [&hellip;]<\/p>\n","protected":false},"featured_media":55962,"template":"","meta":[],"product_cat":[2948],"product_tag":[],"acf":[],"yoast_head":"<!-- This site is optimized with the Yoast SEO plugin v20.11 - https:\/\/yoast.com\/wordpress\/plugins\/seo\/ -->\n<title>New York - Librairie 7L<\/title>\n<meta name=\"robots\" content=\"index, follow, max-snippet:-1, max-image-preview:large, max-video-preview:-1\" \/>\n<link rel=\"canonical\" href=\"https:\/\/librairie7l.com\/en\/produit\/new-york-2\/\" \/>\n<meta property=\"og:locale\" content=\"en_US\" \/>\n<meta property=\"og:type\" content=\"article\" \/>\n<meta property=\"og:title\" content=\"New York - Librairie 7L\" \/>\n<meta property=\"og:description\" content=\"Ville qui a inspir\u00e9 les plus grands photographes et cin\u00e9astes, New York offre, \u00e0 qui sait observer, tous les prismes du monde contemporain. V\u00e9ritable theatrum mundi, elle se d\u00e9ploie en ville-monde : grandes perspectives urbaines, quartiers multiculturels, rues agit\u00e9es dans lesquelles se m\u00ealent hommes d&#8217;affaires et ladies au chic surann\u00e9, diners pour esseul\u00e9s, enseignes lumineuses [&hellip;]\" \/>\n<meta property=\"og:url\" content=\"https:\/\/librairie7l.com\/en\/produit\/new-york-2\/\" \/>\n<meta property=\"og:site_name\" content=\"Librairie 7L\" \/>\n<meta property=\"article:modified_time\" content=\"2026-04-19T22:00:44+00:00\" \/>\n<meta property=\"og:image\" content=\"https:\/\/librairie7l.com\/wp-content\/uploads\/2025\/12\/9782365114691_1_75.jpg\" \/>\n\t<meta property=\"og:image:width\" content=\"400\" \/>\n\t<meta property=\"og:image:height\" content=\"568\" \/>\n\t<meta property=\"og:image:type\" content=\"image\/jpeg\" \/>\n<meta name=\"twitter:card\" content=\"summary_large_image\" \/>\n<meta name=\"twitter:label1\" content=\"Est. reading time\" \/>\n\t<meta name=\"twitter:data1\" content=\"1 minute\" \/>\n<script type=\"application\/ld+json\" class=\"yoast-schema-graph\">{\"@context\":\"https:\/\/schema.org\",\"@graph\":[{\"@type\":\"WebPage\",\"@id\":\"https:\/\/librairie7l.com\/en\/produit\/new-york-2\/\",\"url\":\"https:\/\/librairie7l.com\/en\/produit\/new-york-2\/\",\"name\":\"New York - Librairie 7L\",\"isPartOf\":{\"@id\":\"https:\/\/librairie7l.com\/en\/#website\"},\"datePublished\":\"2026-03-25T09:16:17+00:00\",\"dateModified\":\"2026-04-19T22:00:44+00:00\",\"breadcrumb\":{\"@id\":\"https:\/\/librairie7l.com\/en\/produit\/new-york-2\/#breadcrumb\"},\"inLanguage\":\"en-US\",\"potentialAction\":[{\"@type\":\"ReadAction\",\"target\":[\"https:\/\/librairie7l.com\/en\/produit\/new-york-2\/\"]}]},{\"@type\":\"BreadcrumbList\",\"@id\":\"https:\/\/librairie7l.com\/en\/produit\/new-york-2\/#breadcrumb\",\"itemListElement\":[{\"@type\":\"ListItem\",\"position\":1,\"name\":\"Accueil\",\"item\":\"https:\/\/librairie7l.com\/en\/\"},{\"@type\":\"ListItem\",\"position\":2,\"name\":\"Shop\",\"item\":\"https:\/\/librairie7l.com\/en\/shop\/\"},{\"@type\":\"ListItem\",\"position\":3,\"name\":\"NEW YORK\"}]},{\"@type\":\"WebSite\",\"@id\":\"https:\/\/librairie7l.com\/en\/#website\",\"url\":\"https:\/\/librairie7l.com\/en\/\",\"name\":\"Librairie 7L\",\"description\":\"Librairie fond\u00e9e en 1999 par Karl Lagerfeld \u00e0 Paris\",\"publisher\":{\"@id\":\"https:\/\/librairie7l.com\/en\/#organization\"},\"potentialAction\":[{\"@type\":\"SearchAction\",\"target\":{\"@type\":\"EntryPoint\",\"urlTemplate\":\"https:\/\/librairie7l.com\/en\/?s={search_term_string}\"},\"query-input\":\"required name=search_term_string\"}],\"inLanguage\":\"en-US\"},{\"@type\":\"Organization\",\"@id\":\"https:\/\/librairie7l.com\/en\/#organization\",\"name\":\"Librairie 7L\",\"url\":\"https:\/\/librairie7l.com\/en\/\",\"logo\":{\"@type\":\"ImageObject\",\"inLanguage\":\"en-US\",\"@id\":\"https:\/\/librairie7l.com\/en\/#\/schema\/logo\/image\/\",\"url\":\"https:\/\/librairie7l.com\/wp-content\/uploads\/2022\/08\/logo-1.png\",\"contentUrl\":\"https:\/\/librairie7l.com\/wp-content\/uploads\/2022\/08\/logo-1.png\",\"width\":227,\"height\":301,\"caption\":\"Librairie 7L\"},\"image\":{\"@id\":\"https:\/\/librairie7l.com\/en\/#\/schema\/logo\/image\/\"}}]}<\/script>\n<!-- \/ Yoast SEO plugin. -->","yoast_head_json":{"title":"New York - Librairie 7L","robots":{"index":"index","follow":"follow","max-snippet":"max-snippet:-1","max-image-preview":"max-image-preview:large","max-video-preview":"max-video-preview:-1"},"canonical":"https:\/\/librairie7l.com\/en\/produit\/new-york-2\/","og_locale":"en_US","og_type":"article","og_title":"New York - Librairie 7L","og_description":"Ville qui a inspir\u00e9 les plus grands photographes et cin\u00e9astes, New York offre, \u00e0 qui sait observer, tous les prismes du monde contemporain. V\u00e9ritable theatrum mundi, elle se d\u00e9ploie en ville-monde : grandes perspectives urbaines, quartiers multiculturels, rues agit\u00e9es dans lesquelles se m\u00ealent hommes d&#8217;affaires et ladies au chic surann\u00e9, diners pour esseul\u00e9s, enseignes lumineuses [&hellip;]","og_url":"https:\/\/librairie7l.com\/en\/produit\/new-york-2\/","og_site_name":"Librairie 7L","article_modified_time":"2026-04-19T22:00:44+00:00","og_image":[{"width":400,"height":568,"url":"https:\/\/librairie7l.com\/wp-content\/uploads\/2025\/12\/9782365114691_1_75.jpg","type":"image\/jpeg"}],"twitter_card":"summary_large_image","twitter_misc":{"Est. reading time":"1 minute"},"schema":{"@context":"https:\/\/schema.org","@graph":[{"@type":"WebPage","@id":"https:\/\/librairie7l.com\/en\/produit\/new-york-2\/","url":"https:\/\/librairie7l.com\/en\/produit\/new-york-2\/","name":"New York - Librairie 7L","isPartOf":{"@id":"https:\/\/librairie7l.com\/en\/#website"},"datePublished":"2026-03-25T09:16:17+00:00","dateModified":"2026-04-19T22:00:44+00:00","breadcrumb":{"@id":"https:\/\/librairie7l.com\/en\/produit\/new-york-2\/#breadcrumb"},"inLanguage":"en-US","potentialAction":[{"@type":"ReadAction","target":["https:\/\/librairie7l.com\/en\/produit\/new-york-2\/"]}]},{"@type":"BreadcrumbList","@id":"https:\/\/librairie7l.com\/en\/produit\/new-york-2\/#breadcrumb","itemListElement":[{"@type":"ListItem","position":1,"name":"Accueil","item":"https:\/\/librairie7l.com\/en\/"},{"@type":"ListItem","position":2,"name":"Shop","item":"https:\/\/librairie7l.com\/en\/shop\/"},{"@type":"ListItem","position":3,"name":"NEW YORK"}]},{"@type":"WebSite","@id":"https:\/\/librairie7l.com\/en\/#website","url":"https:\/\/librairie7l.com\/en\/","name":"Librairie 7L","description":"Librairie fond\u00e9e en 1999 par Karl Lagerfeld \u00e0 Paris","publisher":{"@id":"https:\/\/librairie7l.com\/en\/#organization"},"potentialAction":[{"@type":"SearchAction","target":{"@type":"EntryPoint","urlTemplate":"https:\/\/librairie7l.com\/en\/?s={search_term_string}"},"query-input":"required name=search_term_string"}],"inLanguage":"en-US"},{"@type":"Organization","@id":"https:\/\/librairie7l.com\/en\/#organization","name":"Librairie 7L","url":"https:\/\/librairie7l.com\/en\/","logo":{"@type":"ImageObject","inLanguage":"en-US","@id":"https:\/\/librairie7l.com\/en\/#\/schema\/logo\/image\/","url":"https:\/\/librairie7l.com\/wp-content\/uploads\/2022\/08\/logo-1.png","contentUrl":"https:\/\/librairie7l.com\/wp-content\/uploads\/2022\/08\/logo-1.png","width":227,"height":301,"caption":"Librairie 7L"},"image":{"@id":"https:\/\/librairie7l.com\/en\/#\/schema\/logo\/image\/"}}]}},"_links":{"self":[{"href":"https:\/\/librairie7l.com\/en\/wp-json\/wp\/v2\/product\/55964"}],"collection":[{"href":"https:\/\/librairie7l.com\/en\/wp-json\/wp\/v2\/product"}],"about":[{"href":"https:\/\/librairie7l.com\/en\/wp-json\/wp\/v2\/types\/product"}],"wp:featuredmedia":[{"embeddable":true,"href":"https:\/\/librairie7l.com\/en\/wp-json\/wp\/v2\/media\/55962"}],"wp:attachment":[{"href":"https:\/\/librairie7l.com\/en\/wp-json\/wp\/v2\/media?parent=55964"}],"wp:term":[{"taxonomy":"product_cat","embeddable":true,"href":"https:\/\/librairie7l.com\/en\/wp-json\/wp\/v2\/product_cat?post=55964"},{"taxonomy":"product_tag","embeddable":true,"href":"https:\/\/librairie7l.com\/en\/wp-json\/wp\/v2\/product_tag?post=55964"}],"curies":[{"name":"wp","href":"https:\/\/api.w.org\/{rel}","templated":true}]}}