{"id":56005,"date":"2026-03-26T10:16:58","date_gmt":"2026-03-26T09:16:58","guid":{"rendered":"https:\/\/librairie7l.com\/?post_type=product&#038;p=56005"},"modified":"2026-04-20T00:09:21","modified_gmt":"2026-04-19T22:09:21","slug":"matisse-1941-1954-2","status":"publish","type":"product","link":"https:\/\/librairie7l.com\/en\/produit\/matisse-1941-1954-2\/","title":{"rendered":"MATISSE, 1941-1954"},"content":{"rendered":"<p>L&#8217;ann\u00e9e 1941 marque un tournant dans la vie et l&#8217;oeuvre de Henri Matisse. \u00c0 l&#8217;\u00e2ge de 72 ans, l&#8217;artiste subi une op\u00e9ration chirurgicale qui, si elle lui sauve la vie, le laisse tel un \u00ab colis fragile \u00bb, limit\u00e9 dans ses mouvements et oblig\u00e9 de rester allong\u00e9 au lit.<br \/>\nOn retient ainsi l&#8217;image d&#8217;un homme lourd et immobile, clo\u00eetr\u00e9 dans son atelier. C&#8217;est n\u00e9anmoins l&#8217;occasion de \u00ab faire le grand progr\u00e8s de ma vie \u00bb, comme l&#8217;\u00e9crit Matisse \u00e0 son chirurgien. \u00c0 partir de l\u00e0 et jusqu&#8217;\u00e0 sa mort, en 1954, Matisse r\u00e9alise ses plus grands chefs-d&#8217;oeuvre : de la chapelle de Vence aux grandes gouaches d\u00e9coup\u00e9es,<br \/>\nen passant par Jazz. Libert\u00e9, puret\u00e9, synth\u00e8se &#8211; de la couleur, des lignes, des formes : l&#8217;artiste nous livre une oeuvre pleine de vie, \u00e0 l&#8217;oppos\u00e9 de son \u00e9tat physique, mouvante, imm\u00e9diate et \u00e0 la port\u00e9e universelle. Cette simplicit\u00e9 apparente est le r\u00e9sultat d&#8217;une vie de recherches acharn\u00e9es et constantes qui, des carnets et des toiles, se d\u00e9place finalement sur les murs de l&#8217;atelier de l&#8217;artiste, o\u00f9 la vie et l&#8217;oeuvre finissent par se m\u00e9langer en tout point.<br \/>\nLe catalogue restitue cette fluidit\u00e9 vitale en r\u00e9unissant, dans un objet souple (flexibook) au graphisme fin, de tr\u00e8s belles reproductions d&#8217;oeuvres, essentiellement en pleine page, accompagn\u00e9es de photos peu connues des oeuvres dans l&#8217;atelier, prise par des grands noms du m\u00e9dium (Adant, Capa, Carone, Cartier-Bresson, Sima, Maywald&#8230;). Ce dialogue iconographique, accompagn\u00e9 par les textes de sp\u00e9cialistes, permet de comprendre au mieux les oeuvres de cette derni\u00e8re d\u00e9cennie et de saisir pleinement l&#8217;osmose entre l&#8217;art et la vie de Matisse.<\/p>\n","protected":false},"excerpt":{"rendered":"<p>L&#8217;ann\u00e9e 1941 marque un tournant dans la vie et l&#8217;oeuvre de Henri Matisse. \u00c0 l&#8217;\u00e2ge de 72 ans, l&#8217;artiste subi une op\u00e9ration chirurgicale qui, si elle lui sauve la vie, le laisse tel un \u00ab colis fragile \u00bb, limit\u00e9 dans ses mouvements et oblig\u00e9 de rester allong\u00e9 au lit. On retient ainsi l&#8217;image d&#8217;un homme [&hellip;]<\/p>\n","protected":false},"featured_media":56003,"template":"","meta":[],"product_cat":[2948],"product_tag":[],"acf":[],"yoast_head":"<!-- This site is optimized with the Yoast SEO plugin v20.11 - https:\/\/yoast.com\/wordpress\/plugins\/seo\/ -->\n<title>Matisse, 1941-1954 - Librairie 7L<\/title>\n<meta name=\"robots\" content=\"index, follow, max-snippet:-1, max-image-preview:large, max-video-preview:-1\" \/>\n<link rel=\"canonical\" href=\"https:\/\/librairie7l.com\/en\/produit\/matisse-1941-1954-2\/\" \/>\n<meta property=\"og:locale\" content=\"en_US\" \/>\n<meta property=\"og:type\" content=\"article\" \/>\n<meta property=\"og:title\" content=\"Matisse, 1941-1954 - Librairie 7L\" \/>\n<meta property=\"og:description\" content=\"L&#8217;ann\u00e9e 1941 marque un tournant dans la vie et l&#8217;oeuvre de Henri Matisse. \u00c0 l&#8217;\u00e2ge de 72 ans, l&#8217;artiste subi une op\u00e9ration chirurgicale qui, si elle lui sauve la vie, le laisse tel un \u00ab colis fragile \u00bb, limit\u00e9 dans ses mouvements et oblig\u00e9 de rester allong\u00e9 au lit. On retient ainsi l&#8217;image d&#8217;un homme [&hellip;]\" \/>\n<meta property=\"og:url\" content=\"https:\/\/librairie7l.com\/en\/produit\/matisse-1941-1954-2\/\" \/>\n<meta property=\"og:site_name\" content=\"Librairie 7L\" \/>\n<meta property=\"article:modified_time\" content=\"2026-04-19T22:09:21+00:00\" \/>\n<meta property=\"og:image\" content=\"https:\/\/librairie7l.com\/wp-content\/uploads\/2025\/10\/9782711881758_1_75.jpg\" \/>\n\t<meta property=\"og:image:width\" content=\"600\" \/>\n\t<meta property=\"og:image:height\" content=\"857\" \/>\n\t<meta property=\"og:image:type\" content=\"image\/jpeg\" \/>\n<meta name=\"twitter:card\" content=\"summary_large_image\" \/>\n<meta name=\"twitter:label1\" content=\"Est. reading time\" \/>\n\t<meta name=\"twitter:data1\" content=\"1 minute\" \/>\n<script type=\"application\/ld+json\" class=\"yoast-schema-graph\">{\"@context\":\"https:\/\/schema.org\",\"@graph\":[{\"@type\":\"WebPage\",\"@id\":\"https:\/\/librairie7l.com\/en\/produit\/matisse-1941-1954-2\/\",\"url\":\"https:\/\/librairie7l.com\/en\/produit\/matisse-1941-1954-2\/\",\"name\":\"Matisse, 1941-1954 - Librairie 7L\",\"isPartOf\":{\"@id\":\"https:\/\/librairie7l.com\/en\/#website\"},\"datePublished\":\"2026-03-26T09:16:58+00:00\",\"dateModified\":\"2026-04-19T22:09:21+00:00\",\"breadcrumb\":{\"@id\":\"https:\/\/librairie7l.com\/en\/produit\/matisse-1941-1954-2\/#breadcrumb\"},\"inLanguage\":\"en-US\",\"potentialAction\":[{\"@type\":\"ReadAction\",\"target\":[\"https:\/\/librairie7l.com\/en\/produit\/matisse-1941-1954-2\/\"]}]},{\"@type\":\"BreadcrumbList\",\"@id\":\"https:\/\/librairie7l.com\/en\/produit\/matisse-1941-1954-2\/#breadcrumb\",\"itemListElement\":[{\"@type\":\"ListItem\",\"position\":1,\"name\":\"Accueil\",\"item\":\"https:\/\/librairie7l.com\/en\/\"},{\"@type\":\"ListItem\",\"position\":2,\"name\":\"Shop\",\"item\":\"https:\/\/librairie7l.com\/en\/shop\/\"},{\"@type\":\"ListItem\",\"position\":3,\"name\":\"MATISSE, 1941-1954\"}]},{\"@type\":\"WebSite\",\"@id\":\"https:\/\/librairie7l.com\/en\/#website\",\"url\":\"https:\/\/librairie7l.com\/en\/\",\"name\":\"Librairie 7L\",\"description\":\"Librairie fond\u00e9e en 1999 par Karl Lagerfeld \u00e0 Paris\",\"publisher\":{\"@id\":\"https:\/\/librairie7l.com\/en\/#organization\"},\"potentialAction\":[{\"@type\":\"SearchAction\",\"target\":{\"@type\":\"EntryPoint\",\"urlTemplate\":\"https:\/\/librairie7l.com\/en\/?s={search_term_string}\"},\"query-input\":\"required name=search_term_string\"}],\"inLanguage\":\"en-US\"},{\"@type\":\"Organization\",\"@id\":\"https:\/\/librairie7l.com\/en\/#organization\",\"name\":\"Librairie 7L\",\"url\":\"https:\/\/librairie7l.com\/en\/\",\"logo\":{\"@type\":\"ImageObject\",\"inLanguage\":\"en-US\",\"@id\":\"https:\/\/librairie7l.com\/en\/#\/schema\/logo\/image\/\",\"url\":\"https:\/\/librairie7l.com\/wp-content\/uploads\/2022\/08\/logo-1.png\",\"contentUrl\":\"https:\/\/librairie7l.com\/wp-content\/uploads\/2022\/08\/logo-1.png\",\"width\":227,\"height\":301,\"caption\":\"Librairie 7L\"},\"image\":{\"@id\":\"https:\/\/librairie7l.com\/en\/#\/schema\/logo\/image\/\"}}]}<\/script>\n<!-- \/ Yoast SEO plugin. -->","yoast_head_json":{"title":"Matisse, 1941-1954 - Librairie 7L","robots":{"index":"index","follow":"follow","max-snippet":"max-snippet:-1","max-image-preview":"max-image-preview:large","max-video-preview":"max-video-preview:-1"},"canonical":"https:\/\/librairie7l.com\/en\/produit\/matisse-1941-1954-2\/","og_locale":"en_US","og_type":"article","og_title":"Matisse, 1941-1954 - Librairie 7L","og_description":"L&#8217;ann\u00e9e 1941 marque un tournant dans la vie et l&#8217;oeuvre de Henri Matisse. \u00c0 l&#8217;\u00e2ge de 72 ans, l&#8217;artiste subi une op\u00e9ration chirurgicale qui, si elle lui sauve la vie, le laisse tel un \u00ab colis fragile \u00bb, limit\u00e9 dans ses mouvements et oblig\u00e9 de rester allong\u00e9 au lit. On retient ainsi l&#8217;image d&#8217;un homme [&hellip;]","og_url":"https:\/\/librairie7l.com\/en\/produit\/matisse-1941-1954-2\/","og_site_name":"Librairie 7L","article_modified_time":"2026-04-19T22:09:21+00:00","og_image":[{"width":600,"height":857,"url":"https:\/\/librairie7l.com\/wp-content\/uploads\/2025\/10\/9782711881758_1_75.jpg","type":"image\/jpeg"}],"twitter_card":"summary_large_image","twitter_misc":{"Est. reading time":"1 minute"},"schema":{"@context":"https:\/\/schema.org","@graph":[{"@type":"WebPage","@id":"https:\/\/librairie7l.com\/en\/produit\/matisse-1941-1954-2\/","url":"https:\/\/librairie7l.com\/en\/produit\/matisse-1941-1954-2\/","name":"Matisse, 1941-1954 - Librairie 7L","isPartOf":{"@id":"https:\/\/librairie7l.com\/en\/#website"},"datePublished":"2026-03-26T09:16:58+00:00","dateModified":"2026-04-19T22:09:21+00:00","breadcrumb":{"@id":"https:\/\/librairie7l.com\/en\/produit\/matisse-1941-1954-2\/#breadcrumb"},"inLanguage":"en-US","potentialAction":[{"@type":"ReadAction","target":["https:\/\/librairie7l.com\/en\/produit\/matisse-1941-1954-2\/"]}]},{"@type":"BreadcrumbList","@id":"https:\/\/librairie7l.com\/en\/produit\/matisse-1941-1954-2\/#breadcrumb","itemListElement":[{"@type":"ListItem","position":1,"name":"Accueil","item":"https:\/\/librairie7l.com\/en\/"},{"@type":"ListItem","position":2,"name":"Shop","item":"https:\/\/librairie7l.com\/en\/shop\/"},{"@type":"ListItem","position":3,"name":"MATISSE, 1941-1954"}]},{"@type":"WebSite","@id":"https:\/\/librairie7l.com\/en\/#website","url":"https:\/\/librairie7l.com\/en\/","name":"Librairie 7L","description":"Librairie fond\u00e9e en 1999 par Karl Lagerfeld \u00e0 Paris","publisher":{"@id":"https:\/\/librairie7l.com\/en\/#organization"},"potentialAction":[{"@type":"SearchAction","target":{"@type":"EntryPoint","urlTemplate":"https:\/\/librairie7l.com\/en\/?s={search_term_string}"},"query-input":"required name=search_term_string"}],"inLanguage":"en-US"},{"@type":"Organization","@id":"https:\/\/librairie7l.com\/en\/#organization","name":"Librairie 7L","url":"https:\/\/librairie7l.com\/en\/","logo":{"@type":"ImageObject","inLanguage":"en-US","@id":"https:\/\/librairie7l.com\/en\/#\/schema\/logo\/image\/","url":"https:\/\/librairie7l.com\/wp-content\/uploads\/2022\/08\/logo-1.png","contentUrl":"https:\/\/librairie7l.com\/wp-content\/uploads\/2022\/08\/logo-1.png","width":227,"height":301,"caption":"Librairie 7L"},"image":{"@id":"https:\/\/librairie7l.com\/en\/#\/schema\/logo\/image\/"}}]}},"_links":{"self":[{"href":"https:\/\/librairie7l.com\/en\/wp-json\/wp\/v2\/product\/56005"}],"collection":[{"href":"https:\/\/librairie7l.com\/en\/wp-json\/wp\/v2\/product"}],"about":[{"href":"https:\/\/librairie7l.com\/en\/wp-json\/wp\/v2\/types\/product"}],"wp:featuredmedia":[{"embeddable":true,"href":"https:\/\/librairie7l.com\/en\/wp-json\/wp\/v2\/media\/56003"}],"wp:attachment":[{"href":"https:\/\/librairie7l.com\/en\/wp-json\/wp\/v2\/media?parent=56005"}],"wp:term":[{"taxonomy":"product_cat","embeddable":true,"href":"https:\/\/librairie7l.com\/en\/wp-json\/wp\/v2\/product_cat?post=56005"},{"taxonomy":"product_tag","embeddable":true,"href":"https:\/\/librairie7l.com\/en\/wp-json\/wp\/v2\/product_tag?post=56005"}],"curies":[{"name":"wp","href":"https:\/\/api.w.org\/{rel}","templated":true}]}}