{"id":56017,"date":"2026-03-26T10:17:06","date_gmt":"2026-03-26T09:17:06","guid":{"rendered":"https:\/\/librairie7l.com\/?post_type=product&#038;p=56017"},"modified":"2026-04-19T22:14:08","modified_gmt":"2026-04-19T20:14:08","slug":"geste-s-hors-serie-n-17-beaute-nature-metiers-dart-savoir-faire-design-art-contemporain-2","status":"publish","type":"product","link":"https:\/\/librairie7l.com\/en\/produit\/geste-s-hors-serie-n-17-beaute-nature-metiers-dart-savoir-faire-design-art-contemporain-2\/","title":{"rendered":"GESTE\/S HORS-S\u00c9RIE N.17 : BEAUT\u00c9 NATURE : M\u00c9TIERS D&#8217;ART &#8211; SAVOIR-FAIRE &#8211; DESIGN &#8211; ART CONTEMPORAIN"},"content":{"rendered":"<p>En ouverture de sa cinqui\u00e8me ann\u00e9e de succ\u00e8s, Geste\/s convoque la \u00ab Beaut\u00e9 Nature \u00bb au coeur de son num\u00e9ro de printemps.<br \/>\nCinquante pages d&#8217;un journalisme au temps long et de l&#8217;image in\u00e9dite pour \u00e9clairer des nouvelles liaisons \u00e9lectives entre la nature, les savoir-faire et la cr\u00e9ation contemporaine.<br \/>\nThema de circonstance et de pertinence o\u00f9, de coulisses de manufactures en secrets d&#8217;ateliers, les artisans, designers, ma\u00eetres d&#8217;art et artistes plasticiens partagent<br \/>\nleur rapport \u00e0 ce monde du vivant. Lorsque la nature offre motifs, all\u00e9gories et inspirations aux grands m\u00e9tiers de la main. Lorsqu&#8217;elle accorde, de fleurs en for\u00eats, de bois en<br \/>\nv\u00e9g\u00e9tal, toutes ces mati\u00e8res premi\u00e8res avec lesquelles ils confrontent et composent technique et esth\u00e9tique.<br \/>\nLorsqu&#8217;enfin la nature s&#8217;enchante et se r\u00e9invente dans l&#8217;art des jardins, cet univers o\u00f9 l&#8217;architecture se met au vert, les patrimoines se r\u00e9v\u00e8lent \u00e0 ciel ouvert, l&#8217;artiste croise au<br \/>\nsauvage, l&#8217;artisan \u00e0 la flore et, dans les nouveaux enjeux environnementaux, l&#8217;excellence s&#8217;applique \u00e0 faire paysage et in\u00e9dite le\u00e7on de chose. Parmi les nombreux sujets de ce<br \/>\nnum\u00e9ro, un grand entretien avec Bas Smets, architecte paysagiste mandataire, entre autres, de la v\u00e9g\u00e9talisation tr\u00e8s attendue du parvis de Notre-Dame de Paris.<\/p>\n","protected":false},"excerpt":{"rendered":"<p>En ouverture de sa cinqui\u00e8me ann\u00e9e de succ\u00e8s, Geste\/s convoque la \u00ab Beaut\u00e9 Nature \u00bb au coeur de son num\u00e9ro de printemps. Cinquante pages d&#8217;un journalisme au temps long et de l&#8217;image in\u00e9dite pour \u00e9clairer des nouvelles liaisons \u00e9lectives entre la nature, les savoir-faire et la cr\u00e9ation contemporaine. Thema de circonstance et de pertinence o\u00f9, [&hellip;]<\/p>\n","protected":false},"featured_media":56015,"template":"","meta":[],"product_cat":[2948],"product_tag":[],"acf":[],"yoast_head":"<!-- This site is optimized with the Yoast SEO plugin v20.11 - https:\/\/yoast.com\/wordpress\/plugins\/seo\/ -->\n<title>Geste\/s Hors-S\u00e9rie n.17 : Beaut\u00e9 nature : M\u00e9tiers d&#039;art - savoir-faire - design - art contemporain - Librairie 7L<\/title>\n<meta name=\"robots\" content=\"index, follow, max-snippet:-1, max-image-preview:large, max-video-preview:-1\" \/>\n<link rel=\"canonical\" href=\"https:\/\/librairie7l.com\/en\/produit\/geste-s-hors-serie-n-17-beaute-nature-metiers-dart-savoir-faire-design-art-contemporain-2\/\" \/>\n<meta property=\"og:locale\" content=\"en_US\" \/>\n<meta property=\"og:type\" content=\"article\" \/>\n<meta property=\"og:title\" content=\"Geste\/s Hors-S\u00e9rie n.17 : Beaut\u00e9 nature : M\u00e9tiers d&#039;art - savoir-faire - design - art contemporain - Librairie 7L\" \/>\n<meta property=\"og:description\" content=\"En ouverture de sa cinqui\u00e8me ann\u00e9e de succ\u00e8s, Geste\/s convoque la \u00ab Beaut\u00e9 Nature \u00bb au coeur de son num\u00e9ro de printemps. Cinquante pages d&#8217;un journalisme au temps long et de l&#8217;image in\u00e9dite pour \u00e9clairer des nouvelles liaisons \u00e9lectives entre la nature, les savoir-faire et la cr\u00e9ation contemporaine. Thema de circonstance et de pertinence o\u00f9, [&hellip;]\" \/>\n<meta property=\"og:url\" content=\"https:\/\/librairie7l.com\/en\/produit\/geste-s-hors-serie-n-17-beaute-nature-metiers-dart-savoir-faire-design-art-contemporain-2\/\" \/>\n<meta property=\"og:site_name\" content=\"Librairie 7L\" \/>\n<meta property=\"article:modified_time\" content=\"2026-04-19T20:14:08+00:00\" \/>\n<meta property=\"og:image\" content=\"https:\/\/librairie7l.com\/wp-content\/uploads\/2025\/11\/9791020410450_1_75.jpg\" \/>\n\t<meta property=\"og:image:width\" content=\"600\" \/>\n\t<meta property=\"og:image:height\" content=\"730\" \/>\n\t<meta property=\"og:image:type\" content=\"image\/jpeg\" \/>\n<meta name=\"twitter:card\" content=\"summary_large_image\" \/>\n<meta name=\"twitter:label1\" content=\"Est. reading time\" \/>\n\t<meta name=\"twitter:data1\" content=\"1 minute\" \/>\n<script type=\"application\/ld+json\" class=\"yoast-schema-graph\">{\"@context\":\"https:\/\/schema.org\",\"@graph\":[{\"@type\":\"WebPage\",\"@id\":\"https:\/\/librairie7l.com\/en\/produit\/geste-s-hors-serie-n-17-beaute-nature-metiers-dart-savoir-faire-design-art-contemporain-2\/\",\"url\":\"https:\/\/librairie7l.com\/en\/produit\/geste-s-hors-serie-n-17-beaute-nature-metiers-dart-savoir-faire-design-art-contemporain-2\/\",\"name\":\"Geste\/s Hors-S\u00e9rie n.17 : Beaut\u00e9 nature : M\u00e9tiers d'art - savoir-faire - design - art contemporain - Librairie 7L\",\"isPartOf\":{\"@id\":\"https:\/\/librairie7l.com\/en\/#website\"},\"datePublished\":\"2026-03-26T09:17:06+00:00\",\"dateModified\":\"2026-04-19T20:14:08+00:00\",\"breadcrumb\":{\"@id\":\"https:\/\/librairie7l.com\/en\/produit\/geste-s-hors-serie-n-17-beaute-nature-metiers-dart-savoir-faire-design-art-contemporain-2\/#breadcrumb\"},\"inLanguage\":\"en-US\",\"potentialAction\":[{\"@type\":\"ReadAction\",\"target\":[\"https:\/\/librairie7l.com\/en\/produit\/geste-s-hors-serie-n-17-beaute-nature-metiers-dart-savoir-faire-design-art-contemporain-2\/\"]}]},{\"@type\":\"BreadcrumbList\",\"@id\":\"https:\/\/librairie7l.com\/en\/produit\/geste-s-hors-serie-n-17-beaute-nature-metiers-dart-savoir-faire-design-art-contemporain-2\/#breadcrumb\",\"itemListElement\":[{\"@type\":\"ListItem\",\"position\":1,\"name\":\"Accueil\",\"item\":\"https:\/\/librairie7l.com\/en\/\"},{\"@type\":\"ListItem\",\"position\":2,\"name\":\"Shop\",\"item\":\"https:\/\/librairie7l.com\/en\/shop\/\"},{\"@type\":\"ListItem\",\"position\":3,\"name\":\"GESTE\/S HORS-S\u00c9RIE N.17 : BEAUT\u00c9 NATURE : M\u00c9TIERS D&#8217;ART &#8211; SAVOIR-FAIRE &#8211; DESIGN &#8211; ART CONTEMPORAIN\"}]},{\"@type\":\"WebSite\",\"@id\":\"https:\/\/librairie7l.com\/en\/#website\",\"url\":\"https:\/\/librairie7l.com\/en\/\",\"name\":\"Librairie 7L\",\"description\":\"Librairie fond\u00e9e en 1999 par Karl Lagerfeld \u00e0 Paris\",\"publisher\":{\"@id\":\"https:\/\/librairie7l.com\/en\/#organization\"},\"potentialAction\":[{\"@type\":\"SearchAction\",\"target\":{\"@type\":\"EntryPoint\",\"urlTemplate\":\"https:\/\/librairie7l.com\/en\/?s={search_term_string}\"},\"query-input\":\"required name=search_term_string\"}],\"inLanguage\":\"en-US\"},{\"@type\":\"Organization\",\"@id\":\"https:\/\/librairie7l.com\/en\/#organization\",\"name\":\"Librairie 7L\",\"url\":\"https:\/\/librairie7l.com\/en\/\",\"logo\":{\"@type\":\"ImageObject\",\"inLanguage\":\"en-US\",\"@id\":\"https:\/\/librairie7l.com\/en\/#\/schema\/logo\/image\/\",\"url\":\"https:\/\/librairie7l.com\/wp-content\/uploads\/2022\/08\/logo-1.png\",\"contentUrl\":\"https:\/\/librairie7l.com\/wp-content\/uploads\/2022\/08\/logo-1.png\",\"width\":227,\"height\":301,\"caption\":\"Librairie 7L\"},\"image\":{\"@id\":\"https:\/\/librairie7l.com\/en\/#\/schema\/logo\/image\/\"}}]}<\/script>\n<!-- \/ Yoast SEO plugin. -->","yoast_head_json":{"title":"Geste\/s Hors-S\u00e9rie n.17 : Beaut\u00e9 nature : M\u00e9tiers d'art - savoir-faire - design - art contemporain - Librairie 7L","robots":{"index":"index","follow":"follow","max-snippet":"max-snippet:-1","max-image-preview":"max-image-preview:large","max-video-preview":"max-video-preview:-1"},"canonical":"https:\/\/librairie7l.com\/en\/produit\/geste-s-hors-serie-n-17-beaute-nature-metiers-dart-savoir-faire-design-art-contemporain-2\/","og_locale":"en_US","og_type":"article","og_title":"Geste\/s Hors-S\u00e9rie n.17 : Beaut\u00e9 nature : M\u00e9tiers d'art - savoir-faire - design - art contemporain - Librairie 7L","og_description":"En ouverture de sa cinqui\u00e8me ann\u00e9e de succ\u00e8s, Geste\/s convoque la \u00ab Beaut\u00e9 Nature \u00bb au coeur de son num\u00e9ro de printemps. Cinquante pages d&#8217;un journalisme au temps long et de l&#8217;image in\u00e9dite pour \u00e9clairer des nouvelles liaisons \u00e9lectives entre la nature, les savoir-faire et la cr\u00e9ation contemporaine. Thema de circonstance et de pertinence o\u00f9, [&hellip;]","og_url":"https:\/\/librairie7l.com\/en\/produit\/geste-s-hors-serie-n-17-beaute-nature-metiers-dart-savoir-faire-design-art-contemporain-2\/","og_site_name":"Librairie 7L","article_modified_time":"2026-04-19T20:14:08+00:00","og_image":[{"width":600,"height":730,"url":"https:\/\/librairie7l.com\/wp-content\/uploads\/2025\/11\/9791020410450_1_75.jpg","type":"image\/jpeg"}],"twitter_card":"summary_large_image","twitter_misc":{"Est. reading time":"1 minute"},"schema":{"@context":"https:\/\/schema.org","@graph":[{"@type":"WebPage","@id":"https:\/\/librairie7l.com\/en\/produit\/geste-s-hors-serie-n-17-beaute-nature-metiers-dart-savoir-faire-design-art-contemporain-2\/","url":"https:\/\/librairie7l.com\/en\/produit\/geste-s-hors-serie-n-17-beaute-nature-metiers-dart-savoir-faire-design-art-contemporain-2\/","name":"Geste\/s Hors-S\u00e9rie n.17 : Beaut\u00e9 nature : M\u00e9tiers d'art - savoir-faire - design - art contemporain - Librairie 7L","isPartOf":{"@id":"https:\/\/librairie7l.com\/en\/#website"},"datePublished":"2026-03-26T09:17:06+00:00","dateModified":"2026-04-19T20:14:08+00:00","breadcrumb":{"@id":"https:\/\/librairie7l.com\/en\/produit\/geste-s-hors-serie-n-17-beaute-nature-metiers-dart-savoir-faire-design-art-contemporain-2\/#breadcrumb"},"inLanguage":"en-US","potentialAction":[{"@type":"ReadAction","target":["https:\/\/librairie7l.com\/en\/produit\/geste-s-hors-serie-n-17-beaute-nature-metiers-dart-savoir-faire-design-art-contemporain-2\/"]}]},{"@type":"BreadcrumbList","@id":"https:\/\/librairie7l.com\/en\/produit\/geste-s-hors-serie-n-17-beaute-nature-metiers-dart-savoir-faire-design-art-contemporain-2\/#breadcrumb","itemListElement":[{"@type":"ListItem","position":1,"name":"Accueil","item":"https:\/\/librairie7l.com\/en\/"},{"@type":"ListItem","position":2,"name":"Shop","item":"https:\/\/librairie7l.com\/en\/shop\/"},{"@type":"ListItem","position":3,"name":"GESTE\/S HORS-S\u00c9RIE N.17 : BEAUT\u00c9 NATURE : M\u00c9TIERS D&#8217;ART &#8211; SAVOIR-FAIRE &#8211; DESIGN &#8211; ART CONTEMPORAIN"}]},{"@type":"WebSite","@id":"https:\/\/librairie7l.com\/en\/#website","url":"https:\/\/librairie7l.com\/en\/","name":"Librairie 7L","description":"Librairie fond\u00e9e en 1999 par Karl Lagerfeld \u00e0 Paris","publisher":{"@id":"https:\/\/librairie7l.com\/en\/#organization"},"potentialAction":[{"@type":"SearchAction","target":{"@type":"EntryPoint","urlTemplate":"https:\/\/librairie7l.com\/en\/?s={search_term_string}"},"query-input":"required name=search_term_string"}],"inLanguage":"en-US"},{"@type":"Organization","@id":"https:\/\/librairie7l.com\/en\/#organization","name":"Librairie 7L","url":"https:\/\/librairie7l.com\/en\/","logo":{"@type":"ImageObject","inLanguage":"en-US","@id":"https:\/\/librairie7l.com\/en\/#\/schema\/logo\/image\/","url":"https:\/\/librairie7l.com\/wp-content\/uploads\/2022\/08\/logo-1.png","contentUrl":"https:\/\/librairie7l.com\/wp-content\/uploads\/2022\/08\/logo-1.png","width":227,"height":301,"caption":"Librairie 7L"},"image":{"@id":"https:\/\/librairie7l.com\/en\/#\/schema\/logo\/image\/"}}]}},"_links":{"self":[{"href":"https:\/\/librairie7l.com\/en\/wp-json\/wp\/v2\/product\/56017"}],"collection":[{"href":"https:\/\/librairie7l.com\/en\/wp-json\/wp\/v2\/product"}],"about":[{"href":"https:\/\/librairie7l.com\/en\/wp-json\/wp\/v2\/types\/product"}],"wp:featuredmedia":[{"embeddable":true,"href":"https:\/\/librairie7l.com\/en\/wp-json\/wp\/v2\/media\/56015"}],"wp:attachment":[{"href":"https:\/\/librairie7l.com\/en\/wp-json\/wp\/v2\/media?parent=56017"}],"wp:term":[{"taxonomy":"product_cat","embeddable":true,"href":"https:\/\/librairie7l.com\/en\/wp-json\/wp\/v2\/product_cat?post=56017"},{"taxonomy":"product_tag","embeddable":true,"href":"https:\/\/librairie7l.com\/en\/wp-json\/wp\/v2\/product_tag?post=56017"}],"curies":[{"name":"wp","href":"https:\/\/api.w.org\/{rel}","templated":true}]}}