{"id":56039,"date":"2026-03-28T01:04:23","date_gmt":"2026-03-28T00:04:23","guid":{"rendered":"https:\/\/librairie7l.com\/?post_type=product&#038;p=56039"},"modified":"2026-04-17T02:27:23","modified_gmt":"2026-04-17T00:27:23","slug":"claude-bouchard-puiforcat-le-dessous-de-liceberg-2","status":"publish","type":"product","link":"https:\/\/librairie7l.com\/en\/produit\/claude-bouchard-puiforcat-le-dessous-de-liceberg-2\/","title":{"rendered":"CLAUDE BOUCHARD ; PUIFORCAT, LE DESSOUS DE L&#8217;ICEBERG"},"content":{"rendered":"<p>Ce \u00ab\u00a0Cahier\u00a0\u00bb pr\u00e9sente une cr\u00e9ation originale du cr\u00e9ateur Claude Bouchard : le service de bar Donahue.<br \/>\nClaude Bouchard apporte \u00e0 l&#8217;orf\u00e8vrerie Puiforcat la singularit\u00e9 de ses lignes. De mani\u00e8re passionn\u00e9e, il dessine inlassablement \u00e0 la pointe Rotring (destin\u00e9e \u00e0 la calligraphie) les croquis de ses futures r\u00e9alisations. Profitant souvent \u00ab\u00a0d&#8217;une image fortuite ou d&#8217;un dessin griffonn\u00e9\u00a0\u00bb pour laisser \u00e9maner ses projets, c&#8217;est de cette mani\u00e8re que le service de bar Donahue est n\u00e9.<br \/>\nAu Mus\u00e9o National Centro de Arte de Madrid, face \u00e0 l&#8217;As de pique de Juan Gris, Claude Bouchard a puis\u00e9 la forme de son seau \u00e0 gla\u00e7ons. Quelques mois plus tard, le couvercle, la pince \u00e0 gla\u00e7ons, le shaker, puis la cuiller \u00e0 cocktail et le doseur ont pris forme sous les traits affin\u00e9s de l&#8217;artiste.<br \/>\nDans ce service, \u00ab\u00a0l&#8217;\u00e9cart est \u00e9troit entre le dessin et ce qui appara\u00eet. Les feuilles d&#8217;argent se soumettent au mod\u00e8le. Pourtant, la dissym\u00e9trie des formes complique la t\u00e2che. Le savoir-faire de l&#8217;orf\u00e8vre est mis \u00e0 l&#8217;\u00e9preuve, son habilet\u00e9 exacerb\u00e9e\u00a0\u00bb, explique Jeanne Qu\u00e9heillard dans son texte.<br \/>\nL&#8217;\u00e9motion que d\u00e9fend Claude Bouchard se retrouve dans la recherche de lignes sobres aux justes proportions, comme dans la r\u00e9alisation avec l&#8217;orf\u00e8vre : le plaisir \u00e9prouv\u00e9 lors du contact avec l&#8217;objet durant sa cr\u00e9ation. Le plaisir de celui qui l&#8217;admire et l&#8217;utilise ensuite.<br \/>\nClaude Bouchard signe l\u00e0 une r\u00e9alisation singuli\u00e8re en argent massif, v\u00e9ritable oeuvre d&#8217;art r\u00e9alis\u00e9e \u00e0 la main, qui renouvelle les lignes de la maison Puiforcat. Un plateau en argent massif viendra compl\u00e9ter l&#8217;ensemble lors du lancement officiel \u00e0 Paris, en janvier 2009.<\/p>\n","protected":false},"excerpt":{"rendered":"<p>Ce \u00ab\u00a0Cahier\u00a0\u00bb pr\u00e9sente une cr\u00e9ation originale du cr\u00e9ateur Claude Bouchard : le service de bar Donahue. Claude Bouchard apporte \u00e0 l&#8217;orf\u00e8vrerie Puiforcat la singularit\u00e9 de ses lignes. De mani\u00e8re passionn\u00e9e, il dessine inlassablement \u00e0 la pointe Rotring (destin\u00e9e \u00e0 la calligraphie) les croquis de ses futures r\u00e9alisations. Profitant souvent \u00ab\u00a0d&#8217;une image fortuite ou d&#8217;un dessin [&hellip;]<\/p>\n","protected":false},"featured_media":56037,"template":"","meta":[],"product_cat":[7364,2948],"product_tag":[],"acf":[],"yoast_head":"<!-- This site is optimized with the Yoast SEO plugin v20.11 - https:\/\/yoast.com\/wordpress\/plugins\/seo\/ -->\n<title>Claude Bouchard ; Puiforcat, le dessous de l&#039;iceberg - Librairie 7L<\/title>\n<meta name=\"robots\" content=\"index, follow, max-snippet:-1, max-image-preview:large, max-video-preview:-1\" \/>\n<link rel=\"canonical\" href=\"https:\/\/librairie7l.com\/en\/produit\/claude-bouchard-puiforcat-le-dessous-de-liceberg-2\/\" \/>\n<meta property=\"og:locale\" content=\"en_US\" \/>\n<meta property=\"og:type\" content=\"article\" \/>\n<meta property=\"og:title\" content=\"Claude Bouchard ; Puiforcat, le dessous de l&#039;iceberg - Librairie 7L\" \/>\n<meta property=\"og:description\" content=\"Ce \u00ab\u00a0Cahier\u00a0\u00bb pr\u00e9sente une cr\u00e9ation originale du cr\u00e9ateur Claude Bouchard : le service de bar Donahue. Claude Bouchard apporte \u00e0 l&#8217;orf\u00e8vrerie Puiforcat la singularit\u00e9 de ses lignes. De mani\u00e8re passionn\u00e9e, il dessine inlassablement \u00e0 la pointe Rotring (destin\u00e9e \u00e0 la calligraphie) les croquis de ses futures r\u00e9alisations. Profitant souvent \u00ab\u00a0d&#8217;une image fortuite ou d&#8217;un dessin [&hellip;]\" \/>\n<meta property=\"og:url\" content=\"https:\/\/librairie7l.com\/en\/produit\/claude-bouchard-puiforcat-le-dessous-de-liceberg-2\/\" \/>\n<meta property=\"og:site_name\" content=\"Librairie 7L\" \/>\n<meta property=\"article:modified_time\" content=\"2026-04-17T00:27:23+00:00\" \/>\n<meta property=\"og:image\" content=\"https:\/\/librairie7l.com\/wp-content\/uploads\/2008\/11\/9782915837384_1_75.jpg\" \/>\n\t<meta property=\"og:image:width\" content=\"500\" \/>\n\t<meta property=\"og:image:height\" content=\"674\" \/>\n\t<meta property=\"og:image:type\" content=\"image\/jpeg\" \/>\n<meta name=\"twitter:card\" content=\"summary_large_image\" \/>\n<meta name=\"twitter:label1\" content=\"Est. reading time\" \/>\n\t<meta name=\"twitter:data1\" content=\"1 minute\" \/>\n<script type=\"application\/ld+json\" class=\"yoast-schema-graph\">{\"@context\":\"https:\/\/schema.org\",\"@graph\":[{\"@type\":\"WebPage\",\"@id\":\"https:\/\/librairie7l.com\/en\/produit\/claude-bouchard-puiforcat-le-dessous-de-liceberg-2\/\",\"url\":\"https:\/\/librairie7l.com\/en\/produit\/claude-bouchard-puiforcat-le-dessous-de-liceberg-2\/\",\"name\":\"Claude Bouchard ; Puiforcat, le dessous de l'iceberg - Librairie 7L\",\"isPartOf\":{\"@id\":\"https:\/\/librairie7l.com\/en\/#website\"},\"datePublished\":\"2026-03-28T00:04:23+00:00\",\"dateModified\":\"2026-04-17T00:27:23+00:00\",\"breadcrumb\":{\"@id\":\"https:\/\/librairie7l.com\/en\/produit\/claude-bouchard-puiforcat-le-dessous-de-liceberg-2\/#breadcrumb\"},\"inLanguage\":\"en-US\",\"potentialAction\":[{\"@type\":\"ReadAction\",\"target\":[\"https:\/\/librairie7l.com\/en\/produit\/claude-bouchard-puiforcat-le-dessous-de-liceberg-2\/\"]}]},{\"@type\":\"BreadcrumbList\",\"@id\":\"https:\/\/librairie7l.com\/en\/produit\/claude-bouchard-puiforcat-le-dessous-de-liceberg-2\/#breadcrumb\",\"itemListElement\":[{\"@type\":\"ListItem\",\"position\":1,\"name\":\"Accueil\",\"item\":\"https:\/\/librairie7l.com\/en\/\"},{\"@type\":\"ListItem\",\"position\":2,\"name\":\"Shop\",\"item\":\"https:\/\/librairie7l.com\/en\/shop\/\"},{\"@type\":\"ListItem\",\"position\":3,\"name\":\"CLAUDE BOUCHARD ; PUIFORCAT, LE DESSOUS DE L&#8217;ICEBERG\"}]},{\"@type\":\"WebSite\",\"@id\":\"https:\/\/librairie7l.com\/en\/#website\",\"url\":\"https:\/\/librairie7l.com\/en\/\",\"name\":\"Librairie 7L\",\"description\":\"Librairie fond\u00e9e en 1999 par Karl Lagerfeld \u00e0 Paris\",\"publisher\":{\"@id\":\"https:\/\/librairie7l.com\/en\/#organization\"},\"potentialAction\":[{\"@type\":\"SearchAction\",\"target\":{\"@type\":\"EntryPoint\",\"urlTemplate\":\"https:\/\/librairie7l.com\/en\/?s={search_term_string}\"},\"query-input\":\"required name=search_term_string\"}],\"inLanguage\":\"en-US\"},{\"@type\":\"Organization\",\"@id\":\"https:\/\/librairie7l.com\/en\/#organization\",\"name\":\"Librairie 7L\",\"url\":\"https:\/\/librairie7l.com\/en\/\",\"logo\":{\"@type\":\"ImageObject\",\"inLanguage\":\"en-US\",\"@id\":\"https:\/\/librairie7l.com\/en\/#\/schema\/logo\/image\/\",\"url\":\"https:\/\/librairie7l.com\/wp-content\/uploads\/2022\/08\/logo-1.png\",\"contentUrl\":\"https:\/\/librairie7l.com\/wp-content\/uploads\/2022\/08\/logo-1.png\",\"width\":227,\"height\":301,\"caption\":\"Librairie 7L\"},\"image\":{\"@id\":\"https:\/\/librairie7l.com\/en\/#\/schema\/logo\/image\/\"}}]}<\/script>\n<!-- \/ Yoast SEO plugin. -->","yoast_head_json":{"title":"Claude Bouchard ; Puiforcat, le dessous de l'iceberg - Librairie 7L","robots":{"index":"index","follow":"follow","max-snippet":"max-snippet:-1","max-image-preview":"max-image-preview:large","max-video-preview":"max-video-preview:-1"},"canonical":"https:\/\/librairie7l.com\/en\/produit\/claude-bouchard-puiforcat-le-dessous-de-liceberg-2\/","og_locale":"en_US","og_type":"article","og_title":"Claude Bouchard ; Puiforcat, le dessous de l'iceberg - Librairie 7L","og_description":"Ce \u00ab\u00a0Cahier\u00a0\u00bb pr\u00e9sente une cr\u00e9ation originale du cr\u00e9ateur Claude Bouchard : le service de bar Donahue. Claude Bouchard apporte \u00e0 l&#8217;orf\u00e8vrerie Puiforcat la singularit\u00e9 de ses lignes. De mani\u00e8re passionn\u00e9e, il dessine inlassablement \u00e0 la pointe Rotring (destin\u00e9e \u00e0 la calligraphie) les croquis de ses futures r\u00e9alisations. Profitant souvent \u00ab\u00a0d&#8217;une image fortuite ou d&#8217;un dessin [&hellip;]","og_url":"https:\/\/librairie7l.com\/en\/produit\/claude-bouchard-puiforcat-le-dessous-de-liceberg-2\/","og_site_name":"Librairie 7L","article_modified_time":"2026-04-17T00:27:23+00:00","og_image":[{"width":500,"height":674,"url":"https:\/\/librairie7l.com\/wp-content\/uploads\/2008\/11\/9782915837384_1_75.jpg","type":"image\/jpeg"}],"twitter_card":"summary_large_image","twitter_misc":{"Est. reading time":"1 minute"},"schema":{"@context":"https:\/\/schema.org","@graph":[{"@type":"WebPage","@id":"https:\/\/librairie7l.com\/en\/produit\/claude-bouchard-puiforcat-le-dessous-de-liceberg-2\/","url":"https:\/\/librairie7l.com\/en\/produit\/claude-bouchard-puiforcat-le-dessous-de-liceberg-2\/","name":"Claude Bouchard ; Puiforcat, le dessous de l'iceberg - Librairie 7L","isPartOf":{"@id":"https:\/\/librairie7l.com\/en\/#website"},"datePublished":"2026-03-28T00:04:23+00:00","dateModified":"2026-04-17T00:27:23+00:00","breadcrumb":{"@id":"https:\/\/librairie7l.com\/en\/produit\/claude-bouchard-puiforcat-le-dessous-de-liceberg-2\/#breadcrumb"},"inLanguage":"en-US","potentialAction":[{"@type":"ReadAction","target":["https:\/\/librairie7l.com\/en\/produit\/claude-bouchard-puiforcat-le-dessous-de-liceberg-2\/"]}]},{"@type":"BreadcrumbList","@id":"https:\/\/librairie7l.com\/en\/produit\/claude-bouchard-puiforcat-le-dessous-de-liceberg-2\/#breadcrumb","itemListElement":[{"@type":"ListItem","position":1,"name":"Accueil","item":"https:\/\/librairie7l.com\/en\/"},{"@type":"ListItem","position":2,"name":"Shop","item":"https:\/\/librairie7l.com\/en\/shop\/"},{"@type":"ListItem","position":3,"name":"CLAUDE BOUCHARD ; PUIFORCAT, LE DESSOUS DE L&#8217;ICEBERG"}]},{"@type":"WebSite","@id":"https:\/\/librairie7l.com\/en\/#website","url":"https:\/\/librairie7l.com\/en\/","name":"Librairie 7L","description":"Librairie fond\u00e9e en 1999 par Karl Lagerfeld \u00e0 Paris","publisher":{"@id":"https:\/\/librairie7l.com\/en\/#organization"},"potentialAction":[{"@type":"SearchAction","target":{"@type":"EntryPoint","urlTemplate":"https:\/\/librairie7l.com\/en\/?s={search_term_string}"},"query-input":"required name=search_term_string"}],"inLanguage":"en-US"},{"@type":"Organization","@id":"https:\/\/librairie7l.com\/en\/#organization","name":"Librairie 7L","url":"https:\/\/librairie7l.com\/en\/","logo":{"@type":"ImageObject","inLanguage":"en-US","@id":"https:\/\/librairie7l.com\/en\/#\/schema\/logo\/image\/","url":"https:\/\/librairie7l.com\/wp-content\/uploads\/2022\/08\/logo-1.png","contentUrl":"https:\/\/librairie7l.com\/wp-content\/uploads\/2022\/08\/logo-1.png","width":227,"height":301,"caption":"Librairie 7L"},"image":{"@id":"https:\/\/librairie7l.com\/en\/#\/schema\/logo\/image\/"}}]}},"_links":{"self":[{"href":"https:\/\/librairie7l.com\/en\/wp-json\/wp\/v2\/product\/56039"}],"collection":[{"href":"https:\/\/librairie7l.com\/en\/wp-json\/wp\/v2\/product"}],"about":[{"href":"https:\/\/librairie7l.com\/en\/wp-json\/wp\/v2\/types\/product"}],"wp:featuredmedia":[{"embeddable":true,"href":"https:\/\/librairie7l.com\/en\/wp-json\/wp\/v2\/media\/56037"}],"wp:attachment":[{"href":"https:\/\/librairie7l.com\/en\/wp-json\/wp\/v2\/media?parent=56039"}],"wp:term":[{"taxonomy":"product_cat","embeddable":true,"href":"https:\/\/librairie7l.com\/en\/wp-json\/wp\/v2\/product_cat?post=56039"},{"taxonomy":"product_tag","embeddable":true,"href":"https:\/\/librairie7l.com\/en\/wp-json\/wp\/v2\/product_tag?post=56039"}],"curies":[{"name":"wp","href":"https:\/\/api.w.org\/{rel}","templated":true}]}}