{"id":56044,"date":"2026-03-29T15:28:36","date_gmt":"2026-03-29T13:28:36","guid":{"rendered":"https:\/\/librairie7l.com\/?post_type=product&#038;p=56044"},"modified":"2026-04-29T12:02:36","modified_gmt":"2026-04-29T10:02:36","slug":"tadao-ando-sketches-drawings-and-architecture-2","status":"publish","type":"product","link":"https:\/\/librairie7l.com\/en\/produit\/tadao-ando-sketches-drawings-and-architecture-2\/","title":{"rendered":"TADAO ANDO: SKETCHES, DRAWINGS, AND ARCHITECTURE"},"content":{"rendered":"<p>Le vocabulaire visuel d&#8217;un architecte<br \/>\nLes croquis et dessins qui inspirent Tadao Ando<\/p>\n<p>Ce p\u00e9riple incroyablement r\u00e9v\u00e9lateur dans l&#8217;esprit et les souvenirs d&#8217;un des plus grands po\u00e8tes de l&#8217;architecture est racont\u00e9 par la voix-m\u00eame de Tadao Ando. Cet ouvrage, \u00e9minemment personnel, retrace un demi-si\u00e8cle de cr\u00e9ativit\u00e9 prolifique avec plus de 750 croquis, maquettes et dessins techniques qui r\u00e9v\u00e8lent l&#8217;essence de sa pratique. De l&#8217;instantan\u00e9it\u00e9 brute des traits de crayon \u00e0 la pr\u00e9cision des plans, assistez \u00e0 l&#8217;\u00e9volution de ses r\u00e9alisations les plus c\u00e9l\u00e8bres &#8211; parmi lesquelles la Row House de Sumiyoshi, les r\u00e9sidences Rokko, le Mus\u00e9e d&#8217;Art de Chichu et la Bourse de Commerce. Loin d&#8217;exprimer des moments d&#8217;inspiration isol\u00e9s, elles constituent des projets architecturaux vivants, fa\u00e7onn\u00e9s par le temps, les voyages et la r\u00e9flexion.<\/p>\n<p>Plus qu&#8217;une monographie, ce livre est une carte du paysage int\u00e9rieur d&#8217;Ando. Il rem\u00e9more la luminosit\u00e9 des pierres d&#8217;un monast\u00e8re dans le sud de la France, la profonde r\u00e9sonnance spatiale d&#8217;un b\u00e2oli d&#8217;Ahmedabad et le myst\u00e8re labyrinthique des grottes troglodytes de Cappadoce. Ces souvenirs, forg\u00e9s lors de ses voyages de jeunesse, sont devenus des graines. Comprenez comment ces fragments d&#8217;exp\u00e9rience, pass\u00e9s au crible du corps et des \u00e9motions, ressurgissent sous la forme de spectacles spatiaux, faits de b\u00e9ton, de verre et de lumi\u00e8re.<\/p>\n<p>Ando reste fid\u00e8le \u00e0 la fragilit\u00e9 de la ligne trac\u00e9e \u00e0 la main. \u00c0 ses yeux, ce n&#8217;est pas la perfection lisse des mod\u00e9lisations num\u00e9riques mais les achoppements et la spontan\u00e9it\u00e9 de l&#8217;esquisse qui saisissent le coeur battant de l&#8217;architecture. Cet ouvrage est un document d&#8217;archive autant qu&#8217;une r\u00eaverie : une m\u00e9ditation sur la naissance des b\u00e2timents, ces g\u00e9ants qui s&#8217;inscrivent dans le flot du temps, dans la m\u00e9moire et dans la qu\u00eate perp\u00e9tuelle de la beaut\u00e9. Il est accompagn\u00e9 d&#8217;un appendice qui dresse la liste exhaustive des projets b\u00e2tis et non b\u00e2tis d&#8217;Ando.<\/p>\n<p>Pour citer Ando: &#8220;Notre imagination peut cro\u00eetre \u00e0 l&#8217;infini, \u00e9laborer des espaces invisibles dans notre esprit &#8211; c&#8217;est l&#8217;\u00e9ternelle histoire de l&#8217;architecture.&#8221;<\/p>\n","protected":false},"excerpt":{"rendered":"<p>Le vocabulaire visuel d&#8217;un architecte Les croquis et dessins qui inspirent Tadao Ando Ce p\u00e9riple incroyablement r\u00e9v\u00e9lateur dans l&#8217;esprit et les souvenirs d&#8217;un des plus grands po\u00e8tes de l&#8217;architecture est racont\u00e9 par la voix-m\u00eame de Tadao Ando. Cet ouvrage, \u00e9minemment personnel, retrace un demi-si\u00e8cle de cr\u00e9ativit\u00e9 prolifique avec plus de 750 croquis, maquettes et dessins [&hellip;]<\/p>\n","protected":false},"featured_media":56042,"template":"","meta":[],"product_cat":[7364,2948],"product_tag":[],"acf":[],"yoast_head":"<!-- This site is optimized with the Yoast SEO plugin v20.11 - https:\/\/yoast.com\/wordpress\/plugins\/seo\/ -->\n<title>Tadao Ando: Sketches, Drawings, and Architecture - Librairie 7L<\/title>\n<meta name=\"robots\" content=\"index, follow, max-snippet:-1, max-image-preview:large, max-video-preview:-1\" \/>\n<link rel=\"canonical\" href=\"https:\/\/librairie7l.com\/en\/produit\/tadao-ando-sketches-drawings-and-architecture-2\/\" \/>\n<meta property=\"og:locale\" content=\"en_US\" \/>\n<meta property=\"og:type\" content=\"article\" \/>\n<meta property=\"og:title\" content=\"Tadao Ando: Sketches, Drawings, and Architecture - Librairie 7L\" \/>\n<meta property=\"og:description\" content=\"Le vocabulaire visuel d&#8217;un architecte Les croquis et dessins qui inspirent Tadao Ando Ce p\u00e9riple incroyablement r\u00e9v\u00e9lateur dans l&#8217;esprit et les souvenirs d&#8217;un des plus grands po\u00e8tes de l&#8217;architecture est racont\u00e9 par la voix-m\u00eame de Tadao Ando. Cet ouvrage, \u00e9minemment personnel, retrace un demi-si\u00e8cle de cr\u00e9ativit\u00e9 prolifique avec plus de 750 croquis, maquettes et dessins [&hellip;]\" \/>\n<meta property=\"og:url\" content=\"https:\/\/librairie7l.com\/en\/produit\/tadao-ando-sketches-drawings-and-architecture-2\/\" \/>\n<meta property=\"og:site_name\" content=\"Librairie 7L\" \/>\n<meta property=\"article:modified_time\" content=\"2026-04-29T10:02:36+00:00\" \/>\n<meta property=\"og:image\" content=\"https:\/\/librairie7l.com\/wp-content\/uploads\/2025\/09\/9783836586016_1_75.jpg\" \/>\n\t<meta property=\"og:image:width\" content=\"681\" \/>\n\t<meta property=\"og:image:height\" content=\"600\" \/>\n\t<meta property=\"og:image:type\" content=\"image\/jpeg\" \/>\n<meta name=\"twitter:card\" content=\"summary_large_image\" \/>\n<meta name=\"twitter:label1\" content=\"Est. reading time\" \/>\n\t<meta name=\"twitter:data1\" content=\"2 minutes\" \/>\n<script type=\"application\/ld+json\" class=\"yoast-schema-graph\">{\"@context\":\"https:\/\/schema.org\",\"@graph\":[{\"@type\":\"WebPage\",\"@id\":\"https:\/\/librairie7l.com\/en\/produit\/tadao-ando-sketches-drawings-and-architecture-2\/\",\"url\":\"https:\/\/librairie7l.com\/en\/produit\/tadao-ando-sketches-drawings-and-architecture-2\/\",\"name\":\"Tadao Ando: Sketches, Drawings, and Architecture - Librairie 7L\",\"isPartOf\":{\"@id\":\"https:\/\/librairie7l.com\/en\/#website\"},\"datePublished\":\"2026-03-29T13:28:36+00:00\",\"dateModified\":\"2026-04-29T10:02:36+00:00\",\"breadcrumb\":{\"@id\":\"https:\/\/librairie7l.com\/en\/produit\/tadao-ando-sketches-drawings-and-architecture-2\/#breadcrumb\"},\"inLanguage\":\"en-US\",\"potentialAction\":[{\"@type\":\"ReadAction\",\"target\":[\"https:\/\/librairie7l.com\/en\/produit\/tadao-ando-sketches-drawings-and-architecture-2\/\"]}]},{\"@type\":\"BreadcrumbList\",\"@id\":\"https:\/\/librairie7l.com\/en\/produit\/tadao-ando-sketches-drawings-and-architecture-2\/#breadcrumb\",\"itemListElement\":[{\"@type\":\"ListItem\",\"position\":1,\"name\":\"Accueil\",\"item\":\"https:\/\/librairie7l.com\/en\/\"},{\"@type\":\"ListItem\",\"position\":2,\"name\":\"Shop\",\"item\":\"https:\/\/librairie7l.com\/en\/shop\/\"},{\"@type\":\"ListItem\",\"position\":3,\"name\":\"TADAO ANDO: SKETCHES, DRAWINGS, AND ARCHITECTURE\"}]},{\"@type\":\"WebSite\",\"@id\":\"https:\/\/librairie7l.com\/en\/#website\",\"url\":\"https:\/\/librairie7l.com\/en\/\",\"name\":\"Librairie 7L\",\"description\":\"Librairie fond\u00e9e en 1999 par Karl Lagerfeld \u00e0 Paris\",\"publisher\":{\"@id\":\"https:\/\/librairie7l.com\/en\/#organization\"},\"potentialAction\":[{\"@type\":\"SearchAction\",\"target\":{\"@type\":\"EntryPoint\",\"urlTemplate\":\"https:\/\/librairie7l.com\/en\/?s={search_term_string}\"},\"query-input\":\"required name=search_term_string\"}],\"inLanguage\":\"en-US\"},{\"@type\":\"Organization\",\"@id\":\"https:\/\/librairie7l.com\/en\/#organization\",\"name\":\"Librairie 7L\",\"url\":\"https:\/\/librairie7l.com\/en\/\",\"logo\":{\"@type\":\"ImageObject\",\"inLanguage\":\"en-US\",\"@id\":\"https:\/\/librairie7l.com\/en\/#\/schema\/logo\/image\/\",\"url\":\"https:\/\/librairie7l.com\/wp-content\/uploads\/2022\/08\/logo-1.png\",\"contentUrl\":\"https:\/\/librairie7l.com\/wp-content\/uploads\/2022\/08\/logo-1.png\",\"width\":227,\"height\":301,\"caption\":\"Librairie 7L\"},\"image\":{\"@id\":\"https:\/\/librairie7l.com\/en\/#\/schema\/logo\/image\/\"}}]}<\/script>\n<!-- \/ Yoast SEO plugin. -->","yoast_head_json":{"title":"Tadao Ando: Sketches, Drawings, and Architecture - Librairie 7L","robots":{"index":"index","follow":"follow","max-snippet":"max-snippet:-1","max-image-preview":"max-image-preview:large","max-video-preview":"max-video-preview:-1"},"canonical":"https:\/\/librairie7l.com\/en\/produit\/tadao-ando-sketches-drawings-and-architecture-2\/","og_locale":"en_US","og_type":"article","og_title":"Tadao Ando: Sketches, Drawings, and Architecture - Librairie 7L","og_description":"Le vocabulaire visuel d&#8217;un architecte Les croquis et dessins qui inspirent Tadao Ando Ce p\u00e9riple incroyablement r\u00e9v\u00e9lateur dans l&#8217;esprit et les souvenirs d&#8217;un des plus grands po\u00e8tes de l&#8217;architecture est racont\u00e9 par la voix-m\u00eame de Tadao Ando. Cet ouvrage, \u00e9minemment personnel, retrace un demi-si\u00e8cle de cr\u00e9ativit\u00e9 prolifique avec plus de 750 croquis, maquettes et dessins [&hellip;]","og_url":"https:\/\/librairie7l.com\/en\/produit\/tadao-ando-sketches-drawings-and-architecture-2\/","og_site_name":"Librairie 7L","article_modified_time":"2026-04-29T10:02:36+00:00","og_image":[{"width":681,"height":600,"url":"https:\/\/librairie7l.com\/wp-content\/uploads\/2025\/09\/9783836586016_1_75.jpg","type":"image\/jpeg"}],"twitter_card":"summary_large_image","twitter_misc":{"Est. reading time":"2 minutes"},"schema":{"@context":"https:\/\/schema.org","@graph":[{"@type":"WebPage","@id":"https:\/\/librairie7l.com\/en\/produit\/tadao-ando-sketches-drawings-and-architecture-2\/","url":"https:\/\/librairie7l.com\/en\/produit\/tadao-ando-sketches-drawings-and-architecture-2\/","name":"Tadao Ando: Sketches, Drawings, and Architecture - Librairie 7L","isPartOf":{"@id":"https:\/\/librairie7l.com\/en\/#website"},"datePublished":"2026-03-29T13:28:36+00:00","dateModified":"2026-04-29T10:02:36+00:00","breadcrumb":{"@id":"https:\/\/librairie7l.com\/en\/produit\/tadao-ando-sketches-drawings-and-architecture-2\/#breadcrumb"},"inLanguage":"en-US","potentialAction":[{"@type":"ReadAction","target":["https:\/\/librairie7l.com\/en\/produit\/tadao-ando-sketches-drawings-and-architecture-2\/"]}]},{"@type":"BreadcrumbList","@id":"https:\/\/librairie7l.com\/en\/produit\/tadao-ando-sketches-drawings-and-architecture-2\/#breadcrumb","itemListElement":[{"@type":"ListItem","position":1,"name":"Accueil","item":"https:\/\/librairie7l.com\/en\/"},{"@type":"ListItem","position":2,"name":"Shop","item":"https:\/\/librairie7l.com\/en\/shop\/"},{"@type":"ListItem","position":3,"name":"TADAO ANDO: SKETCHES, DRAWINGS, AND ARCHITECTURE"}]},{"@type":"WebSite","@id":"https:\/\/librairie7l.com\/en\/#website","url":"https:\/\/librairie7l.com\/en\/","name":"Librairie 7L","description":"Librairie fond\u00e9e en 1999 par Karl Lagerfeld \u00e0 Paris","publisher":{"@id":"https:\/\/librairie7l.com\/en\/#organization"},"potentialAction":[{"@type":"SearchAction","target":{"@type":"EntryPoint","urlTemplate":"https:\/\/librairie7l.com\/en\/?s={search_term_string}"},"query-input":"required name=search_term_string"}],"inLanguage":"en-US"},{"@type":"Organization","@id":"https:\/\/librairie7l.com\/en\/#organization","name":"Librairie 7L","url":"https:\/\/librairie7l.com\/en\/","logo":{"@type":"ImageObject","inLanguage":"en-US","@id":"https:\/\/librairie7l.com\/en\/#\/schema\/logo\/image\/","url":"https:\/\/librairie7l.com\/wp-content\/uploads\/2022\/08\/logo-1.png","contentUrl":"https:\/\/librairie7l.com\/wp-content\/uploads\/2022\/08\/logo-1.png","width":227,"height":301,"caption":"Librairie 7L"},"image":{"@id":"https:\/\/librairie7l.com\/en\/#\/schema\/logo\/image\/"}}]}},"_links":{"self":[{"href":"https:\/\/librairie7l.com\/en\/wp-json\/wp\/v2\/product\/56044"}],"collection":[{"href":"https:\/\/librairie7l.com\/en\/wp-json\/wp\/v2\/product"}],"about":[{"href":"https:\/\/librairie7l.com\/en\/wp-json\/wp\/v2\/types\/product"}],"wp:featuredmedia":[{"embeddable":true,"href":"https:\/\/librairie7l.com\/en\/wp-json\/wp\/v2\/media\/56042"}],"wp:attachment":[{"href":"https:\/\/librairie7l.com\/en\/wp-json\/wp\/v2\/media?parent=56044"}],"wp:term":[{"taxonomy":"product_cat","embeddable":true,"href":"https:\/\/librairie7l.com\/en\/wp-json\/wp\/v2\/product_cat?post=56044"},{"taxonomy":"product_tag","embeddable":true,"href":"https:\/\/librairie7l.com\/en\/wp-json\/wp\/v2\/product_tag?post=56044"}],"curies":[{"name":"wp","href":"https:\/\/api.w.org\/{rel}","templated":true}]}}