{"id":56069,"date":"2026-04-01T10:16:23","date_gmt":"2026-04-01T08:16:23","guid":{"rendered":"https:\/\/librairie7l.com\/?post_type=product&#038;p=56069"},"modified":"2026-05-01T01:16:58","modified_gmt":"2026-04-30T23:16:58","slug":"francois-morellet-100-pour-100-2","status":"publish","type":"product","link":"https:\/\/librairie7l.com\/en\/produit\/francois-morellet-100-pour-100-2\/","title":{"rendered":"FRAN\u00c7OIS MORELLET : 100 POUR 100"},"content":{"rendered":"<p>Inaugurant le centenaire de la naissance de Fran\u00e7ois Morellet (1926-2016), le Centre Pompidou-Metz pr\u00e9sente une r\u00e9trospective en 100 oeuvres allant de 1941 \u00e0 2016, la plus compl\u00e8te jamais r\u00e9alis\u00e9e \u00e0 ce jour.<br \/>\nMorellet a ceci de singulier qu&#8217;il est tout \u00e0 la fois le principal repr\u00e9sentant fran\u00e7ais de l&#8217;abstraction g\u00e9om\u00e9trique et celui qui a le plus d\u00e9cisivement contribu\u00e9 \u00e0 d\u00e9stabiliser celle-ci. Cette r\u00e9trospective majeure explore, au fil des oeuvres choisies, l&#8217;ambivalence entre d\u00e9raison et raison, entre l&#8217;h\u00e9ritage de Francis Picabia et celui de Piet Mondrian que l&#8217;artiste se plaisait \u00e0 invoquer. <\/p>\n","protected":false},"excerpt":{"rendered":"<p>Inaugurant le centenaire de la naissance de Fran\u00e7ois Morellet (1926-2016), le Centre Pompidou-Metz pr\u00e9sente une r\u00e9trospective en 100 oeuvres allant de 1941 \u00e0 2016, la plus compl\u00e8te jamais r\u00e9alis\u00e9e \u00e0 ce jour. Morellet a ceci de singulier qu&#8217;il est tout \u00e0 la fois le principal repr\u00e9sentant fran\u00e7ais de l&#8217;abstraction g\u00e9om\u00e9trique et celui qui a le [&hellip;]<\/p>\n","protected":false},"featured_media":56067,"template":"","meta":[],"product_cat":[2948],"product_tag":[],"acf":[],"yoast_head":"<!-- This site is optimized with the Yoast SEO plugin v20.11 - https:\/\/yoast.com\/wordpress\/plugins\/seo\/ -->\n<title>Fran\u00e7ois Morellet : 100 pour 100 - Librairie 7L<\/title>\n<meta name=\"robots\" content=\"index, follow, max-snippet:-1, max-image-preview:large, max-video-preview:-1\" \/>\n<link rel=\"canonical\" href=\"https:\/\/librairie7l.com\/en\/produit\/francois-morellet-100-pour-100-2\/\" \/>\n<meta property=\"og:locale\" content=\"en_US\" \/>\n<meta property=\"og:type\" content=\"article\" \/>\n<meta property=\"og:title\" content=\"Fran\u00e7ois Morellet : 100 pour 100 - Librairie 7L\" \/>\n<meta property=\"og:description\" content=\"Inaugurant le centenaire de la naissance de Fran\u00e7ois Morellet (1926-2016), le Centre Pompidou-Metz pr\u00e9sente une r\u00e9trospective en 100 oeuvres allant de 1941 \u00e0 2016, la plus compl\u00e8te jamais r\u00e9alis\u00e9e \u00e0 ce jour. Morellet a ceci de singulier qu&#8217;il est tout \u00e0 la fois le principal repr\u00e9sentant fran\u00e7ais de l&#8217;abstraction g\u00e9om\u00e9trique et celui qui a le [&hellip;]\" \/>\n<meta property=\"og:url\" content=\"https:\/\/librairie7l.com\/en\/produit\/francois-morellet-100-pour-100-2\/\" \/>\n<meta property=\"og:site_name\" content=\"Librairie 7L\" \/>\n<meta property=\"article:modified_time\" content=\"2026-04-30T23:16:58+00:00\" \/>\n<meta property=\"og:image\" content=\"https:\/\/librairie7l.com\/wp-content\/uploads\/2025\/10\/9782359830835_1_75.jpg\" \/>\n\t<meta property=\"og:image:width\" content=\"600\" \/>\n\t<meta property=\"og:image:height\" content=\"829\" \/>\n\t<meta property=\"og:image:type\" content=\"image\/jpeg\" \/>\n<meta name=\"twitter:card\" content=\"summary_large_image\" \/>\n<script type=\"application\/ld+json\" class=\"yoast-schema-graph\">{\"@context\":\"https:\/\/schema.org\",\"@graph\":[{\"@type\":\"WebPage\",\"@id\":\"https:\/\/librairie7l.com\/en\/produit\/francois-morellet-100-pour-100-2\/\",\"url\":\"https:\/\/librairie7l.com\/en\/produit\/francois-morellet-100-pour-100-2\/\",\"name\":\"Fran\u00e7ois Morellet : 100 pour 100 - Librairie 7L\",\"isPartOf\":{\"@id\":\"https:\/\/librairie7l.com\/en\/#website\"},\"datePublished\":\"2026-04-01T08:16:23+00:00\",\"dateModified\":\"2026-04-30T23:16:58+00:00\",\"breadcrumb\":{\"@id\":\"https:\/\/librairie7l.com\/en\/produit\/francois-morellet-100-pour-100-2\/#breadcrumb\"},\"inLanguage\":\"en-US\",\"potentialAction\":[{\"@type\":\"ReadAction\",\"target\":[\"https:\/\/librairie7l.com\/en\/produit\/francois-morellet-100-pour-100-2\/\"]}]},{\"@type\":\"BreadcrumbList\",\"@id\":\"https:\/\/librairie7l.com\/en\/produit\/francois-morellet-100-pour-100-2\/#breadcrumb\",\"itemListElement\":[{\"@type\":\"ListItem\",\"position\":1,\"name\":\"Accueil\",\"item\":\"https:\/\/librairie7l.com\/en\/\"},{\"@type\":\"ListItem\",\"position\":2,\"name\":\"Shop\",\"item\":\"https:\/\/librairie7l.com\/en\/shop\/\"},{\"@type\":\"ListItem\",\"position\":3,\"name\":\"FRAN\u00c7OIS MORELLET : 100 POUR 100\"}]},{\"@type\":\"WebSite\",\"@id\":\"https:\/\/librairie7l.com\/en\/#website\",\"url\":\"https:\/\/librairie7l.com\/en\/\",\"name\":\"Librairie 7L\",\"description\":\"Librairie fond\u00e9e en 1999 par Karl Lagerfeld \u00e0 Paris\",\"publisher\":{\"@id\":\"https:\/\/librairie7l.com\/en\/#organization\"},\"potentialAction\":[{\"@type\":\"SearchAction\",\"target\":{\"@type\":\"EntryPoint\",\"urlTemplate\":\"https:\/\/librairie7l.com\/en\/?s={search_term_string}\"},\"query-input\":\"required name=search_term_string\"}],\"inLanguage\":\"en-US\"},{\"@type\":\"Organization\",\"@id\":\"https:\/\/librairie7l.com\/en\/#organization\",\"name\":\"Librairie 7L\",\"url\":\"https:\/\/librairie7l.com\/en\/\",\"logo\":{\"@type\":\"ImageObject\",\"inLanguage\":\"en-US\",\"@id\":\"https:\/\/librairie7l.com\/en\/#\/schema\/logo\/image\/\",\"url\":\"https:\/\/librairie7l.com\/wp-content\/uploads\/2022\/08\/logo-1.png\",\"contentUrl\":\"https:\/\/librairie7l.com\/wp-content\/uploads\/2022\/08\/logo-1.png\",\"width\":227,\"height\":301,\"caption\":\"Librairie 7L\"},\"image\":{\"@id\":\"https:\/\/librairie7l.com\/en\/#\/schema\/logo\/image\/\"}}]}<\/script>\n<!-- \/ Yoast SEO plugin. -->","yoast_head_json":{"title":"Fran\u00e7ois Morellet : 100 pour 100 - Librairie 7L","robots":{"index":"index","follow":"follow","max-snippet":"max-snippet:-1","max-image-preview":"max-image-preview:large","max-video-preview":"max-video-preview:-1"},"canonical":"https:\/\/librairie7l.com\/en\/produit\/francois-morellet-100-pour-100-2\/","og_locale":"en_US","og_type":"article","og_title":"Fran\u00e7ois Morellet : 100 pour 100 - Librairie 7L","og_description":"Inaugurant le centenaire de la naissance de Fran\u00e7ois Morellet (1926-2016), le Centre Pompidou-Metz pr\u00e9sente une r\u00e9trospective en 100 oeuvres allant de 1941 \u00e0 2016, la plus compl\u00e8te jamais r\u00e9alis\u00e9e \u00e0 ce jour. Morellet a ceci de singulier qu&#8217;il est tout \u00e0 la fois le principal repr\u00e9sentant fran\u00e7ais de l&#8217;abstraction g\u00e9om\u00e9trique et celui qui a le [&hellip;]","og_url":"https:\/\/librairie7l.com\/en\/produit\/francois-morellet-100-pour-100-2\/","og_site_name":"Librairie 7L","article_modified_time":"2026-04-30T23:16:58+00:00","og_image":[{"width":600,"height":829,"url":"https:\/\/librairie7l.com\/wp-content\/uploads\/2025\/10\/9782359830835_1_75.jpg","type":"image\/jpeg"}],"twitter_card":"summary_large_image","schema":{"@context":"https:\/\/schema.org","@graph":[{"@type":"WebPage","@id":"https:\/\/librairie7l.com\/en\/produit\/francois-morellet-100-pour-100-2\/","url":"https:\/\/librairie7l.com\/en\/produit\/francois-morellet-100-pour-100-2\/","name":"Fran\u00e7ois Morellet : 100 pour 100 - Librairie 7L","isPartOf":{"@id":"https:\/\/librairie7l.com\/en\/#website"},"datePublished":"2026-04-01T08:16:23+00:00","dateModified":"2026-04-30T23:16:58+00:00","breadcrumb":{"@id":"https:\/\/librairie7l.com\/en\/produit\/francois-morellet-100-pour-100-2\/#breadcrumb"},"inLanguage":"en-US","potentialAction":[{"@type":"ReadAction","target":["https:\/\/librairie7l.com\/en\/produit\/francois-morellet-100-pour-100-2\/"]}]},{"@type":"BreadcrumbList","@id":"https:\/\/librairie7l.com\/en\/produit\/francois-morellet-100-pour-100-2\/#breadcrumb","itemListElement":[{"@type":"ListItem","position":1,"name":"Accueil","item":"https:\/\/librairie7l.com\/en\/"},{"@type":"ListItem","position":2,"name":"Shop","item":"https:\/\/librairie7l.com\/en\/shop\/"},{"@type":"ListItem","position":3,"name":"FRAN\u00c7OIS MORELLET : 100 POUR 100"}]},{"@type":"WebSite","@id":"https:\/\/librairie7l.com\/en\/#website","url":"https:\/\/librairie7l.com\/en\/","name":"Librairie 7L","description":"Librairie fond\u00e9e en 1999 par Karl Lagerfeld \u00e0 Paris","publisher":{"@id":"https:\/\/librairie7l.com\/en\/#organization"},"potentialAction":[{"@type":"SearchAction","target":{"@type":"EntryPoint","urlTemplate":"https:\/\/librairie7l.com\/en\/?s={search_term_string}"},"query-input":"required name=search_term_string"}],"inLanguage":"en-US"},{"@type":"Organization","@id":"https:\/\/librairie7l.com\/en\/#organization","name":"Librairie 7L","url":"https:\/\/librairie7l.com\/en\/","logo":{"@type":"ImageObject","inLanguage":"en-US","@id":"https:\/\/librairie7l.com\/en\/#\/schema\/logo\/image\/","url":"https:\/\/librairie7l.com\/wp-content\/uploads\/2022\/08\/logo-1.png","contentUrl":"https:\/\/librairie7l.com\/wp-content\/uploads\/2022\/08\/logo-1.png","width":227,"height":301,"caption":"Librairie 7L"},"image":{"@id":"https:\/\/librairie7l.com\/en\/#\/schema\/logo\/image\/"}}]}},"_links":{"self":[{"href":"https:\/\/librairie7l.com\/en\/wp-json\/wp\/v2\/product\/56069"}],"collection":[{"href":"https:\/\/librairie7l.com\/en\/wp-json\/wp\/v2\/product"}],"about":[{"href":"https:\/\/librairie7l.com\/en\/wp-json\/wp\/v2\/types\/product"}],"wp:featuredmedia":[{"embeddable":true,"href":"https:\/\/librairie7l.com\/en\/wp-json\/wp\/v2\/media\/56067"}],"wp:attachment":[{"href":"https:\/\/librairie7l.com\/en\/wp-json\/wp\/v2\/media?parent=56069"}],"wp:term":[{"taxonomy":"product_cat","embeddable":true,"href":"https:\/\/librairie7l.com\/en\/wp-json\/wp\/v2\/product_cat?post=56069"},{"taxonomy":"product_tag","embeddable":true,"href":"https:\/\/librairie7l.com\/en\/wp-json\/wp\/v2\/product_tag?post=56069"}],"curies":[{"name":"wp","href":"https:\/\/api.w.org\/{rel}","templated":true}]}}