{"id":56097,"date":"2026-04-02T10:16:20","date_gmt":"2026-04-02T08:16:20","guid":{"rendered":"https:\/\/librairie7l.com\/?post_type=product&#038;p=56097"},"modified":"2026-05-01T01:16:13","modified_gmt":"2026-04-30T23:16:13","slug":"jardins-potagers-2","status":"publish","type":"product","link":"https:\/\/librairie7l.com\/en\/produit\/jardins-potagers-2\/","title":{"rendered":"JARDINS POTAGERS"},"content":{"rendered":"<p>Jardins potagers rend hommage \u00e0 la longue et riche histoire de ces jardins productifs. Ce panorama de plus de 50 potagers du monde entier propose de d\u00e9couvrir des jardins traditionnels, des domaines histo\u00adriques et des fermes urbaines modernes sur les toits. Dans cet ouvrage class\u00e9 g\u00e9ographiquement, chaque jardin est pr\u00e9sent\u00e9 par des textes et des l\u00e9gendes d\u00e9taillant sa cr\u00e9ation, son histoire et ses caract\u00e9ristiques, et mettant l&#8217;accent sur l&#8217;importance du climat et des conditions locales dans toutes les r\u00e9gions du monde. Les jardins du ch\u00e2teau de Villandry et l&#8217;Oak Spring Garden de Bunny Mellon aux \u00c9tats-Unis c\u00f4toient des jardins partag\u00e9s comme le Prinzessinengarten \u00e0 Berlin ou les cr\u00e9ations contemporaines de Patrice Taravella, Arne Maynard, Charles Stick et d&#8217;autres brillants paysagistes. \u00c9crit par Toby Musgrave, historien des jardins, et superbement illustr\u00e9, ce livre est une source pr\u00e9cieuse d&#8217;inspiration pour tous ceux qui souhaitent am\u00e9liorer ou cr\u00e9er leur propre potager.<\/p>\n","protected":false},"excerpt":{"rendered":"<p>Jardins potagers rend hommage \u00e0 la longue et riche histoire de ces jardins productifs. Ce panorama de plus de 50 potagers du monde entier propose de d\u00e9couvrir des jardins traditionnels, des domaines histo\u00adriques et des fermes urbaines modernes sur les toits. Dans cet ouvrage class\u00e9 g\u00e9ographiquement, chaque jardin est pr\u00e9sent\u00e9 par des textes et des [&hellip;]<\/p>\n","protected":false},"featured_media":56095,"template":"","meta":[],"product_cat":[2948],"product_tag":[],"acf":[],"yoast_head":"<!-- This site is optimized with the Yoast SEO plugin v20.11 - https:\/\/yoast.com\/wordpress\/plugins\/seo\/ -->\n<title>Jardins Potagers - Librairie 7L<\/title>\n<meta name=\"robots\" content=\"index, follow, max-snippet:-1, max-image-preview:large, max-video-preview:-1\" \/>\n<link rel=\"canonical\" href=\"https:\/\/librairie7l.com\/en\/produit\/jardins-potagers-2\/\" \/>\n<meta property=\"og:locale\" content=\"en_US\" \/>\n<meta property=\"og:type\" content=\"article\" \/>\n<meta property=\"og:title\" content=\"Jardins Potagers - Librairie 7L\" \/>\n<meta property=\"og:description\" content=\"Jardins potagers rend hommage \u00e0 la longue et riche histoire de ces jardins productifs. Ce panorama de plus de 50 potagers du monde entier propose de d\u00e9couvrir des jardins traditionnels, des domaines histo\u00adriques et des fermes urbaines modernes sur les toits. Dans cet ouvrage class\u00e9 g\u00e9ographiquement, chaque jardin est pr\u00e9sent\u00e9 par des textes et des [&hellip;]\" \/>\n<meta property=\"og:url\" content=\"https:\/\/librairie7l.com\/en\/produit\/jardins-potagers-2\/\" \/>\n<meta property=\"og:site_name\" content=\"Librairie 7L\" \/>\n<meta property=\"article:modified_time\" content=\"2026-04-30T23:16:13+00:00\" \/>\n<meta property=\"og:image\" content=\"https:\/\/librairie7l.com\/wp-content\/uploads\/2025\/11\/9781837291823_1_75.jpg\" \/>\n\t<meta property=\"og:image:width\" content=\"600\" \/>\n\t<meta property=\"og:image:height\" content=\"781\" \/>\n\t<meta property=\"og:image:type\" content=\"image\/jpeg\" \/>\n<meta name=\"twitter:card\" content=\"summary_large_image\" \/>\n<meta name=\"twitter:label1\" content=\"Est. reading time\" \/>\n\t<meta name=\"twitter:data1\" content=\"1 minute\" \/>\n<script type=\"application\/ld+json\" class=\"yoast-schema-graph\">{\"@context\":\"https:\/\/schema.org\",\"@graph\":[{\"@type\":\"WebPage\",\"@id\":\"https:\/\/librairie7l.com\/en\/produit\/jardins-potagers-2\/\",\"url\":\"https:\/\/librairie7l.com\/en\/produit\/jardins-potagers-2\/\",\"name\":\"Jardins Potagers - Librairie 7L\",\"isPartOf\":{\"@id\":\"https:\/\/librairie7l.com\/en\/#website\"},\"datePublished\":\"2026-04-02T08:16:20+00:00\",\"dateModified\":\"2026-04-30T23:16:13+00:00\",\"breadcrumb\":{\"@id\":\"https:\/\/librairie7l.com\/en\/produit\/jardins-potagers-2\/#breadcrumb\"},\"inLanguage\":\"en-US\",\"potentialAction\":[{\"@type\":\"ReadAction\",\"target\":[\"https:\/\/librairie7l.com\/en\/produit\/jardins-potagers-2\/\"]}]},{\"@type\":\"BreadcrumbList\",\"@id\":\"https:\/\/librairie7l.com\/en\/produit\/jardins-potagers-2\/#breadcrumb\",\"itemListElement\":[{\"@type\":\"ListItem\",\"position\":1,\"name\":\"Accueil\",\"item\":\"https:\/\/librairie7l.com\/en\/\"},{\"@type\":\"ListItem\",\"position\":2,\"name\":\"Shop\",\"item\":\"https:\/\/librairie7l.com\/en\/shop\/\"},{\"@type\":\"ListItem\",\"position\":3,\"name\":\"JARDINS POTAGERS\"}]},{\"@type\":\"WebSite\",\"@id\":\"https:\/\/librairie7l.com\/en\/#website\",\"url\":\"https:\/\/librairie7l.com\/en\/\",\"name\":\"Librairie 7L\",\"description\":\"Librairie fond\u00e9e en 1999 par Karl Lagerfeld \u00e0 Paris\",\"publisher\":{\"@id\":\"https:\/\/librairie7l.com\/en\/#organization\"},\"potentialAction\":[{\"@type\":\"SearchAction\",\"target\":{\"@type\":\"EntryPoint\",\"urlTemplate\":\"https:\/\/librairie7l.com\/en\/?s={search_term_string}\"},\"query-input\":\"required name=search_term_string\"}],\"inLanguage\":\"en-US\"},{\"@type\":\"Organization\",\"@id\":\"https:\/\/librairie7l.com\/en\/#organization\",\"name\":\"Librairie 7L\",\"url\":\"https:\/\/librairie7l.com\/en\/\",\"logo\":{\"@type\":\"ImageObject\",\"inLanguage\":\"en-US\",\"@id\":\"https:\/\/librairie7l.com\/en\/#\/schema\/logo\/image\/\",\"url\":\"https:\/\/librairie7l.com\/wp-content\/uploads\/2022\/08\/logo-1.png\",\"contentUrl\":\"https:\/\/librairie7l.com\/wp-content\/uploads\/2022\/08\/logo-1.png\",\"width\":227,\"height\":301,\"caption\":\"Librairie 7L\"},\"image\":{\"@id\":\"https:\/\/librairie7l.com\/en\/#\/schema\/logo\/image\/\"}}]}<\/script>\n<!-- \/ Yoast SEO plugin. -->","yoast_head_json":{"title":"Jardins Potagers - Librairie 7L","robots":{"index":"index","follow":"follow","max-snippet":"max-snippet:-1","max-image-preview":"max-image-preview:large","max-video-preview":"max-video-preview:-1"},"canonical":"https:\/\/librairie7l.com\/en\/produit\/jardins-potagers-2\/","og_locale":"en_US","og_type":"article","og_title":"Jardins Potagers - Librairie 7L","og_description":"Jardins potagers rend hommage \u00e0 la longue et riche histoire de ces jardins productifs. Ce panorama de plus de 50 potagers du monde entier propose de d\u00e9couvrir des jardins traditionnels, des domaines histo\u00adriques et des fermes urbaines modernes sur les toits. Dans cet ouvrage class\u00e9 g\u00e9ographiquement, chaque jardin est pr\u00e9sent\u00e9 par des textes et des [&hellip;]","og_url":"https:\/\/librairie7l.com\/en\/produit\/jardins-potagers-2\/","og_site_name":"Librairie 7L","article_modified_time":"2026-04-30T23:16:13+00:00","og_image":[{"width":600,"height":781,"url":"https:\/\/librairie7l.com\/wp-content\/uploads\/2025\/11\/9781837291823_1_75.jpg","type":"image\/jpeg"}],"twitter_card":"summary_large_image","twitter_misc":{"Est. reading time":"1 minute"},"schema":{"@context":"https:\/\/schema.org","@graph":[{"@type":"WebPage","@id":"https:\/\/librairie7l.com\/en\/produit\/jardins-potagers-2\/","url":"https:\/\/librairie7l.com\/en\/produit\/jardins-potagers-2\/","name":"Jardins Potagers - Librairie 7L","isPartOf":{"@id":"https:\/\/librairie7l.com\/en\/#website"},"datePublished":"2026-04-02T08:16:20+00:00","dateModified":"2026-04-30T23:16:13+00:00","breadcrumb":{"@id":"https:\/\/librairie7l.com\/en\/produit\/jardins-potagers-2\/#breadcrumb"},"inLanguage":"en-US","potentialAction":[{"@type":"ReadAction","target":["https:\/\/librairie7l.com\/en\/produit\/jardins-potagers-2\/"]}]},{"@type":"BreadcrumbList","@id":"https:\/\/librairie7l.com\/en\/produit\/jardins-potagers-2\/#breadcrumb","itemListElement":[{"@type":"ListItem","position":1,"name":"Accueil","item":"https:\/\/librairie7l.com\/en\/"},{"@type":"ListItem","position":2,"name":"Shop","item":"https:\/\/librairie7l.com\/en\/shop\/"},{"@type":"ListItem","position":3,"name":"JARDINS POTAGERS"}]},{"@type":"WebSite","@id":"https:\/\/librairie7l.com\/en\/#website","url":"https:\/\/librairie7l.com\/en\/","name":"Librairie 7L","description":"Librairie fond\u00e9e en 1999 par Karl Lagerfeld \u00e0 Paris","publisher":{"@id":"https:\/\/librairie7l.com\/en\/#organization"},"potentialAction":[{"@type":"SearchAction","target":{"@type":"EntryPoint","urlTemplate":"https:\/\/librairie7l.com\/en\/?s={search_term_string}"},"query-input":"required name=search_term_string"}],"inLanguage":"en-US"},{"@type":"Organization","@id":"https:\/\/librairie7l.com\/en\/#organization","name":"Librairie 7L","url":"https:\/\/librairie7l.com\/en\/","logo":{"@type":"ImageObject","inLanguage":"en-US","@id":"https:\/\/librairie7l.com\/en\/#\/schema\/logo\/image\/","url":"https:\/\/librairie7l.com\/wp-content\/uploads\/2022\/08\/logo-1.png","contentUrl":"https:\/\/librairie7l.com\/wp-content\/uploads\/2022\/08\/logo-1.png","width":227,"height":301,"caption":"Librairie 7L"},"image":{"@id":"https:\/\/librairie7l.com\/en\/#\/schema\/logo\/image\/"}}]}},"_links":{"self":[{"href":"https:\/\/librairie7l.com\/en\/wp-json\/wp\/v2\/product\/56097"}],"collection":[{"href":"https:\/\/librairie7l.com\/en\/wp-json\/wp\/v2\/product"}],"about":[{"href":"https:\/\/librairie7l.com\/en\/wp-json\/wp\/v2\/types\/product"}],"wp:featuredmedia":[{"embeddable":true,"href":"https:\/\/librairie7l.com\/en\/wp-json\/wp\/v2\/media\/56095"}],"wp:attachment":[{"href":"https:\/\/librairie7l.com\/en\/wp-json\/wp\/v2\/media?parent=56097"}],"wp:term":[{"taxonomy":"product_cat","embeddable":true,"href":"https:\/\/librairie7l.com\/en\/wp-json\/wp\/v2\/product_cat?post=56097"},{"taxonomy":"product_tag","embeddable":true,"href":"https:\/\/librairie7l.com\/en\/wp-json\/wp\/v2\/product_tag?post=56097"}],"curies":[{"name":"wp","href":"https:\/\/api.w.org\/{rel}","templated":true}]}}