{"id":56101,"date":"2026-04-02T10:16:24","date_gmt":"2026-04-02T08:16:24","guid":{"rendered":"https:\/\/librairie7l.com\/?post_type=product&#038;p=56101"},"modified":"2026-05-01T01:15:08","modified_gmt":"2026-04-30T23:15:08","slug":"maisons-dete-2","status":"publish","type":"product","link":"https:\/\/librairie7l.com\/en\/produit\/maisons-dete-2\/","title":{"rendered":"MAISONS D&#8217;\u00c9T\u00c9"},"content":{"rendered":"<p>Maisons d&#8217;\u00e9t\u00e9 rassemble cinquante r\u00e9sidences extraordinaires qui donnent tout son sens au concept d&#8217;\u00e9vasion. Chalet au coeur de la for\u00eat, havre de paix en bord de mer ou encore cabane perch\u00e9e dans la jungle, chacune de ces maisons invite \u00e0 changer de lieu, de rythme et de perspective. Pr\u00e9sentant les r\u00e9alisations d&#8217;architectes parmi les plus dou\u00e9s du monde, cette s\u00e9lection de propri\u00e9t\u00e9s hors norme c\u00e9l\u00e8bre une architecture soucieuse de son environnement, les mat\u00e9riaux de qualit\u00e9 et la beaut\u00e9 d&#8217;une vie simple. Exp\u00e9rimentales ou minimalistes, ces r\u00e9sidences estivales proposent un autre mode de vie au sein de paysages pr\u00e9serv\u00e9s, en harmonie avec la nature.<\/p>\n","protected":false},"excerpt":{"rendered":"<p>Maisons d&#8217;\u00e9t\u00e9 rassemble cinquante r\u00e9sidences extraordinaires qui donnent tout son sens au concept d&#8217;\u00e9vasion. Chalet au coeur de la for\u00eat, havre de paix en bord de mer ou encore cabane perch\u00e9e dans la jungle, chacune de ces maisons invite \u00e0 changer de lieu, de rythme et de perspective. Pr\u00e9sentant les r\u00e9alisations d&#8217;architectes parmi les plus [&hellip;]<\/p>\n","protected":false},"featured_media":56099,"template":"","meta":[],"product_cat":[2948],"product_tag":[],"acf":[],"yoast_head":"<!-- This site is optimized with the Yoast SEO plugin v20.11 - https:\/\/yoast.com\/wordpress\/plugins\/seo\/ -->\n<title>Maisons d&#039;\u00e9t\u00e9 - Librairie 7L<\/title>\n<meta name=\"robots\" content=\"index, follow, max-snippet:-1, max-image-preview:large, max-video-preview:-1\" \/>\n<link rel=\"canonical\" href=\"https:\/\/librairie7l.com\/en\/produit\/maisons-dete-2\/\" \/>\n<meta property=\"og:locale\" content=\"en_US\" \/>\n<meta property=\"og:type\" content=\"article\" \/>\n<meta property=\"og:title\" content=\"Maisons d&#039;\u00e9t\u00e9 - Librairie 7L\" \/>\n<meta property=\"og:description\" content=\"Maisons d&#8217;\u00e9t\u00e9 rassemble cinquante r\u00e9sidences extraordinaires qui donnent tout son sens au concept d&#8217;\u00e9vasion. Chalet au coeur de la for\u00eat, havre de paix en bord de mer ou encore cabane perch\u00e9e dans la jungle, chacune de ces maisons invite \u00e0 changer de lieu, de rythme et de perspective. Pr\u00e9sentant les r\u00e9alisations d&#8217;architectes parmi les plus [&hellip;]\" \/>\n<meta property=\"og:url\" content=\"https:\/\/librairie7l.com\/en\/produit\/maisons-dete-2\/\" \/>\n<meta property=\"og:site_name\" content=\"Librairie 7L\" \/>\n<meta property=\"article:modified_time\" content=\"2026-04-30T23:15:08+00:00\" \/>\n<meta property=\"og:image\" content=\"https:\/\/librairie7l.com\/wp-content\/uploads\/2025\/11\/9781837291601_1_75.jpg\" \/>\n\t<meta property=\"og:image:width\" content=\"600\" \/>\n\t<meta property=\"og:image:height\" content=\"695\" \/>\n\t<meta property=\"og:image:type\" content=\"image\/jpeg\" \/>\n<meta name=\"twitter:card\" content=\"summary_large_image\" \/>\n<meta name=\"twitter:label1\" content=\"Est. reading time\" \/>\n\t<meta name=\"twitter:data1\" content=\"1 minute\" \/>\n<script type=\"application\/ld+json\" class=\"yoast-schema-graph\">{\"@context\":\"https:\/\/schema.org\",\"@graph\":[{\"@type\":\"WebPage\",\"@id\":\"https:\/\/librairie7l.com\/en\/produit\/maisons-dete-2\/\",\"url\":\"https:\/\/librairie7l.com\/en\/produit\/maisons-dete-2\/\",\"name\":\"Maisons d'\u00e9t\u00e9 - Librairie 7L\",\"isPartOf\":{\"@id\":\"https:\/\/librairie7l.com\/en\/#website\"},\"datePublished\":\"2026-04-02T08:16:24+00:00\",\"dateModified\":\"2026-04-30T23:15:08+00:00\",\"breadcrumb\":{\"@id\":\"https:\/\/librairie7l.com\/en\/produit\/maisons-dete-2\/#breadcrumb\"},\"inLanguage\":\"en-US\",\"potentialAction\":[{\"@type\":\"ReadAction\",\"target\":[\"https:\/\/librairie7l.com\/en\/produit\/maisons-dete-2\/\"]}]},{\"@type\":\"BreadcrumbList\",\"@id\":\"https:\/\/librairie7l.com\/en\/produit\/maisons-dete-2\/#breadcrumb\",\"itemListElement\":[{\"@type\":\"ListItem\",\"position\":1,\"name\":\"Accueil\",\"item\":\"https:\/\/librairie7l.com\/en\/\"},{\"@type\":\"ListItem\",\"position\":2,\"name\":\"Shop\",\"item\":\"https:\/\/librairie7l.com\/en\/shop\/\"},{\"@type\":\"ListItem\",\"position\":3,\"name\":\"MAISONS D&#8217;\u00c9T\u00c9\"}]},{\"@type\":\"WebSite\",\"@id\":\"https:\/\/librairie7l.com\/en\/#website\",\"url\":\"https:\/\/librairie7l.com\/en\/\",\"name\":\"Librairie 7L\",\"description\":\"Librairie fond\u00e9e en 1999 par Karl Lagerfeld \u00e0 Paris\",\"publisher\":{\"@id\":\"https:\/\/librairie7l.com\/en\/#organization\"},\"potentialAction\":[{\"@type\":\"SearchAction\",\"target\":{\"@type\":\"EntryPoint\",\"urlTemplate\":\"https:\/\/librairie7l.com\/en\/?s={search_term_string}\"},\"query-input\":\"required name=search_term_string\"}],\"inLanguage\":\"en-US\"},{\"@type\":\"Organization\",\"@id\":\"https:\/\/librairie7l.com\/en\/#organization\",\"name\":\"Librairie 7L\",\"url\":\"https:\/\/librairie7l.com\/en\/\",\"logo\":{\"@type\":\"ImageObject\",\"inLanguage\":\"en-US\",\"@id\":\"https:\/\/librairie7l.com\/en\/#\/schema\/logo\/image\/\",\"url\":\"https:\/\/librairie7l.com\/wp-content\/uploads\/2022\/08\/logo-1.png\",\"contentUrl\":\"https:\/\/librairie7l.com\/wp-content\/uploads\/2022\/08\/logo-1.png\",\"width\":227,\"height\":301,\"caption\":\"Librairie 7L\"},\"image\":{\"@id\":\"https:\/\/librairie7l.com\/en\/#\/schema\/logo\/image\/\"}}]}<\/script>\n<!-- \/ Yoast SEO plugin. -->","yoast_head_json":{"title":"Maisons d'\u00e9t\u00e9 - Librairie 7L","robots":{"index":"index","follow":"follow","max-snippet":"max-snippet:-1","max-image-preview":"max-image-preview:large","max-video-preview":"max-video-preview:-1"},"canonical":"https:\/\/librairie7l.com\/en\/produit\/maisons-dete-2\/","og_locale":"en_US","og_type":"article","og_title":"Maisons d'\u00e9t\u00e9 - Librairie 7L","og_description":"Maisons d&#8217;\u00e9t\u00e9 rassemble cinquante r\u00e9sidences extraordinaires qui donnent tout son sens au concept d&#8217;\u00e9vasion. Chalet au coeur de la for\u00eat, havre de paix en bord de mer ou encore cabane perch\u00e9e dans la jungle, chacune de ces maisons invite \u00e0 changer de lieu, de rythme et de perspective. Pr\u00e9sentant les r\u00e9alisations d&#8217;architectes parmi les plus [&hellip;]","og_url":"https:\/\/librairie7l.com\/en\/produit\/maisons-dete-2\/","og_site_name":"Librairie 7L","article_modified_time":"2026-04-30T23:15:08+00:00","og_image":[{"width":600,"height":695,"url":"https:\/\/librairie7l.com\/wp-content\/uploads\/2025\/11\/9781837291601_1_75.jpg","type":"image\/jpeg"}],"twitter_card":"summary_large_image","twitter_misc":{"Est. reading time":"1 minute"},"schema":{"@context":"https:\/\/schema.org","@graph":[{"@type":"WebPage","@id":"https:\/\/librairie7l.com\/en\/produit\/maisons-dete-2\/","url":"https:\/\/librairie7l.com\/en\/produit\/maisons-dete-2\/","name":"Maisons d'\u00e9t\u00e9 - Librairie 7L","isPartOf":{"@id":"https:\/\/librairie7l.com\/en\/#website"},"datePublished":"2026-04-02T08:16:24+00:00","dateModified":"2026-04-30T23:15:08+00:00","breadcrumb":{"@id":"https:\/\/librairie7l.com\/en\/produit\/maisons-dete-2\/#breadcrumb"},"inLanguage":"en-US","potentialAction":[{"@type":"ReadAction","target":["https:\/\/librairie7l.com\/en\/produit\/maisons-dete-2\/"]}]},{"@type":"BreadcrumbList","@id":"https:\/\/librairie7l.com\/en\/produit\/maisons-dete-2\/#breadcrumb","itemListElement":[{"@type":"ListItem","position":1,"name":"Accueil","item":"https:\/\/librairie7l.com\/en\/"},{"@type":"ListItem","position":2,"name":"Shop","item":"https:\/\/librairie7l.com\/en\/shop\/"},{"@type":"ListItem","position":3,"name":"MAISONS D&#8217;\u00c9T\u00c9"}]},{"@type":"WebSite","@id":"https:\/\/librairie7l.com\/en\/#website","url":"https:\/\/librairie7l.com\/en\/","name":"Librairie 7L","description":"Librairie fond\u00e9e en 1999 par Karl Lagerfeld \u00e0 Paris","publisher":{"@id":"https:\/\/librairie7l.com\/en\/#organization"},"potentialAction":[{"@type":"SearchAction","target":{"@type":"EntryPoint","urlTemplate":"https:\/\/librairie7l.com\/en\/?s={search_term_string}"},"query-input":"required name=search_term_string"}],"inLanguage":"en-US"},{"@type":"Organization","@id":"https:\/\/librairie7l.com\/en\/#organization","name":"Librairie 7L","url":"https:\/\/librairie7l.com\/en\/","logo":{"@type":"ImageObject","inLanguage":"en-US","@id":"https:\/\/librairie7l.com\/en\/#\/schema\/logo\/image\/","url":"https:\/\/librairie7l.com\/wp-content\/uploads\/2022\/08\/logo-1.png","contentUrl":"https:\/\/librairie7l.com\/wp-content\/uploads\/2022\/08\/logo-1.png","width":227,"height":301,"caption":"Librairie 7L"},"image":{"@id":"https:\/\/librairie7l.com\/en\/#\/schema\/logo\/image\/"}}]}},"_links":{"self":[{"href":"https:\/\/librairie7l.com\/en\/wp-json\/wp\/v2\/product\/56101"}],"collection":[{"href":"https:\/\/librairie7l.com\/en\/wp-json\/wp\/v2\/product"}],"about":[{"href":"https:\/\/librairie7l.com\/en\/wp-json\/wp\/v2\/types\/product"}],"wp:featuredmedia":[{"embeddable":true,"href":"https:\/\/librairie7l.com\/en\/wp-json\/wp\/v2\/media\/56099"}],"wp:attachment":[{"href":"https:\/\/librairie7l.com\/en\/wp-json\/wp\/v2\/media?parent=56101"}],"wp:term":[{"taxonomy":"product_cat","embeddable":true,"href":"https:\/\/librairie7l.com\/en\/wp-json\/wp\/v2\/product_cat?post=56101"},{"taxonomy":"product_tag","embeddable":true,"href":"https:\/\/librairie7l.com\/en\/wp-json\/wp\/v2\/product_tag?post=56101"}],"curies":[{"name":"wp","href":"https:\/\/api.w.org\/{rel}","templated":true}]}}