{"id":56109,"date":"2026-04-02T10:16:29","date_gmt":"2026-04-02T08:16:29","guid":{"rendered":"https:\/\/librairie7l.com\/?post_type=product&#038;p=56109"},"modified":"2026-05-01T00:40:17","modified_gmt":"2026-04-30T22:40:17","slug":"dorures-a-versailles-gilding-at-versailles-2","status":"publish","type":"product","link":"https:\/\/librairie7l.com\/en\/produit\/dorures-a-versailles-gilding-at-versailles-2\/","title":{"rendered":"DORURES \u00c0 VERSAILLES \/ GILDING AT VERSAILLES"},"content":{"rendered":"<p>Ce livre technique tr\u00e8s illustr\u00e9 transporte le lecteur dans les coulisses et la vie de l&#8217;atelier de restauration du ch\u00e2teau de Versailles et lui fait d\u00e9couvrir les savoir-faire du m\u00e9tier de doreur.<br \/>\n&#8211; Apr\u00e8s quelques r\u00e9flexions sur la mani\u00e8re d&#8217;exercer leur profession au ch\u00e2teau de Versailles, les auteurs passent en revue les produits et outils utilis\u00e9s. Pour ne rien laisser dans l&#8217;ombre, ils n&#8217;h\u00e9sitent pas \u00e0 faire des incursions chez le dernier batteur d&#8217;or de France (la maison Dauvet, active depuis 1764) ou chez un fabricant d&#8217;outils de doreurs (les fers \u00e0 r\u00e9parer de la maison Da Silva).<br \/>\n&#8211; Les techniques de dorure sont ensuite longuement d\u00e9crites, et d&#8217;innombrables photographies montrent les gestes et proc\u00e9d\u00e9s utilis\u00e9s par les professionnels. La dorure \u00e0 la d\u00e9trempe (dite aussi dorure \u00e0 l&#8217;eau ou dorure \u00e0 l&#8217;assiette), la plus belle car susceptible d&#8217;un brillant incomparable, est d\u00e9taill\u00e9e dans ses 18 \u00e9tapes. La dorure \u00e0 la mixtion (ou dorure \u00e0 l&#8217;huile), qui est \u00e0 Versailles surtout utilis\u00e9e en ext\u00e9rieur, est ensuite expliqu\u00e9e. Les jeux de fonds et les autres techniques de dorure (\u00e0 la grecque, sur papier, sur pl\u00e2tre, sur verre, avec feuilles adh\u00e9rentes) sont \u00e9galement expos\u00e9s.<br \/>\n&#8211; Une vingtaine de chefs-d&#8217;oeuvre du ch\u00e2teau de Versailles ayant \u00e9t\u00e9 restaur\u00e9s par l&#8217;atelier de dorure sont ensuite examin\u00e9s. Chaque intervention est alors d\u00e9crite en d\u00e9tail, photographies \u00e0 l&#8217;appui.<br \/>\nCe livre richement illustr\u00e9 n&#8217;est pas un simple titre sur la dorure sur bois, mais bien un ouvrage de r\u00e9f\u00e9rence sur toutes les techniques du m\u00e9tier de doreur.<\/p>\n","protected":false},"excerpt":{"rendered":"<p>Ce livre technique tr\u00e8s illustr\u00e9 transporte le lecteur dans les coulisses et la vie de l&#8217;atelier de restauration du ch\u00e2teau de Versailles et lui fait d\u00e9couvrir les savoir-faire du m\u00e9tier de doreur. &#8211; Apr\u00e8s quelques r\u00e9flexions sur la mani\u00e8re d&#8217;exercer leur profession au ch\u00e2teau de Versailles, les auteurs passent en revue les produits et outils [&hellip;]<\/p>\n","protected":false},"featured_media":56107,"template":"","meta":[],"product_cat":[2948],"product_tag":[],"acf":[],"yoast_head":"<!-- This site is optimized with the Yoast SEO plugin v20.11 - https:\/\/yoast.com\/wordpress\/plugins\/seo\/ -->\n<title>Dorures \u00e0 Versailles \/ Gilding at Versailles - Librairie 7L<\/title>\n<meta name=\"robots\" content=\"index, follow, max-snippet:-1, max-image-preview:large, max-video-preview:-1\" \/>\n<link rel=\"canonical\" href=\"https:\/\/librairie7l.com\/en\/produit\/dorures-a-versailles-gilding-at-versailles-2\/\" \/>\n<meta property=\"og:locale\" content=\"en_US\" \/>\n<meta property=\"og:type\" content=\"article\" \/>\n<meta property=\"og:title\" content=\"Dorures \u00e0 Versailles \/ Gilding at Versailles - Librairie 7L\" \/>\n<meta property=\"og:description\" content=\"Ce livre technique tr\u00e8s illustr\u00e9 transporte le lecteur dans les coulisses et la vie de l&#8217;atelier de restauration du ch\u00e2teau de Versailles et lui fait d\u00e9couvrir les savoir-faire du m\u00e9tier de doreur. &#8211; Apr\u00e8s quelques r\u00e9flexions sur la mani\u00e8re d&#8217;exercer leur profession au ch\u00e2teau de Versailles, les auteurs passent en revue les produits et outils [&hellip;]\" \/>\n<meta property=\"og:url\" content=\"https:\/\/librairie7l.com\/en\/produit\/dorures-a-versailles-gilding-at-versailles-2\/\" \/>\n<meta property=\"og:site_name\" content=\"Librairie 7L\" \/>\n<meta property=\"article:modified_time\" content=\"2026-04-30T22:40:17+00:00\" \/>\n<meta property=\"og:image\" content=\"https:\/\/librairie7l.com\/wp-content\/uploads\/2021\/01\/9782851012487_1_75.jpg\" \/>\n\t<meta property=\"og:image:width\" content=\"600\" \/>\n\t<meta property=\"og:image:height\" content=\"782\" \/>\n\t<meta property=\"og:image:type\" content=\"image\/jpeg\" \/>\n<meta name=\"twitter:card\" content=\"summary_large_image\" \/>\n<meta name=\"twitter:label1\" content=\"Est. reading time\" \/>\n\t<meta name=\"twitter:data1\" content=\"1 minute\" \/>\n<script type=\"application\/ld+json\" class=\"yoast-schema-graph\">{\"@context\":\"https:\/\/schema.org\",\"@graph\":[{\"@type\":\"WebPage\",\"@id\":\"https:\/\/librairie7l.com\/en\/produit\/dorures-a-versailles-gilding-at-versailles-2\/\",\"url\":\"https:\/\/librairie7l.com\/en\/produit\/dorures-a-versailles-gilding-at-versailles-2\/\",\"name\":\"Dorures \u00e0 Versailles \/ Gilding at Versailles - Librairie 7L\",\"isPartOf\":{\"@id\":\"https:\/\/librairie7l.com\/en\/#website\"},\"datePublished\":\"2026-04-02T08:16:29+00:00\",\"dateModified\":\"2026-04-30T22:40:17+00:00\",\"breadcrumb\":{\"@id\":\"https:\/\/librairie7l.com\/en\/produit\/dorures-a-versailles-gilding-at-versailles-2\/#breadcrumb\"},\"inLanguage\":\"en-US\",\"potentialAction\":[{\"@type\":\"ReadAction\",\"target\":[\"https:\/\/librairie7l.com\/en\/produit\/dorures-a-versailles-gilding-at-versailles-2\/\"]}]},{\"@type\":\"BreadcrumbList\",\"@id\":\"https:\/\/librairie7l.com\/en\/produit\/dorures-a-versailles-gilding-at-versailles-2\/#breadcrumb\",\"itemListElement\":[{\"@type\":\"ListItem\",\"position\":1,\"name\":\"Accueil\",\"item\":\"https:\/\/librairie7l.com\/en\/\"},{\"@type\":\"ListItem\",\"position\":2,\"name\":\"Shop\",\"item\":\"https:\/\/librairie7l.com\/en\/shop\/\"},{\"@type\":\"ListItem\",\"position\":3,\"name\":\"DORURES \u00c0 VERSAILLES \/ GILDING AT VERSAILLES\"}]},{\"@type\":\"WebSite\",\"@id\":\"https:\/\/librairie7l.com\/en\/#website\",\"url\":\"https:\/\/librairie7l.com\/en\/\",\"name\":\"Librairie 7L\",\"description\":\"Librairie fond\u00e9e en 1999 par Karl Lagerfeld \u00e0 Paris\",\"publisher\":{\"@id\":\"https:\/\/librairie7l.com\/en\/#organization\"},\"potentialAction\":[{\"@type\":\"SearchAction\",\"target\":{\"@type\":\"EntryPoint\",\"urlTemplate\":\"https:\/\/librairie7l.com\/en\/?s={search_term_string}\"},\"query-input\":\"required name=search_term_string\"}],\"inLanguage\":\"en-US\"},{\"@type\":\"Organization\",\"@id\":\"https:\/\/librairie7l.com\/en\/#organization\",\"name\":\"Librairie 7L\",\"url\":\"https:\/\/librairie7l.com\/en\/\",\"logo\":{\"@type\":\"ImageObject\",\"inLanguage\":\"en-US\",\"@id\":\"https:\/\/librairie7l.com\/en\/#\/schema\/logo\/image\/\",\"url\":\"https:\/\/librairie7l.com\/wp-content\/uploads\/2022\/08\/logo-1.png\",\"contentUrl\":\"https:\/\/librairie7l.com\/wp-content\/uploads\/2022\/08\/logo-1.png\",\"width\":227,\"height\":301,\"caption\":\"Librairie 7L\"},\"image\":{\"@id\":\"https:\/\/librairie7l.com\/en\/#\/schema\/logo\/image\/\"}}]}<\/script>\n<!-- \/ Yoast SEO plugin. -->","yoast_head_json":{"title":"Dorures \u00e0 Versailles \/ Gilding at Versailles - Librairie 7L","robots":{"index":"index","follow":"follow","max-snippet":"max-snippet:-1","max-image-preview":"max-image-preview:large","max-video-preview":"max-video-preview:-1"},"canonical":"https:\/\/librairie7l.com\/en\/produit\/dorures-a-versailles-gilding-at-versailles-2\/","og_locale":"en_US","og_type":"article","og_title":"Dorures \u00e0 Versailles \/ Gilding at Versailles - Librairie 7L","og_description":"Ce livre technique tr\u00e8s illustr\u00e9 transporte le lecteur dans les coulisses et la vie de l&#8217;atelier de restauration du ch\u00e2teau de Versailles et lui fait d\u00e9couvrir les savoir-faire du m\u00e9tier de doreur. &#8211; Apr\u00e8s quelques r\u00e9flexions sur la mani\u00e8re d&#8217;exercer leur profession au ch\u00e2teau de Versailles, les auteurs passent en revue les produits et outils [&hellip;]","og_url":"https:\/\/librairie7l.com\/en\/produit\/dorures-a-versailles-gilding-at-versailles-2\/","og_site_name":"Librairie 7L","article_modified_time":"2026-04-30T22:40:17+00:00","og_image":[{"width":600,"height":782,"url":"https:\/\/librairie7l.com\/wp-content\/uploads\/2021\/01\/9782851012487_1_75.jpg","type":"image\/jpeg"}],"twitter_card":"summary_large_image","twitter_misc":{"Est. reading time":"1 minute"},"schema":{"@context":"https:\/\/schema.org","@graph":[{"@type":"WebPage","@id":"https:\/\/librairie7l.com\/en\/produit\/dorures-a-versailles-gilding-at-versailles-2\/","url":"https:\/\/librairie7l.com\/en\/produit\/dorures-a-versailles-gilding-at-versailles-2\/","name":"Dorures \u00e0 Versailles \/ Gilding at Versailles - Librairie 7L","isPartOf":{"@id":"https:\/\/librairie7l.com\/en\/#website"},"datePublished":"2026-04-02T08:16:29+00:00","dateModified":"2026-04-30T22:40:17+00:00","breadcrumb":{"@id":"https:\/\/librairie7l.com\/en\/produit\/dorures-a-versailles-gilding-at-versailles-2\/#breadcrumb"},"inLanguage":"en-US","potentialAction":[{"@type":"ReadAction","target":["https:\/\/librairie7l.com\/en\/produit\/dorures-a-versailles-gilding-at-versailles-2\/"]}]},{"@type":"BreadcrumbList","@id":"https:\/\/librairie7l.com\/en\/produit\/dorures-a-versailles-gilding-at-versailles-2\/#breadcrumb","itemListElement":[{"@type":"ListItem","position":1,"name":"Accueil","item":"https:\/\/librairie7l.com\/en\/"},{"@type":"ListItem","position":2,"name":"Shop","item":"https:\/\/librairie7l.com\/en\/shop\/"},{"@type":"ListItem","position":3,"name":"DORURES \u00c0 VERSAILLES \/ GILDING AT VERSAILLES"}]},{"@type":"WebSite","@id":"https:\/\/librairie7l.com\/en\/#website","url":"https:\/\/librairie7l.com\/en\/","name":"Librairie 7L","description":"Librairie fond\u00e9e en 1999 par Karl Lagerfeld \u00e0 Paris","publisher":{"@id":"https:\/\/librairie7l.com\/en\/#organization"},"potentialAction":[{"@type":"SearchAction","target":{"@type":"EntryPoint","urlTemplate":"https:\/\/librairie7l.com\/en\/?s={search_term_string}"},"query-input":"required name=search_term_string"}],"inLanguage":"en-US"},{"@type":"Organization","@id":"https:\/\/librairie7l.com\/en\/#organization","name":"Librairie 7L","url":"https:\/\/librairie7l.com\/en\/","logo":{"@type":"ImageObject","inLanguage":"en-US","@id":"https:\/\/librairie7l.com\/en\/#\/schema\/logo\/image\/","url":"https:\/\/librairie7l.com\/wp-content\/uploads\/2022\/08\/logo-1.png","contentUrl":"https:\/\/librairie7l.com\/wp-content\/uploads\/2022\/08\/logo-1.png","width":227,"height":301,"caption":"Librairie 7L"},"image":{"@id":"https:\/\/librairie7l.com\/en\/#\/schema\/logo\/image\/"}}]}},"_links":{"self":[{"href":"https:\/\/librairie7l.com\/en\/wp-json\/wp\/v2\/product\/56109"}],"collection":[{"href":"https:\/\/librairie7l.com\/en\/wp-json\/wp\/v2\/product"}],"about":[{"href":"https:\/\/librairie7l.com\/en\/wp-json\/wp\/v2\/types\/product"}],"wp:featuredmedia":[{"embeddable":true,"href":"https:\/\/librairie7l.com\/en\/wp-json\/wp\/v2\/media\/56107"}],"wp:attachment":[{"href":"https:\/\/librairie7l.com\/en\/wp-json\/wp\/v2\/media?parent=56109"}],"wp:term":[{"taxonomy":"product_cat","embeddable":true,"href":"https:\/\/librairie7l.com\/en\/wp-json\/wp\/v2\/product_cat?post=56109"},{"taxonomy":"product_tag","embeddable":true,"href":"https:\/\/librairie7l.com\/en\/wp-json\/wp\/v2\/product_tag?post=56109"}],"curies":[{"name":"wp","href":"https:\/\/api.w.org\/{rel}","templated":true}]}}