{"id":56113,"date":"2026-04-02T10:16:32","date_gmt":"2026-04-02T08:16:32","guid":{"rendered":"https:\/\/librairie7l.com\/?post_type=product&#038;p=56113"},"modified":"2026-05-01T00:40:17","modified_gmt":"2026-04-30T22:40:17","slug":"la-redoute-un-temps-davance-mode-design-publicite-2","status":"publish","type":"product","link":"https:\/\/librairie7l.com\/en\/produit\/la-redoute-un-temps-davance-mode-design-publicite-2\/","title":{"rendered":"LA REDOUTE, UN TEMPS D&#8217;AVANCE : MODE, DESIGN, PUBLICIT\u00c9"},"content":{"rendered":"<p>Depuis 1837, l&#8217;ann\u00e9e de sa naissance \u00e0 Roubaix, La Redoute s&#8217;est affirm\u00e9e comme le miroir du go\u00fbt des Fran\u00e7ais, suivant pas \u00e0 pas l&#8217;\u00e9volution de leurs moeurs et les r\u00e9volutions silencieuses qui ont accompagn\u00e9 la soci\u00e9t\u00e9, en particulier en ce qui concerne la place et les aspirations des femmes.<br \/>\nSes catalogues, imprim\u00e9s \u00e0 plusieurs millions d&#8217;exemplaires ont fait na\u00eetre de nouveaux modes de consommation. Ils ont \u00e9t\u00e9 le support de nombreuses collaborations, avec de grandes agences publicitaires &#8211; Wunderman International, RSCG, Nomad, Marcel et Carr\u00e9 Noir -, des photographes de renom &#8211; Jean-Baptiste Mondino, Jean-Marie P\u00e9rier, Bettina Rheims ou Dominique Issermann. Tous ont particip\u00e9 au rayonnement de l&#8217;enseigne et \u00e0 l&#8217;essor de la vente par correspondance, offrant au plus grand nombre l&#8217;acc\u00e8s aux derni\u00e8res tendances.<br \/>\nLa Redoute a \u00e9galement marqu\u00e9 les esprits dans les domaines de la mode, du design et de la maison, gr\u00e2ce aux collaborations avec des couturiers et cr\u00e9ateurs de pr\u00eat-\u00e0-porter prestigieux, comme Emmanuelle Khanh (d\u00e8s 1969), Azzedine Ala\u00efa, Yves Saint Laurent, Jean Paul Gaultier, Jacquemus et des designers mondialement reconnus, comme Jean-Michel Wilmotte, Philippe Starck, Tom Dixon ou encore Sam Baron.<\/p>\n","protected":false},"excerpt":{"rendered":"<p>Depuis 1837, l&#8217;ann\u00e9e de sa naissance \u00e0 Roubaix, La Redoute s&#8217;est affirm\u00e9e comme le miroir du go\u00fbt des Fran\u00e7ais, suivant pas \u00e0 pas l&#8217;\u00e9volution de leurs moeurs et les r\u00e9volutions silencieuses qui ont accompagn\u00e9 la soci\u00e9t\u00e9, en particulier en ce qui concerne la place et les aspirations des femmes. Ses catalogues, imprim\u00e9s \u00e0 plusieurs millions [&hellip;]<\/p>\n","protected":false},"featured_media":56111,"template":"","meta":[],"product_cat":[2948],"product_tag":[],"acf":[],"yoast_head":"<!-- This site is optimized with the Yoast SEO plugin v20.11 - https:\/\/yoast.com\/wordpress\/plugins\/seo\/ -->\n<title>La Redoute, un temps d&#039;avance : Mode, design, publicit\u00e9 - Librairie 7L<\/title>\n<meta name=\"robots\" content=\"index, follow, max-snippet:-1, max-image-preview:large, max-video-preview:-1\" \/>\n<link rel=\"canonical\" href=\"https:\/\/librairie7l.com\/en\/produit\/la-redoute-un-temps-davance-mode-design-publicite-2\/\" \/>\n<meta property=\"og:locale\" content=\"en_US\" \/>\n<meta property=\"og:type\" content=\"article\" \/>\n<meta property=\"og:title\" content=\"La Redoute, un temps d&#039;avance : Mode, design, publicit\u00e9 - Librairie 7L\" \/>\n<meta property=\"og:description\" content=\"Depuis 1837, l&#8217;ann\u00e9e de sa naissance \u00e0 Roubaix, La Redoute s&#8217;est affirm\u00e9e comme le miroir du go\u00fbt des Fran\u00e7ais, suivant pas \u00e0 pas l&#8217;\u00e9volution de leurs moeurs et les r\u00e9volutions silencieuses qui ont accompagn\u00e9 la soci\u00e9t\u00e9, en particulier en ce qui concerne la place et les aspirations des femmes. Ses catalogues, imprim\u00e9s \u00e0 plusieurs millions [&hellip;]\" \/>\n<meta property=\"og:url\" content=\"https:\/\/librairie7l.com\/en\/produit\/la-redoute-un-temps-davance-mode-design-publicite-2\/\" \/>\n<meta property=\"og:site_name\" content=\"Librairie 7L\" \/>\n<meta property=\"article:modified_time\" content=\"2026-04-30T22:40:17+00:00\" \/>\n<meta property=\"og:image\" content=\"https:\/\/librairie7l.com\/wp-content\/uploads\/2025\/10\/9782376661160_1_75.jpg\" \/>\n\t<meta property=\"og:image:width\" content=\"600\" \/>\n\t<meta property=\"og:image:height\" content=\"729\" \/>\n\t<meta property=\"og:image:type\" content=\"image\/jpeg\" \/>\n<meta name=\"twitter:card\" content=\"summary_large_image\" \/>\n<meta name=\"twitter:label1\" content=\"Est. reading time\" \/>\n\t<meta name=\"twitter:data1\" content=\"1 minute\" \/>\n<script type=\"application\/ld+json\" class=\"yoast-schema-graph\">{\"@context\":\"https:\/\/schema.org\",\"@graph\":[{\"@type\":\"WebPage\",\"@id\":\"https:\/\/librairie7l.com\/en\/produit\/la-redoute-un-temps-davance-mode-design-publicite-2\/\",\"url\":\"https:\/\/librairie7l.com\/en\/produit\/la-redoute-un-temps-davance-mode-design-publicite-2\/\",\"name\":\"La Redoute, un temps d'avance : Mode, design, publicit\u00e9 - Librairie 7L\",\"isPartOf\":{\"@id\":\"https:\/\/librairie7l.com\/en\/#website\"},\"datePublished\":\"2026-04-02T08:16:32+00:00\",\"dateModified\":\"2026-04-30T22:40:17+00:00\",\"breadcrumb\":{\"@id\":\"https:\/\/librairie7l.com\/en\/produit\/la-redoute-un-temps-davance-mode-design-publicite-2\/#breadcrumb\"},\"inLanguage\":\"en-US\",\"potentialAction\":[{\"@type\":\"ReadAction\",\"target\":[\"https:\/\/librairie7l.com\/en\/produit\/la-redoute-un-temps-davance-mode-design-publicite-2\/\"]}]},{\"@type\":\"BreadcrumbList\",\"@id\":\"https:\/\/librairie7l.com\/en\/produit\/la-redoute-un-temps-davance-mode-design-publicite-2\/#breadcrumb\",\"itemListElement\":[{\"@type\":\"ListItem\",\"position\":1,\"name\":\"Accueil\",\"item\":\"https:\/\/librairie7l.com\/en\/\"},{\"@type\":\"ListItem\",\"position\":2,\"name\":\"Shop\",\"item\":\"https:\/\/librairie7l.com\/en\/shop\/\"},{\"@type\":\"ListItem\",\"position\":3,\"name\":\"LA REDOUTE, UN TEMPS D&#8217;AVANCE : MODE, DESIGN, PUBLICIT\u00c9\"}]},{\"@type\":\"WebSite\",\"@id\":\"https:\/\/librairie7l.com\/en\/#website\",\"url\":\"https:\/\/librairie7l.com\/en\/\",\"name\":\"Librairie 7L\",\"description\":\"Librairie fond\u00e9e en 1999 par Karl Lagerfeld \u00e0 Paris\",\"publisher\":{\"@id\":\"https:\/\/librairie7l.com\/en\/#organization\"},\"potentialAction\":[{\"@type\":\"SearchAction\",\"target\":{\"@type\":\"EntryPoint\",\"urlTemplate\":\"https:\/\/librairie7l.com\/en\/?s={search_term_string}\"},\"query-input\":\"required name=search_term_string\"}],\"inLanguage\":\"en-US\"},{\"@type\":\"Organization\",\"@id\":\"https:\/\/librairie7l.com\/en\/#organization\",\"name\":\"Librairie 7L\",\"url\":\"https:\/\/librairie7l.com\/en\/\",\"logo\":{\"@type\":\"ImageObject\",\"inLanguage\":\"en-US\",\"@id\":\"https:\/\/librairie7l.com\/en\/#\/schema\/logo\/image\/\",\"url\":\"https:\/\/librairie7l.com\/wp-content\/uploads\/2022\/08\/logo-1.png\",\"contentUrl\":\"https:\/\/librairie7l.com\/wp-content\/uploads\/2022\/08\/logo-1.png\",\"width\":227,\"height\":301,\"caption\":\"Librairie 7L\"},\"image\":{\"@id\":\"https:\/\/librairie7l.com\/en\/#\/schema\/logo\/image\/\"}}]}<\/script>\n<!-- \/ Yoast SEO plugin. -->","yoast_head_json":{"title":"La Redoute, un temps d'avance : Mode, design, publicit\u00e9 - Librairie 7L","robots":{"index":"index","follow":"follow","max-snippet":"max-snippet:-1","max-image-preview":"max-image-preview:large","max-video-preview":"max-video-preview:-1"},"canonical":"https:\/\/librairie7l.com\/en\/produit\/la-redoute-un-temps-davance-mode-design-publicite-2\/","og_locale":"en_US","og_type":"article","og_title":"La Redoute, un temps d'avance : Mode, design, publicit\u00e9 - Librairie 7L","og_description":"Depuis 1837, l&#8217;ann\u00e9e de sa naissance \u00e0 Roubaix, La Redoute s&#8217;est affirm\u00e9e comme le miroir du go\u00fbt des Fran\u00e7ais, suivant pas \u00e0 pas l&#8217;\u00e9volution de leurs moeurs et les r\u00e9volutions silencieuses qui ont accompagn\u00e9 la soci\u00e9t\u00e9, en particulier en ce qui concerne la place et les aspirations des femmes. Ses catalogues, imprim\u00e9s \u00e0 plusieurs millions [&hellip;]","og_url":"https:\/\/librairie7l.com\/en\/produit\/la-redoute-un-temps-davance-mode-design-publicite-2\/","og_site_name":"Librairie 7L","article_modified_time":"2026-04-30T22:40:17+00:00","og_image":[{"width":600,"height":729,"url":"https:\/\/librairie7l.com\/wp-content\/uploads\/2025\/10\/9782376661160_1_75.jpg","type":"image\/jpeg"}],"twitter_card":"summary_large_image","twitter_misc":{"Est. reading time":"1 minute"},"schema":{"@context":"https:\/\/schema.org","@graph":[{"@type":"WebPage","@id":"https:\/\/librairie7l.com\/en\/produit\/la-redoute-un-temps-davance-mode-design-publicite-2\/","url":"https:\/\/librairie7l.com\/en\/produit\/la-redoute-un-temps-davance-mode-design-publicite-2\/","name":"La Redoute, un temps d'avance : Mode, design, publicit\u00e9 - Librairie 7L","isPartOf":{"@id":"https:\/\/librairie7l.com\/en\/#website"},"datePublished":"2026-04-02T08:16:32+00:00","dateModified":"2026-04-30T22:40:17+00:00","breadcrumb":{"@id":"https:\/\/librairie7l.com\/en\/produit\/la-redoute-un-temps-davance-mode-design-publicite-2\/#breadcrumb"},"inLanguage":"en-US","potentialAction":[{"@type":"ReadAction","target":["https:\/\/librairie7l.com\/en\/produit\/la-redoute-un-temps-davance-mode-design-publicite-2\/"]}]},{"@type":"BreadcrumbList","@id":"https:\/\/librairie7l.com\/en\/produit\/la-redoute-un-temps-davance-mode-design-publicite-2\/#breadcrumb","itemListElement":[{"@type":"ListItem","position":1,"name":"Accueil","item":"https:\/\/librairie7l.com\/en\/"},{"@type":"ListItem","position":2,"name":"Shop","item":"https:\/\/librairie7l.com\/en\/shop\/"},{"@type":"ListItem","position":3,"name":"LA REDOUTE, UN TEMPS D&#8217;AVANCE : MODE, DESIGN, PUBLICIT\u00c9"}]},{"@type":"WebSite","@id":"https:\/\/librairie7l.com\/en\/#website","url":"https:\/\/librairie7l.com\/en\/","name":"Librairie 7L","description":"Librairie fond\u00e9e en 1999 par Karl Lagerfeld \u00e0 Paris","publisher":{"@id":"https:\/\/librairie7l.com\/en\/#organization"},"potentialAction":[{"@type":"SearchAction","target":{"@type":"EntryPoint","urlTemplate":"https:\/\/librairie7l.com\/en\/?s={search_term_string}"},"query-input":"required name=search_term_string"}],"inLanguage":"en-US"},{"@type":"Organization","@id":"https:\/\/librairie7l.com\/en\/#organization","name":"Librairie 7L","url":"https:\/\/librairie7l.com\/en\/","logo":{"@type":"ImageObject","inLanguage":"en-US","@id":"https:\/\/librairie7l.com\/en\/#\/schema\/logo\/image\/","url":"https:\/\/librairie7l.com\/wp-content\/uploads\/2022\/08\/logo-1.png","contentUrl":"https:\/\/librairie7l.com\/wp-content\/uploads\/2022\/08\/logo-1.png","width":227,"height":301,"caption":"Librairie 7L"},"image":{"@id":"https:\/\/librairie7l.com\/en\/#\/schema\/logo\/image\/"}}]}},"_links":{"self":[{"href":"https:\/\/librairie7l.com\/en\/wp-json\/wp\/v2\/product\/56113"}],"collection":[{"href":"https:\/\/librairie7l.com\/en\/wp-json\/wp\/v2\/product"}],"about":[{"href":"https:\/\/librairie7l.com\/en\/wp-json\/wp\/v2\/types\/product"}],"wp:featuredmedia":[{"embeddable":true,"href":"https:\/\/librairie7l.com\/en\/wp-json\/wp\/v2\/media\/56111"}],"wp:attachment":[{"href":"https:\/\/librairie7l.com\/en\/wp-json\/wp\/v2\/media?parent=56113"}],"wp:term":[{"taxonomy":"product_cat","embeddable":true,"href":"https:\/\/librairie7l.com\/en\/wp-json\/wp\/v2\/product_cat?post=56113"},{"taxonomy":"product_tag","embeddable":true,"href":"https:\/\/librairie7l.com\/en\/wp-json\/wp\/v2\/product_tag?post=56113"}],"curies":[{"name":"wp","href":"https:\/\/api.w.org\/{rel}","templated":true}]}}