{"id":56121,"date":"2026-04-02T10:16:37","date_gmt":"2026-04-02T08:16:37","guid":{"rendered":"https:\/\/librairie7l.com\/?post_type=product&#038;p=56121"},"modified":"2026-05-01T00:40:20","modified_gmt":"2026-04-30T22:40:20","slug":"rouge-archeologie-dune-couleur-2","status":"publish","type":"product","link":"https:\/\/librairie7l.com\/en\/produit\/rouge-archeologie-dune-couleur-2\/","title":{"rendered":"ROUGE ! ARCH\u00c9OLOGIE D&#8217;UNE COULEUR"},"content":{"rendered":"<p>Depuis l&#8217;aube de l&#8217;humanit\u00e9, les couleurs dominantes ont \u00e9t\u00e9 le noir, le blanc et le rouge. Mais seule cette derni\u00e8re a \u00e9t\u00e9 consid\u00e9r\u00e9e comme telle, les deux premi\u00e8res d\u00e9signant davantage l&#8217;obscurit\u00e9 et la lumi\u00e8re. Les vestiges arch\u00e9ologiques qui nous sont parvenus t\u00e9moignent du fait que le rouge a \u00e9t\u00e9 pendant longtemps la couleur par excellence, pour devenir, aujourd&#8217;hui, plus discr\u00e8te dans notre vie quotidienne.<br \/>\nLa couleur rouge, pr\u00e9sente dans la nature sous diff\u00e9rentes formes, est la premi\u00e8re que l&#8217;homme a produite et d\u00e9clin\u00e9e en de multiples nuances. Ce dernier a toujours cherch\u00e9, fabriqu\u00e9, transform\u00e9 ces mati\u00e8res premi\u00e8res pour obtenir des productions ayant cette teinte intense et vibrante. Les usages et pratiques qui en ont d\u00e9coul\u00e9 ont vari\u00e9 en fonction des \u00e9poques et des civilisations.<br \/>\n\u00c0 travers des exemples \u00e9tudi\u00e9s par d&#8217;\u00e9minents sp\u00e9cialistes (professionnels des mus\u00e9es, chercheurs en sciences humaines et sciences dures, historiens de l&#8217;art et arch\u00e9ologues) d\u00e9couvrons la richesse des usages de cette couleur dans ses dimensions artistiques, symboliques mais aussi physico-chimiques et techniques.<br \/>\nObservons la multitude et la diversit\u00e9 de ces rouges que nous offrent les biens arch\u00e9ologiques et tentons de comprendre l&#8217;empreinte que cette couleur a laiss\u00e9e \u00e0 travers les \u00e2ges.<\/p>\n","protected":false},"excerpt":{"rendered":"<p>Depuis l&#8217;aube de l&#8217;humanit\u00e9, les couleurs dominantes ont \u00e9t\u00e9 le noir, le blanc et le rouge. Mais seule cette derni\u00e8re a \u00e9t\u00e9 consid\u00e9r\u00e9e comme telle, les deux premi\u00e8res d\u00e9signant davantage l&#8217;obscurit\u00e9 et la lumi\u00e8re. Les vestiges arch\u00e9ologiques qui nous sont parvenus t\u00e9moignent du fait que le rouge a \u00e9t\u00e9 pendant longtemps la couleur par excellence, [&hellip;]<\/p>\n","protected":false},"featured_media":56119,"template":"","meta":[],"product_cat":[2948],"product_tag":[],"acf":[],"yoast_head":"<!-- This site is optimized with the Yoast SEO plugin v20.11 - https:\/\/yoast.com\/wordpress\/plugins\/seo\/ -->\n<title>Rouge ! Arch\u00e9ologie d&#039;une couleur - Librairie 7L<\/title>\n<meta name=\"robots\" content=\"index, follow, max-snippet:-1, max-image-preview:large, max-video-preview:-1\" \/>\n<link rel=\"canonical\" href=\"https:\/\/librairie7l.com\/en\/produit\/rouge-archeologie-dune-couleur-2\/\" \/>\n<meta property=\"og:locale\" content=\"en_US\" \/>\n<meta property=\"og:type\" content=\"article\" \/>\n<meta property=\"og:title\" content=\"Rouge ! Arch\u00e9ologie d&#039;une couleur - Librairie 7L\" \/>\n<meta property=\"og:description\" content=\"Depuis l&#8217;aube de l&#8217;humanit\u00e9, les couleurs dominantes ont \u00e9t\u00e9 le noir, le blanc et le rouge. Mais seule cette derni\u00e8re a \u00e9t\u00e9 consid\u00e9r\u00e9e comme telle, les deux premi\u00e8res d\u00e9signant davantage l&#8217;obscurit\u00e9 et la lumi\u00e8re. Les vestiges arch\u00e9ologiques qui nous sont parvenus t\u00e9moignent du fait que le rouge a \u00e9t\u00e9 pendant longtemps la couleur par excellence, [&hellip;]\" \/>\n<meta property=\"og:url\" content=\"https:\/\/librairie7l.com\/en\/produit\/rouge-archeologie-dune-couleur-2\/\" \/>\n<meta property=\"og:site_name\" content=\"Librairie 7L\" \/>\n<meta property=\"article:modified_time\" content=\"2026-04-30T22:40:20+00:00\" \/>\n<meta property=\"og:image\" content=\"https:\/\/librairie7l.com\/wp-content\/uploads\/2025\/12\/9782878444230_1_75.jpg\" \/>\n\t<meta property=\"og:image:width\" content=\"600\" \/>\n\t<meta property=\"og:image:height\" content=\"858\" \/>\n\t<meta property=\"og:image:type\" content=\"image\/jpeg\" \/>\n<meta name=\"twitter:card\" content=\"summary_large_image\" \/>\n<meta name=\"twitter:label1\" content=\"Est. reading time\" \/>\n\t<meta name=\"twitter:data1\" content=\"1 minute\" \/>\n<script type=\"application\/ld+json\" class=\"yoast-schema-graph\">{\"@context\":\"https:\/\/schema.org\",\"@graph\":[{\"@type\":\"WebPage\",\"@id\":\"https:\/\/librairie7l.com\/en\/produit\/rouge-archeologie-dune-couleur-2\/\",\"url\":\"https:\/\/librairie7l.com\/en\/produit\/rouge-archeologie-dune-couleur-2\/\",\"name\":\"Rouge ! Arch\u00e9ologie d'une couleur - Librairie 7L\",\"isPartOf\":{\"@id\":\"https:\/\/librairie7l.com\/en\/#website\"},\"datePublished\":\"2026-04-02T08:16:37+00:00\",\"dateModified\":\"2026-04-30T22:40:20+00:00\",\"breadcrumb\":{\"@id\":\"https:\/\/librairie7l.com\/en\/produit\/rouge-archeologie-dune-couleur-2\/#breadcrumb\"},\"inLanguage\":\"en-US\",\"potentialAction\":[{\"@type\":\"ReadAction\",\"target\":[\"https:\/\/librairie7l.com\/en\/produit\/rouge-archeologie-dune-couleur-2\/\"]}]},{\"@type\":\"BreadcrumbList\",\"@id\":\"https:\/\/librairie7l.com\/en\/produit\/rouge-archeologie-dune-couleur-2\/#breadcrumb\",\"itemListElement\":[{\"@type\":\"ListItem\",\"position\":1,\"name\":\"Accueil\",\"item\":\"https:\/\/librairie7l.com\/en\/\"},{\"@type\":\"ListItem\",\"position\":2,\"name\":\"Shop\",\"item\":\"https:\/\/librairie7l.com\/en\/shop\/\"},{\"@type\":\"ListItem\",\"position\":3,\"name\":\"ROUGE ! ARCH\u00c9OLOGIE D&#8217;UNE COULEUR\"}]},{\"@type\":\"WebSite\",\"@id\":\"https:\/\/librairie7l.com\/en\/#website\",\"url\":\"https:\/\/librairie7l.com\/en\/\",\"name\":\"Librairie 7L\",\"description\":\"Librairie fond\u00e9e en 1999 par Karl Lagerfeld \u00e0 Paris\",\"publisher\":{\"@id\":\"https:\/\/librairie7l.com\/en\/#organization\"},\"potentialAction\":[{\"@type\":\"SearchAction\",\"target\":{\"@type\":\"EntryPoint\",\"urlTemplate\":\"https:\/\/librairie7l.com\/en\/?s={search_term_string}\"},\"query-input\":\"required name=search_term_string\"}],\"inLanguage\":\"en-US\"},{\"@type\":\"Organization\",\"@id\":\"https:\/\/librairie7l.com\/en\/#organization\",\"name\":\"Librairie 7L\",\"url\":\"https:\/\/librairie7l.com\/en\/\",\"logo\":{\"@type\":\"ImageObject\",\"inLanguage\":\"en-US\",\"@id\":\"https:\/\/librairie7l.com\/en\/#\/schema\/logo\/image\/\",\"url\":\"https:\/\/librairie7l.com\/wp-content\/uploads\/2022\/08\/logo-1.png\",\"contentUrl\":\"https:\/\/librairie7l.com\/wp-content\/uploads\/2022\/08\/logo-1.png\",\"width\":227,\"height\":301,\"caption\":\"Librairie 7L\"},\"image\":{\"@id\":\"https:\/\/librairie7l.com\/en\/#\/schema\/logo\/image\/\"}}]}<\/script>\n<!-- \/ Yoast SEO plugin. -->","yoast_head_json":{"title":"Rouge ! Arch\u00e9ologie d'une couleur - Librairie 7L","robots":{"index":"index","follow":"follow","max-snippet":"max-snippet:-1","max-image-preview":"max-image-preview:large","max-video-preview":"max-video-preview:-1"},"canonical":"https:\/\/librairie7l.com\/en\/produit\/rouge-archeologie-dune-couleur-2\/","og_locale":"en_US","og_type":"article","og_title":"Rouge ! Arch\u00e9ologie d'une couleur - Librairie 7L","og_description":"Depuis l&#8217;aube de l&#8217;humanit\u00e9, les couleurs dominantes ont \u00e9t\u00e9 le noir, le blanc et le rouge. Mais seule cette derni\u00e8re a \u00e9t\u00e9 consid\u00e9r\u00e9e comme telle, les deux premi\u00e8res d\u00e9signant davantage l&#8217;obscurit\u00e9 et la lumi\u00e8re. Les vestiges arch\u00e9ologiques qui nous sont parvenus t\u00e9moignent du fait que le rouge a \u00e9t\u00e9 pendant longtemps la couleur par excellence, [&hellip;]","og_url":"https:\/\/librairie7l.com\/en\/produit\/rouge-archeologie-dune-couleur-2\/","og_site_name":"Librairie 7L","article_modified_time":"2026-04-30T22:40:20+00:00","og_image":[{"width":600,"height":858,"url":"https:\/\/librairie7l.com\/wp-content\/uploads\/2025\/12\/9782878444230_1_75.jpg","type":"image\/jpeg"}],"twitter_card":"summary_large_image","twitter_misc":{"Est. reading time":"1 minute"},"schema":{"@context":"https:\/\/schema.org","@graph":[{"@type":"WebPage","@id":"https:\/\/librairie7l.com\/en\/produit\/rouge-archeologie-dune-couleur-2\/","url":"https:\/\/librairie7l.com\/en\/produit\/rouge-archeologie-dune-couleur-2\/","name":"Rouge ! Arch\u00e9ologie d'une couleur - Librairie 7L","isPartOf":{"@id":"https:\/\/librairie7l.com\/en\/#website"},"datePublished":"2026-04-02T08:16:37+00:00","dateModified":"2026-04-30T22:40:20+00:00","breadcrumb":{"@id":"https:\/\/librairie7l.com\/en\/produit\/rouge-archeologie-dune-couleur-2\/#breadcrumb"},"inLanguage":"en-US","potentialAction":[{"@type":"ReadAction","target":["https:\/\/librairie7l.com\/en\/produit\/rouge-archeologie-dune-couleur-2\/"]}]},{"@type":"BreadcrumbList","@id":"https:\/\/librairie7l.com\/en\/produit\/rouge-archeologie-dune-couleur-2\/#breadcrumb","itemListElement":[{"@type":"ListItem","position":1,"name":"Accueil","item":"https:\/\/librairie7l.com\/en\/"},{"@type":"ListItem","position":2,"name":"Shop","item":"https:\/\/librairie7l.com\/en\/shop\/"},{"@type":"ListItem","position":3,"name":"ROUGE ! ARCH\u00c9OLOGIE D&#8217;UNE COULEUR"}]},{"@type":"WebSite","@id":"https:\/\/librairie7l.com\/en\/#website","url":"https:\/\/librairie7l.com\/en\/","name":"Librairie 7L","description":"Librairie fond\u00e9e en 1999 par Karl Lagerfeld \u00e0 Paris","publisher":{"@id":"https:\/\/librairie7l.com\/en\/#organization"},"potentialAction":[{"@type":"SearchAction","target":{"@type":"EntryPoint","urlTemplate":"https:\/\/librairie7l.com\/en\/?s={search_term_string}"},"query-input":"required name=search_term_string"}],"inLanguage":"en-US"},{"@type":"Organization","@id":"https:\/\/librairie7l.com\/en\/#organization","name":"Librairie 7L","url":"https:\/\/librairie7l.com\/en\/","logo":{"@type":"ImageObject","inLanguage":"en-US","@id":"https:\/\/librairie7l.com\/en\/#\/schema\/logo\/image\/","url":"https:\/\/librairie7l.com\/wp-content\/uploads\/2022\/08\/logo-1.png","contentUrl":"https:\/\/librairie7l.com\/wp-content\/uploads\/2022\/08\/logo-1.png","width":227,"height":301,"caption":"Librairie 7L"},"image":{"@id":"https:\/\/librairie7l.com\/en\/#\/schema\/logo\/image\/"}}]}},"_links":{"self":[{"href":"https:\/\/librairie7l.com\/en\/wp-json\/wp\/v2\/product\/56121"}],"collection":[{"href":"https:\/\/librairie7l.com\/en\/wp-json\/wp\/v2\/product"}],"about":[{"href":"https:\/\/librairie7l.com\/en\/wp-json\/wp\/v2\/types\/product"}],"wp:featuredmedia":[{"embeddable":true,"href":"https:\/\/librairie7l.com\/en\/wp-json\/wp\/v2\/media\/56119"}],"wp:attachment":[{"href":"https:\/\/librairie7l.com\/en\/wp-json\/wp\/v2\/media?parent=56121"}],"wp:term":[{"taxonomy":"product_cat","embeddable":true,"href":"https:\/\/librairie7l.com\/en\/wp-json\/wp\/v2\/product_cat?post=56121"},{"taxonomy":"product_tag","embeddable":true,"href":"https:\/\/librairie7l.com\/en\/wp-json\/wp\/v2\/product_tag?post=56121"}],"curies":[{"name":"wp","href":"https:\/\/api.w.org\/{rel}","templated":true}]}}