{"id":56132,"date":"2026-04-03T10:16:19","date_gmt":"2026-04-03T08:16:19","guid":{"rendered":"https:\/\/librairie7l.com\/?post_type=product&#038;p=56132"},"modified":"2026-05-01T00:40:07","modified_gmt":"2026-04-30T22:40:07","slug":"screenplay-book-tome-16-i-saw-the-tv-glow-2","status":"publish","type":"product","link":"https:\/\/librairie7l.com\/en\/produit\/screenplay-book-tome-16-i-saw-the-tv-glow-2\/","title":{"rendered":"SCREENPLAY BOOK TOME 16 : I SAW THE TV GLOW"},"content":{"rendered":"<p>Le seizi\u00e8me volume de la A24 Screenplay Collection comprend une introduction du cin\u00e9aste Atom Egoyan (Chloe, Exotica, De beaux lendemains), des essais de la r\u00e9alisatrice et actrice Eva Victor (Sorry, Baby) et de l&#8217;autrice prim\u00e9e Jeanne Thornton (A\/S\/L), ainsi que des documents in\u00e9dits des coulisses fournis par le r\u00e9alisateur.<\/p>\n","protected":false},"excerpt":{"rendered":"<p>Le seizi\u00e8me volume de la A24 Screenplay Collection comprend une introduction du cin\u00e9aste Atom Egoyan (Chloe, Exotica, De beaux lendemains), des essais de la r\u00e9alisatrice et actrice Eva Victor (Sorry, Baby) et de l&#8217;autrice prim\u00e9e Jeanne Thornton (A\/S\/L), ainsi que des documents in\u00e9dits des coulisses fournis par le r\u00e9alisateur.<\/p>\n","protected":false},"featured_media":0,"template":"","meta":[],"product_cat":[2948],"product_tag":[],"acf":[],"yoast_head":"<!-- This site is optimized with the Yoast SEO plugin v20.11 - https:\/\/yoast.com\/wordpress\/plugins\/seo\/ -->\n<title>Screenplay book Tome 16 : I Saw The Tv Glow - Librairie 7L<\/title>\n<meta name=\"robots\" content=\"index, follow, max-snippet:-1, max-image-preview:large, max-video-preview:-1\" \/>\n<link rel=\"canonical\" href=\"https:\/\/librairie7l.com\/en\/produit\/screenplay-book-tome-16-i-saw-the-tv-glow-2\/\" \/>\n<meta property=\"og:locale\" content=\"en_US\" \/>\n<meta property=\"og:type\" content=\"article\" \/>\n<meta property=\"og:title\" content=\"Screenplay book Tome 16 : I Saw The Tv Glow - Librairie 7L\" \/>\n<meta property=\"og:description\" content=\"Le seizi\u00e8me volume de la A24 Screenplay Collection comprend une introduction du cin\u00e9aste Atom Egoyan (Chloe, Exotica, De beaux lendemains), des essais de la r\u00e9alisatrice et actrice Eva Victor (Sorry, Baby) et de l&#8217;autrice prim\u00e9e Jeanne Thornton (A\/S\/L), ainsi que des documents in\u00e9dits des coulisses fournis par le r\u00e9alisateur.\" \/>\n<meta property=\"og:url\" content=\"https:\/\/librairie7l.com\/en\/produit\/screenplay-book-tome-16-i-saw-the-tv-glow-2\/\" \/>\n<meta property=\"og:site_name\" content=\"Librairie 7L\" \/>\n<meta property=\"article:modified_time\" content=\"2026-04-30T22:40:07+00:00\" \/>\n<meta name=\"twitter:card\" content=\"summary_large_image\" \/>\n<script type=\"application\/ld+json\" class=\"yoast-schema-graph\">{\"@context\":\"https:\/\/schema.org\",\"@graph\":[{\"@type\":\"WebPage\",\"@id\":\"https:\/\/librairie7l.com\/en\/produit\/screenplay-book-tome-16-i-saw-the-tv-glow-2\/\",\"url\":\"https:\/\/librairie7l.com\/en\/produit\/screenplay-book-tome-16-i-saw-the-tv-glow-2\/\",\"name\":\"Screenplay book Tome 16 : I Saw The Tv Glow - Librairie 7L\",\"isPartOf\":{\"@id\":\"https:\/\/librairie7l.com\/en\/#website\"},\"datePublished\":\"2026-04-03T08:16:19+00:00\",\"dateModified\":\"2026-04-30T22:40:07+00:00\",\"breadcrumb\":{\"@id\":\"https:\/\/librairie7l.com\/en\/produit\/screenplay-book-tome-16-i-saw-the-tv-glow-2\/#breadcrumb\"},\"inLanguage\":\"en-US\",\"potentialAction\":[{\"@type\":\"ReadAction\",\"target\":[\"https:\/\/librairie7l.com\/en\/produit\/screenplay-book-tome-16-i-saw-the-tv-glow-2\/\"]}]},{\"@type\":\"BreadcrumbList\",\"@id\":\"https:\/\/librairie7l.com\/en\/produit\/screenplay-book-tome-16-i-saw-the-tv-glow-2\/#breadcrumb\",\"itemListElement\":[{\"@type\":\"ListItem\",\"position\":1,\"name\":\"Accueil\",\"item\":\"https:\/\/librairie7l.com\/en\/\"},{\"@type\":\"ListItem\",\"position\":2,\"name\":\"Shop\",\"item\":\"https:\/\/librairie7l.com\/en\/shop\/\"},{\"@type\":\"ListItem\",\"position\":3,\"name\":\"SCREENPLAY BOOK TOME 16 : I SAW THE TV GLOW\"}]},{\"@type\":\"WebSite\",\"@id\":\"https:\/\/librairie7l.com\/en\/#website\",\"url\":\"https:\/\/librairie7l.com\/en\/\",\"name\":\"Librairie 7L\",\"description\":\"Librairie fond\u00e9e en 1999 par Karl Lagerfeld \u00e0 Paris\",\"publisher\":{\"@id\":\"https:\/\/librairie7l.com\/en\/#organization\"},\"potentialAction\":[{\"@type\":\"SearchAction\",\"target\":{\"@type\":\"EntryPoint\",\"urlTemplate\":\"https:\/\/librairie7l.com\/en\/?s={search_term_string}\"},\"query-input\":\"required name=search_term_string\"}],\"inLanguage\":\"en-US\"},{\"@type\":\"Organization\",\"@id\":\"https:\/\/librairie7l.com\/en\/#organization\",\"name\":\"Librairie 7L\",\"url\":\"https:\/\/librairie7l.com\/en\/\",\"logo\":{\"@type\":\"ImageObject\",\"inLanguage\":\"en-US\",\"@id\":\"https:\/\/librairie7l.com\/en\/#\/schema\/logo\/image\/\",\"url\":\"https:\/\/librairie7l.com\/wp-content\/uploads\/2022\/08\/logo-1.png\",\"contentUrl\":\"https:\/\/librairie7l.com\/wp-content\/uploads\/2022\/08\/logo-1.png\",\"width\":227,\"height\":301,\"caption\":\"Librairie 7L\"},\"image\":{\"@id\":\"https:\/\/librairie7l.com\/en\/#\/schema\/logo\/image\/\"}}]}<\/script>\n<!-- \/ Yoast SEO plugin. -->","yoast_head_json":{"title":"Screenplay book Tome 16 : I Saw The Tv Glow - Librairie 7L","robots":{"index":"index","follow":"follow","max-snippet":"max-snippet:-1","max-image-preview":"max-image-preview:large","max-video-preview":"max-video-preview:-1"},"canonical":"https:\/\/librairie7l.com\/en\/produit\/screenplay-book-tome-16-i-saw-the-tv-glow-2\/","og_locale":"en_US","og_type":"article","og_title":"Screenplay book Tome 16 : I Saw The Tv Glow - Librairie 7L","og_description":"Le seizi\u00e8me volume de la A24 Screenplay Collection comprend une introduction du cin\u00e9aste Atom Egoyan (Chloe, Exotica, De beaux lendemains), des essais de la r\u00e9alisatrice et actrice Eva Victor (Sorry, Baby) et de l&#8217;autrice prim\u00e9e Jeanne Thornton (A\/S\/L), ainsi que des documents in\u00e9dits des coulisses fournis par le r\u00e9alisateur.","og_url":"https:\/\/librairie7l.com\/en\/produit\/screenplay-book-tome-16-i-saw-the-tv-glow-2\/","og_site_name":"Librairie 7L","article_modified_time":"2026-04-30T22:40:07+00:00","twitter_card":"summary_large_image","schema":{"@context":"https:\/\/schema.org","@graph":[{"@type":"WebPage","@id":"https:\/\/librairie7l.com\/en\/produit\/screenplay-book-tome-16-i-saw-the-tv-glow-2\/","url":"https:\/\/librairie7l.com\/en\/produit\/screenplay-book-tome-16-i-saw-the-tv-glow-2\/","name":"Screenplay book Tome 16 : I Saw The Tv Glow - Librairie 7L","isPartOf":{"@id":"https:\/\/librairie7l.com\/en\/#website"},"datePublished":"2026-04-03T08:16:19+00:00","dateModified":"2026-04-30T22:40:07+00:00","breadcrumb":{"@id":"https:\/\/librairie7l.com\/en\/produit\/screenplay-book-tome-16-i-saw-the-tv-glow-2\/#breadcrumb"},"inLanguage":"en-US","potentialAction":[{"@type":"ReadAction","target":["https:\/\/librairie7l.com\/en\/produit\/screenplay-book-tome-16-i-saw-the-tv-glow-2\/"]}]},{"@type":"BreadcrumbList","@id":"https:\/\/librairie7l.com\/en\/produit\/screenplay-book-tome-16-i-saw-the-tv-glow-2\/#breadcrumb","itemListElement":[{"@type":"ListItem","position":1,"name":"Accueil","item":"https:\/\/librairie7l.com\/en\/"},{"@type":"ListItem","position":2,"name":"Shop","item":"https:\/\/librairie7l.com\/en\/shop\/"},{"@type":"ListItem","position":3,"name":"SCREENPLAY BOOK TOME 16 : I SAW THE TV GLOW"}]},{"@type":"WebSite","@id":"https:\/\/librairie7l.com\/en\/#website","url":"https:\/\/librairie7l.com\/en\/","name":"Librairie 7L","description":"Librairie fond\u00e9e en 1999 par Karl Lagerfeld \u00e0 Paris","publisher":{"@id":"https:\/\/librairie7l.com\/en\/#organization"},"potentialAction":[{"@type":"SearchAction","target":{"@type":"EntryPoint","urlTemplate":"https:\/\/librairie7l.com\/en\/?s={search_term_string}"},"query-input":"required name=search_term_string"}],"inLanguage":"en-US"},{"@type":"Organization","@id":"https:\/\/librairie7l.com\/en\/#organization","name":"Librairie 7L","url":"https:\/\/librairie7l.com\/en\/","logo":{"@type":"ImageObject","inLanguage":"en-US","@id":"https:\/\/librairie7l.com\/en\/#\/schema\/logo\/image\/","url":"https:\/\/librairie7l.com\/wp-content\/uploads\/2022\/08\/logo-1.png","contentUrl":"https:\/\/librairie7l.com\/wp-content\/uploads\/2022\/08\/logo-1.png","width":227,"height":301,"caption":"Librairie 7L"},"image":{"@id":"https:\/\/librairie7l.com\/en\/#\/schema\/logo\/image\/"}}]}},"_links":{"self":[{"href":"https:\/\/librairie7l.com\/en\/wp-json\/wp\/v2\/product\/56132"}],"collection":[{"href":"https:\/\/librairie7l.com\/en\/wp-json\/wp\/v2\/product"}],"about":[{"href":"https:\/\/librairie7l.com\/en\/wp-json\/wp\/v2\/types\/product"}],"wp:attachment":[{"href":"https:\/\/librairie7l.com\/en\/wp-json\/wp\/v2\/media?parent=56132"}],"wp:term":[{"taxonomy":"product_cat","embeddable":true,"href":"https:\/\/librairie7l.com\/en\/wp-json\/wp\/v2\/product_cat?post=56132"},{"taxonomy":"product_tag","embeddable":true,"href":"https:\/\/librairie7l.com\/en\/wp-json\/wp\/v2\/product_tag?post=56132"}],"curies":[{"name":"wp","href":"https:\/\/api.w.org\/{rel}","templated":true}]}}