{"id":56148,"date":"2026-04-03T10:16:31","date_gmt":"2026-04-03T08:16:31","guid":{"rendered":"https:\/\/librairie7l.com\/?post_type=product&#038;p=56148"},"modified":"2026-05-01T00:40:10","modified_gmt":"2026-04-30T22:40:10","slug":"je-suis-dans-des-mondes-etranges-la-presence-de-frederic-c-2","status":"publish","type":"product","link":"https:\/\/librairie7l.com\/en\/produit\/je-suis-dans-des-mondes-etranges-la-presence-de-frederic-c-2\/","title":{"rendered":"JE SUIS DANS DES MONDES \u00c9TRANGES : LA PR\u00c9SENCE DE FR\u00c9D\u00c9RIC C"},"content":{"rendered":"<p>En 1847, apr\u00e8s neuf ans d&#8217;une liaison passionn\u00e9e, George Sand se s\u00e9pare de Fr\u00e9d\u00e9ric Chopin. L&#8217;\u00e9crivaine efface alors toute trace du compositeur de sa demeure familiale de Nohant. En pleine p\u00e9riode romantique, le domaine de George Sand \u00e0 Nohant fut le creuset des oeuvres de Chopin et le lieu de rencontre d&#8217;une communaut\u00e9 artistique exceptionnelle.<br \/>\nSous les tilleuls du jardin, autour du Pleyel monumental, George Sand r\u00e9unissait Eug\u00e8ne Delacroix, Franz Liszt ou encore Pauline Viardot. Musique, peinture, litt\u00e9rature et d\u00e9bats politiques animaient ce refuge o\u00f9 l&#8217;intimit\u00e9 et le g\u00e9nie trouvaient un abri commun. Cet ouvrage tisse un dialogue po\u00e9tique entre les photographies de l&#8217;artiste flore, ses herbiers glan\u00e9s dans le jardin et des partitions manuscrites compos\u00e9es par Chopin.<br \/>\nUne nouvelle d&#8217;Aur\u00e9lie Razimbaud ouvre le r\u00e9cit, imaginant avec finesse leur vie \u00e0 Nohant \u00e0 cette \u00e9poque.<br \/>\n\u00c9dit\u00e9 \u00e0 l&#8217;occasion du 150e anniversaire de la disparition de George Sand, ce livre b\u00e9n\u00e9ficie du soutien du Centre des monuments nationaux et du mus\u00e9e Fr\u00e9d\u00e9ric Chopin de Varsovie.<\/p>\n","protected":false},"excerpt":{"rendered":"<p>En 1847, apr\u00e8s neuf ans d&#8217;une liaison passionn\u00e9e, George Sand se s\u00e9pare de Fr\u00e9d\u00e9ric Chopin. L&#8217;\u00e9crivaine efface alors toute trace du compositeur de sa demeure familiale de Nohant. En pleine p\u00e9riode romantique, le domaine de George Sand \u00e0 Nohant fut le creuset des oeuvres de Chopin et le lieu de rencontre d&#8217;une communaut\u00e9 artistique exceptionnelle. [&hellip;]<\/p>\n","protected":false},"featured_media":56146,"template":"","meta":[],"product_cat":[2948],"product_tag":[],"acf":[],"yoast_head":"<!-- This site is optimized with the Yoast SEO plugin v20.11 - https:\/\/yoast.com\/wordpress\/plugins\/seo\/ -->\n<title>Je suis dans des mondes \u00e9tranges : La pr\u00e9sence de Fr\u00e9d\u00e9ric C - Librairie 7L<\/title>\n<meta name=\"robots\" content=\"index, follow, max-snippet:-1, max-image-preview:large, max-video-preview:-1\" \/>\n<link rel=\"canonical\" href=\"https:\/\/librairie7l.com\/en\/produit\/je-suis-dans-des-mondes-etranges-la-presence-de-frederic-c-2\/\" \/>\n<meta property=\"og:locale\" content=\"en_US\" \/>\n<meta property=\"og:type\" content=\"article\" \/>\n<meta property=\"og:title\" content=\"Je suis dans des mondes \u00e9tranges : La pr\u00e9sence de Fr\u00e9d\u00e9ric C - Librairie 7L\" \/>\n<meta property=\"og:description\" content=\"En 1847, apr\u00e8s neuf ans d&#8217;une liaison passionn\u00e9e, George Sand se s\u00e9pare de Fr\u00e9d\u00e9ric Chopin. L&#8217;\u00e9crivaine efface alors toute trace du compositeur de sa demeure familiale de Nohant. En pleine p\u00e9riode romantique, le domaine de George Sand \u00e0 Nohant fut le creuset des oeuvres de Chopin et le lieu de rencontre d&#8217;une communaut\u00e9 artistique exceptionnelle. [&hellip;]\" \/>\n<meta property=\"og:url\" content=\"https:\/\/librairie7l.com\/en\/produit\/je-suis-dans-des-mondes-etranges-la-presence-de-frederic-c-2\/\" \/>\n<meta property=\"og:site_name\" content=\"Librairie 7L\" \/>\n<meta property=\"article:modified_time\" content=\"2026-04-30T22:40:10+00:00\" \/>\n<meta property=\"og:image\" content=\"https:\/\/librairie7l.com\/wp-content\/uploads\/2025\/12\/9791096575404_1_75.jpg\" \/>\n\t<meta property=\"og:image:width\" content=\"600\" \/>\n\t<meta property=\"og:image:height\" content=\"740\" \/>\n\t<meta property=\"og:image:type\" content=\"image\/jpeg\" \/>\n<meta name=\"twitter:card\" content=\"summary_large_image\" \/>\n<meta name=\"twitter:label1\" content=\"Est. reading time\" \/>\n\t<meta name=\"twitter:data1\" content=\"1 minute\" \/>\n<script type=\"application\/ld+json\" class=\"yoast-schema-graph\">{\"@context\":\"https:\/\/schema.org\",\"@graph\":[{\"@type\":\"WebPage\",\"@id\":\"https:\/\/librairie7l.com\/en\/produit\/je-suis-dans-des-mondes-etranges-la-presence-de-frederic-c-2\/\",\"url\":\"https:\/\/librairie7l.com\/en\/produit\/je-suis-dans-des-mondes-etranges-la-presence-de-frederic-c-2\/\",\"name\":\"Je suis dans des mondes \u00e9tranges : La pr\u00e9sence de Fr\u00e9d\u00e9ric C - Librairie 7L\",\"isPartOf\":{\"@id\":\"https:\/\/librairie7l.com\/en\/#website\"},\"datePublished\":\"2026-04-03T08:16:31+00:00\",\"dateModified\":\"2026-04-30T22:40:10+00:00\",\"breadcrumb\":{\"@id\":\"https:\/\/librairie7l.com\/en\/produit\/je-suis-dans-des-mondes-etranges-la-presence-de-frederic-c-2\/#breadcrumb\"},\"inLanguage\":\"en-US\",\"potentialAction\":[{\"@type\":\"ReadAction\",\"target\":[\"https:\/\/librairie7l.com\/en\/produit\/je-suis-dans-des-mondes-etranges-la-presence-de-frederic-c-2\/\"]}]},{\"@type\":\"BreadcrumbList\",\"@id\":\"https:\/\/librairie7l.com\/en\/produit\/je-suis-dans-des-mondes-etranges-la-presence-de-frederic-c-2\/#breadcrumb\",\"itemListElement\":[{\"@type\":\"ListItem\",\"position\":1,\"name\":\"Accueil\",\"item\":\"https:\/\/librairie7l.com\/en\/\"},{\"@type\":\"ListItem\",\"position\":2,\"name\":\"Shop\",\"item\":\"https:\/\/librairie7l.com\/en\/shop\/\"},{\"@type\":\"ListItem\",\"position\":3,\"name\":\"JE SUIS DANS DES MONDES \u00c9TRANGES : LA PR\u00c9SENCE DE FR\u00c9D\u00c9RIC C\"}]},{\"@type\":\"WebSite\",\"@id\":\"https:\/\/librairie7l.com\/en\/#website\",\"url\":\"https:\/\/librairie7l.com\/en\/\",\"name\":\"Librairie 7L\",\"description\":\"Librairie fond\u00e9e en 1999 par Karl Lagerfeld \u00e0 Paris\",\"publisher\":{\"@id\":\"https:\/\/librairie7l.com\/en\/#organization\"},\"potentialAction\":[{\"@type\":\"SearchAction\",\"target\":{\"@type\":\"EntryPoint\",\"urlTemplate\":\"https:\/\/librairie7l.com\/en\/?s={search_term_string}\"},\"query-input\":\"required name=search_term_string\"}],\"inLanguage\":\"en-US\"},{\"@type\":\"Organization\",\"@id\":\"https:\/\/librairie7l.com\/en\/#organization\",\"name\":\"Librairie 7L\",\"url\":\"https:\/\/librairie7l.com\/en\/\",\"logo\":{\"@type\":\"ImageObject\",\"inLanguage\":\"en-US\",\"@id\":\"https:\/\/librairie7l.com\/en\/#\/schema\/logo\/image\/\",\"url\":\"https:\/\/librairie7l.com\/wp-content\/uploads\/2022\/08\/logo-1.png\",\"contentUrl\":\"https:\/\/librairie7l.com\/wp-content\/uploads\/2022\/08\/logo-1.png\",\"width\":227,\"height\":301,\"caption\":\"Librairie 7L\"},\"image\":{\"@id\":\"https:\/\/librairie7l.com\/en\/#\/schema\/logo\/image\/\"}}]}<\/script>\n<!-- \/ Yoast SEO plugin. -->","yoast_head_json":{"title":"Je suis dans des mondes \u00e9tranges : La pr\u00e9sence de Fr\u00e9d\u00e9ric C - Librairie 7L","robots":{"index":"index","follow":"follow","max-snippet":"max-snippet:-1","max-image-preview":"max-image-preview:large","max-video-preview":"max-video-preview:-1"},"canonical":"https:\/\/librairie7l.com\/en\/produit\/je-suis-dans-des-mondes-etranges-la-presence-de-frederic-c-2\/","og_locale":"en_US","og_type":"article","og_title":"Je suis dans des mondes \u00e9tranges : La pr\u00e9sence de Fr\u00e9d\u00e9ric C - Librairie 7L","og_description":"En 1847, apr\u00e8s neuf ans d&#8217;une liaison passionn\u00e9e, George Sand se s\u00e9pare de Fr\u00e9d\u00e9ric Chopin. L&#8217;\u00e9crivaine efface alors toute trace du compositeur de sa demeure familiale de Nohant. En pleine p\u00e9riode romantique, le domaine de George Sand \u00e0 Nohant fut le creuset des oeuvres de Chopin et le lieu de rencontre d&#8217;une communaut\u00e9 artistique exceptionnelle. [&hellip;]","og_url":"https:\/\/librairie7l.com\/en\/produit\/je-suis-dans-des-mondes-etranges-la-presence-de-frederic-c-2\/","og_site_name":"Librairie 7L","article_modified_time":"2026-04-30T22:40:10+00:00","og_image":[{"width":600,"height":740,"url":"https:\/\/librairie7l.com\/wp-content\/uploads\/2025\/12\/9791096575404_1_75.jpg","type":"image\/jpeg"}],"twitter_card":"summary_large_image","twitter_misc":{"Est. reading time":"1 minute"},"schema":{"@context":"https:\/\/schema.org","@graph":[{"@type":"WebPage","@id":"https:\/\/librairie7l.com\/en\/produit\/je-suis-dans-des-mondes-etranges-la-presence-de-frederic-c-2\/","url":"https:\/\/librairie7l.com\/en\/produit\/je-suis-dans-des-mondes-etranges-la-presence-de-frederic-c-2\/","name":"Je suis dans des mondes \u00e9tranges : La pr\u00e9sence de Fr\u00e9d\u00e9ric C - Librairie 7L","isPartOf":{"@id":"https:\/\/librairie7l.com\/en\/#website"},"datePublished":"2026-04-03T08:16:31+00:00","dateModified":"2026-04-30T22:40:10+00:00","breadcrumb":{"@id":"https:\/\/librairie7l.com\/en\/produit\/je-suis-dans-des-mondes-etranges-la-presence-de-frederic-c-2\/#breadcrumb"},"inLanguage":"en-US","potentialAction":[{"@type":"ReadAction","target":["https:\/\/librairie7l.com\/en\/produit\/je-suis-dans-des-mondes-etranges-la-presence-de-frederic-c-2\/"]}]},{"@type":"BreadcrumbList","@id":"https:\/\/librairie7l.com\/en\/produit\/je-suis-dans-des-mondes-etranges-la-presence-de-frederic-c-2\/#breadcrumb","itemListElement":[{"@type":"ListItem","position":1,"name":"Accueil","item":"https:\/\/librairie7l.com\/en\/"},{"@type":"ListItem","position":2,"name":"Shop","item":"https:\/\/librairie7l.com\/en\/shop\/"},{"@type":"ListItem","position":3,"name":"JE SUIS DANS DES MONDES \u00c9TRANGES : LA PR\u00c9SENCE DE FR\u00c9D\u00c9RIC C"}]},{"@type":"WebSite","@id":"https:\/\/librairie7l.com\/en\/#website","url":"https:\/\/librairie7l.com\/en\/","name":"Librairie 7L","description":"Librairie fond\u00e9e en 1999 par Karl Lagerfeld \u00e0 Paris","publisher":{"@id":"https:\/\/librairie7l.com\/en\/#organization"},"potentialAction":[{"@type":"SearchAction","target":{"@type":"EntryPoint","urlTemplate":"https:\/\/librairie7l.com\/en\/?s={search_term_string}"},"query-input":"required name=search_term_string"}],"inLanguage":"en-US"},{"@type":"Organization","@id":"https:\/\/librairie7l.com\/en\/#organization","name":"Librairie 7L","url":"https:\/\/librairie7l.com\/en\/","logo":{"@type":"ImageObject","inLanguage":"en-US","@id":"https:\/\/librairie7l.com\/en\/#\/schema\/logo\/image\/","url":"https:\/\/librairie7l.com\/wp-content\/uploads\/2022\/08\/logo-1.png","contentUrl":"https:\/\/librairie7l.com\/wp-content\/uploads\/2022\/08\/logo-1.png","width":227,"height":301,"caption":"Librairie 7L"},"image":{"@id":"https:\/\/librairie7l.com\/en\/#\/schema\/logo\/image\/"}}]}},"_links":{"self":[{"href":"https:\/\/librairie7l.com\/en\/wp-json\/wp\/v2\/product\/56148"}],"collection":[{"href":"https:\/\/librairie7l.com\/en\/wp-json\/wp\/v2\/product"}],"about":[{"href":"https:\/\/librairie7l.com\/en\/wp-json\/wp\/v2\/types\/product"}],"wp:featuredmedia":[{"embeddable":true,"href":"https:\/\/librairie7l.com\/en\/wp-json\/wp\/v2\/media\/56146"}],"wp:attachment":[{"href":"https:\/\/librairie7l.com\/en\/wp-json\/wp\/v2\/media?parent=56148"}],"wp:term":[{"taxonomy":"product_cat","embeddable":true,"href":"https:\/\/librairie7l.com\/en\/wp-json\/wp\/v2\/product_cat?post=56148"},{"taxonomy":"product_tag","embeddable":true,"href":"https:\/\/librairie7l.com\/en\/wp-json\/wp\/v2\/product_tag?post=56148"}],"curies":[{"name":"wp","href":"https:\/\/api.w.org\/{rel}","templated":true}]}}