{"id":56152,"date":"2026-04-03T10:16:34","date_gmt":"2026-04-03T08:16:34","guid":{"rendered":"https:\/\/librairie7l.com\/?post_type=product&#038;p=56152"},"modified":"2026-05-01T00:06:11","modified_gmt":"2026-04-30T22:06:11","slug":"le-grand-livre-du-mobilier-reconnaitre-renover-entretenir-2","status":"publish","type":"product","link":"https:\/\/librairie7l.com\/en\/produit\/le-grand-livre-du-mobilier-reconnaitre-renover-entretenir-2\/","title":{"rendered":"LE GRAND LIVRE DU MOBILIER : RECONNA\u00ceTRE, R\u00c9NOVER, ENTRETENIR"},"content":{"rendered":"<p>Descendant d&#8217;une longue lign\u00e9e d&#8217;artisans, Christophe Pourny exerce depuis plus de vingt ans dans le domaine de la restauration de meubles anciens. Il livre dans cet ouvrage les fruits de son exp\u00e9rience et de sa passion pour le mobilier. Il propose un tour d&#8217;horizon complet, depuis une chronologie des diff\u00e9rents styles jusqu&#8217;aux conseils d&#8217;entretien et de transport des meubles, en passant par les lieux indispensables pour d\u00e9nicher de belles pi\u00e8ces.<\/p>\n<p>Adepte des techniques traditionnelles, il pr\u00f4ne l&#8217;usage de solutions \u00e9cologiques, qui pr\u00e9servent autant la qualit\u00e9 des meubles que l&#8217;environnement. Il invite ainsi chacun \u00e0 d\u00e9couvrir les diff\u00e9rentes techniques de finition des meubles (cire, gomme laque, huile, dorure et peinture). Il expose par ailleurs l&#8217;ensemble des op\u00e9rations de pr\u00e9paration du mobilier avec lesquelles il est n\u00e9cessaire de se familiariser. Sont ainsi pass\u00e9es en revue les \u00e9tapes de d\u00e9montage, d\u00e9capage, pon\u00e7age et autres, qui permettent de pr\u00e9parer le meuble \u00e0 sa restauration.<\/p>\n<p>Christophe Pourny propose dans ces pages une quinzaine de m\u00e9thodes de finition et de restauration pas \u00e0 pas, permettant aux lecteurs d&#8217;appliquer sur leur propre mobilier les conseils transmis.<\/p>\n<p>Destin\u00e9 aux \u00e9b\u00e9nistes amateurs, aux artisans confirm\u00e9s, aux sp\u00e9cialistes du mobilier, mais aussi \u00e0 tous les amoureux des meubles et des antiquit\u00e9s, cet ouvrage est une somme de connaissances, d&#8217;exp\u00e9rience et de passion.<\/p>\n","protected":false},"excerpt":{"rendered":"<p>Descendant d&#8217;une longue lign\u00e9e d&#8217;artisans, Christophe Pourny exerce depuis plus de vingt ans dans le domaine de la restauration de meubles anciens. Il livre dans cet ouvrage les fruits de son exp\u00e9rience et de sa passion pour le mobilier. Il propose un tour d&#8217;horizon complet, depuis une chronologie des diff\u00e9rents styles jusqu&#8217;aux conseils d&#8217;entretien et [&hellip;]<\/p>\n","protected":false},"featured_media":56150,"template":"","meta":[],"product_cat":[2948],"product_tag":[],"acf":[],"yoast_head":"<!-- This site is optimized with the Yoast SEO plugin v20.11 - https:\/\/yoast.com\/wordpress\/plugins\/seo\/ -->\n<title>Le grand livre du mobilier : Reconna\u00eetre, r\u00e9nover, entretenir - Librairie 7L<\/title>\n<meta name=\"robots\" content=\"index, follow, max-snippet:-1, max-image-preview:large, max-video-preview:-1\" \/>\n<link rel=\"canonical\" href=\"https:\/\/librairie7l.com\/en\/produit\/le-grand-livre-du-mobilier-reconnaitre-renover-entretenir-2\/\" \/>\n<meta property=\"og:locale\" content=\"en_US\" \/>\n<meta property=\"og:type\" content=\"article\" \/>\n<meta property=\"og:title\" content=\"Le grand livre du mobilier : Reconna\u00eetre, r\u00e9nover, entretenir - Librairie 7L\" \/>\n<meta property=\"og:description\" content=\"Descendant d&#8217;une longue lign\u00e9e d&#8217;artisans, Christophe Pourny exerce depuis plus de vingt ans dans le domaine de la restauration de meubles anciens. Il livre dans cet ouvrage les fruits de son exp\u00e9rience et de sa passion pour le mobilier. Il propose un tour d&#8217;horizon complet, depuis une chronologie des diff\u00e9rents styles jusqu&#8217;aux conseils d&#8217;entretien et [&hellip;]\" \/>\n<meta property=\"og:url\" content=\"https:\/\/librairie7l.com\/en\/produit\/le-grand-livre-du-mobilier-reconnaitre-renover-entretenir-2\/\" \/>\n<meta property=\"og:site_name\" content=\"Librairie 7L\" \/>\n<meta property=\"article:modified_time\" content=\"2026-04-30T22:06:11+00:00\" \/>\n<meta property=\"og:image\" content=\"https:\/\/librairie7l.com\/wp-content\/uploads\/2025\/12\/9782350176147_1_75.jpg\" \/>\n\t<meta property=\"og:image:width\" content=\"600\" \/>\n\t<meta property=\"og:image:height\" content=\"729\" \/>\n\t<meta property=\"og:image:type\" content=\"image\/jpeg\" \/>\n<meta name=\"twitter:card\" content=\"summary_large_image\" \/>\n<meta name=\"twitter:label1\" content=\"Est. reading time\" \/>\n\t<meta name=\"twitter:data1\" content=\"1 minute\" \/>\n<script type=\"application\/ld+json\" class=\"yoast-schema-graph\">{\"@context\":\"https:\/\/schema.org\",\"@graph\":[{\"@type\":\"WebPage\",\"@id\":\"https:\/\/librairie7l.com\/en\/produit\/le-grand-livre-du-mobilier-reconnaitre-renover-entretenir-2\/\",\"url\":\"https:\/\/librairie7l.com\/en\/produit\/le-grand-livre-du-mobilier-reconnaitre-renover-entretenir-2\/\",\"name\":\"Le grand livre du mobilier : Reconna\u00eetre, r\u00e9nover, entretenir - Librairie 7L\",\"isPartOf\":{\"@id\":\"https:\/\/librairie7l.com\/en\/#website\"},\"datePublished\":\"2026-04-03T08:16:34+00:00\",\"dateModified\":\"2026-04-30T22:06:11+00:00\",\"breadcrumb\":{\"@id\":\"https:\/\/librairie7l.com\/en\/produit\/le-grand-livre-du-mobilier-reconnaitre-renover-entretenir-2\/#breadcrumb\"},\"inLanguage\":\"en-US\",\"potentialAction\":[{\"@type\":\"ReadAction\",\"target\":[\"https:\/\/librairie7l.com\/en\/produit\/le-grand-livre-du-mobilier-reconnaitre-renover-entretenir-2\/\"]}]},{\"@type\":\"BreadcrumbList\",\"@id\":\"https:\/\/librairie7l.com\/en\/produit\/le-grand-livre-du-mobilier-reconnaitre-renover-entretenir-2\/#breadcrumb\",\"itemListElement\":[{\"@type\":\"ListItem\",\"position\":1,\"name\":\"Accueil\",\"item\":\"https:\/\/librairie7l.com\/en\/\"},{\"@type\":\"ListItem\",\"position\":2,\"name\":\"Shop\",\"item\":\"https:\/\/librairie7l.com\/en\/shop\/\"},{\"@type\":\"ListItem\",\"position\":3,\"name\":\"LE GRAND LIVRE DU MOBILIER : RECONNA\u00ceTRE, R\u00c9NOVER, ENTRETENIR\"}]},{\"@type\":\"WebSite\",\"@id\":\"https:\/\/librairie7l.com\/en\/#website\",\"url\":\"https:\/\/librairie7l.com\/en\/\",\"name\":\"Librairie 7L\",\"description\":\"Librairie fond\u00e9e en 1999 par Karl Lagerfeld \u00e0 Paris\",\"publisher\":{\"@id\":\"https:\/\/librairie7l.com\/en\/#organization\"},\"potentialAction\":[{\"@type\":\"SearchAction\",\"target\":{\"@type\":\"EntryPoint\",\"urlTemplate\":\"https:\/\/librairie7l.com\/en\/?s={search_term_string}\"},\"query-input\":\"required name=search_term_string\"}],\"inLanguage\":\"en-US\"},{\"@type\":\"Organization\",\"@id\":\"https:\/\/librairie7l.com\/en\/#organization\",\"name\":\"Librairie 7L\",\"url\":\"https:\/\/librairie7l.com\/en\/\",\"logo\":{\"@type\":\"ImageObject\",\"inLanguage\":\"en-US\",\"@id\":\"https:\/\/librairie7l.com\/en\/#\/schema\/logo\/image\/\",\"url\":\"https:\/\/librairie7l.com\/wp-content\/uploads\/2022\/08\/logo-1.png\",\"contentUrl\":\"https:\/\/librairie7l.com\/wp-content\/uploads\/2022\/08\/logo-1.png\",\"width\":227,\"height\":301,\"caption\":\"Librairie 7L\"},\"image\":{\"@id\":\"https:\/\/librairie7l.com\/en\/#\/schema\/logo\/image\/\"}}]}<\/script>\n<!-- \/ Yoast SEO plugin. -->","yoast_head_json":{"title":"Le grand livre du mobilier : Reconna\u00eetre, r\u00e9nover, entretenir - Librairie 7L","robots":{"index":"index","follow":"follow","max-snippet":"max-snippet:-1","max-image-preview":"max-image-preview:large","max-video-preview":"max-video-preview:-1"},"canonical":"https:\/\/librairie7l.com\/en\/produit\/le-grand-livre-du-mobilier-reconnaitre-renover-entretenir-2\/","og_locale":"en_US","og_type":"article","og_title":"Le grand livre du mobilier : Reconna\u00eetre, r\u00e9nover, entretenir - Librairie 7L","og_description":"Descendant d&#8217;une longue lign\u00e9e d&#8217;artisans, Christophe Pourny exerce depuis plus de vingt ans dans le domaine de la restauration de meubles anciens. Il livre dans cet ouvrage les fruits de son exp\u00e9rience et de sa passion pour le mobilier. Il propose un tour d&#8217;horizon complet, depuis une chronologie des diff\u00e9rents styles jusqu&#8217;aux conseils d&#8217;entretien et [&hellip;]","og_url":"https:\/\/librairie7l.com\/en\/produit\/le-grand-livre-du-mobilier-reconnaitre-renover-entretenir-2\/","og_site_name":"Librairie 7L","article_modified_time":"2026-04-30T22:06:11+00:00","og_image":[{"width":600,"height":729,"url":"https:\/\/librairie7l.com\/wp-content\/uploads\/2025\/12\/9782350176147_1_75.jpg","type":"image\/jpeg"}],"twitter_card":"summary_large_image","twitter_misc":{"Est. reading time":"1 minute"},"schema":{"@context":"https:\/\/schema.org","@graph":[{"@type":"WebPage","@id":"https:\/\/librairie7l.com\/en\/produit\/le-grand-livre-du-mobilier-reconnaitre-renover-entretenir-2\/","url":"https:\/\/librairie7l.com\/en\/produit\/le-grand-livre-du-mobilier-reconnaitre-renover-entretenir-2\/","name":"Le grand livre du mobilier : Reconna\u00eetre, r\u00e9nover, entretenir - Librairie 7L","isPartOf":{"@id":"https:\/\/librairie7l.com\/en\/#website"},"datePublished":"2026-04-03T08:16:34+00:00","dateModified":"2026-04-30T22:06:11+00:00","breadcrumb":{"@id":"https:\/\/librairie7l.com\/en\/produit\/le-grand-livre-du-mobilier-reconnaitre-renover-entretenir-2\/#breadcrumb"},"inLanguage":"en-US","potentialAction":[{"@type":"ReadAction","target":["https:\/\/librairie7l.com\/en\/produit\/le-grand-livre-du-mobilier-reconnaitre-renover-entretenir-2\/"]}]},{"@type":"BreadcrumbList","@id":"https:\/\/librairie7l.com\/en\/produit\/le-grand-livre-du-mobilier-reconnaitre-renover-entretenir-2\/#breadcrumb","itemListElement":[{"@type":"ListItem","position":1,"name":"Accueil","item":"https:\/\/librairie7l.com\/en\/"},{"@type":"ListItem","position":2,"name":"Shop","item":"https:\/\/librairie7l.com\/en\/shop\/"},{"@type":"ListItem","position":3,"name":"LE GRAND LIVRE DU MOBILIER : RECONNA\u00ceTRE, R\u00c9NOVER, ENTRETENIR"}]},{"@type":"WebSite","@id":"https:\/\/librairie7l.com\/en\/#website","url":"https:\/\/librairie7l.com\/en\/","name":"Librairie 7L","description":"Librairie fond\u00e9e en 1999 par Karl Lagerfeld \u00e0 Paris","publisher":{"@id":"https:\/\/librairie7l.com\/en\/#organization"},"potentialAction":[{"@type":"SearchAction","target":{"@type":"EntryPoint","urlTemplate":"https:\/\/librairie7l.com\/en\/?s={search_term_string}"},"query-input":"required name=search_term_string"}],"inLanguage":"en-US"},{"@type":"Organization","@id":"https:\/\/librairie7l.com\/en\/#organization","name":"Librairie 7L","url":"https:\/\/librairie7l.com\/en\/","logo":{"@type":"ImageObject","inLanguage":"en-US","@id":"https:\/\/librairie7l.com\/en\/#\/schema\/logo\/image\/","url":"https:\/\/librairie7l.com\/wp-content\/uploads\/2022\/08\/logo-1.png","contentUrl":"https:\/\/librairie7l.com\/wp-content\/uploads\/2022\/08\/logo-1.png","width":227,"height":301,"caption":"Librairie 7L"},"image":{"@id":"https:\/\/librairie7l.com\/en\/#\/schema\/logo\/image\/"}}]}},"_links":{"self":[{"href":"https:\/\/librairie7l.com\/en\/wp-json\/wp\/v2\/product\/56152"}],"collection":[{"href":"https:\/\/librairie7l.com\/en\/wp-json\/wp\/v2\/product"}],"about":[{"href":"https:\/\/librairie7l.com\/en\/wp-json\/wp\/v2\/types\/product"}],"wp:featuredmedia":[{"embeddable":true,"href":"https:\/\/librairie7l.com\/en\/wp-json\/wp\/v2\/media\/56150"}],"wp:attachment":[{"href":"https:\/\/librairie7l.com\/en\/wp-json\/wp\/v2\/media?parent=56152"}],"wp:term":[{"taxonomy":"product_cat","embeddable":true,"href":"https:\/\/librairie7l.com\/en\/wp-json\/wp\/v2\/product_cat?post=56152"},{"taxonomy":"product_tag","embeddable":true,"href":"https:\/\/librairie7l.com\/en\/wp-json\/wp\/v2\/product_tag?post=56152"}],"curies":[{"name":"wp","href":"https:\/\/api.w.org\/{rel}","templated":true}]}}