{"id":56169,"date":"2026-04-07T04:31:56","date_gmt":"2026-04-07T02:31:56","guid":{"rendered":"https:\/\/librairie7l.com\/?post_type=product&#038;p=56169"},"modified":"2026-04-07T08:20:28","modified_gmt":"2026-04-07T06:20:28","slug":"projet-derniere-chance-2","status":"publish","type":"product","link":"https:\/\/librairie7l.com\/en\/produit\/projet-derniere-chance-2\/","title":{"rendered":"PROJET DERNI\u00c8RE CHANCE"},"content":{"rendered":"<p>Ryland Grace est le seul survivant d&#8217;une exp\u00e9dition spatiale de la derni\u00e8re chance. S&#8217;il \u00e9choue, c&#8217;est le sort de l&#8217;humanit\u00e9 et la Terre tout enti\u00e8re qui sera en p\u00e9ril.Mais pour l&#8217;instant, il ignore tout de cela. Il ne se souvient m\u00eame pas de son propre nom, et encore moins des objectifs de sa mission. Il sait seulement qu&#8217;il est rest\u00e9 en sommeil tr\u00e8s, tr\u00e8s longtemps. Et il vient de se r\u00e9veiller pour d\u00e9couvrir qu&#8217;il se trouve \u00e0 des millions de kilom\u00e8tres de chez lui, avec deux cadavres pour toute compagnie.Ryland se rend compte peu \u00e0 peu qu&#8217;il doit faire face \u00e0 une t\u00e2che impossible. Filant \u00e0 travers l&#8217;espace, il lui faut trouver la cl\u00e9 d&#8217;un myst\u00e8re scientifique insondable&#8230; et combattre un fl\u00e9au qui laisse pr\u00e9sager l&#8217;extinction de notre esp\u00e8ce.Alors que chaque minute compte et que des ann\u00e9es-lumi\u00e8re le s\u00e9parent de l&#8217;\u00eatre humain le plus proche, il est seul pour relever cet incroyable d\u00e9fi&#8230; Mais l&#8217;est-il vraiment ?<\/p>\n<p>La nouvelle passionnante aventure spatiale de l&#8217;auteur du best-seller Seul sur Mars, bient\u00f4t port\u00e9e \u00e0 l&#8217;\u00e9cran avec Ryan Gosling.<\/p>\n<p>\u00ab Un livre qui aurait ravi Robert A. Heinlein et Isaac Asimov. \u00bb<br \/>\nGeorge R.R. Martin<br \/>\n\u00ab Le meilleur roman d&#8217;Andy Weir \u00e0 ce jour&#8230; et le seul de tout ce que j&#8217;ai lu r\u00e9cemment que je suis certain de pouvoir recommander \u00e0 tout lecteur en sachant qu&#8217;ils vont se r\u00e9galer. \u00bb<br \/>\nBrandon Sanderson<\/p>\n","protected":false},"excerpt":{"rendered":"<p>Ryland Grace est le seul survivant d&#8217;une exp\u00e9dition spatiale de la derni\u00e8re chance. S&#8217;il \u00e9choue, c&#8217;est le sort de l&#8217;humanit\u00e9 et la Terre tout enti\u00e8re qui sera en p\u00e9ril.Mais pour l&#8217;instant, il ignore tout de cela. Il ne se souvient m\u00eame pas de son propre nom, et encore moins des objectifs de sa mission. Il [&hellip;]<\/p>\n","protected":false},"featured_media":56167,"template":"","meta":[],"product_cat":[7364,2948],"product_tag":[],"acf":[],"yoast_head":"<!-- This site is optimized with the Yoast SEO plugin v20.11 - https:\/\/yoast.com\/wordpress\/plugins\/seo\/ -->\n<title>Projet derni\u00e8re chance - Librairie 7L<\/title>\n<meta name=\"robots\" content=\"index, follow, max-snippet:-1, max-image-preview:large, max-video-preview:-1\" \/>\n<link rel=\"canonical\" href=\"https:\/\/librairie7l.com\/en\/produit\/projet-derniere-chance-2\/\" \/>\n<meta property=\"og:locale\" content=\"en_US\" \/>\n<meta property=\"og:type\" content=\"article\" \/>\n<meta property=\"og:title\" content=\"Projet derni\u00e8re chance - Librairie 7L\" \/>\n<meta property=\"og:description\" content=\"Ryland Grace est le seul survivant d&#8217;une exp\u00e9dition spatiale de la derni\u00e8re chance. S&#8217;il \u00e9choue, c&#8217;est le sort de l&#8217;humanit\u00e9 et la Terre tout enti\u00e8re qui sera en p\u00e9ril.Mais pour l&#8217;instant, il ignore tout de cela. Il ne se souvient m\u00eame pas de son propre nom, et encore moins des objectifs de sa mission. Il [&hellip;]\" \/>\n<meta property=\"og:url\" content=\"https:\/\/librairie7l.com\/en\/produit\/projet-derniere-chance-2\/\" \/>\n<meta property=\"og:site_name\" content=\"Librairie 7L\" \/>\n<meta property=\"article:modified_time\" content=\"2026-04-07T06:20:28+00:00\" \/>\n<meta property=\"og:image\" content=\"https:\/\/librairie7l.com\/wp-content\/uploads\/2022\/06\/9791028118716_1_75.jpg\" \/>\n\t<meta property=\"og:image:width\" content=\"600\" \/>\n\t<meta property=\"og:image:height\" content=\"970\" \/>\n\t<meta property=\"og:image:type\" content=\"image\/jpeg\" \/>\n<meta name=\"twitter:card\" content=\"summary_large_image\" \/>\n<meta name=\"twitter:label1\" content=\"Est. reading time\" \/>\n\t<meta name=\"twitter:data1\" content=\"1 minute\" \/>\n<script type=\"application\/ld+json\" class=\"yoast-schema-graph\">{\"@context\":\"https:\/\/schema.org\",\"@graph\":[{\"@type\":\"WebPage\",\"@id\":\"https:\/\/librairie7l.com\/en\/produit\/projet-derniere-chance-2\/\",\"url\":\"https:\/\/librairie7l.com\/en\/produit\/projet-derniere-chance-2\/\",\"name\":\"Projet derni\u00e8re chance - Librairie 7L\",\"isPartOf\":{\"@id\":\"https:\/\/librairie7l.com\/en\/#website\"},\"datePublished\":\"2026-04-07T02:31:56+00:00\",\"dateModified\":\"2026-04-07T06:20:28+00:00\",\"breadcrumb\":{\"@id\":\"https:\/\/librairie7l.com\/en\/produit\/projet-derniere-chance-2\/#breadcrumb\"},\"inLanguage\":\"en-US\",\"potentialAction\":[{\"@type\":\"ReadAction\",\"target\":[\"https:\/\/librairie7l.com\/en\/produit\/projet-derniere-chance-2\/\"]}]},{\"@type\":\"BreadcrumbList\",\"@id\":\"https:\/\/librairie7l.com\/en\/produit\/projet-derniere-chance-2\/#breadcrumb\",\"itemListElement\":[{\"@type\":\"ListItem\",\"position\":1,\"name\":\"Accueil\",\"item\":\"https:\/\/librairie7l.com\/en\/\"},{\"@type\":\"ListItem\",\"position\":2,\"name\":\"Shop\",\"item\":\"https:\/\/librairie7l.com\/en\/shop\/\"},{\"@type\":\"ListItem\",\"position\":3,\"name\":\"PROJET DERNI\u00c8RE CHANCE\"}]},{\"@type\":\"WebSite\",\"@id\":\"https:\/\/librairie7l.com\/en\/#website\",\"url\":\"https:\/\/librairie7l.com\/en\/\",\"name\":\"Librairie 7L\",\"description\":\"Librairie fond\u00e9e en 1999 par Karl Lagerfeld \u00e0 Paris\",\"publisher\":{\"@id\":\"https:\/\/librairie7l.com\/en\/#organization\"},\"potentialAction\":[{\"@type\":\"SearchAction\",\"target\":{\"@type\":\"EntryPoint\",\"urlTemplate\":\"https:\/\/librairie7l.com\/en\/?s={search_term_string}\"},\"query-input\":\"required name=search_term_string\"}],\"inLanguage\":\"en-US\"},{\"@type\":\"Organization\",\"@id\":\"https:\/\/librairie7l.com\/en\/#organization\",\"name\":\"Librairie 7L\",\"url\":\"https:\/\/librairie7l.com\/en\/\",\"logo\":{\"@type\":\"ImageObject\",\"inLanguage\":\"en-US\",\"@id\":\"https:\/\/librairie7l.com\/en\/#\/schema\/logo\/image\/\",\"url\":\"https:\/\/librairie7l.com\/wp-content\/uploads\/2022\/08\/logo-1.png\",\"contentUrl\":\"https:\/\/librairie7l.com\/wp-content\/uploads\/2022\/08\/logo-1.png\",\"width\":227,\"height\":301,\"caption\":\"Librairie 7L\"},\"image\":{\"@id\":\"https:\/\/librairie7l.com\/en\/#\/schema\/logo\/image\/\"}}]}<\/script>\n<!-- \/ Yoast SEO plugin. -->","yoast_head_json":{"title":"Projet derni\u00e8re chance - Librairie 7L","robots":{"index":"index","follow":"follow","max-snippet":"max-snippet:-1","max-image-preview":"max-image-preview:large","max-video-preview":"max-video-preview:-1"},"canonical":"https:\/\/librairie7l.com\/en\/produit\/projet-derniere-chance-2\/","og_locale":"en_US","og_type":"article","og_title":"Projet derni\u00e8re chance - Librairie 7L","og_description":"Ryland Grace est le seul survivant d&#8217;une exp\u00e9dition spatiale de la derni\u00e8re chance. S&#8217;il \u00e9choue, c&#8217;est le sort de l&#8217;humanit\u00e9 et la Terre tout enti\u00e8re qui sera en p\u00e9ril.Mais pour l&#8217;instant, il ignore tout de cela. Il ne se souvient m\u00eame pas de son propre nom, et encore moins des objectifs de sa mission. Il [&hellip;]","og_url":"https:\/\/librairie7l.com\/en\/produit\/projet-derniere-chance-2\/","og_site_name":"Librairie 7L","article_modified_time":"2026-04-07T06:20:28+00:00","og_image":[{"width":600,"height":970,"url":"https:\/\/librairie7l.com\/wp-content\/uploads\/2022\/06\/9791028118716_1_75.jpg","type":"image\/jpeg"}],"twitter_card":"summary_large_image","twitter_misc":{"Est. reading time":"1 minute"},"schema":{"@context":"https:\/\/schema.org","@graph":[{"@type":"WebPage","@id":"https:\/\/librairie7l.com\/en\/produit\/projet-derniere-chance-2\/","url":"https:\/\/librairie7l.com\/en\/produit\/projet-derniere-chance-2\/","name":"Projet derni\u00e8re chance - Librairie 7L","isPartOf":{"@id":"https:\/\/librairie7l.com\/en\/#website"},"datePublished":"2026-04-07T02:31:56+00:00","dateModified":"2026-04-07T06:20:28+00:00","breadcrumb":{"@id":"https:\/\/librairie7l.com\/en\/produit\/projet-derniere-chance-2\/#breadcrumb"},"inLanguage":"en-US","potentialAction":[{"@type":"ReadAction","target":["https:\/\/librairie7l.com\/en\/produit\/projet-derniere-chance-2\/"]}]},{"@type":"BreadcrumbList","@id":"https:\/\/librairie7l.com\/en\/produit\/projet-derniere-chance-2\/#breadcrumb","itemListElement":[{"@type":"ListItem","position":1,"name":"Accueil","item":"https:\/\/librairie7l.com\/en\/"},{"@type":"ListItem","position":2,"name":"Shop","item":"https:\/\/librairie7l.com\/en\/shop\/"},{"@type":"ListItem","position":3,"name":"PROJET DERNI\u00c8RE CHANCE"}]},{"@type":"WebSite","@id":"https:\/\/librairie7l.com\/en\/#website","url":"https:\/\/librairie7l.com\/en\/","name":"Librairie 7L","description":"Librairie fond\u00e9e en 1999 par Karl Lagerfeld \u00e0 Paris","publisher":{"@id":"https:\/\/librairie7l.com\/en\/#organization"},"potentialAction":[{"@type":"SearchAction","target":{"@type":"EntryPoint","urlTemplate":"https:\/\/librairie7l.com\/en\/?s={search_term_string}"},"query-input":"required name=search_term_string"}],"inLanguage":"en-US"},{"@type":"Organization","@id":"https:\/\/librairie7l.com\/en\/#organization","name":"Librairie 7L","url":"https:\/\/librairie7l.com\/en\/","logo":{"@type":"ImageObject","inLanguage":"en-US","@id":"https:\/\/librairie7l.com\/en\/#\/schema\/logo\/image\/","url":"https:\/\/librairie7l.com\/wp-content\/uploads\/2022\/08\/logo-1.png","contentUrl":"https:\/\/librairie7l.com\/wp-content\/uploads\/2022\/08\/logo-1.png","width":227,"height":301,"caption":"Librairie 7L"},"image":{"@id":"https:\/\/librairie7l.com\/en\/#\/schema\/logo\/image\/"}}]}},"_links":{"self":[{"href":"https:\/\/librairie7l.com\/en\/wp-json\/wp\/v2\/product\/56169"}],"collection":[{"href":"https:\/\/librairie7l.com\/en\/wp-json\/wp\/v2\/product"}],"about":[{"href":"https:\/\/librairie7l.com\/en\/wp-json\/wp\/v2\/types\/product"}],"wp:featuredmedia":[{"embeddable":true,"href":"https:\/\/librairie7l.com\/en\/wp-json\/wp\/v2\/media\/56167"}],"wp:attachment":[{"href":"https:\/\/librairie7l.com\/en\/wp-json\/wp\/v2\/media?parent=56169"}],"wp:term":[{"taxonomy":"product_cat","embeddable":true,"href":"https:\/\/librairie7l.com\/en\/wp-json\/wp\/v2\/product_cat?post=56169"},{"taxonomy":"product_tag","embeddable":true,"href":"https:\/\/librairie7l.com\/en\/wp-json\/wp\/v2\/product_tag?post=56169"}],"curies":[{"name":"wp","href":"https:\/\/api.w.org\/{rel}","templated":true}]}}