{"id":56180,"date":"2026-04-08T10:16:08","date_gmt":"2026-04-08T08:16:08","guid":{"rendered":"https:\/\/librairie7l.com\/?post_type=product&#038;p=56180"},"modified":"2026-04-08T14:48:14","modified_gmt":"2026-04-08T12:48:14","slug":"irenee-scalbert-totems-2","status":"publish","type":"product","link":"https:\/\/librairie7l.com\/en\/produit\/irenee-scalbert-totems-2\/","title":{"rendered":"IR\u00c9N\u00c9E SCALBERT : TOTEMS"},"content":{"rendered":"<p>A collection of essays by London-based architect Ir\u00e9n\u00e9e Scalbert.<\/p>\n<p>Totems brings together ten texts by architect, historian, and critic Ir\u00e9n\u00e9e Scalbert. Written between 2001 and 2025, they reflect nearly three decades of critical engagement with architecture and its cultural contexts. Ranging in length and register&#8211;from concise meditations to extended analytical essays&#8211;the collection captures the evolution of Scalbert&#8217;s thinking as a critic, teacher, and participant in architectural discourse.<\/p>\n<p>Organized thematically into sections on buildings, cities, and the environment, Totems traces a loosely autobiographical arc. Earlier pieces echo Scalbert&#8217;s formative years in London during a period of architectural ferment are marked by the work of James Stirling and Norman Foster, influential figures from Europe such as Aldo Rossi, as well as his close association with a generation of contemporaries, including Peter St John (Caruso St John Architects), and Tom Emerson and Stephanie Macdonald (6a architects). Later texts expand outward, both geographically and conceptually, as Scalbert brings a speculative and at times personal lens to questions of urbanism, nature, and meaning in contemporary architecture. <\/p>\n","protected":false},"excerpt":{"rendered":"<p>A collection of essays by London-based architect Ir\u00e9n\u00e9e Scalbert. Totems brings together ten texts by architect, historian, and critic Ir\u00e9n\u00e9e Scalbert. Written between 2001 and 2025, they reflect nearly three decades of critical engagement with architecture and its cultural contexts. Ranging in length and register&#8211;from concise meditations to extended analytical essays&#8211;the collection captures the evolution [&hellip;]<\/p>\n","protected":false},"featured_media":56178,"template":"","meta":[],"product_cat":[2948],"product_tag":[],"acf":[],"yoast_head":"<!-- This site is optimized with the Yoast SEO plugin v20.11 - https:\/\/yoast.com\/wordpress\/plugins\/seo\/ -->\n<title>Ir\u00e9n\u00e9e Scalbert : Totems - Librairie 7L<\/title>\n<meta name=\"robots\" content=\"index, follow, max-snippet:-1, max-image-preview:large, max-video-preview:-1\" \/>\n<link rel=\"canonical\" href=\"https:\/\/librairie7l.com\/en\/produit\/irenee-scalbert-totems-2\/\" \/>\n<meta property=\"og:locale\" content=\"en_US\" \/>\n<meta property=\"og:type\" content=\"article\" \/>\n<meta property=\"og:title\" content=\"Ir\u00e9n\u00e9e Scalbert : Totems - Librairie 7L\" \/>\n<meta property=\"og:description\" content=\"A collection of essays by London-based architect Ir\u00e9n\u00e9e Scalbert. Totems brings together ten texts by architect, historian, and critic Ir\u00e9n\u00e9e Scalbert. Written between 2001 and 2025, they reflect nearly three decades of critical engagement with architecture and its cultural contexts. Ranging in length and register&#8211;from concise meditations to extended analytical essays&#8211;the collection captures the evolution [&hellip;]\" \/>\n<meta property=\"og:url\" content=\"https:\/\/librairie7l.com\/en\/produit\/irenee-scalbert-totems-2\/\" \/>\n<meta property=\"og:site_name\" content=\"Librairie 7L\" \/>\n<meta property=\"article:modified_time\" content=\"2026-04-08T12:48:14+00:00\" \/>\n<meta property=\"og:image\" content=\"https:\/\/librairie7l.com\/wp-content\/uploads\/2025\/12\/9783038604624_1_75.jpg\" \/>\n\t<meta property=\"og:image:width\" content=\"263\" \/>\n\t<meta property=\"og:image:height\" content=\"500\" \/>\n\t<meta property=\"og:image:type\" content=\"image\/jpeg\" \/>\n<meta name=\"twitter:card\" content=\"summary_large_image\" \/>\n<meta name=\"twitter:label1\" content=\"Est. reading time\" \/>\n\t<meta name=\"twitter:data1\" content=\"1 minute\" \/>\n<script type=\"application\/ld+json\" class=\"yoast-schema-graph\">{\"@context\":\"https:\/\/schema.org\",\"@graph\":[{\"@type\":\"WebPage\",\"@id\":\"https:\/\/librairie7l.com\/en\/produit\/irenee-scalbert-totems-2\/\",\"url\":\"https:\/\/librairie7l.com\/en\/produit\/irenee-scalbert-totems-2\/\",\"name\":\"Ir\u00e9n\u00e9e Scalbert : Totems - Librairie 7L\",\"isPartOf\":{\"@id\":\"https:\/\/librairie7l.com\/en\/#website\"},\"datePublished\":\"2026-04-08T08:16:08+00:00\",\"dateModified\":\"2026-04-08T12:48:14+00:00\",\"breadcrumb\":{\"@id\":\"https:\/\/librairie7l.com\/en\/produit\/irenee-scalbert-totems-2\/#breadcrumb\"},\"inLanguage\":\"en-US\",\"potentialAction\":[{\"@type\":\"ReadAction\",\"target\":[\"https:\/\/librairie7l.com\/en\/produit\/irenee-scalbert-totems-2\/\"]}]},{\"@type\":\"BreadcrumbList\",\"@id\":\"https:\/\/librairie7l.com\/en\/produit\/irenee-scalbert-totems-2\/#breadcrumb\",\"itemListElement\":[{\"@type\":\"ListItem\",\"position\":1,\"name\":\"Accueil\",\"item\":\"https:\/\/librairie7l.com\/en\/\"},{\"@type\":\"ListItem\",\"position\":2,\"name\":\"Shop\",\"item\":\"https:\/\/librairie7l.com\/en\/shop\/\"},{\"@type\":\"ListItem\",\"position\":3,\"name\":\"IR\u00c9N\u00c9E SCALBERT : TOTEMS\"}]},{\"@type\":\"WebSite\",\"@id\":\"https:\/\/librairie7l.com\/en\/#website\",\"url\":\"https:\/\/librairie7l.com\/en\/\",\"name\":\"Librairie 7L\",\"description\":\"Librairie fond\u00e9e en 1999 par Karl Lagerfeld \u00e0 Paris\",\"publisher\":{\"@id\":\"https:\/\/librairie7l.com\/en\/#organization\"},\"potentialAction\":[{\"@type\":\"SearchAction\",\"target\":{\"@type\":\"EntryPoint\",\"urlTemplate\":\"https:\/\/librairie7l.com\/en\/?s={search_term_string}\"},\"query-input\":\"required name=search_term_string\"}],\"inLanguage\":\"en-US\"},{\"@type\":\"Organization\",\"@id\":\"https:\/\/librairie7l.com\/en\/#organization\",\"name\":\"Librairie 7L\",\"url\":\"https:\/\/librairie7l.com\/en\/\",\"logo\":{\"@type\":\"ImageObject\",\"inLanguage\":\"en-US\",\"@id\":\"https:\/\/librairie7l.com\/en\/#\/schema\/logo\/image\/\",\"url\":\"https:\/\/librairie7l.com\/wp-content\/uploads\/2022\/08\/logo-1.png\",\"contentUrl\":\"https:\/\/librairie7l.com\/wp-content\/uploads\/2022\/08\/logo-1.png\",\"width\":227,\"height\":301,\"caption\":\"Librairie 7L\"},\"image\":{\"@id\":\"https:\/\/librairie7l.com\/en\/#\/schema\/logo\/image\/\"}}]}<\/script>\n<!-- \/ Yoast SEO plugin. -->","yoast_head_json":{"title":"Ir\u00e9n\u00e9e Scalbert : Totems - Librairie 7L","robots":{"index":"index","follow":"follow","max-snippet":"max-snippet:-1","max-image-preview":"max-image-preview:large","max-video-preview":"max-video-preview:-1"},"canonical":"https:\/\/librairie7l.com\/en\/produit\/irenee-scalbert-totems-2\/","og_locale":"en_US","og_type":"article","og_title":"Ir\u00e9n\u00e9e Scalbert : Totems - Librairie 7L","og_description":"A collection of essays by London-based architect Ir\u00e9n\u00e9e Scalbert. Totems brings together ten texts by architect, historian, and critic Ir\u00e9n\u00e9e Scalbert. Written between 2001 and 2025, they reflect nearly three decades of critical engagement with architecture and its cultural contexts. Ranging in length and register&#8211;from concise meditations to extended analytical essays&#8211;the collection captures the evolution [&hellip;]","og_url":"https:\/\/librairie7l.com\/en\/produit\/irenee-scalbert-totems-2\/","og_site_name":"Librairie 7L","article_modified_time":"2026-04-08T12:48:14+00:00","og_image":[{"width":263,"height":500,"url":"https:\/\/librairie7l.com\/wp-content\/uploads\/2025\/12\/9783038604624_1_75.jpg","type":"image\/jpeg"}],"twitter_card":"summary_large_image","twitter_misc":{"Est. reading time":"1 minute"},"schema":{"@context":"https:\/\/schema.org","@graph":[{"@type":"WebPage","@id":"https:\/\/librairie7l.com\/en\/produit\/irenee-scalbert-totems-2\/","url":"https:\/\/librairie7l.com\/en\/produit\/irenee-scalbert-totems-2\/","name":"Ir\u00e9n\u00e9e Scalbert : Totems - Librairie 7L","isPartOf":{"@id":"https:\/\/librairie7l.com\/en\/#website"},"datePublished":"2026-04-08T08:16:08+00:00","dateModified":"2026-04-08T12:48:14+00:00","breadcrumb":{"@id":"https:\/\/librairie7l.com\/en\/produit\/irenee-scalbert-totems-2\/#breadcrumb"},"inLanguage":"en-US","potentialAction":[{"@type":"ReadAction","target":["https:\/\/librairie7l.com\/en\/produit\/irenee-scalbert-totems-2\/"]}]},{"@type":"BreadcrumbList","@id":"https:\/\/librairie7l.com\/en\/produit\/irenee-scalbert-totems-2\/#breadcrumb","itemListElement":[{"@type":"ListItem","position":1,"name":"Accueil","item":"https:\/\/librairie7l.com\/en\/"},{"@type":"ListItem","position":2,"name":"Shop","item":"https:\/\/librairie7l.com\/en\/shop\/"},{"@type":"ListItem","position":3,"name":"IR\u00c9N\u00c9E SCALBERT : TOTEMS"}]},{"@type":"WebSite","@id":"https:\/\/librairie7l.com\/en\/#website","url":"https:\/\/librairie7l.com\/en\/","name":"Librairie 7L","description":"Librairie fond\u00e9e en 1999 par Karl Lagerfeld \u00e0 Paris","publisher":{"@id":"https:\/\/librairie7l.com\/en\/#organization"},"potentialAction":[{"@type":"SearchAction","target":{"@type":"EntryPoint","urlTemplate":"https:\/\/librairie7l.com\/en\/?s={search_term_string}"},"query-input":"required name=search_term_string"}],"inLanguage":"en-US"},{"@type":"Organization","@id":"https:\/\/librairie7l.com\/en\/#organization","name":"Librairie 7L","url":"https:\/\/librairie7l.com\/en\/","logo":{"@type":"ImageObject","inLanguage":"en-US","@id":"https:\/\/librairie7l.com\/en\/#\/schema\/logo\/image\/","url":"https:\/\/librairie7l.com\/wp-content\/uploads\/2022\/08\/logo-1.png","contentUrl":"https:\/\/librairie7l.com\/wp-content\/uploads\/2022\/08\/logo-1.png","width":227,"height":301,"caption":"Librairie 7L"},"image":{"@id":"https:\/\/librairie7l.com\/en\/#\/schema\/logo\/image\/"}}]}},"_links":{"self":[{"href":"https:\/\/librairie7l.com\/en\/wp-json\/wp\/v2\/product\/56180"}],"collection":[{"href":"https:\/\/librairie7l.com\/en\/wp-json\/wp\/v2\/product"}],"about":[{"href":"https:\/\/librairie7l.com\/en\/wp-json\/wp\/v2\/types\/product"}],"wp:featuredmedia":[{"embeddable":true,"href":"https:\/\/librairie7l.com\/en\/wp-json\/wp\/v2\/media\/56178"}],"wp:attachment":[{"href":"https:\/\/librairie7l.com\/en\/wp-json\/wp\/v2\/media?parent=56180"}],"wp:term":[{"taxonomy":"product_cat","embeddable":true,"href":"https:\/\/librairie7l.com\/en\/wp-json\/wp\/v2\/product_cat?post=56180"},{"taxonomy":"product_tag","embeddable":true,"href":"https:\/\/librairie7l.com\/en\/wp-json\/wp\/v2\/product_tag?post=56180"}],"curies":[{"name":"wp","href":"https:\/\/api.w.org\/{rel}","templated":true}]}}