{"id":56188,"date":"2026-04-08T10:16:14","date_gmt":"2026-04-08T08:16:14","guid":{"rendered":"https:\/\/librairie7l.com\/?post_type=product&#038;p=56188"},"modified":"2026-04-08T10:16:14","modified_gmt":"2026-04-08T08:16:14","slug":"des-oiseaux-11","status":"publish","type":"product","link":"https:\/\/librairie7l.com\/en\/produit\/des-oiseaux-11\/","title":{"rendered":"DES OISEAUX"},"content":{"rendered":"<p>Chez Mario Giacomelli, les oiseaux ne sont jamais de simples motifs : ils sont l&#8217;un des territoires o\u00f9 se joue sa vision du monde, \u00e0 la fois lyrique, abrupte et boulevers\u00e9e par la fragilit\u00e9 du vivant.<br \/>\nDes paysages agricoles des Marches aux plaines balay\u00e9es par le vent, Giacomelli r\u00e9v\u00e8le leur pr\u00e9sence comme une \u00e9criture faite de traces, de surgissements et d&#8217;effacements. Souvent saisis en plein vol, parfois r\u00e9duits \u00e0 des silhouettes d&#8217;encre sur un ciel surexpos\u00e9, les oiseaux deviennent des signes graphiques, presque calligraphiques, o\u00f9 se lit le dialogue constant entre l&#8217;ordre naturel et le d\u00e9sordre du geste humain. Dans ces images, le noir et blanc extr\u00eame &#8211; caract\u00e9ristique de son style &#8211; renforce la tension entre apparition et disparition. Le contraste violent n&#8217;est pas un effet esth\u00e9tique, mais la traduction d&#8217;un rapport intense au r\u00e9el : pour Mario Giacomelli, photographier consiste \u00e0 faire advenir une \u00e9motion brute, d\u00e9barrass\u00e9e de toute tentation documentaire. Les oiseaux, pris dans une vibration presque picturale, \u00e9voquent alors des pr\u00e9sences primitives, des totems fragiles en \u00e9quilibre dans un monde rural en mutation. \u00c0 leur mani\u00e8re, ces images prolongent l&#8217;un des grands th\u00e8mes du photographe italien : l&#8217;inscription du passage du temps sur la terre. L&#8217;oiseau, figure de libert\u00e9 mais aussi de pr\u00e9carit\u00e9, devient ainsi le miroir de l&#8217;existence humaine, fugace, r\u00e9p\u00e9titive, toujours recommenc\u00e9e. Les lignes obliques du paysage, les sillons trac\u00e9s par la charrue, les ombres port\u00e9es qui strient les champs composent une partition o\u00f9 le vol des oiseaux introduit une respiration, un rythme, une forme de gr\u00e2ce inattendue. C&#8217;est cette puissance d&#8217;invention &#8211; presque visionnaire &#8211; qui fait de son travail un jalon essentiel de la photographie europ\u00e9enne du xxe si\u00e8cle.<\/p>\n","protected":false},"excerpt":{"rendered":"<p>Chez Mario Giacomelli, les oiseaux ne sont jamais de simples motifs : ils sont l&#8217;un des territoires o\u00f9 se joue sa vision du monde, \u00e0 la fois lyrique, abrupte et boulevers\u00e9e par la fragilit\u00e9 du vivant. Des paysages agricoles des Marches aux plaines balay\u00e9es par le vent, Giacomelli r\u00e9v\u00e8le leur pr\u00e9sence comme une \u00e9criture faite [&hellip;]<\/p>\n","protected":false},"featured_media":56186,"template":"","meta":[],"product_cat":[2948],"product_tag":[],"acf":[],"yoast_head":"<!-- This site is optimized with the Yoast SEO plugin v20.11 - https:\/\/yoast.com\/wordpress\/plugins\/seo\/ -->\n<title>Des oiseaux - Librairie 7L<\/title>\n<meta name=\"robots\" content=\"index, follow, max-snippet:-1, max-image-preview:large, max-video-preview:-1\" \/>\n<link rel=\"canonical\" href=\"https:\/\/librairie7l.com\/en\/produit\/des-oiseaux-11\/\" \/>\n<meta property=\"og:locale\" content=\"en_US\" \/>\n<meta property=\"og:type\" content=\"article\" \/>\n<meta property=\"og:title\" content=\"Des oiseaux - Librairie 7L\" \/>\n<meta property=\"og:description\" content=\"Chez Mario Giacomelli, les oiseaux ne sont jamais de simples motifs : ils sont l&#8217;un des territoires o\u00f9 se joue sa vision du monde, \u00e0 la fois lyrique, abrupte et boulevers\u00e9e par la fragilit\u00e9 du vivant. Des paysages agricoles des Marches aux plaines balay\u00e9es par le vent, Giacomelli r\u00e9v\u00e8le leur pr\u00e9sence comme une \u00e9criture faite [&hellip;]\" \/>\n<meta property=\"og:url\" content=\"https:\/\/librairie7l.com\/en\/produit\/des-oiseaux-11\/\" \/>\n<meta property=\"og:site_name\" content=\"Librairie 7L\" \/>\n<meta property=\"og:image\" content=\"https:\/\/librairie7l.com\/wp-content\/uploads\/2025\/12\/9782365114721_1_75.jpg\" \/>\n\t<meta property=\"og:image:width\" content=\"600\" \/>\n\t<meta property=\"og:image:height\" content=\"776\" \/>\n\t<meta property=\"og:image:type\" content=\"image\/jpeg\" \/>\n<meta name=\"twitter:card\" content=\"summary_large_image\" \/>\n<meta name=\"twitter:label1\" content=\"Est. reading time\" \/>\n\t<meta name=\"twitter:data1\" content=\"1 minute\" \/>\n<script type=\"application\/ld+json\" class=\"yoast-schema-graph\">{\"@context\":\"https:\/\/schema.org\",\"@graph\":[{\"@type\":\"WebPage\",\"@id\":\"https:\/\/librairie7l.com\/en\/produit\/des-oiseaux-11\/\",\"url\":\"https:\/\/librairie7l.com\/en\/produit\/des-oiseaux-11\/\",\"name\":\"Des oiseaux - Librairie 7L\",\"isPartOf\":{\"@id\":\"https:\/\/librairie7l.com\/en\/#website\"},\"datePublished\":\"2026-04-08T08:16:14+00:00\",\"dateModified\":\"2026-04-08T08:16:14+00:00\",\"breadcrumb\":{\"@id\":\"https:\/\/librairie7l.com\/en\/produit\/des-oiseaux-11\/#breadcrumb\"},\"inLanguage\":\"en-US\",\"potentialAction\":[{\"@type\":\"ReadAction\",\"target\":[\"https:\/\/librairie7l.com\/en\/produit\/des-oiseaux-11\/\"]}]},{\"@type\":\"BreadcrumbList\",\"@id\":\"https:\/\/librairie7l.com\/en\/produit\/des-oiseaux-11\/#breadcrumb\",\"itemListElement\":[{\"@type\":\"ListItem\",\"position\":1,\"name\":\"Accueil\",\"item\":\"https:\/\/librairie7l.com\/en\/\"},{\"@type\":\"ListItem\",\"position\":2,\"name\":\"Shop\",\"item\":\"https:\/\/librairie7l.com\/en\/shop\/\"},{\"@type\":\"ListItem\",\"position\":3,\"name\":\"DES OISEAUX\"}]},{\"@type\":\"WebSite\",\"@id\":\"https:\/\/librairie7l.com\/en\/#website\",\"url\":\"https:\/\/librairie7l.com\/en\/\",\"name\":\"Librairie 7L\",\"description\":\"Librairie fond\u00e9e en 1999 par Karl Lagerfeld \u00e0 Paris\",\"publisher\":{\"@id\":\"https:\/\/librairie7l.com\/en\/#organization\"},\"potentialAction\":[{\"@type\":\"SearchAction\",\"target\":{\"@type\":\"EntryPoint\",\"urlTemplate\":\"https:\/\/librairie7l.com\/en\/?s={search_term_string}\"},\"query-input\":\"required name=search_term_string\"}],\"inLanguage\":\"en-US\"},{\"@type\":\"Organization\",\"@id\":\"https:\/\/librairie7l.com\/en\/#organization\",\"name\":\"Librairie 7L\",\"url\":\"https:\/\/librairie7l.com\/en\/\",\"logo\":{\"@type\":\"ImageObject\",\"inLanguage\":\"en-US\",\"@id\":\"https:\/\/librairie7l.com\/en\/#\/schema\/logo\/image\/\",\"url\":\"https:\/\/librairie7l.com\/wp-content\/uploads\/2022\/08\/logo-1.png\",\"contentUrl\":\"https:\/\/librairie7l.com\/wp-content\/uploads\/2022\/08\/logo-1.png\",\"width\":227,\"height\":301,\"caption\":\"Librairie 7L\"},\"image\":{\"@id\":\"https:\/\/librairie7l.com\/en\/#\/schema\/logo\/image\/\"}}]}<\/script>\n<!-- \/ Yoast SEO plugin. -->","yoast_head_json":{"title":"Des oiseaux - Librairie 7L","robots":{"index":"index","follow":"follow","max-snippet":"max-snippet:-1","max-image-preview":"max-image-preview:large","max-video-preview":"max-video-preview:-1"},"canonical":"https:\/\/librairie7l.com\/en\/produit\/des-oiseaux-11\/","og_locale":"en_US","og_type":"article","og_title":"Des oiseaux - Librairie 7L","og_description":"Chez Mario Giacomelli, les oiseaux ne sont jamais de simples motifs : ils sont l&#8217;un des territoires o\u00f9 se joue sa vision du monde, \u00e0 la fois lyrique, abrupte et boulevers\u00e9e par la fragilit\u00e9 du vivant. Des paysages agricoles des Marches aux plaines balay\u00e9es par le vent, Giacomelli r\u00e9v\u00e8le leur pr\u00e9sence comme une \u00e9criture faite [&hellip;]","og_url":"https:\/\/librairie7l.com\/en\/produit\/des-oiseaux-11\/","og_site_name":"Librairie 7L","og_image":[{"width":600,"height":776,"url":"https:\/\/librairie7l.com\/wp-content\/uploads\/2025\/12\/9782365114721_1_75.jpg","type":"image\/jpeg"}],"twitter_card":"summary_large_image","twitter_misc":{"Est. reading time":"1 minute"},"schema":{"@context":"https:\/\/schema.org","@graph":[{"@type":"WebPage","@id":"https:\/\/librairie7l.com\/en\/produit\/des-oiseaux-11\/","url":"https:\/\/librairie7l.com\/en\/produit\/des-oiseaux-11\/","name":"Des oiseaux - Librairie 7L","isPartOf":{"@id":"https:\/\/librairie7l.com\/en\/#website"},"datePublished":"2026-04-08T08:16:14+00:00","dateModified":"2026-04-08T08:16:14+00:00","breadcrumb":{"@id":"https:\/\/librairie7l.com\/en\/produit\/des-oiseaux-11\/#breadcrumb"},"inLanguage":"en-US","potentialAction":[{"@type":"ReadAction","target":["https:\/\/librairie7l.com\/en\/produit\/des-oiseaux-11\/"]}]},{"@type":"BreadcrumbList","@id":"https:\/\/librairie7l.com\/en\/produit\/des-oiseaux-11\/#breadcrumb","itemListElement":[{"@type":"ListItem","position":1,"name":"Accueil","item":"https:\/\/librairie7l.com\/en\/"},{"@type":"ListItem","position":2,"name":"Shop","item":"https:\/\/librairie7l.com\/en\/shop\/"},{"@type":"ListItem","position":3,"name":"DES OISEAUX"}]},{"@type":"WebSite","@id":"https:\/\/librairie7l.com\/en\/#website","url":"https:\/\/librairie7l.com\/en\/","name":"Librairie 7L","description":"Librairie fond\u00e9e en 1999 par Karl Lagerfeld \u00e0 Paris","publisher":{"@id":"https:\/\/librairie7l.com\/en\/#organization"},"potentialAction":[{"@type":"SearchAction","target":{"@type":"EntryPoint","urlTemplate":"https:\/\/librairie7l.com\/en\/?s={search_term_string}"},"query-input":"required name=search_term_string"}],"inLanguage":"en-US"},{"@type":"Organization","@id":"https:\/\/librairie7l.com\/en\/#organization","name":"Librairie 7L","url":"https:\/\/librairie7l.com\/en\/","logo":{"@type":"ImageObject","inLanguage":"en-US","@id":"https:\/\/librairie7l.com\/en\/#\/schema\/logo\/image\/","url":"https:\/\/librairie7l.com\/wp-content\/uploads\/2022\/08\/logo-1.png","contentUrl":"https:\/\/librairie7l.com\/wp-content\/uploads\/2022\/08\/logo-1.png","width":227,"height":301,"caption":"Librairie 7L"},"image":{"@id":"https:\/\/librairie7l.com\/en\/#\/schema\/logo\/image\/"}}]}},"_links":{"self":[{"href":"https:\/\/librairie7l.com\/en\/wp-json\/wp\/v2\/product\/56188"}],"collection":[{"href":"https:\/\/librairie7l.com\/en\/wp-json\/wp\/v2\/product"}],"about":[{"href":"https:\/\/librairie7l.com\/en\/wp-json\/wp\/v2\/types\/product"}],"wp:featuredmedia":[{"embeddable":true,"href":"https:\/\/librairie7l.com\/en\/wp-json\/wp\/v2\/media\/56186"}],"wp:attachment":[{"href":"https:\/\/librairie7l.com\/en\/wp-json\/wp\/v2\/media?parent=56188"}],"wp:term":[{"taxonomy":"product_cat","embeddable":true,"href":"https:\/\/librairie7l.com\/en\/wp-json\/wp\/v2\/product_cat?post=56188"},{"taxonomy":"product_tag","embeddable":true,"href":"https:\/\/librairie7l.com\/en\/wp-json\/wp\/v2\/product_tag?post=56188"}],"curies":[{"name":"wp","href":"https:\/\/api.w.org\/{rel}","templated":true}]}}