{"id":56192,"date":"2026-04-08T12:05:55","date_gmt":"2026-04-08T10:05:55","guid":{"rendered":"https:\/\/librairie7l.com\/?post_type=product&#038;p=56192"},"modified":"2026-04-08T16:04:29","modified_gmt":"2026-04-08T14:04:29","slug":"the-1000-posters-book-by-stedelijk-museum-2","status":"publish","type":"product","link":"https:\/\/librairie7l.com\/en\/produit\/the-1000-posters-book-by-stedelijk-museum-2\/","title":{"rendered":"THE 1000 POSTERS BOOK BY STEDELIJK MUSEUM"},"content":{"rendered":"<p>Le mus\u00e9e Stedelijk dAmsterdam d\u00e9tient une collection impressionnante de plus de 100affiches. Ce livre en montre une s\u00e9lection de 1000, comme une exploration de la narration visuelle, des diff\u00e9rents courants de conception graphique et en fait une histoire culturelle du XIXe si\u00e8cle \u00e0 nos jours. Il propose une regard unique sur l\u00e9volution du design graphique aux Pays-Bas et bien au-del\u00e0.<\/p>\n","protected":false},"excerpt":{"rendered":"<p>Le mus\u00e9e Stedelijk dAmsterdam d\u00e9tient une collection impressionnante de plus de 100affiches. Ce livre en montre une s\u00e9lection de 1000, comme une exploration de la narration visuelle, des diff\u00e9rents courants de conception graphique et en fait une histoire culturelle du XIXe si\u00e8cle \u00e0 nos jours. Il propose une regard unique sur l\u00e9volution du design graphique [&hellip;]<\/p>\n","protected":false},"featured_media":56190,"template":"","meta":[],"product_cat":[7364,2948],"product_tag":[],"acf":[],"yoast_head":"<!-- This site is optimized with the Yoast SEO plugin v20.11 - https:\/\/yoast.com\/wordpress\/plugins\/seo\/ -->\n<title>The 1000 Posters Book by Stedelijk Museum - Librairie 7L<\/title>\n<meta name=\"robots\" content=\"index, follow, max-snippet:-1, max-image-preview:large, max-video-preview:-1\" \/>\n<link rel=\"canonical\" href=\"https:\/\/librairie7l.com\/en\/produit\/the-1000-posters-book-by-stedelijk-museum-2\/\" \/>\n<meta property=\"og:locale\" content=\"en_US\" \/>\n<meta property=\"og:type\" content=\"article\" \/>\n<meta property=\"og:title\" content=\"The 1000 Posters Book by Stedelijk Museum - Librairie 7L\" \/>\n<meta property=\"og:description\" content=\"Le mus\u00e9e Stedelijk dAmsterdam d\u00e9tient une collection impressionnante de plus de 100affiches. Ce livre en montre une s\u00e9lection de 1000, comme une exploration de la narration visuelle, des diff\u00e9rents courants de conception graphique et en fait une histoire culturelle du XIXe si\u00e8cle \u00e0 nos jours. Il propose une regard unique sur l\u00e9volution du design graphique [&hellip;]\" \/>\n<meta property=\"og:url\" content=\"https:\/\/librairie7l.com\/en\/produit\/the-1000-posters-book-by-stedelijk-museum-2\/\" \/>\n<meta property=\"og:site_name\" content=\"Librairie 7L\" \/>\n<meta property=\"article:modified_time\" content=\"2026-04-08T14:04:29+00:00\" \/>\n<meta property=\"og:image\" content=\"https:\/\/librairie7l.com\/wp-content\/uploads\/2025\/03\/9789493416123_1_75.jpg\" \/>\n\t<meta property=\"og:image:width\" content=\"353\" \/>\n\t<meta property=\"og:image:height\" content=\"500\" \/>\n\t<meta property=\"og:image:type\" content=\"image\/jpeg\" \/>\n<meta name=\"twitter:card\" content=\"summary_large_image\" \/>\n<script type=\"application\/ld+json\" class=\"yoast-schema-graph\">{\"@context\":\"https:\/\/schema.org\",\"@graph\":[{\"@type\":\"WebPage\",\"@id\":\"https:\/\/librairie7l.com\/en\/produit\/the-1000-posters-book-by-stedelijk-museum-2\/\",\"url\":\"https:\/\/librairie7l.com\/en\/produit\/the-1000-posters-book-by-stedelijk-museum-2\/\",\"name\":\"The 1000 Posters Book by Stedelijk Museum - Librairie 7L\",\"isPartOf\":{\"@id\":\"https:\/\/librairie7l.com\/en\/#website\"},\"datePublished\":\"2026-04-08T10:05:55+00:00\",\"dateModified\":\"2026-04-08T14:04:29+00:00\",\"breadcrumb\":{\"@id\":\"https:\/\/librairie7l.com\/en\/produit\/the-1000-posters-book-by-stedelijk-museum-2\/#breadcrumb\"},\"inLanguage\":\"en-US\",\"potentialAction\":[{\"@type\":\"ReadAction\",\"target\":[\"https:\/\/librairie7l.com\/en\/produit\/the-1000-posters-book-by-stedelijk-museum-2\/\"]}]},{\"@type\":\"BreadcrumbList\",\"@id\":\"https:\/\/librairie7l.com\/en\/produit\/the-1000-posters-book-by-stedelijk-museum-2\/#breadcrumb\",\"itemListElement\":[{\"@type\":\"ListItem\",\"position\":1,\"name\":\"Accueil\",\"item\":\"https:\/\/librairie7l.com\/en\/\"},{\"@type\":\"ListItem\",\"position\":2,\"name\":\"Shop\",\"item\":\"https:\/\/librairie7l.com\/en\/shop\/\"},{\"@type\":\"ListItem\",\"position\":3,\"name\":\"THE 1000 POSTERS BOOK BY STEDELIJK MUSEUM\"}]},{\"@type\":\"WebSite\",\"@id\":\"https:\/\/librairie7l.com\/en\/#website\",\"url\":\"https:\/\/librairie7l.com\/en\/\",\"name\":\"Librairie 7L\",\"description\":\"Librairie fond\u00e9e en 1999 par Karl Lagerfeld \u00e0 Paris\",\"publisher\":{\"@id\":\"https:\/\/librairie7l.com\/en\/#organization\"},\"potentialAction\":[{\"@type\":\"SearchAction\",\"target\":{\"@type\":\"EntryPoint\",\"urlTemplate\":\"https:\/\/librairie7l.com\/en\/?s={search_term_string}\"},\"query-input\":\"required name=search_term_string\"}],\"inLanguage\":\"en-US\"},{\"@type\":\"Organization\",\"@id\":\"https:\/\/librairie7l.com\/en\/#organization\",\"name\":\"Librairie 7L\",\"url\":\"https:\/\/librairie7l.com\/en\/\",\"logo\":{\"@type\":\"ImageObject\",\"inLanguage\":\"en-US\",\"@id\":\"https:\/\/librairie7l.com\/en\/#\/schema\/logo\/image\/\",\"url\":\"https:\/\/librairie7l.com\/wp-content\/uploads\/2022\/08\/logo-1.png\",\"contentUrl\":\"https:\/\/librairie7l.com\/wp-content\/uploads\/2022\/08\/logo-1.png\",\"width\":227,\"height\":301,\"caption\":\"Librairie 7L\"},\"image\":{\"@id\":\"https:\/\/librairie7l.com\/en\/#\/schema\/logo\/image\/\"}}]}<\/script>\n<!-- \/ Yoast SEO plugin. -->","yoast_head_json":{"title":"The 1000 Posters Book by Stedelijk Museum - Librairie 7L","robots":{"index":"index","follow":"follow","max-snippet":"max-snippet:-1","max-image-preview":"max-image-preview:large","max-video-preview":"max-video-preview:-1"},"canonical":"https:\/\/librairie7l.com\/en\/produit\/the-1000-posters-book-by-stedelijk-museum-2\/","og_locale":"en_US","og_type":"article","og_title":"The 1000 Posters Book by Stedelijk Museum - Librairie 7L","og_description":"Le mus\u00e9e Stedelijk dAmsterdam d\u00e9tient une collection impressionnante de plus de 100affiches. Ce livre en montre une s\u00e9lection de 1000, comme une exploration de la narration visuelle, des diff\u00e9rents courants de conception graphique et en fait une histoire culturelle du XIXe si\u00e8cle \u00e0 nos jours. Il propose une regard unique sur l\u00e9volution du design graphique [&hellip;]","og_url":"https:\/\/librairie7l.com\/en\/produit\/the-1000-posters-book-by-stedelijk-museum-2\/","og_site_name":"Librairie 7L","article_modified_time":"2026-04-08T14:04:29+00:00","og_image":[{"width":353,"height":500,"url":"https:\/\/librairie7l.com\/wp-content\/uploads\/2025\/03\/9789493416123_1_75.jpg","type":"image\/jpeg"}],"twitter_card":"summary_large_image","schema":{"@context":"https:\/\/schema.org","@graph":[{"@type":"WebPage","@id":"https:\/\/librairie7l.com\/en\/produit\/the-1000-posters-book-by-stedelijk-museum-2\/","url":"https:\/\/librairie7l.com\/en\/produit\/the-1000-posters-book-by-stedelijk-museum-2\/","name":"The 1000 Posters Book by Stedelijk Museum - Librairie 7L","isPartOf":{"@id":"https:\/\/librairie7l.com\/en\/#website"},"datePublished":"2026-04-08T10:05:55+00:00","dateModified":"2026-04-08T14:04:29+00:00","breadcrumb":{"@id":"https:\/\/librairie7l.com\/en\/produit\/the-1000-posters-book-by-stedelijk-museum-2\/#breadcrumb"},"inLanguage":"en-US","potentialAction":[{"@type":"ReadAction","target":["https:\/\/librairie7l.com\/en\/produit\/the-1000-posters-book-by-stedelijk-museum-2\/"]}]},{"@type":"BreadcrumbList","@id":"https:\/\/librairie7l.com\/en\/produit\/the-1000-posters-book-by-stedelijk-museum-2\/#breadcrumb","itemListElement":[{"@type":"ListItem","position":1,"name":"Accueil","item":"https:\/\/librairie7l.com\/en\/"},{"@type":"ListItem","position":2,"name":"Shop","item":"https:\/\/librairie7l.com\/en\/shop\/"},{"@type":"ListItem","position":3,"name":"THE 1000 POSTERS BOOK BY STEDELIJK MUSEUM"}]},{"@type":"WebSite","@id":"https:\/\/librairie7l.com\/en\/#website","url":"https:\/\/librairie7l.com\/en\/","name":"Librairie 7L","description":"Librairie fond\u00e9e en 1999 par Karl Lagerfeld \u00e0 Paris","publisher":{"@id":"https:\/\/librairie7l.com\/en\/#organization"},"potentialAction":[{"@type":"SearchAction","target":{"@type":"EntryPoint","urlTemplate":"https:\/\/librairie7l.com\/en\/?s={search_term_string}"},"query-input":"required name=search_term_string"}],"inLanguage":"en-US"},{"@type":"Organization","@id":"https:\/\/librairie7l.com\/en\/#organization","name":"Librairie 7L","url":"https:\/\/librairie7l.com\/en\/","logo":{"@type":"ImageObject","inLanguage":"en-US","@id":"https:\/\/librairie7l.com\/en\/#\/schema\/logo\/image\/","url":"https:\/\/librairie7l.com\/wp-content\/uploads\/2022\/08\/logo-1.png","contentUrl":"https:\/\/librairie7l.com\/wp-content\/uploads\/2022\/08\/logo-1.png","width":227,"height":301,"caption":"Librairie 7L"},"image":{"@id":"https:\/\/librairie7l.com\/en\/#\/schema\/logo\/image\/"}}]}},"_links":{"self":[{"href":"https:\/\/librairie7l.com\/en\/wp-json\/wp\/v2\/product\/56192"}],"collection":[{"href":"https:\/\/librairie7l.com\/en\/wp-json\/wp\/v2\/product"}],"about":[{"href":"https:\/\/librairie7l.com\/en\/wp-json\/wp\/v2\/types\/product"}],"wp:featuredmedia":[{"embeddable":true,"href":"https:\/\/librairie7l.com\/en\/wp-json\/wp\/v2\/media\/56190"}],"wp:attachment":[{"href":"https:\/\/librairie7l.com\/en\/wp-json\/wp\/v2\/media?parent=56192"}],"wp:term":[{"taxonomy":"product_cat","embeddable":true,"href":"https:\/\/librairie7l.com\/en\/wp-json\/wp\/v2\/product_cat?post=56192"},{"taxonomy":"product_tag","embeddable":true,"href":"https:\/\/librairie7l.com\/en\/wp-json\/wp\/v2\/product_tag?post=56192"}],"curies":[{"name":"wp","href":"https:\/\/api.w.org\/{rel}","templated":true}]}}