{"id":56240,"date":"2026-04-10T10:16:18","date_gmt":"2026-04-10T08:16:18","guid":{"rendered":"https:\/\/librairie7l.com\/?post_type=product&#038;p=56240"},"modified":"2026-04-10T14:03:36","modified_gmt":"2026-04-10T12:03:36","slug":"le-mystere-de-la-porcelaine-bleue-quand-la-france-des-lumieres-espionnait-la-chine-des-qing-2","status":"publish","type":"product","link":"https:\/\/librairie7l.com\/en\/produit\/le-mystere-de-la-porcelaine-bleue-quand-la-france-des-lumieres-espionnait-la-chine-des-qing-2\/","title":{"rendered":"LE MYST\u00c8RE DE LA PORCELAINE BLEUE : QUAND LA FRANCE DES LUMI\u00c8RES ESPIONNAIT LA CHINE DES QING"},"content":{"rendered":"<p>Papier peint, porcelaine, soieries, pagodes, les chinoiseries sont partout dans la France des Lumi\u00e8res. Louis XV et son ministre Bertin cherchent par tous les moyens \u00e0 percer les secrets du savoir-faire de la Chine pour am\u00e9liorer la production fran\u00e7aise \u00e0 l&#8217;aube de l&#8217;industrialisation europ\u00e9enne. Les j\u00e9suites envoy\u00e9s en mission dans cet empire si ferm\u00e9 aux \u00e9trangers ne feront pas qu&#8217;\u00e9vang\u00e9liser les populations, ils se feront aussi les espions d&#8217;une monarchie fran\u00e7aise \u00e0 la vis\u00e9e imp\u00e9rialiste. Une histoire \u00e9tonnante, \u00e0 rebours de l&#8217;image traditionnelle d&#8217;une Chine qui se serait inspir\u00e9e de l&#8217;Occident.<\/p>\n","protected":false},"excerpt":{"rendered":"<p>Papier peint, porcelaine, soieries, pagodes, les chinoiseries sont partout dans la France des Lumi\u00e8res. Louis XV et son ministre Bertin cherchent par tous les moyens \u00e0 percer les secrets du savoir-faire de la Chine pour am\u00e9liorer la production fran\u00e7aise \u00e0 l&#8217;aube de l&#8217;industrialisation europ\u00e9enne. Les j\u00e9suites envoy\u00e9s en mission dans cet empire si ferm\u00e9 aux [&hellip;]<\/p>\n","protected":false},"featured_media":56238,"template":"","meta":[],"product_cat":[2948],"product_tag":[],"acf":[],"yoast_head":"<!-- This site is optimized with the Yoast SEO plugin v20.11 - https:\/\/yoast.com\/wordpress\/plugins\/seo\/ -->\n<title>Le myst\u00e8re de la porcelaine bleue : Quand la France des Lumi\u00e8res espionnait la Chine des Qing - Librairie 7L<\/title>\n<meta name=\"robots\" content=\"index, follow, max-snippet:-1, max-image-preview:large, max-video-preview:-1\" \/>\n<link rel=\"canonical\" href=\"https:\/\/librairie7l.com\/en\/produit\/le-mystere-de-la-porcelaine-bleue-quand-la-france-des-lumieres-espionnait-la-chine-des-qing-2\/\" \/>\n<meta property=\"og:locale\" content=\"en_US\" \/>\n<meta property=\"og:type\" content=\"article\" \/>\n<meta property=\"og:title\" content=\"Le myst\u00e8re de la porcelaine bleue : Quand la France des Lumi\u00e8res espionnait la Chine des Qing - Librairie 7L\" \/>\n<meta property=\"og:description\" content=\"Papier peint, porcelaine, soieries, pagodes, les chinoiseries sont partout dans la France des Lumi\u00e8res. Louis XV et son ministre Bertin cherchent par tous les moyens \u00e0 percer les secrets du savoir-faire de la Chine pour am\u00e9liorer la production fran\u00e7aise \u00e0 l&#8217;aube de l&#8217;industrialisation europ\u00e9enne. Les j\u00e9suites envoy\u00e9s en mission dans cet empire si ferm\u00e9 aux [&hellip;]\" \/>\n<meta property=\"og:url\" content=\"https:\/\/librairie7l.com\/en\/produit\/le-mystere-de-la-porcelaine-bleue-quand-la-france-des-lumieres-espionnait-la-chine-des-qing-2\/\" \/>\n<meta property=\"og:site_name\" content=\"Librairie 7L\" \/>\n<meta property=\"article:modified_time\" content=\"2026-04-10T12:03:36+00:00\" \/>\n<meta property=\"og:image\" content=\"https:\/\/librairie7l.com\/wp-content\/uploads\/2025\/10\/9782228941204_1_75.jpg\" \/>\n\t<meta property=\"og:image:width\" content=\"600\" \/>\n\t<meta property=\"og:image:height\" content=\"910\" \/>\n\t<meta property=\"og:image:type\" content=\"image\/jpeg\" \/>\n<meta name=\"twitter:card\" content=\"summary_large_image\" \/>\n<script type=\"application\/ld+json\" class=\"yoast-schema-graph\">{\"@context\":\"https:\/\/schema.org\",\"@graph\":[{\"@type\":\"WebPage\",\"@id\":\"https:\/\/librairie7l.com\/en\/produit\/le-mystere-de-la-porcelaine-bleue-quand-la-france-des-lumieres-espionnait-la-chine-des-qing-2\/\",\"url\":\"https:\/\/librairie7l.com\/en\/produit\/le-mystere-de-la-porcelaine-bleue-quand-la-france-des-lumieres-espionnait-la-chine-des-qing-2\/\",\"name\":\"Le myst\u00e8re de la porcelaine bleue : Quand la France des Lumi\u00e8res espionnait la Chine des Qing - Librairie 7L\",\"isPartOf\":{\"@id\":\"https:\/\/librairie7l.com\/en\/#website\"},\"datePublished\":\"2026-04-10T08:16:18+00:00\",\"dateModified\":\"2026-04-10T12:03:36+00:00\",\"breadcrumb\":{\"@id\":\"https:\/\/librairie7l.com\/en\/produit\/le-mystere-de-la-porcelaine-bleue-quand-la-france-des-lumieres-espionnait-la-chine-des-qing-2\/#breadcrumb\"},\"inLanguage\":\"en-US\",\"potentialAction\":[{\"@type\":\"ReadAction\",\"target\":[\"https:\/\/librairie7l.com\/en\/produit\/le-mystere-de-la-porcelaine-bleue-quand-la-france-des-lumieres-espionnait-la-chine-des-qing-2\/\"]}]},{\"@type\":\"BreadcrumbList\",\"@id\":\"https:\/\/librairie7l.com\/en\/produit\/le-mystere-de-la-porcelaine-bleue-quand-la-france-des-lumieres-espionnait-la-chine-des-qing-2\/#breadcrumb\",\"itemListElement\":[{\"@type\":\"ListItem\",\"position\":1,\"name\":\"Accueil\",\"item\":\"https:\/\/librairie7l.com\/en\/\"},{\"@type\":\"ListItem\",\"position\":2,\"name\":\"Shop\",\"item\":\"https:\/\/librairie7l.com\/en\/shop\/\"},{\"@type\":\"ListItem\",\"position\":3,\"name\":\"LE MYST\u00c8RE DE LA PORCELAINE BLEUE : QUAND LA FRANCE DES LUMI\u00c8RES ESPIONNAIT LA CHINE DES QING\"}]},{\"@type\":\"WebSite\",\"@id\":\"https:\/\/librairie7l.com\/en\/#website\",\"url\":\"https:\/\/librairie7l.com\/en\/\",\"name\":\"Librairie 7L\",\"description\":\"Librairie fond\u00e9e en 1999 par Karl Lagerfeld \u00e0 Paris\",\"publisher\":{\"@id\":\"https:\/\/librairie7l.com\/en\/#organization\"},\"potentialAction\":[{\"@type\":\"SearchAction\",\"target\":{\"@type\":\"EntryPoint\",\"urlTemplate\":\"https:\/\/librairie7l.com\/en\/?s={search_term_string}\"},\"query-input\":\"required name=search_term_string\"}],\"inLanguage\":\"en-US\"},{\"@type\":\"Organization\",\"@id\":\"https:\/\/librairie7l.com\/en\/#organization\",\"name\":\"Librairie 7L\",\"url\":\"https:\/\/librairie7l.com\/en\/\",\"logo\":{\"@type\":\"ImageObject\",\"inLanguage\":\"en-US\",\"@id\":\"https:\/\/librairie7l.com\/en\/#\/schema\/logo\/image\/\",\"url\":\"https:\/\/librairie7l.com\/wp-content\/uploads\/2022\/08\/logo-1.png\",\"contentUrl\":\"https:\/\/librairie7l.com\/wp-content\/uploads\/2022\/08\/logo-1.png\",\"width\":227,\"height\":301,\"caption\":\"Librairie 7L\"},\"image\":{\"@id\":\"https:\/\/librairie7l.com\/en\/#\/schema\/logo\/image\/\"}}]}<\/script>\n<!-- \/ Yoast SEO plugin. -->","yoast_head_json":{"title":"Le myst\u00e8re de la porcelaine bleue : Quand la France des Lumi\u00e8res espionnait la Chine des Qing - Librairie 7L","robots":{"index":"index","follow":"follow","max-snippet":"max-snippet:-1","max-image-preview":"max-image-preview:large","max-video-preview":"max-video-preview:-1"},"canonical":"https:\/\/librairie7l.com\/en\/produit\/le-mystere-de-la-porcelaine-bleue-quand-la-france-des-lumieres-espionnait-la-chine-des-qing-2\/","og_locale":"en_US","og_type":"article","og_title":"Le myst\u00e8re de la porcelaine bleue : Quand la France des Lumi\u00e8res espionnait la Chine des Qing - Librairie 7L","og_description":"Papier peint, porcelaine, soieries, pagodes, les chinoiseries sont partout dans la France des Lumi\u00e8res. Louis XV et son ministre Bertin cherchent par tous les moyens \u00e0 percer les secrets du savoir-faire de la Chine pour am\u00e9liorer la production fran\u00e7aise \u00e0 l&#8217;aube de l&#8217;industrialisation europ\u00e9enne. Les j\u00e9suites envoy\u00e9s en mission dans cet empire si ferm\u00e9 aux [&hellip;]","og_url":"https:\/\/librairie7l.com\/en\/produit\/le-mystere-de-la-porcelaine-bleue-quand-la-france-des-lumieres-espionnait-la-chine-des-qing-2\/","og_site_name":"Librairie 7L","article_modified_time":"2026-04-10T12:03:36+00:00","og_image":[{"width":600,"height":910,"url":"https:\/\/librairie7l.com\/wp-content\/uploads\/2025\/10\/9782228941204_1_75.jpg","type":"image\/jpeg"}],"twitter_card":"summary_large_image","schema":{"@context":"https:\/\/schema.org","@graph":[{"@type":"WebPage","@id":"https:\/\/librairie7l.com\/en\/produit\/le-mystere-de-la-porcelaine-bleue-quand-la-france-des-lumieres-espionnait-la-chine-des-qing-2\/","url":"https:\/\/librairie7l.com\/en\/produit\/le-mystere-de-la-porcelaine-bleue-quand-la-france-des-lumieres-espionnait-la-chine-des-qing-2\/","name":"Le myst\u00e8re de la porcelaine bleue : Quand la France des Lumi\u00e8res espionnait la Chine des Qing - Librairie 7L","isPartOf":{"@id":"https:\/\/librairie7l.com\/en\/#website"},"datePublished":"2026-04-10T08:16:18+00:00","dateModified":"2026-04-10T12:03:36+00:00","breadcrumb":{"@id":"https:\/\/librairie7l.com\/en\/produit\/le-mystere-de-la-porcelaine-bleue-quand-la-france-des-lumieres-espionnait-la-chine-des-qing-2\/#breadcrumb"},"inLanguage":"en-US","potentialAction":[{"@type":"ReadAction","target":["https:\/\/librairie7l.com\/en\/produit\/le-mystere-de-la-porcelaine-bleue-quand-la-france-des-lumieres-espionnait-la-chine-des-qing-2\/"]}]},{"@type":"BreadcrumbList","@id":"https:\/\/librairie7l.com\/en\/produit\/le-mystere-de-la-porcelaine-bleue-quand-la-france-des-lumieres-espionnait-la-chine-des-qing-2\/#breadcrumb","itemListElement":[{"@type":"ListItem","position":1,"name":"Accueil","item":"https:\/\/librairie7l.com\/en\/"},{"@type":"ListItem","position":2,"name":"Shop","item":"https:\/\/librairie7l.com\/en\/shop\/"},{"@type":"ListItem","position":3,"name":"LE MYST\u00c8RE DE LA PORCELAINE BLEUE : QUAND LA FRANCE DES LUMI\u00c8RES ESPIONNAIT LA CHINE DES QING"}]},{"@type":"WebSite","@id":"https:\/\/librairie7l.com\/en\/#website","url":"https:\/\/librairie7l.com\/en\/","name":"Librairie 7L","description":"Librairie fond\u00e9e en 1999 par Karl Lagerfeld \u00e0 Paris","publisher":{"@id":"https:\/\/librairie7l.com\/en\/#organization"},"potentialAction":[{"@type":"SearchAction","target":{"@type":"EntryPoint","urlTemplate":"https:\/\/librairie7l.com\/en\/?s={search_term_string}"},"query-input":"required name=search_term_string"}],"inLanguage":"en-US"},{"@type":"Organization","@id":"https:\/\/librairie7l.com\/en\/#organization","name":"Librairie 7L","url":"https:\/\/librairie7l.com\/en\/","logo":{"@type":"ImageObject","inLanguage":"en-US","@id":"https:\/\/librairie7l.com\/en\/#\/schema\/logo\/image\/","url":"https:\/\/librairie7l.com\/wp-content\/uploads\/2022\/08\/logo-1.png","contentUrl":"https:\/\/librairie7l.com\/wp-content\/uploads\/2022\/08\/logo-1.png","width":227,"height":301,"caption":"Librairie 7L"},"image":{"@id":"https:\/\/librairie7l.com\/en\/#\/schema\/logo\/image\/"}}]}},"_links":{"self":[{"href":"https:\/\/librairie7l.com\/en\/wp-json\/wp\/v2\/product\/56240"}],"collection":[{"href":"https:\/\/librairie7l.com\/en\/wp-json\/wp\/v2\/product"}],"about":[{"href":"https:\/\/librairie7l.com\/en\/wp-json\/wp\/v2\/types\/product"}],"wp:featuredmedia":[{"embeddable":true,"href":"https:\/\/librairie7l.com\/en\/wp-json\/wp\/v2\/media\/56238"}],"wp:attachment":[{"href":"https:\/\/librairie7l.com\/en\/wp-json\/wp\/v2\/media?parent=56240"}],"wp:term":[{"taxonomy":"product_cat","embeddable":true,"href":"https:\/\/librairie7l.com\/en\/wp-json\/wp\/v2\/product_cat?post=56240"},{"taxonomy":"product_tag","embeddable":true,"href":"https:\/\/librairie7l.com\/en\/wp-json\/wp\/v2\/product_tag?post=56240"}],"curies":[{"name":"wp","href":"https:\/\/api.w.org\/{rel}","templated":true}]}}