{"id":56244,"date":"2026-04-10T10:16:21","date_gmt":"2026-04-10T08:16:21","guid":{"rendered":"https:\/\/librairie7l.com\/?post_type=product&#038;p=56244"},"modified":"2026-04-10T14:08:42","modified_gmt":"2026-04-10T12:08:42","slug":"henry-taylor-musee-national-picasso-paris-2","status":"publish","type":"product","link":"https:\/\/librairie7l.com\/en\/produit\/henry-taylor-musee-national-picasso-paris-2\/","title":{"rendered":"HENRY TAYLOR : MUS\u00c9E NATIONAL PICASSO-PARIS"},"content":{"rendered":"<p>Catalogue de l&#8217;exposition, Henry Taylor, au Mus\u00e9e national Picasso-Paris, du 8 avril \u00e0 septembre 2026<\/p>\n<p>Henry Taylor, n\u00e9 en 1958, est l&#8217;une des figures majeures de la peinture am\u00e9ricaine contemporaine. Il vit et travaille \u00e0 Los Angeles, o\u00f9 il d\u00e9veloppe une oeuvre expressive et<br \/>\nengag\u00e9e. Son parcours artistique d\u00e9marre tardivement dans les ann\u00e9es 1990 alors qu&#8217;il travaille comme infirmier psychiatrique dans un h\u00f4pital. Il y d\u00e9veloppe une empathie<br \/>\net un sens de l&#8217;observation \u00e0 travers les portraits qu&#8217;il r\u00e9alise des patients. Henry Taylor se consacre principalement \u00e0 repr\u00e9senter les membres de la communaut\u00e9 noire, tout en<br \/>\n\u00e9largissant son regard \u00e0 son entourage, \u00e0 des h\u00e9ros sportifs ou \u00e0 des figures embl\u00e9matiques de la culture populaire. Dans ses oeuvres, il met en lumi\u00e8re les forces, individuelles et sociales, qui fa\u00e7onnent chacun de ses sujets, interrogeant ainsi les luttes urbaines et raciales et les enjeux politiques qui les traversent.<\/p>\n<p>L&#8217;exposition pr\u00e9vue au Mus\u00e9e national Picasso-Paris sera \u00e9labor\u00e9e en \u00e9troite collaboration avec l&#8217;artiste, adoptant une approche large et offrant par endroits une<br \/>\nperspective r\u00e9trospective. Plac\u00e9e sous le commissariat de Joanne Snrech, conservatrice au Mus\u00e9e national Picasso-Paris, cette pr\u00e9sentation s&#8217;inscrit dans les recherches et<br \/>\nl&#8217;exploration men\u00e9es par l&#8217;institution autour de l&#8217;influence et de la r\u00e9ception de Picasso sur la sc\u00e8ne artistique am\u00e9ricaine. Elle prolonge ainsi un cycle d&#8217;expositions, initi\u00e9 avec Faith Ringgold en 2023, poursuivi avec Jackson Pollock en 2024, puis Philip Guston en 2025.<br \/>\nElle ouvrira \u00e9galement la voie \u00e0 la grande r\u00e9trospective d\u00e9di\u00e9e au mouvement de la Harlem Renaissance, pr\u00e9vue pour le printemps 2027, affirmant la volont\u00e9 du mus\u00e9e d&#8217;\u00e9largir et de renouveler la lecture de la sc\u00e8ne artistique am\u00e9ricaine.<br \/>\nLe catalogue de l&#8217;exposition sera compos\u00e9 d&#8217;un texte de pr\u00e9sentation du parcours de l&#8217;artiste par la commissaire, Joanne Snrech ; d&#8217;un entretien entre C\u00e9cile Debray et Henry<br \/>\nTaylor ; d&#8217;un texte d&#8217;histoire de l&#8217;art sur la repr\u00e9sentation de l&#8217;histoire des \u00c9tats-Unis dans l&#8217;oeuvre de l&#8217;artiste par Elvan Zabunyan ; d&#8217;une reprise d&#8217;un texte de Laura Hoptman paru en 2012 pour le MoMA et d&#8217;une chronologie de Fran\u00e7ois Dareau.<\/p>\n<p>C\u00e9cile Debray est pr\u00e9sidente du Mus\u00e9e national Picasso-Paris depuis 2021. Joanne Snrech est conservatrice et commissaire de l&#8217;exposition au mus\u00e9e Picasso-Paris. Laura Hoptman est directrice ex\u00e9cutive du Drawing Center \u00e0 New York.<br \/>\nElvan Zabunyan est historienne de l&#8217;art et professeure \u00e0 l&#8217;universit\u00e9 Paris 1-Panth\u00e9on Sorbonne.<\/p>\n","protected":false},"excerpt":{"rendered":"<p>Catalogue de l&#8217;exposition, Henry Taylor, au Mus\u00e9e national Picasso-Paris, du 8 avril \u00e0 septembre 2026 Henry Taylor, n\u00e9 en 1958, est l&#8217;une des figures majeures de la peinture am\u00e9ricaine contemporaine. Il vit et travaille \u00e0 Los Angeles, o\u00f9 il d\u00e9veloppe une oeuvre expressive et engag\u00e9e. Son parcours artistique d\u00e9marre tardivement dans les ann\u00e9es 1990 alors [&hellip;]<\/p>\n","protected":false},"featured_media":56242,"template":"","meta":[],"product_cat":[2948],"product_tag":[],"acf":[],"yoast_head":"<!-- This site is optimized with the Yoast SEO plugin v20.11 - https:\/\/yoast.com\/wordpress\/plugins\/seo\/ -->\n<title>Henry Taylor : Mus\u00e9e national Picasso-Paris - Librairie 7L<\/title>\n<meta name=\"robots\" content=\"index, follow, max-snippet:-1, max-image-preview:large, max-video-preview:-1\" \/>\n<link rel=\"canonical\" href=\"https:\/\/librairie7l.com\/en\/produit\/henry-taylor-musee-national-picasso-paris-2\/\" \/>\n<meta property=\"og:locale\" content=\"en_US\" \/>\n<meta property=\"og:type\" content=\"article\" \/>\n<meta property=\"og:title\" content=\"Henry Taylor : Mus\u00e9e national Picasso-Paris - Librairie 7L\" \/>\n<meta property=\"og:description\" content=\"Catalogue de l&#8217;exposition, Henry Taylor, au Mus\u00e9e national Picasso-Paris, du 8 avril \u00e0 septembre 2026 Henry Taylor, n\u00e9 en 1958, est l&#8217;une des figures majeures de la peinture am\u00e9ricaine contemporaine. Il vit et travaille \u00e0 Los Angeles, o\u00f9 il d\u00e9veloppe une oeuvre expressive et engag\u00e9e. Son parcours artistique d\u00e9marre tardivement dans les ann\u00e9es 1990 alors [&hellip;]\" \/>\n<meta property=\"og:url\" content=\"https:\/\/librairie7l.com\/en\/produit\/henry-taylor-musee-national-picasso-paris-2\/\" \/>\n<meta property=\"og:site_name\" content=\"Librairie 7L\" \/>\n<meta property=\"article:modified_time\" content=\"2026-04-10T12:08:42+00:00\" \/>\n<meta property=\"og:image\" content=\"https:\/\/librairie7l.com\/wp-content\/uploads\/2025\/12\/9782373722451_1_75.jpg\" \/>\n\t<meta property=\"og:image:width\" content=\"600\" \/>\n\t<meta property=\"og:image:height\" content=\"745\" \/>\n\t<meta property=\"og:image:type\" content=\"image\/jpeg\" \/>\n<meta name=\"twitter:card\" content=\"summary_large_image\" \/>\n<meta name=\"twitter:label1\" content=\"Est. reading time\" \/>\n\t<meta name=\"twitter:data1\" content=\"2 minutes\" \/>\n<script type=\"application\/ld+json\" class=\"yoast-schema-graph\">{\"@context\":\"https:\/\/schema.org\",\"@graph\":[{\"@type\":\"WebPage\",\"@id\":\"https:\/\/librairie7l.com\/en\/produit\/henry-taylor-musee-national-picasso-paris-2\/\",\"url\":\"https:\/\/librairie7l.com\/en\/produit\/henry-taylor-musee-national-picasso-paris-2\/\",\"name\":\"Henry Taylor : Mus\u00e9e national Picasso-Paris - Librairie 7L\",\"isPartOf\":{\"@id\":\"https:\/\/librairie7l.com\/en\/#website\"},\"datePublished\":\"2026-04-10T08:16:21+00:00\",\"dateModified\":\"2026-04-10T12:08:42+00:00\",\"breadcrumb\":{\"@id\":\"https:\/\/librairie7l.com\/en\/produit\/henry-taylor-musee-national-picasso-paris-2\/#breadcrumb\"},\"inLanguage\":\"en-US\",\"potentialAction\":[{\"@type\":\"ReadAction\",\"target\":[\"https:\/\/librairie7l.com\/en\/produit\/henry-taylor-musee-national-picasso-paris-2\/\"]}]},{\"@type\":\"BreadcrumbList\",\"@id\":\"https:\/\/librairie7l.com\/en\/produit\/henry-taylor-musee-national-picasso-paris-2\/#breadcrumb\",\"itemListElement\":[{\"@type\":\"ListItem\",\"position\":1,\"name\":\"Accueil\",\"item\":\"https:\/\/librairie7l.com\/en\/\"},{\"@type\":\"ListItem\",\"position\":2,\"name\":\"Shop\",\"item\":\"https:\/\/librairie7l.com\/en\/shop\/\"},{\"@type\":\"ListItem\",\"position\":3,\"name\":\"HENRY TAYLOR : MUS\u00c9E NATIONAL PICASSO-PARIS\"}]},{\"@type\":\"WebSite\",\"@id\":\"https:\/\/librairie7l.com\/en\/#website\",\"url\":\"https:\/\/librairie7l.com\/en\/\",\"name\":\"Librairie 7L\",\"description\":\"Librairie fond\u00e9e en 1999 par Karl Lagerfeld \u00e0 Paris\",\"publisher\":{\"@id\":\"https:\/\/librairie7l.com\/en\/#organization\"},\"potentialAction\":[{\"@type\":\"SearchAction\",\"target\":{\"@type\":\"EntryPoint\",\"urlTemplate\":\"https:\/\/librairie7l.com\/en\/?s={search_term_string}\"},\"query-input\":\"required name=search_term_string\"}],\"inLanguage\":\"en-US\"},{\"@type\":\"Organization\",\"@id\":\"https:\/\/librairie7l.com\/en\/#organization\",\"name\":\"Librairie 7L\",\"url\":\"https:\/\/librairie7l.com\/en\/\",\"logo\":{\"@type\":\"ImageObject\",\"inLanguage\":\"en-US\",\"@id\":\"https:\/\/librairie7l.com\/en\/#\/schema\/logo\/image\/\",\"url\":\"https:\/\/librairie7l.com\/wp-content\/uploads\/2022\/08\/logo-1.png\",\"contentUrl\":\"https:\/\/librairie7l.com\/wp-content\/uploads\/2022\/08\/logo-1.png\",\"width\":227,\"height\":301,\"caption\":\"Librairie 7L\"},\"image\":{\"@id\":\"https:\/\/librairie7l.com\/en\/#\/schema\/logo\/image\/\"}}]}<\/script>\n<!-- \/ Yoast SEO plugin. -->","yoast_head_json":{"title":"Henry Taylor : Mus\u00e9e national Picasso-Paris - Librairie 7L","robots":{"index":"index","follow":"follow","max-snippet":"max-snippet:-1","max-image-preview":"max-image-preview:large","max-video-preview":"max-video-preview:-1"},"canonical":"https:\/\/librairie7l.com\/en\/produit\/henry-taylor-musee-national-picasso-paris-2\/","og_locale":"en_US","og_type":"article","og_title":"Henry Taylor : Mus\u00e9e national Picasso-Paris - Librairie 7L","og_description":"Catalogue de l&#8217;exposition, Henry Taylor, au Mus\u00e9e national Picasso-Paris, du 8 avril \u00e0 septembre 2026 Henry Taylor, n\u00e9 en 1958, est l&#8217;une des figures majeures de la peinture am\u00e9ricaine contemporaine. Il vit et travaille \u00e0 Los Angeles, o\u00f9 il d\u00e9veloppe une oeuvre expressive et engag\u00e9e. Son parcours artistique d\u00e9marre tardivement dans les ann\u00e9es 1990 alors [&hellip;]","og_url":"https:\/\/librairie7l.com\/en\/produit\/henry-taylor-musee-national-picasso-paris-2\/","og_site_name":"Librairie 7L","article_modified_time":"2026-04-10T12:08:42+00:00","og_image":[{"width":600,"height":745,"url":"https:\/\/librairie7l.com\/wp-content\/uploads\/2025\/12\/9782373722451_1_75.jpg","type":"image\/jpeg"}],"twitter_card":"summary_large_image","twitter_misc":{"Est. reading time":"2 minutes"},"schema":{"@context":"https:\/\/schema.org","@graph":[{"@type":"WebPage","@id":"https:\/\/librairie7l.com\/en\/produit\/henry-taylor-musee-national-picasso-paris-2\/","url":"https:\/\/librairie7l.com\/en\/produit\/henry-taylor-musee-national-picasso-paris-2\/","name":"Henry Taylor : Mus\u00e9e national Picasso-Paris - Librairie 7L","isPartOf":{"@id":"https:\/\/librairie7l.com\/en\/#website"},"datePublished":"2026-04-10T08:16:21+00:00","dateModified":"2026-04-10T12:08:42+00:00","breadcrumb":{"@id":"https:\/\/librairie7l.com\/en\/produit\/henry-taylor-musee-national-picasso-paris-2\/#breadcrumb"},"inLanguage":"en-US","potentialAction":[{"@type":"ReadAction","target":["https:\/\/librairie7l.com\/en\/produit\/henry-taylor-musee-national-picasso-paris-2\/"]}]},{"@type":"BreadcrumbList","@id":"https:\/\/librairie7l.com\/en\/produit\/henry-taylor-musee-national-picasso-paris-2\/#breadcrumb","itemListElement":[{"@type":"ListItem","position":1,"name":"Accueil","item":"https:\/\/librairie7l.com\/en\/"},{"@type":"ListItem","position":2,"name":"Shop","item":"https:\/\/librairie7l.com\/en\/shop\/"},{"@type":"ListItem","position":3,"name":"HENRY TAYLOR : MUS\u00c9E NATIONAL PICASSO-PARIS"}]},{"@type":"WebSite","@id":"https:\/\/librairie7l.com\/en\/#website","url":"https:\/\/librairie7l.com\/en\/","name":"Librairie 7L","description":"Librairie fond\u00e9e en 1999 par Karl Lagerfeld \u00e0 Paris","publisher":{"@id":"https:\/\/librairie7l.com\/en\/#organization"},"potentialAction":[{"@type":"SearchAction","target":{"@type":"EntryPoint","urlTemplate":"https:\/\/librairie7l.com\/en\/?s={search_term_string}"},"query-input":"required name=search_term_string"}],"inLanguage":"en-US"},{"@type":"Organization","@id":"https:\/\/librairie7l.com\/en\/#organization","name":"Librairie 7L","url":"https:\/\/librairie7l.com\/en\/","logo":{"@type":"ImageObject","inLanguage":"en-US","@id":"https:\/\/librairie7l.com\/en\/#\/schema\/logo\/image\/","url":"https:\/\/librairie7l.com\/wp-content\/uploads\/2022\/08\/logo-1.png","contentUrl":"https:\/\/librairie7l.com\/wp-content\/uploads\/2022\/08\/logo-1.png","width":227,"height":301,"caption":"Librairie 7L"},"image":{"@id":"https:\/\/librairie7l.com\/en\/#\/schema\/logo\/image\/"}}]}},"_links":{"self":[{"href":"https:\/\/librairie7l.com\/en\/wp-json\/wp\/v2\/product\/56244"}],"collection":[{"href":"https:\/\/librairie7l.com\/en\/wp-json\/wp\/v2\/product"}],"about":[{"href":"https:\/\/librairie7l.com\/en\/wp-json\/wp\/v2\/types\/product"}],"wp:featuredmedia":[{"embeddable":true,"href":"https:\/\/librairie7l.com\/en\/wp-json\/wp\/v2\/media\/56242"}],"wp:attachment":[{"href":"https:\/\/librairie7l.com\/en\/wp-json\/wp\/v2\/media?parent=56244"}],"wp:term":[{"taxonomy":"product_cat","embeddable":true,"href":"https:\/\/librairie7l.com\/en\/wp-json\/wp\/v2\/product_cat?post=56244"},{"taxonomy":"product_tag","embeddable":true,"href":"https:\/\/librairie7l.com\/en\/wp-json\/wp\/v2\/product_tag?post=56244"}],"curies":[{"name":"wp","href":"https:\/\/api.w.org\/{rel}","templated":true}]}}