{"id":56291,"date":"2026-04-11T10:16:41","date_gmt":"2026-04-11T08:16:41","guid":{"rendered":"https:\/\/librairie7l.com\/?post_type=product&#038;p=56291"},"modified":"2026-04-11T13:54:02","modified_gmt":"2026-04-11T11:54:02","slug":"brutalisme-bruxelles-2","status":"publish","type":"product","link":"https:\/\/librairie7l.com\/en\/produit\/brutalisme-bruxelles-2\/","title":{"rendered":"BRUTALISME BRUXELLES"},"content":{"rendered":"<p>Ce premier ouvrage de r\u00e9f\u00e9rence consacr\u00e9 au brutalisme \u00e0 Bruxelles et sa proche p\u00e9riph\u00e9rie aborde ce mouvement des ann\u00e9es 1950 &#8211; 1980 dans sa diversit\u00e9 : immeubles de bureaux, logements, campus universitaires, h\u00f4pitaux, centres culturels, lieux de culte, stations de m\u00e9tro ou encore interventions d&#8217;artistes. Souvent r\u00e9duite au b\u00e9ton, son architecture est pourtant le vecteur d&#8217;innovations typologiques, techniques et artistiques. De l&#8217;inventivit\u00e9 des d\u00e9buts au regain d&#8217;int\u00e9r\u00eat qu&#8217;il conna\u00eet aujourd&#8217;hui, le brutalisme revendique son identit\u00e9 et son r\u00f4le pionnier dans cet ouvrage qui s&#8217;accompagne d&#8217;une abondante iconographie.<\/p>\n<p> La direction scientifique de l&#8217;ouvrage est assur\u00e9e par Jean-Marc Basyn, sp\u00e9cialiste du patrimoine architectural, attach\u00e9 \u00e0 urban.brussels et charg\u00e9 de cours \u00e0 l&#8217;ULB La Cambre-Horta ainsi qu&#8217;\u00e0 l&#8217;ISURU (Ateliers Saint-Luc).<br \/>\n Articles de : V\u00e9ronique Boone, Tom Broes, Ang\u00e9lique Campens, Maurizio Cohen, Robby Fivez, Jacinthe Gigou, G\u00e9rald Ledent, R\u00e9jean Legault, G\u00e9ry Lelou<\/p>\n","protected":false},"excerpt":{"rendered":"<p>Ce premier ouvrage de r\u00e9f\u00e9rence consacr\u00e9 au brutalisme \u00e0 Bruxelles et sa proche p\u00e9riph\u00e9rie aborde ce mouvement des ann\u00e9es 1950 &#8211; 1980 dans sa diversit\u00e9 : immeubles de bureaux, logements, campus universitaires, h\u00f4pitaux, centres culturels, lieux de culte, stations de m\u00e9tro ou encore interventions d&#8217;artistes. Souvent r\u00e9duite au b\u00e9ton, son architecture est pourtant le vecteur [&hellip;]<\/p>\n","protected":false},"featured_media":0,"template":"","meta":[],"product_cat":[2948],"product_tag":[],"acf":[],"yoast_head":"<!-- This site is optimized with the Yoast SEO plugin v20.11 - https:\/\/yoast.com\/wordpress\/plugins\/seo\/ -->\n<title>Brutalisme Bruxelles - Librairie 7L<\/title>\n<meta name=\"robots\" content=\"index, follow, max-snippet:-1, max-image-preview:large, max-video-preview:-1\" \/>\n<link rel=\"canonical\" href=\"https:\/\/librairie7l.com\/en\/produit\/brutalisme-bruxelles-2\/\" \/>\n<meta property=\"og:locale\" content=\"en_US\" \/>\n<meta property=\"og:type\" content=\"article\" \/>\n<meta property=\"og:title\" content=\"Brutalisme Bruxelles - Librairie 7L\" \/>\n<meta property=\"og:description\" content=\"Ce premier ouvrage de r\u00e9f\u00e9rence consacr\u00e9 au brutalisme \u00e0 Bruxelles et sa proche p\u00e9riph\u00e9rie aborde ce mouvement des ann\u00e9es 1950 &#8211; 1980 dans sa diversit\u00e9 : immeubles de bureaux, logements, campus universitaires, h\u00f4pitaux, centres culturels, lieux de culte, stations de m\u00e9tro ou encore interventions d&#8217;artistes. Souvent r\u00e9duite au b\u00e9ton, son architecture est pourtant le vecteur [&hellip;]\" \/>\n<meta property=\"og:url\" content=\"https:\/\/librairie7l.com\/en\/produit\/brutalisme-bruxelles-2\/\" \/>\n<meta property=\"og:site_name\" content=\"Librairie 7L\" \/>\n<meta property=\"article:modified_time\" content=\"2026-04-11T11:54:02+00:00\" \/>\n<meta name=\"twitter:card\" content=\"summary_large_image\" \/>\n<meta name=\"twitter:label1\" content=\"Est. reading time\" \/>\n\t<meta name=\"twitter:data1\" content=\"1 minute\" \/>\n<script type=\"application\/ld+json\" class=\"yoast-schema-graph\">{\"@context\":\"https:\/\/schema.org\",\"@graph\":[{\"@type\":\"WebPage\",\"@id\":\"https:\/\/librairie7l.com\/en\/produit\/brutalisme-bruxelles-2\/\",\"url\":\"https:\/\/librairie7l.com\/en\/produit\/brutalisme-bruxelles-2\/\",\"name\":\"Brutalisme Bruxelles - Librairie 7L\",\"isPartOf\":{\"@id\":\"https:\/\/librairie7l.com\/en\/#website\"},\"datePublished\":\"2026-04-11T08:16:41+00:00\",\"dateModified\":\"2026-04-11T11:54:02+00:00\",\"breadcrumb\":{\"@id\":\"https:\/\/librairie7l.com\/en\/produit\/brutalisme-bruxelles-2\/#breadcrumb\"},\"inLanguage\":\"en-US\",\"potentialAction\":[{\"@type\":\"ReadAction\",\"target\":[\"https:\/\/librairie7l.com\/en\/produit\/brutalisme-bruxelles-2\/\"]}]},{\"@type\":\"BreadcrumbList\",\"@id\":\"https:\/\/librairie7l.com\/en\/produit\/brutalisme-bruxelles-2\/#breadcrumb\",\"itemListElement\":[{\"@type\":\"ListItem\",\"position\":1,\"name\":\"Accueil\",\"item\":\"https:\/\/librairie7l.com\/en\/\"},{\"@type\":\"ListItem\",\"position\":2,\"name\":\"Shop\",\"item\":\"https:\/\/librairie7l.com\/en\/shop\/\"},{\"@type\":\"ListItem\",\"position\":3,\"name\":\"BRUTALISME BRUXELLES\"}]},{\"@type\":\"WebSite\",\"@id\":\"https:\/\/librairie7l.com\/en\/#website\",\"url\":\"https:\/\/librairie7l.com\/en\/\",\"name\":\"Librairie 7L\",\"description\":\"Librairie fond\u00e9e en 1999 par Karl Lagerfeld \u00e0 Paris\",\"publisher\":{\"@id\":\"https:\/\/librairie7l.com\/en\/#organization\"},\"potentialAction\":[{\"@type\":\"SearchAction\",\"target\":{\"@type\":\"EntryPoint\",\"urlTemplate\":\"https:\/\/librairie7l.com\/en\/?s={search_term_string}\"},\"query-input\":\"required name=search_term_string\"}],\"inLanguage\":\"en-US\"},{\"@type\":\"Organization\",\"@id\":\"https:\/\/librairie7l.com\/en\/#organization\",\"name\":\"Librairie 7L\",\"url\":\"https:\/\/librairie7l.com\/en\/\",\"logo\":{\"@type\":\"ImageObject\",\"inLanguage\":\"en-US\",\"@id\":\"https:\/\/librairie7l.com\/en\/#\/schema\/logo\/image\/\",\"url\":\"https:\/\/librairie7l.com\/wp-content\/uploads\/2022\/08\/logo-1.png\",\"contentUrl\":\"https:\/\/librairie7l.com\/wp-content\/uploads\/2022\/08\/logo-1.png\",\"width\":227,\"height\":301,\"caption\":\"Librairie 7L\"},\"image\":{\"@id\":\"https:\/\/librairie7l.com\/en\/#\/schema\/logo\/image\/\"}}]}<\/script>\n<!-- \/ Yoast SEO plugin. -->","yoast_head_json":{"title":"Brutalisme Bruxelles - Librairie 7L","robots":{"index":"index","follow":"follow","max-snippet":"max-snippet:-1","max-image-preview":"max-image-preview:large","max-video-preview":"max-video-preview:-1"},"canonical":"https:\/\/librairie7l.com\/en\/produit\/brutalisme-bruxelles-2\/","og_locale":"en_US","og_type":"article","og_title":"Brutalisme Bruxelles - Librairie 7L","og_description":"Ce premier ouvrage de r\u00e9f\u00e9rence consacr\u00e9 au brutalisme \u00e0 Bruxelles et sa proche p\u00e9riph\u00e9rie aborde ce mouvement des ann\u00e9es 1950 &#8211; 1980 dans sa diversit\u00e9 : immeubles de bureaux, logements, campus universitaires, h\u00f4pitaux, centres culturels, lieux de culte, stations de m\u00e9tro ou encore interventions d&#8217;artistes. Souvent r\u00e9duite au b\u00e9ton, son architecture est pourtant le vecteur [&hellip;]","og_url":"https:\/\/librairie7l.com\/en\/produit\/brutalisme-bruxelles-2\/","og_site_name":"Librairie 7L","article_modified_time":"2026-04-11T11:54:02+00:00","twitter_card":"summary_large_image","twitter_misc":{"Est. reading time":"1 minute"},"schema":{"@context":"https:\/\/schema.org","@graph":[{"@type":"WebPage","@id":"https:\/\/librairie7l.com\/en\/produit\/brutalisme-bruxelles-2\/","url":"https:\/\/librairie7l.com\/en\/produit\/brutalisme-bruxelles-2\/","name":"Brutalisme Bruxelles - Librairie 7L","isPartOf":{"@id":"https:\/\/librairie7l.com\/en\/#website"},"datePublished":"2026-04-11T08:16:41+00:00","dateModified":"2026-04-11T11:54:02+00:00","breadcrumb":{"@id":"https:\/\/librairie7l.com\/en\/produit\/brutalisme-bruxelles-2\/#breadcrumb"},"inLanguage":"en-US","potentialAction":[{"@type":"ReadAction","target":["https:\/\/librairie7l.com\/en\/produit\/brutalisme-bruxelles-2\/"]}]},{"@type":"BreadcrumbList","@id":"https:\/\/librairie7l.com\/en\/produit\/brutalisme-bruxelles-2\/#breadcrumb","itemListElement":[{"@type":"ListItem","position":1,"name":"Accueil","item":"https:\/\/librairie7l.com\/en\/"},{"@type":"ListItem","position":2,"name":"Shop","item":"https:\/\/librairie7l.com\/en\/shop\/"},{"@type":"ListItem","position":3,"name":"BRUTALISME BRUXELLES"}]},{"@type":"WebSite","@id":"https:\/\/librairie7l.com\/en\/#website","url":"https:\/\/librairie7l.com\/en\/","name":"Librairie 7L","description":"Librairie fond\u00e9e en 1999 par Karl Lagerfeld \u00e0 Paris","publisher":{"@id":"https:\/\/librairie7l.com\/en\/#organization"},"potentialAction":[{"@type":"SearchAction","target":{"@type":"EntryPoint","urlTemplate":"https:\/\/librairie7l.com\/en\/?s={search_term_string}"},"query-input":"required name=search_term_string"}],"inLanguage":"en-US"},{"@type":"Organization","@id":"https:\/\/librairie7l.com\/en\/#organization","name":"Librairie 7L","url":"https:\/\/librairie7l.com\/en\/","logo":{"@type":"ImageObject","inLanguage":"en-US","@id":"https:\/\/librairie7l.com\/en\/#\/schema\/logo\/image\/","url":"https:\/\/librairie7l.com\/wp-content\/uploads\/2022\/08\/logo-1.png","contentUrl":"https:\/\/librairie7l.com\/wp-content\/uploads\/2022\/08\/logo-1.png","width":227,"height":301,"caption":"Librairie 7L"},"image":{"@id":"https:\/\/librairie7l.com\/en\/#\/schema\/logo\/image\/"}}]}},"_links":{"self":[{"href":"https:\/\/librairie7l.com\/en\/wp-json\/wp\/v2\/product\/56291"}],"collection":[{"href":"https:\/\/librairie7l.com\/en\/wp-json\/wp\/v2\/product"}],"about":[{"href":"https:\/\/librairie7l.com\/en\/wp-json\/wp\/v2\/types\/product"}],"wp:attachment":[{"href":"https:\/\/librairie7l.com\/en\/wp-json\/wp\/v2\/media?parent=56291"}],"wp:term":[{"taxonomy":"product_cat","embeddable":true,"href":"https:\/\/librairie7l.com\/en\/wp-json\/wp\/v2\/product_cat?post=56291"},{"taxonomy":"product_tag","embeddable":true,"href":"https:\/\/librairie7l.com\/en\/wp-json\/wp\/v2\/product_tag?post=56291"}],"curies":[{"name":"wp","href":"https:\/\/api.w.org\/{rel}","templated":true}]}}