{"id":56295,"date":"2026-04-11T10:16:44","date_gmt":"2026-04-11T08:16:44","guid":{"rendered":"https:\/\/librairie7l.com\/?post_type=product&#038;p=56295"},"modified":"2026-04-11T14:11:09","modified_gmt":"2026-04-11T12:11:09","slug":"leau-forte-outil-du-peintre-de-parmesan-a-tiepolo-2","status":"publish","type":"product","link":"https:\/\/librairie7l.com\/en\/produit\/leau-forte-outil-du-peintre-de-parmesan-a-tiepolo-2\/","title":{"rendered":"L&#8217;EAU-FORTE, OUTIL DU PEINTRE : DE PARMESAN \u00c0 TIEPOLO"},"content":{"rendered":"<p>L&#8217;eau-forte, art singulier, technique de gravure si proche du dessin par son imm\u00e9diatet\u00e9, offrit, du XVIe au XVIIe si\u00e8cle, de Parme \u00e0 Venise, de Bologne \u00e0 Rome, un espace de libert\u00e9 incomparable pour les peintres de la P\u00e9ninsule.<br \/>\nCes chefs-d&#8217;oeuvre de l&#8217;eau-forte de la collection Edmond de Rothschild, conserv\u00e9e au mus\u00e9e du Louvre, rencontrent ici pour la premi\u00e8re fois les tr\u00e9sors de la collection Mancel du mus\u00e9e des Beaux-Arts de Caen. Se trouvent ainsi r\u00e9unies des feuilles exceptionnelles de Guido Reni, Carrache, Parmesan, Lorrain, Castiglione, Canaletto, Tiepolo, Piran\u00e8se, parmi bien d&#8217;autres.<br \/>\nCe dialogue aussi f\u00e9cond qu&#8217;exceptionnel \u00e9claire l&#8217;histoire de la gravure et de la peinture en Italie d&#8217;une lumi\u00e8re nouvelle et nous permet de d\u00e9couvrir combien la technique de l&#8217;eau-forte fut un terrain d&#8217;exp\u00e9rimentation majeur.<\/p>\n","protected":false},"excerpt":{"rendered":"<p>L&#8217;eau-forte, art singulier, technique de gravure si proche du dessin par son imm\u00e9diatet\u00e9, offrit, du XVIe au XVIIe si\u00e8cle, de Parme \u00e0 Venise, de Bologne \u00e0 Rome, un espace de libert\u00e9 incomparable pour les peintres de la P\u00e9ninsule. Ces chefs-d&#8217;oeuvre de l&#8217;eau-forte de la collection Edmond de Rothschild, conserv\u00e9e au mus\u00e9e du Louvre, rencontrent ici [&hellip;]<\/p>\n","protected":false},"featured_media":56293,"template":"","meta":[],"product_cat":[2948],"product_tag":[],"acf":[],"yoast_head":"<!-- This site is optimized with the Yoast SEO plugin v20.11 - https:\/\/yoast.com\/wordpress\/plugins\/seo\/ -->\n<title>L&#039;Eau-forte, outil du peintre : De Parmesan \u00e0 Tiepolo - Librairie 7L<\/title>\n<meta name=\"robots\" content=\"index, follow, max-snippet:-1, max-image-preview:large, max-video-preview:-1\" \/>\n<link rel=\"canonical\" href=\"https:\/\/librairie7l.com\/en\/produit\/leau-forte-outil-du-peintre-de-parmesan-a-tiepolo-2\/\" \/>\n<meta property=\"og:locale\" content=\"en_US\" \/>\n<meta property=\"og:type\" content=\"article\" \/>\n<meta property=\"og:title\" content=\"L&#039;Eau-forte, outil du peintre : De Parmesan \u00e0 Tiepolo - Librairie 7L\" \/>\n<meta property=\"og:description\" content=\"L&#8217;eau-forte, art singulier, technique de gravure si proche du dessin par son imm\u00e9diatet\u00e9, offrit, du XVIe au XVIIe si\u00e8cle, de Parme \u00e0 Venise, de Bologne \u00e0 Rome, un espace de libert\u00e9 incomparable pour les peintres de la P\u00e9ninsule. Ces chefs-d&#8217;oeuvre de l&#8217;eau-forte de la collection Edmond de Rothschild, conserv\u00e9e au mus\u00e9e du Louvre, rencontrent ici [&hellip;]\" \/>\n<meta property=\"og:url\" content=\"https:\/\/librairie7l.com\/en\/produit\/leau-forte-outil-du-peintre-de-parmesan-a-tiepolo-2\/\" \/>\n<meta property=\"og:site_name\" content=\"Librairie 7L\" \/>\n<meta property=\"article:modified_time\" content=\"2026-04-11T12:11:09+00:00\" \/>\n<meta property=\"og:image\" content=\"https:\/\/librairie7l.com\/wp-content\/uploads\/2024\/12\/9788412861563_1_75.jpg\" \/>\n\t<meta property=\"og:image:width\" content=\"600\" \/>\n\t<meta property=\"og:image:height\" content=\"680\" \/>\n\t<meta property=\"og:image:type\" content=\"image\/jpeg\" \/>\n<meta name=\"twitter:card\" content=\"summary_large_image\" \/>\n<meta name=\"twitter:label1\" content=\"Est. reading time\" \/>\n\t<meta name=\"twitter:data1\" content=\"1 minute\" \/>\n<script type=\"application\/ld+json\" class=\"yoast-schema-graph\">{\"@context\":\"https:\/\/schema.org\",\"@graph\":[{\"@type\":\"WebPage\",\"@id\":\"https:\/\/librairie7l.com\/en\/produit\/leau-forte-outil-du-peintre-de-parmesan-a-tiepolo-2\/\",\"url\":\"https:\/\/librairie7l.com\/en\/produit\/leau-forte-outil-du-peintre-de-parmesan-a-tiepolo-2\/\",\"name\":\"L'Eau-forte, outil du peintre : De Parmesan \u00e0 Tiepolo - Librairie 7L\",\"isPartOf\":{\"@id\":\"https:\/\/librairie7l.com\/en\/#website\"},\"datePublished\":\"2026-04-11T08:16:44+00:00\",\"dateModified\":\"2026-04-11T12:11:09+00:00\",\"breadcrumb\":{\"@id\":\"https:\/\/librairie7l.com\/en\/produit\/leau-forte-outil-du-peintre-de-parmesan-a-tiepolo-2\/#breadcrumb\"},\"inLanguage\":\"en-US\",\"potentialAction\":[{\"@type\":\"ReadAction\",\"target\":[\"https:\/\/librairie7l.com\/en\/produit\/leau-forte-outil-du-peintre-de-parmesan-a-tiepolo-2\/\"]}]},{\"@type\":\"BreadcrumbList\",\"@id\":\"https:\/\/librairie7l.com\/en\/produit\/leau-forte-outil-du-peintre-de-parmesan-a-tiepolo-2\/#breadcrumb\",\"itemListElement\":[{\"@type\":\"ListItem\",\"position\":1,\"name\":\"Accueil\",\"item\":\"https:\/\/librairie7l.com\/en\/\"},{\"@type\":\"ListItem\",\"position\":2,\"name\":\"Shop\",\"item\":\"https:\/\/librairie7l.com\/en\/shop\/\"},{\"@type\":\"ListItem\",\"position\":3,\"name\":\"L&#8217;EAU-FORTE, OUTIL DU PEINTRE : DE PARMESAN \u00c0 TIEPOLO\"}]},{\"@type\":\"WebSite\",\"@id\":\"https:\/\/librairie7l.com\/en\/#website\",\"url\":\"https:\/\/librairie7l.com\/en\/\",\"name\":\"Librairie 7L\",\"description\":\"Librairie fond\u00e9e en 1999 par Karl Lagerfeld \u00e0 Paris\",\"publisher\":{\"@id\":\"https:\/\/librairie7l.com\/en\/#organization\"},\"potentialAction\":[{\"@type\":\"SearchAction\",\"target\":{\"@type\":\"EntryPoint\",\"urlTemplate\":\"https:\/\/librairie7l.com\/en\/?s={search_term_string}\"},\"query-input\":\"required name=search_term_string\"}],\"inLanguage\":\"en-US\"},{\"@type\":\"Organization\",\"@id\":\"https:\/\/librairie7l.com\/en\/#organization\",\"name\":\"Librairie 7L\",\"url\":\"https:\/\/librairie7l.com\/en\/\",\"logo\":{\"@type\":\"ImageObject\",\"inLanguage\":\"en-US\",\"@id\":\"https:\/\/librairie7l.com\/en\/#\/schema\/logo\/image\/\",\"url\":\"https:\/\/librairie7l.com\/wp-content\/uploads\/2022\/08\/logo-1.png\",\"contentUrl\":\"https:\/\/librairie7l.com\/wp-content\/uploads\/2022\/08\/logo-1.png\",\"width\":227,\"height\":301,\"caption\":\"Librairie 7L\"},\"image\":{\"@id\":\"https:\/\/librairie7l.com\/en\/#\/schema\/logo\/image\/\"}}]}<\/script>\n<!-- \/ Yoast SEO plugin. -->","yoast_head_json":{"title":"L'Eau-forte, outil du peintre : De Parmesan \u00e0 Tiepolo - Librairie 7L","robots":{"index":"index","follow":"follow","max-snippet":"max-snippet:-1","max-image-preview":"max-image-preview:large","max-video-preview":"max-video-preview:-1"},"canonical":"https:\/\/librairie7l.com\/en\/produit\/leau-forte-outil-du-peintre-de-parmesan-a-tiepolo-2\/","og_locale":"en_US","og_type":"article","og_title":"L'Eau-forte, outil du peintre : De Parmesan \u00e0 Tiepolo - Librairie 7L","og_description":"L&#8217;eau-forte, art singulier, technique de gravure si proche du dessin par son imm\u00e9diatet\u00e9, offrit, du XVIe au XVIIe si\u00e8cle, de Parme \u00e0 Venise, de Bologne \u00e0 Rome, un espace de libert\u00e9 incomparable pour les peintres de la P\u00e9ninsule. Ces chefs-d&#8217;oeuvre de l&#8217;eau-forte de la collection Edmond de Rothschild, conserv\u00e9e au mus\u00e9e du Louvre, rencontrent ici [&hellip;]","og_url":"https:\/\/librairie7l.com\/en\/produit\/leau-forte-outil-du-peintre-de-parmesan-a-tiepolo-2\/","og_site_name":"Librairie 7L","article_modified_time":"2026-04-11T12:11:09+00:00","og_image":[{"width":600,"height":680,"url":"https:\/\/librairie7l.com\/wp-content\/uploads\/2024\/12\/9788412861563_1_75.jpg","type":"image\/jpeg"}],"twitter_card":"summary_large_image","twitter_misc":{"Est. reading time":"1 minute"},"schema":{"@context":"https:\/\/schema.org","@graph":[{"@type":"WebPage","@id":"https:\/\/librairie7l.com\/en\/produit\/leau-forte-outil-du-peintre-de-parmesan-a-tiepolo-2\/","url":"https:\/\/librairie7l.com\/en\/produit\/leau-forte-outil-du-peintre-de-parmesan-a-tiepolo-2\/","name":"L'Eau-forte, outil du peintre : De Parmesan \u00e0 Tiepolo - Librairie 7L","isPartOf":{"@id":"https:\/\/librairie7l.com\/en\/#website"},"datePublished":"2026-04-11T08:16:44+00:00","dateModified":"2026-04-11T12:11:09+00:00","breadcrumb":{"@id":"https:\/\/librairie7l.com\/en\/produit\/leau-forte-outil-du-peintre-de-parmesan-a-tiepolo-2\/#breadcrumb"},"inLanguage":"en-US","potentialAction":[{"@type":"ReadAction","target":["https:\/\/librairie7l.com\/en\/produit\/leau-forte-outil-du-peintre-de-parmesan-a-tiepolo-2\/"]}]},{"@type":"BreadcrumbList","@id":"https:\/\/librairie7l.com\/en\/produit\/leau-forte-outil-du-peintre-de-parmesan-a-tiepolo-2\/#breadcrumb","itemListElement":[{"@type":"ListItem","position":1,"name":"Accueil","item":"https:\/\/librairie7l.com\/en\/"},{"@type":"ListItem","position":2,"name":"Shop","item":"https:\/\/librairie7l.com\/en\/shop\/"},{"@type":"ListItem","position":3,"name":"L&#8217;EAU-FORTE, OUTIL DU PEINTRE : DE PARMESAN \u00c0 TIEPOLO"}]},{"@type":"WebSite","@id":"https:\/\/librairie7l.com\/en\/#website","url":"https:\/\/librairie7l.com\/en\/","name":"Librairie 7L","description":"Librairie fond\u00e9e en 1999 par Karl Lagerfeld \u00e0 Paris","publisher":{"@id":"https:\/\/librairie7l.com\/en\/#organization"},"potentialAction":[{"@type":"SearchAction","target":{"@type":"EntryPoint","urlTemplate":"https:\/\/librairie7l.com\/en\/?s={search_term_string}"},"query-input":"required name=search_term_string"}],"inLanguage":"en-US"},{"@type":"Organization","@id":"https:\/\/librairie7l.com\/en\/#organization","name":"Librairie 7L","url":"https:\/\/librairie7l.com\/en\/","logo":{"@type":"ImageObject","inLanguage":"en-US","@id":"https:\/\/librairie7l.com\/en\/#\/schema\/logo\/image\/","url":"https:\/\/librairie7l.com\/wp-content\/uploads\/2022\/08\/logo-1.png","contentUrl":"https:\/\/librairie7l.com\/wp-content\/uploads\/2022\/08\/logo-1.png","width":227,"height":301,"caption":"Librairie 7L"},"image":{"@id":"https:\/\/librairie7l.com\/en\/#\/schema\/logo\/image\/"}}]}},"_links":{"self":[{"href":"https:\/\/librairie7l.com\/en\/wp-json\/wp\/v2\/product\/56295"}],"collection":[{"href":"https:\/\/librairie7l.com\/en\/wp-json\/wp\/v2\/product"}],"about":[{"href":"https:\/\/librairie7l.com\/en\/wp-json\/wp\/v2\/types\/product"}],"wp:featuredmedia":[{"embeddable":true,"href":"https:\/\/librairie7l.com\/en\/wp-json\/wp\/v2\/media\/56293"}],"wp:attachment":[{"href":"https:\/\/librairie7l.com\/en\/wp-json\/wp\/v2\/media?parent=56295"}],"wp:term":[{"taxonomy":"product_cat","embeddable":true,"href":"https:\/\/librairie7l.com\/en\/wp-json\/wp\/v2\/product_cat?post=56295"},{"taxonomy":"product_tag","embeddable":true,"href":"https:\/\/librairie7l.com\/en\/wp-json\/wp\/v2\/product_tag?post=56295"}],"curies":[{"name":"wp","href":"https:\/\/api.w.org\/{rel}","templated":true}]}}