{"id":56316,"date":"2026-04-14T09:42:59","date_gmt":"2026-04-14T07:42:59","guid":{"rendered":"https:\/\/librairie7l.com\/?post_type=product&#038;p=56316"},"modified":"2026-04-14T17:40:19","modified_gmt":"2026-04-14T15:40:19","slug":"karl-lagerfeld-4","status":"publish","type":"product","link":"https:\/\/librairie7l.com\/en\/produit\/karl-lagerfeld-4\/","title":{"rendered":"KARL LAGERFELD"},"content":{"rendered":"<p>Karl Lagerfeld a men\u00e9 une vie tr\u00e8s m\u00e9diatis\u00e9e. Pendant des d\u00e9cennies, il a fa\u00e7onn\u00e9 les marques Chanel et Fendi. Son esprit vif ainsi que sa sagesse ont diverti et \u00e9clair\u00e9 le monde. Pourtant, malgr\u00e9 son image publique tr\u00e8s marqu\u00e9e, son univers personnel restait myst\u00e9rieux. Quelle est la v\u00e9rit\u00e9 derri\u00e8re cette figure \u00e0 la fois imposante et \u00e9nigmatique ?<\/p>\n<p>Le journaliste et sp\u00e9cialiste de la mode Alfons Kaiser a rencontr\u00e9 Lagerfeld \u00e0 plusieurs reprises. Il a \u00e9crit la premi\u00e8re biographie autoris\u00e9e sur ce personnage fascinant, dont la vie a toujours \u00e9t\u00e9 entour\u00e9e de secrets et la magnifie aujourd&#8217;hui en roman graphique. Des liens de ses parents avec le r\u00e9gime nazi \u00e0 ses derniers jours entour\u00e9 de ses amis les plus proches, ce livre r\u00e9v\u00e8le toutes les facettes d&#8217;un artiste passionn\u00e9 et d&#8217;un bourreau de travail. Sous les traits incisifs et sensibles de Simon Schwartz, c&#8217;est un bout du voile qui se l\u00e8ve&#8230;<\/p>\n","protected":false},"excerpt":{"rendered":"<p>Karl Lagerfeld a men\u00e9 une vie tr\u00e8s m\u00e9diatis\u00e9e. Pendant des d\u00e9cennies, il a fa\u00e7onn\u00e9 les marques Chanel et Fendi. Son esprit vif ainsi que sa sagesse ont diverti et \u00e9clair\u00e9 le monde. Pourtant, malgr\u00e9 son image publique tr\u00e8s marqu\u00e9e, son univers personnel restait myst\u00e9rieux. Quelle est la v\u00e9rit\u00e9 derri\u00e8re cette figure \u00e0 la fois imposante [&hellip;]<\/p>\n","protected":false},"featured_media":56314,"template":"","meta":[],"product_cat":[7364,2948],"product_tag":[],"acf":[],"yoast_head":"<!-- This site is optimized with the Yoast SEO plugin v20.11 - https:\/\/yoast.com\/wordpress\/plugins\/seo\/ -->\n<title>Karl Lagerfeld - Librairie 7L<\/title>\n<meta name=\"robots\" content=\"index, follow, max-snippet:-1, max-image-preview:large, max-video-preview:-1\" \/>\n<link rel=\"canonical\" href=\"https:\/\/librairie7l.com\/en\/produit\/karl-lagerfeld-4\/\" \/>\n<meta property=\"og:locale\" content=\"en_US\" \/>\n<meta property=\"og:type\" content=\"article\" \/>\n<meta property=\"og:title\" content=\"Karl Lagerfeld - Librairie 7L\" \/>\n<meta property=\"og:description\" content=\"Karl Lagerfeld a men\u00e9 une vie tr\u00e8s m\u00e9diatis\u00e9e. Pendant des d\u00e9cennies, il a fa\u00e7onn\u00e9 les marques Chanel et Fendi. Son esprit vif ainsi que sa sagesse ont diverti et \u00e9clair\u00e9 le monde. Pourtant, malgr\u00e9 son image publique tr\u00e8s marqu\u00e9e, son univers personnel restait myst\u00e9rieux. Quelle est la v\u00e9rit\u00e9 derri\u00e8re cette figure \u00e0 la fois imposante [&hellip;]\" \/>\n<meta property=\"og:url\" content=\"https:\/\/librairie7l.com\/en\/produit\/karl-lagerfeld-4\/\" \/>\n<meta property=\"og:site_name\" content=\"Librairie 7L\" \/>\n<meta property=\"article:modified_time\" content=\"2026-04-14T15:40:19+00:00\" \/>\n<meta property=\"og:image\" content=\"https:\/\/librairie7l.com\/wp-content\/uploads\/2025\/04\/9782364809802_1_75.jpg\" \/>\n\t<meta property=\"og:image:width\" content=\"360\" \/>\n\t<meta property=\"og:image:height\" content=\"488\" \/>\n\t<meta property=\"og:image:type\" content=\"image\/jpeg\" \/>\n<meta name=\"twitter:card\" content=\"summary_large_image\" \/>\n<meta name=\"twitter:label1\" content=\"Est. reading time\" \/>\n\t<meta name=\"twitter:data1\" content=\"1 minute\" \/>\n<script type=\"application\/ld+json\" class=\"yoast-schema-graph\">{\"@context\":\"https:\/\/schema.org\",\"@graph\":[{\"@type\":\"WebPage\",\"@id\":\"https:\/\/librairie7l.com\/en\/produit\/karl-lagerfeld-4\/\",\"url\":\"https:\/\/librairie7l.com\/en\/produit\/karl-lagerfeld-4\/\",\"name\":\"Karl Lagerfeld - Librairie 7L\",\"isPartOf\":{\"@id\":\"https:\/\/librairie7l.com\/en\/#website\"},\"datePublished\":\"2026-04-14T07:42:59+00:00\",\"dateModified\":\"2026-04-14T15:40:19+00:00\",\"breadcrumb\":{\"@id\":\"https:\/\/librairie7l.com\/en\/produit\/karl-lagerfeld-4\/#breadcrumb\"},\"inLanguage\":\"en-US\",\"potentialAction\":[{\"@type\":\"ReadAction\",\"target\":[\"https:\/\/librairie7l.com\/en\/produit\/karl-lagerfeld-4\/\"]}]},{\"@type\":\"BreadcrumbList\",\"@id\":\"https:\/\/librairie7l.com\/en\/produit\/karl-lagerfeld-4\/#breadcrumb\",\"itemListElement\":[{\"@type\":\"ListItem\",\"position\":1,\"name\":\"Accueil\",\"item\":\"https:\/\/librairie7l.com\/en\/\"},{\"@type\":\"ListItem\",\"position\":2,\"name\":\"Shop\",\"item\":\"https:\/\/librairie7l.com\/en\/shop\/\"},{\"@type\":\"ListItem\",\"position\":3,\"name\":\"KARL LAGERFELD\"}]},{\"@type\":\"WebSite\",\"@id\":\"https:\/\/librairie7l.com\/en\/#website\",\"url\":\"https:\/\/librairie7l.com\/en\/\",\"name\":\"Librairie 7L\",\"description\":\"Librairie fond\u00e9e en 1999 par Karl Lagerfeld \u00e0 Paris\",\"publisher\":{\"@id\":\"https:\/\/librairie7l.com\/en\/#organization\"},\"potentialAction\":[{\"@type\":\"SearchAction\",\"target\":{\"@type\":\"EntryPoint\",\"urlTemplate\":\"https:\/\/librairie7l.com\/en\/?s={search_term_string}\"},\"query-input\":\"required name=search_term_string\"}],\"inLanguage\":\"en-US\"},{\"@type\":\"Organization\",\"@id\":\"https:\/\/librairie7l.com\/en\/#organization\",\"name\":\"Librairie 7L\",\"url\":\"https:\/\/librairie7l.com\/en\/\",\"logo\":{\"@type\":\"ImageObject\",\"inLanguage\":\"en-US\",\"@id\":\"https:\/\/librairie7l.com\/en\/#\/schema\/logo\/image\/\",\"url\":\"https:\/\/librairie7l.com\/wp-content\/uploads\/2022\/08\/logo-1.png\",\"contentUrl\":\"https:\/\/librairie7l.com\/wp-content\/uploads\/2022\/08\/logo-1.png\",\"width\":227,\"height\":301,\"caption\":\"Librairie 7L\"},\"image\":{\"@id\":\"https:\/\/librairie7l.com\/en\/#\/schema\/logo\/image\/\"}}]}<\/script>\n<!-- \/ Yoast SEO plugin. -->","yoast_head_json":{"title":"Karl Lagerfeld - Librairie 7L","robots":{"index":"index","follow":"follow","max-snippet":"max-snippet:-1","max-image-preview":"max-image-preview:large","max-video-preview":"max-video-preview:-1"},"canonical":"https:\/\/librairie7l.com\/en\/produit\/karl-lagerfeld-4\/","og_locale":"en_US","og_type":"article","og_title":"Karl Lagerfeld - Librairie 7L","og_description":"Karl Lagerfeld a men\u00e9 une vie tr\u00e8s m\u00e9diatis\u00e9e. Pendant des d\u00e9cennies, il a fa\u00e7onn\u00e9 les marques Chanel et Fendi. Son esprit vif ainsi que sa sagesse ont diverti et \u00e9clair\u00e9 le monde. Pourtant, malgr\u00e9 son image publique tr\u00e8s marqu\u00e9e, son univers personnel restait myst\u00e9rieux. Quelle est la v\u00e9rit\u00e9 derri\u00e8re cette figure \u00e0 la fois imposante [&hellip;]","og_url":"https:\/\/librairie7l.com\/en\/produit\/karl-lagerfeld-4\/","og_site_name":"Librairie 7L","article_modified_time":"2026-04-14T15:40:19+00:00","og_image":[{"width":360,"height":488,"url":"https:\/\/librairie7l.com\/wp-content\/uploads\/2025\/04\/9782364809802_1_75.jpg","type":"image\/jpeg"}],"twitter_card":"summary_large_image","twitter_misc":{"Est. reading time":"1 minute"},"schema":{"@context":"https:\/\/schema.org","@graph":[{"@type":"WebPage","@id":"https:\/\/librairie7l.com\/en\/produit\/karl-lagerfeld-4\/","url":"https:\/\/librairie7l.com\/en\/produit\/karl-lagerfeld-4\/","name":"Karl Lagerfeld - Librairie 7L","isPartOf":{"@id":"https:\/\/librairie7l.com\/en\/#website"},"datePublished":"2026-04-14T07:42:59+00:00","dateModified":"2026-04-14T15:40:19+00:00","breadcrumb":{"@id":"https:\/\/librairie7l.com\/en\/produit\/karl-lagerfeld-4\/#breadcrumb"},"inLanguage":"en-US","potentialAction":[{"@type":"ReadAction","target":["https:\/\/librairie7l.com\/en\/produit\/karl-lagerfeld-4\/"]}]},{"@type":"BreadcrumbList","@id":"https:\/\/librairie7l.com\/en\/produit\/karl-lagerfeld-4\/#breadcrumb","itemListElement":[{"@type":"ListItem","position":1,"name":"Accueil","item":"https:\/\/librairie7l.com\/en\/"},{"@type":"ListItem","position":2,"name":"Shop","item":"https:\/\/librairie7l.com\/en\/shop\/"},{"@type":"ListItem","position":3,"name":"KARL LAGERFELD"}]},{"@type":"WebSite","@id":"https:\/\/librairie7l.com\/en\/#website","url":"https:\/\/librairie7l.com\/en\/","name":"Librairie 7L","description":"Librairie fond\u00e9e en 1999 par Karl Lagerfeld \u00e0 Paris","publisher":{"@id":"https:\/\/librairie7l.com\/en\/#organization"},"potentialAction":[{"@type":"SearchAction","target":{"@type":"EntryPoint","urlTemplate":"https:\/\/librairie7l.com\/en\/?s={search_term_string}"},"query-input":"required name=search_term_string"}],"inLanguage":"en-US"},{"@type":"Organization","@id":"https:\/\/librairie7l.com\/en\/#organization","name":"Librairie 7L","url":"https:\/\/librairie7l.com\/en\/","logo":{"@type":"ImageObject","inLanguage":"en-US","@id":"https:\/\/librairie7l.com\/en\/#\/schema\/logo\/image\/","url":"https:\/\/librairie7l.com\/wp-content\/uploads\/2022\/08\/logo-1.png","contentUrl":"https:\/\/librairie7l.com\/wp-content\/uploads\/2022\/08\/logo-1.png","width":227,"height":301,"caption":"Librairie 7L"},"image":{"@id":"https:\/\/librairie7l.com\/en\/#\/schema\/logo\/image\/"}}]}},"_links":{"self":[{"href":"https:\/\/librairie7l.com\/en\/wp-json\/wp\/v2\/product\/56316"}],"collection":[{"href":"https:\/\/librairie7l.com\/en\/wp-json\/wp\/v2\/product"}],"about":[{"href":"https:\/\/librairie7l.com\/en\/wp-json\/wp\/v2\/types\/product"}],"wp:featuredmedia":[{"embeddable":true,"href":"https:\/\/librairie7l.com\/en\/wp-json\/wp\/v2\/media\/56314"}],"wp:attachment":[{"href":"https:\/\/librairie7l.com\/en\/wp-json\/wp\/v2\/media?parent=56316"}],"wp:term":[{"taxonomy":"product_cat","embeddable":true,"href":"https:\/\/librairie7l.com\/en\/wp-json\/wp\/v2\/product_cat?post=56316"},{"taxonomy":"product_tag","embeddable":true,"href":"https:\/\/librairie7l.com\/en\/wp-json\/wp\/v2\/product_tag?post=56316"}],"curies":[{"name":"wp","href":"https:\/\/api.w.org\/{rel}","templated":true}]}}