{"id":56327,"date":"2026-04-15T10:16:15","date_gmt":"2026-04-15T08:16:15","guid":{"rendered":"https:\/\/librairie7l.com\/?post_type=product&#038;p=56327"},"modified":"2026-04-15T18:25:35","modified_gmt":"2026-04-15T16:25:35","slug":"mary-cassatt-une-americaine-au-coeur-de-limpressionnisme-francais-2","status":"publish","type":"product","link":"https:\/\/librairie7l.com\/en\/produit\/mary-cassatt-une-americaine-au-coeur-de-limpressionnisme-francais-2\/","title":{"rendered":"MARY CASSATT, UNE AM\u00c9RICAINE AU COEUR DE L&#8217;IMPRESSIONNISME FRAN\u00c7AIS"},"content":{"rendered":"<p>Mary Cassatt (1844-1926) s&#8217;impose comme l&#8217;une des grandes figures de l&#8217;impressionnisme dans un monde artistique domin\u00e9 par les hommes. Am\u00e9ricaine install\u00e9e \u00e0 Paris d\u00e8s 1874, elle r\u00e9volutionne la peinture aux c\u00f4t\u00e9s de Degas, Monet, Pissarro ou Berthe Morisot, tout en revendiquant la place des femmes artistes. Entre la France et les \u00c9tats-Unis, Cassatt joue un r\u00f4le d\u00e9cisif : v\u00e9ritable passeuse, elle contribue \u00e0 faire conna\u00eetre l&#8217;impressionnisme aux collectionneurs am\u00e9ricains et participe \u00e0 l&#8217;essor des premi\u00e8res grandes collections d&#8217;art de son pays.<br \/>\n\u00c0 l&#8217;occasion du centenaire de sa mort, Florence Gentner dresse le portrait in\u00e9dit d&#8217;une pionni\u00e8re trop longtemps rel\u00e9gu\u00e9e au second plan. S&#8217;appuyant sur un vaste corpus de lettres et de documents d&#8217;archives rarement consult\u00e9s, elle restitue l&#8217;itin\u00e9raire singulier de Cassatt : ses engagements, ses combats pour la reconnaissance, ses amiti\u00e9s avec Degas et les impressionnistes, ainsi que sa participation \u00e0 quatre des expositions du groupe. L&#8217;ouvrage montre combien son regard moderne, sensible \u00e0 la vie quotidienne, aux m\u00e8res et aux enfants, a profond\u00e9ment marqu\u00e9 l&#8217;histoire de l&#8217;art.<br \/>\nCroisant histoire de l&#8217;art et histoire des femmes, cette biographie captivante redonne toute sa place \u00e0 Mary Cassatt dans l&#8217;aventure impressionniste et met en lumi\u00e8re l&#8217;influence durable qu&#8217;elle a exerc\u00e9e sur les deux rives de l&#8217;Atlantique.<\/p>\n","protected":false},"excerpt":{"rendered":"<p>Mary Cassatt (1844-1926) s&#8217;impose comme l&#8217;une des grandes figures de l&#8217;impressionnisme dans un monde artistique domin\u00e9 par les hommes. Am\u00e9ricaine install\u00e9e \u00e0 Paris d\u00e8s 1874, elle r\u00e9volutionne la peinture aux c\u00f4t\u00e9s de Degas, Monet, Pissarro ou Berthe Morisot, tout en revendiquant la place des femmes artistes. Entre la France et les \u00c9tats-Unis, Cassatt joue un [&hellip;]<\/p>\n","protected":false},"featured_media":56325,"template":"","meta":[],"product_cat":[2948],"product_tag":[],"acf":[],"yoast_head":"<!-- This site is optimized with the Yoast SEO plugin v20.11 - https:\/\/yoast.com\/wordpress\/plugins\/seo\/ -->\n<title>Mary Cassatt, une Am\u00e9ricaine au coeur de l&#039;impressionnisme fran\u00e7ais - Librairie 7L<\/title>\n<meta name=\"robots\" content=\"index, follow, max-snippet:-1, max-image-preview:large, max-video-preview:-1\" \/>\n<link rel=\"canonical\" href=\"https:\/\/librairie7l.com\/en\/produit\/mary-cassatt-une-americaine-au-coeur-de-limpressionnisme-francais-2\/\" \/>\n<meta property=\"og:locale\" content=\"en_US\" \/>\n<meta property=\"og:type\" content=\"article\" \/>\n<meta property=\"og:title\" content=\"Mary Cassatt, une Am\u00e9ricaine au coeur de l&#039;impressionnisme fran\u00e7ais - Librairie 7L\" \/>\n<meta property=\"og:description\" content=\"Mary Cassatt (1844-1926) s&#8217;impose comme l&#8217;une des grandes figures de l&#8217;impressionnisme dans un monde artistique domin\u00e9 par les hommes. Am\u00e9ricaine install\u00e9e \u00e0 Paris d\u00e8s 1874, elle r\u00e9volutionne la peinture aux c\u00f4t\u00e9s de Degas, Monet, Pissarro ou Berthe Morisot, tout en revendiquant la place des femmes artistes. Entre la France et les \u00c9tats-Unis, Cassatt joue un [&hellip;]\" \/>\n<meta property=\"og:url\" content=\"https:\/\/librairie7l.com\/en\/produit\/mary-cassatt-une-americaine-au-coeur-de-limpressionnisme-francais-2\/\" \/>\n<meta property=\"og:site_name\" content=\"Librairie 7L\" \/>\n<meta property=\"article:modified_time\" content=\"2026-04-15T16:25:35+00:00\" \/>\n<meta property=\"og:image\" content=\"https:\/\/librairie7l.com\/wp-content\/uploads\/2025\/12\/9782213734279_1_75.jpg\" \/>\n\t<meta property=\"og:image:width\" content=\"600\" \/>\n\t<meta property=\"og:image:height\" content=\"955\" \/>\n\t<meta property=\"og:image:type\" content=\"image\/jpeg\" \/>\n<meta name=\"twitter:card\" content=\"summary_large_image\" \/>\n<meta name=\"twitter:label1\" content=\"Est. reading time\" \/>\n\t<meta name=\"twitter:data1\" content=\"1 minute\" \/>\n<script type=\"application\/ld+json\" class=\"yoast-schema-graph\">{\"@context\":\"https:\/\/schema.org\",\"@graph\":[{\"@type\":\"WebPage\",\"@id\":\"https:\/\/librairie7l.com\/en\/produit\/mary-cassatt-une-americaine-au-coeur-de-limpressionnisme-francais-2\/\",\"url\":\"https:\/\/librairie7l.com\/en\/produit\/mary-cassatt-une-americaine-au-coeur-de-limpressionnisme-francais-2\/\",\"name\":\"Mary Cassatt, une Am\u00e9ricaine au coeur de l'impressionnisme fran\u00e7ais - Librairie 7L\",\"isPartOf\":{\"@id\":\"https:\/\/librairie7l.com\/en\/#website\"},\"datePublished\":\"2026-04-15T08:16:15+00:00\",\"dateModified\":\"2026-04-15T16:25:35+00:00\",\"breadcrumb\":{\"@id\":\"https:\/\/librairie7l.com\/en\/produit\/mary-cassatt-une-americaine-au-coeur-de-limpressionnisme-francais-2\/#breadcrumb\"},\"inLanguage\":\"en-US\",\"potentialAction\":[{\"@type\":\"ReadAction\",\"target\":[\"https:\/\/librairie7l.com\/en\/produit\/mary-cassatt-une-americaine-au-coeur-de-limpressionnisme-francais-2\/\"]}]},{\"@type\":\"BreadcrumbList\",\"@id\":\"https:\/\/librairie7l.com\/en\/produit\/mary-cassatt-une-americaine-au-coeur-de-limpressionnisme-francais-2\/#breadcrumb\",\"itemListElement\":[{\"@type\":\"ListItem\",\"position\":1,\"name\":\"Accueil\",\"item\":\"https:\/\/librairie7l.com\/en\/\"},{\"@type\":\"ListItem\",\"position\":2,\"name\":\"Shop\",\"item\":\"https:\/\/librairie7l.com\/en\/shop\/\"},{\"@type\":\"ListItem\",\"position\":3,\"name\":\"MARY CASSATT, UNE AM\u00c9RICAINE AU COEUR DE L&#8217;IMPRESSIONNISME FRAN\u00c7AIS\"}]},{\"@type\":\"WebSite\",\"@id\":\"https:\/\/librairie7l.com\/en\/#website\",\"url\":\"https:\/\/librairie7l.com\/en\/\",\"name\":\"Librairie 7L\",\"description\":\"Librairie fond\u00e9e en 1999 par Karl Lagerfeld \u00e0 Paris\",\"publisher\":{\"@id\":\"https:\/\/librairie7l.com\/en\/#organization\"},\"potentialAction\":[{\"@type\":\"SearchAction\",\"target\":{\"@type\":\"EntryPoint\",\"urlTemplate\":\"https:\/\/librairie7l.com\/en\/?s={search_term_string}\"},\"query-input\":\"required name=search_term_string\"}],\"inLanguage\":\"en-US\"},{\"@type\":\"Organization\",\"@id\":\"https:\/\/librairie7l.com\/en\/#organization\",\"name\":\"Librairie 7L\",\"url\":\"https:\/\/librairie7l.com\/en\/\",\"logo\":{\"@type\":\"ImageObject\",\"inLanguage\":\"en-US\",\"@id\":\"https:\/\/librairie7l.com\/en\/#\/schema\/logo\/image\/\",\"url\":\"https:\/\/librairie7l.com\/wp-content\/uploads\/2022\/08\/logo-1.png\",\"contentUrl\":\"https:\/\/librairie7l.com\/wp-content\/uploads\/2022\/08\/logo-1.png\",\"width\":227,\"height\":301,\"caption\":\"Librairie 7L\"},\"image\":{\"@id\":\"https:\/\/librairie7l.com\/en\/#\/schema\/logo\/image\/\"}}]}<\/script>\n<!-- \/ Yoast SEO plugin. -->","yoast_head_json":{"title":"Mary Cassatt, une Am\u00e9ricaine au coeur de l'impressionnisme fran\u00e7ais - Librairie 7L","robots":{"index":"index","follow":"follow","max-snippet":"max-snippet:-1","max-image-preview":"max-image-preview:large","max-video-preview":"max-video-preview:-1"},"canonical":"https:\/\/librairie7l.com\/en\/produit\/mary-cassatt-une-americaine-au-coeur-de-limpressionnisme-francais-2\/","og_locale":"en_US","og_type":"article","og_title":"Mary Cassatt, une Am\u00e9ricaine au coeur de l'impressionnisme fran\u00e7ais - Librairie 7L","og_description":"Mary Cassatt (1844-1926) s&#8217;impose comme l&#8217;une des grandes figures de l&#8217;impressionnisme dans un monde artistique domin\u00e9 par les hommes. Am\u00e9ricaine install\u00e9e \u00e0 Paris d\u00e8s 1874, elle r\u00e9volutionne la peinture aux c\u00f4t\u00e9s de Degas, Monet, Pissarro ou Berthe Morisot, tout en revendiquant la place des femmes artistes. Entre la France et les \u00c9tats-Unis, Cassatt joue un [&hellip;]","og_url":"https:\/\/librairie7l.com\/en\/produit\/mary-cassatt-une-americaine-au-coeur-de-limpressionnisme-francais-2\/","og_site_name":"Librairie 7L","article_modified_time":"2026-04-15T16:25:35+00:00","og_image":[{"width":600,"height":955,"url":"https:\/\/librairie7l.com\/wp-content\/uploads\/2025\/12\/9782213734279_1_75.jpg","type":"image\/jpeg"}],"twitter_card":"summary_large_image","twitter_misc":{"Est. reading time":"1 minute"},"schema":{"@context":"https:\/\/schema.org","@graph":[{"@type":"WebPage","@id":"https:\/\/librairie7l.com\/en\/produit\/mary-cassatt-une-americaine-au-coeur-de-limpressionnisme-francais-2\/","url":"https:\/\/librairie7l.com\/en\/produit\/mary-cassatt-une-americaine-au-coeur-de-limpressionnisme-francais-2\/","name":"Mary Cassatt, une Am\u00e9ricaine au coeur de l'impressionnisme fran\u00e7ais - Librairie 7L","isPartOf":{"@id":"https:\/\/librairie7l.com\/en\/#website"},"datePublished":"2026-04-15T08:16:15+00:00","dateModified":"2026-04-15T16:25:35+00:00","breadcrumb":{"@id":"https:\/\/librairie7l.com\/en\/produit\/mary-cassatt-une-americaine-au-coeur-de-limpressionnisme-francais-2\/#breadcrumb"},"inLanguage":"en-US","potentialAction":[{"@type":"ReadAction","target":["https:\/\/librairie7l.com\/en\/produit\/mary-cassatt-une-americaine-au-coeur-de-limpressionnisme-francais-2\/"]}]},{"@type":"BreadcrumbList","@id":"https:\/\/librairie7l.com\/en\/produit\/mary-cassatt-une-americaine-au-coeur-de-limpressionnisme-francais-2\/#breadcrumb","itemListElement":[{"@type":"ListItem","position":1,"name":"Accueil","item":"https:\/\/librairie7l.com\/en\/"},{"@type":"ListItem","position":2,"name":"Shop","item":"https:\/\/librairie7l.com\/en\/shop\/"},{"@type":"ListItem","position":3,"name":"MARY CASSATT, UNE AM\u00c9RICAINE AU COEUR DE L&#8217;IMPRESSIONNISME FRAN\u00c7AIS"}]},{"@type":"WebSite","@id":"https:\/\/librairie7l.com\/en\/#website","url":"https:\/\/librairie7l.com\/en\/","name":"Librairie 7L","description":"Librairie fond\u00e9e en 1999 par Karl Lagerfeld \u00e0 Paris","publisher":{"@id":"https:\/\/librairie7l.com\/en\/#organization"},"potentialAction":[{"@type":"SearchAction","target":{"@type":"EntryPoint","urlTemplate":"https:\/\/librairie7l.com\/en\/?s={search_term_string}"},"query-input":"required name=search_term_string"}],"inLanguage":"en-US"},{"@type":"Organization","@id":"https:\/\/librairie7l.com\/en\/#organization","name":"Librairie 7L","url":"https:\/\/librairie7l.com\/en\/","logo":{"@type":"ImageObject","inLanguage":"en-US","@id":"https:\/\/librairie7l.com\/en\/#\/schema\/logo\/image\/","url":"https:\/\/librairie7l.com\/wp-content\/uploads\/2022\/08\/logo-1.png","contentUrl":"https:\/\/librairie7l.com\/wp-content\/uploads\/2022\/08\/logo-1.png","width":227,"height":301,"caption":"Librairie 7L"},"image":{"@id":"https:\/\/librairie7l.com\/en\/#\/schema\/logo\/image\/"}}]}},"_links":{"self":[{"href":"https:\/\/librairie7l.com\/en\/wp-json\/wp\/v2\/product\/56327"}],"collection":[{"href":"https:\/\/librairie7l.com\/en\/wp-json\/wp\/v2\/product"}],"about":[{"href":"https:\/\/librairie7l.com\/en\/wp-json\/wp\/v2\/types\/product"}],"wp:featuredmedia":[{"embeddable":true,"href":"https:\/\/librairie7l.com\/en\/wp-json\/wp\/v2\/media\/56325"}],"wp:attachment":[{"href":"https:\/\/librairie7l.com\/en\/wp-json\/wp\/v2\/media?parent=56327"}],"wp:term":[{"taxonomy":"product_cat","embeddable":true,"href":"https:\/\/librairie7l.com\/en\/wp-json\/wp\/v2\/product_cat?post=56327"},{"taxonomy":"product_tag","embeddable":true,"href":"https:\/\/librairie7l.com\/en\/wp-json\/wp\/v2\/product_tag?post=56327"}],"curies":[{"name":"wp","href":"https:\/\/api.w.org\/{rel}","templated":true}]}}