{"id":56331,"date":"2026-04-15T10:16:18","date_gmt":"2026-04-15T08:16:18","guid":{"rendered":"https:\/\/librairie7l.com\/?post_type=product&#038;p=56331"},"modified":"2026-04-15T20:10:48","modified_gmt":"2026-04-15T18:10:48","slug":"calder-rever-en-equilibre-catalogue-officiel-dexposition-2","status":"publish","type":"product","link":"https:\/\/librairie7l.com\/en\/produit\/calder-rever-en-equilibre-catalogue-officiel-dexposition-2\/","title":{"rendered":"CALDER : R\u00caVER EN \u00c9QUILIBRE ; CATALOGUE OFFICIEL D&#8217;EXPOSITION"},"content":{"rendered":"<p>Publi\u00e9 \u00e0 l&#8217;occasion de \u00ab Calder. R\u00eaver en \u00e9quilibre \u00bb, la r\u00e9trospective de l&#8217;artiste \u00e0 la Fondation Louis Vuitton, cet ouvrage r\u00e9unit plus de 300 oeuvres d&#8217;Alexander Calder, un des artistes les plus influents et c\u00e9l\u00e9br\u00e9s du xxe si\u00e8cle. Ce livre t\u00e9moigne du lien profond de Calder avec la France, et retrace le d\u00e9veloppement de son oeuvre des ann\u00e9es 1920 \u00e0 sa disparition en 1976. Il envisage aussi comment ses sculptures de fil de fer, mobiles et stabiles sont entr\u00e9s en r\u00e9sonance avec les chefs-d&#8217;oeuvre de ses contemporains, tels Paul Klee et Wassily Kandinsky, ainsi que son cercle proche o\u00f9 figuraient Jean Arp, Joan Mir\u00f3 et Fernand L\u00e9ger.<br \/>\nCe livre, largement illustr\u00e9, est dirig\u00e9 par les commissaires de l&#8217;exposition Anna Karina Hofbauer et Dieter Buchhart. Il comprend des contributions in\u00e9dites d&#8217;Elizabeth Hutton Turner, de Chus Mart\u00ednez, d&#8217;Olivier Michelon, de Suzanne Pag\u00e9, d&#8217;Arnauld Pierre ainsi qu&#8217;une conversation entre Alexander S. C. Rower et Jordana Mendelson.<br \/>\n\u00a0<\/p>\n","protected":false},"excerpt":{"rendered":"<p>Publi\u00e9 \u00e0 l&#8217;occasion de \u00ab Calder. R\u00eaver en \u00e9quilibre \u00bb, la r\u00e9trospective de l&#8217;artiste \u00e0 la Fondation Louis Vuitton, cet ouvrage r\u00e9unit plus de 300 oeuvres d&#8217;Alexander Calder, un des artistes les plus influents et c\u00e9l\u00e9br\u00e9s du xxe si\u00e8cle. Ce livre t\u00e9moigne du lien profond de Calder avec la France, et retrace le d\u00e9veloppement de [&hellip;]<\/p>\n","protected":false},"featured_media":56329,"template":"","meta":[],"product_cat":[2948],"product_tag":[],"acf":[],"yoast_head":"<!-- This site is optimized with the Yoast SEO plugin v20.11 - https:\/\/yoast.com\/wordpress\/plugins\/seo\/ -->\n<title>Calder : R\u00eaver en \u00e9quilibre ; Catalogue officiel d&#039;exposition - Librairie 7L<\/title>\n<meta name=\"robots\" content=\"index, follow, max-snippet:-1, max-image-preview:large, max-video-preview:-1\" \/>\n<link rel=\"canonical\" href=\"https:\/\/librairie7l.com\/en\/produit\/calder-rever-en-equilibre-catalogue-officiel-dexposition-2\/\" \/>\n<meta property=\"og:locale\" content=\"en_US\" \/>\n<meta property=\"og:type\" content=\"article\" \/>\n<meta property=\"og:title\" content=\"Calder : R\u00eaver en \u00e9quilibre ; Catalogue officiel d&#039;exposition - Librairie 7L\" \/>\n<meta property=\"og:description\" content=\"Publi\u00e9 \u00e0 l&#8217;occasion de \u00ab Calder. R\u00eaver en \u00e9quilibre \u00bb, la r\u00e9trospective de l&#8217;artiste \u00e0 la Fondation Louis Vuitton, cet ouvrage r\u00e9unit plus de 300 oeuvres d&#8217;Alexander Calder, un des artistes les plus influents et c\u00e9l\u00e9br\u00e9s du xxe si\u00e8cle. Ce livre t\u00e9moigne du lien profond de Calder avec la France, et retrace le d\u00e9veloppement de [&hellip;]\" \/>\n<meta property=\"og:url\" content=\"https:\/\/librairie7l.com\/en\/produit\/calder-rever-en-equilibre-catalogue-officiel-dexposition-2\/\" \/>\n<meta property=\"og:site_name\" content=\"Librairie 7L\" \/>\n<meta property=\"article:modified_time\" content=\"2026-04-15T18:10:48+00:00\" \/>\n<meta property=\"og:image\" content=\"https:\/\/librairie7l.com\/wp-content\/uploads\/2025\/12\/9782754117289_1_75.jpg\" \/>\n\t<meta property=\"og:image:width\" content=\"600\" \/>\n\t<meta property=\"og:image:height\" content=\"695\" \/>\n\t<meta property=\"og:image:type\" content=\"image\/jpeg\" \/>\n<meta name=\"twitter:card\" content=\"summary_large_image\" \/>\n<meta name=\"twitter:label1\" content=\"Est. reading time\" \/>\n\t<meta name=\"twitter:data1\" content=\"1 minute\" \/>\n<script type=\"application\/ld+json\" class=\"yoast-schema-graph\">{\"@context\":\"https:\/\/schema.org\",\"@graph\":[{\"@type\":\"WebPage\",\"@id\":\"https:\/\/librairie7l.com\/en\/produit\/calder-rever-en-equilibre-catalogue-officiel-dexposition-2\/\",\"url\":\"https:\/\/librairie7l.com\/en\/produit\/calder-rever-en-equilibre-catalogue-officiel-dexposition-2\/\",\"name\":\"Calder : R\u00eaver en \u00e9quilibre ; Catalogue officiel d'exposition - Librairie 7L\",\"isPartOf\":{\"@id\":\"https:\/\/librairie7l.com\/en\/#website\"},\"datePublished\":\"2026-04-15T08:16:18+00:00\",\"dateModified\":\"2026-04-15T18:10:48+00:00\",\"breadcrumb\":{\"@id\":\"https:\/\/librairie7l.com\/en\/produit\/calder-rever-en-equilibre-catalogue-officiel-dexposition-2\/#breadcrumb\"},\"inLanguage\":\"en-US\",\"potentialAction\":[{\"@type\":\"ReadAction\",\"target\":[\"https:\/\/librairie7l.com\/en\/produit\/calder-rever-en-equilibre-catalogue-officiel-dexposition-2\/\"]}]},{\"@type\":\"BreadcrumbList\",\"@id\":\"https:\/\/librairie7l.com\/en\/produit\/calder-rever-en-equilibre-catalogue-officiel-dexposition-2\/#breadcrumb\",\"itemListElement\":[{\"@type\":\"ListItem\",\"position\":1,\"name\":\"Accueil\",\"item\":\"https:\/\/librairie7l.com\/en\/\"},{\"@type\":\"ListItem\",\"position\":2,\"name\":\"Shop\",\"item\":\"https:\/\/librairie7l.com\/en\/shop\/\"},{\"@type\":\"ListItem\",\"position\":3,\"name\":\"CALDER : R\u00caVER EN \u00c9QUILIBRE ; CATALOGUE OFFICIEL D&#8217;EXPOSITION\"}]},{\"@type\":\"WebSite\",\"@id\":\"https:\/\/librairie7l.com\/en\/#website\",\"url\":\"https:\/\/librairie7l.com\/en\/\",\"name\":\"Librairie 7L\",\"description\":\"Librairie fond\u00e9e en 1999 par Karl Lagerfeld \u00e0 Paris\",\"publisher\":{\"@id\":\"https:\/\/librairie7l.com\/en\/#organization\"},\"potentialAction\":[{\"@type\":\"SearchAction\",\"target\":{\"@type\":\"EntryPoint\",\"urlTemplate\":\"https:\/\/librairie7l.com\/en\/?s={search_term_string}\"},\"query-input\":\"required name=search_term_string\"}],\"inLanguage\":\"en-US\"},{\"@type\":\"Organization\",\"@id\":\"https:\/\/librairie7l.com\/en\/#organization\",\"name\":\"Librairie 7L\",\"url\":\"https:\/\/librairie7l.com\/en\/\",\"logo\":{\"@type\":\"ImageObject\",\"inLanguage\":\"en-US\",\"@id\":\"https:\/\/librairie7l.com\/en\/#\/schema\/logo\/image\/\",\"url\":\"https:\/\/librairie7l.com\/wp-content\/uploads\/2022\/08\/logo-1.png\",\"contentUrl\":\"https:\/\/librairie7l.com\/wp-content\/uploads\/2022\/08\/logo-1.png\",\"width\":227,\"height\":301,\"caption\":\"Librairie 7L\"},\"image\":{\"@id\":\"https:\/\/librairie7l.com\/en\/#\/schema\/logo\/image\/\"}}]}<\/script>\n<!-- \/ Yoast SEO plugin. -->","yoast_head_json":{"title":"Calder : R\u00eaver en \u00e9quilibre ; Catalogue officiel d'exposition - Librairie 7L","robots":{"index":"index","follow":"follow","max-snippet":"max-snippet:-1","max-image-preview":"max-image-preview:large","max-video-preview":"max-video-preview:-1"},"canonical":"https:\/\/librairie7l.com\/en\/produit\/calder-rever-en-equilibre-catalogue-officiel-dexposition-2\/","og_locale":"en_US","og_type":"article","og_title":"Calder : R\u00eaver en \u00e9quilibre ; Catalogue officiel d'exposition - Librairie 7L","og_description":"Publi\u00e9 \u00e0 l&#8217;occasion de \u00ab Calder. R\u00eaver en \u00e9quilibre \u00bb, la r\u00e9trospective de l&#8217;artiste \u00e0 la Fondation Louis Vuitton, cet ouvrage r\u00e9unit plus de 300 oeuvres d&#8217;Alexander Calder, un des artistes les plus influents et c\u00e9l\u00e9br\u00e9s du xxe si\u00e8cle. Ce livre t\u00e9moigne du lien profond de Calder avec la France, et retrace le d\u00e9veloppement de [&hellip;]","og_url":"https:\/\/librairie7l.com\/en\/produit\/calder-rever-en-equilibre-catalogue-officiel-dexposition-2\/","og_site_name":"Librairie 7L","article_modified_time":"2026-04-15T18:10:48+00:00","og_image":[{"width":600,"height":695,"url":"https:\/\/librairie7l.com\/wp-content\/uploads\/2025\/12\/9782754117289_1_75.jpg","type":"image\/jpeg"}],"twitter_card":"summary_large_image","twitter_misc":{"Est. reading time":"1 minute"},"schema":{"@context":"https:\/\/schema.org","@graph":[{"@type":"WebPage","@id":"https:\/\/librairie7l.com\/en\/produit\/calder-rever-en-equilibre-catalogue-officiel-dexposition-2\/","url":"https:\/\/librairie7l.com\/en\/produit\/calder-rever-en-equilibre-catalogue-officiel-dexposition-2\/","name":"Calder : R\u00eaver en \u00e9quilibre ; Catalogue officiel d'exposition - Librairie 7L","isPartOf":{"@id":"https:\/\/librairie7l.com\/en\/#website"},"datePublished":"2026-04-15T08:16:18+00:00","dateModified":"2026-04-15T18:10:48+00:00","breadcrumb":{"@id":"https:\/\/librairie7l.com\/en\/produit\/calder-rever-en-equilibre-catalogue-officiel-dexposition-2\/#breadcrumb"},"inLanguage":"en-US","potentialAction":[{"@type":"ReadAction","target":["https:\/\/librairie7l.com\/en\/produit\/calder-rever-en-equilibre-catalogue-officiel-dexposition-2\/"]}]},{"@type":"BreadcrumbList","@id":"https:\/\/librairie7l.com\/en\/produit\/calder-rever-en-equilibre-catalogue-officiel-dexposition-2\/#breadcrumb","itemListElement":[{"@type":"ListItem","position":1,"name":"Accueil","item":"https:\/\/librairie7l.com\/en\/"},{"@type":"ListItem","position":2,"name":"Shop","item":"https:\/\/librairie7l.com\/en\/shop\/"},{"@type":"ListItem","position":3,"name":"CALDER : R\u00caVER EN \u00c9QUILIBRE ; CATALOGUE OFFICIEL D&#8217;EXPOSITION"}]},{"@type":"WebSite","@id":"https:\/\/librairie7l.com\/en\/#website","url":"https:\/\/librairie7l.com\/en\/","name":"Librairie 7L","description":"Librairie fond\u00e9e en 1999 par Karl Lagerfeld \u00e0 Paris","publisher":{"@id":"https:\/\/librairie7l.com\/en\/#organization"},"potentialAction":[{"@type":"SearchAction","target":{"@type":"EntryPoint","urlTemplate":"https:\/\/librairie7l.com\/en\/?s={search_term_string}"},"query-input":"required name=search_term_string"}],"inLanguage":"en-US"},{"@type":"Organization","@id":"https:\/\/librairie7l.com\/en\/#organization","name":"Librairie 7L","url":"https:\/\/librairie7l.com\/en\/","logo":{"@type":"ImageObject","inLanguage":"en-US","@id":"https:\/\/librairie7l.com\/en\/#\/schema\/logo\/image\/","url":"https:\/\/librairie7l.com\/wp-content\/uploads\/2022\/08\/logo-1.png","contentUrl":"https:\/\/librairie7l.com\/wp-content\/uploads\/2022\/08\/logo-1.png","width":227,"height":301,"caption":"Librairie 7L"},"image":{"@id":"https:\/\/librairie7l.com\/en\/#\/schema\/logo\/image\/"}}]}},"_links":{"self":[{"href":"https:\/\/librairie7l.com\/en\/wp-json\/wp\/v2\/product\/56331"}],"collection":[{"href":"https:\/\/librairie7l.com\/en\/wp-json\/wp\/v2\/product"}],"about":[{"href":"https:\/\/librairie7l.com\/en\/wp-json\/wp\/v2\/types\/product"}],"wp:featuredmedia":[{"embeddable":true,"href":"https:\/\/librairie7l.com\/en\/wp-json\/wp\/v2\/media\/56329"}],"wp:attachment":[{"href":"https:\/\/librairie7l.com\/en\/wp-json\/wp\/v2\/media?parent=56331"}],"wp:term":[{"taxonomy":"product_cat","embeddable":true,"href":"https:\/\/librairie7l.com\/en\/wp-json\/wp\/v2\/product_cat?post=56331"},{"taxonomy":"product_tag","embeddable":true,"href":"https:\/\/librairie7l.com\/en\/wp-json\/wp\/v2\/product_tag?post=56331"}],"curies":[{"name":"wp","href":"https:\/\/api.w.org\/{rel}","templated":true}]}}