{"id":56335,"date":"2026-04-15T10:16:20","date_gmt":"2026-04-15T08:16:20","guid":{"rendered":"https:\/\/librairie7l.com\/?post_type=product&#038;p=56335"},"modified":"2026-04-15T18:22:08","modified_gmt":"2026-04-15T16:22:08","slug":"lee-miller-mamvp-edition-2026-2","status":"publish","type":"product","link":"https:\/\/librairie7l.com\/en\/produit\/lee-miller-mamvp-edition-2026-2\/","title":{"rendered":"LEE MILLER : MAMVP (\u00c9DITION 2026)"},"content":{"rendered":"<p>Une \u00e9dition augment\u00e9e du catalogue de laTate Britain.<\/p>\n<p>Le livre porte un regard complet sur l&#8217;oeuvre de cette photographe r\u00e9volutionnaire et r\u00e9v\u00e8le son importance en tant qu&#8217;artiste surr\u00e9aliste. Lee Miller (1907-1977) a endoss\u00e9 de nombreux r\u00f4les au cours de sa vie tr\u00e9pidente, passant d&#8217;avant-gardiste \u00e0 photographe commerciale, puis correspondante de guerre et photojournaliste, apportant \u00e0 chacun d&#8217;entre eux sa sensibilit\u00e9 unique. Bien qu&#8217;elle ait \u00e9t\u00e9 \u00e9troitement li\u00e9e \u00e0 de nombreuses figures de proue du surr\u00e9alisme, notamment Man Ray, et qu&#8217;elle ait particip\u00e9 \u00e0 des expositions majeures de son \u00e9poque, Miller a parfois \u00e9t\u00e9 marginalis\u00e9e dans le monde de l&#8217;art en tant que femme et photographe, \u00e0 une \u00e9poque o\u00f9 la photographie peinait \u00e0 \u00eatre reconnu comme un art \u00e0 part enti\u00e8re. Son oeuvre, qui transcende les genres, englobe le portrait, la mode, la nature morte, le paysage, le reportage et la publicit\u00e9 : audacieuse, po\u00e9tique et surr\u00e9aliste, elle r\u00e9v\u00e8le un monde d&#8217;une beaut\u00e9 \u00e9trange et d&#8217;une ambigu\u00eft\u00e9 sensuelle, souvent teint\u00e9 d&#8217;humour. S&#8217;appuyant sur les derni\u00e8res recherches, l&#8217;ouvrage propose des essais explorant tous les aspects de la carri\u00e8re de Miller, depuis ses premi\u00e8res ann\u00e9es \u00e0 Paris, New York et Le Caire jusqu&#8217;\u00e0 son journalisme de guerre et ses portraits tardifs. A noter que la romanci\u00e8re, dramaturge et po\u00e8te britannique Deborah Levy offre une texte in\u00e9dit sur Miller et son art.<\/p>\n","protected":false},"excerpt":{"rendered":"<p>Une \u00e9dition augment\u00e9e du catalogue de laTate Britain. Le livre porte un regard complet sur l&#8217;oeuvre de cette photographe r\u00e9volutionnaire et r\u00e9v\u00e8le son importance en tant qu&#8217;artiste surr\u00e9aliste. Lee Miller (1907-1977) a endoss\u00e9 de nombreux r\u00f4les au cours de sa vie tr\u00e9pidente, passant d&#8217;avant-gardiste \u00e0 photographe commerciale, puis correspondante de guerre et photojournaliste, apportant \u00e0 [&hellip;]<\/p>\n","protected":false},"featured_media":56333,"template":"","meta":[],"product_cat":[2948],"product_tag":[],"acf":[],"yoast_head":"<!-- This site is optimized with the Yoast SEO plugin v20.11 - https:\/\/yoast.com\/wordpress\/plugins\/seo\/ -->\n<title>Lee Miller : MAMVP (\u00e9dition 2026) - Librairie 7L<\/title>\n<meta name=\"robots\" content=\"index, follow, max-snippet:-1, max-image-preview:large, max-video-preview:-1\" \/>\n<link rel=\"canonical\" href=\"https:\/\/librairie7l.com\/en\/produit\/lee-miller-mamvp-edition-2026-2\/\" \/>\n<meta property=\"og:locale\" content=\"en_US\" \/>\n<meta property=\"og:type\" content=\"article\" \/>\n<meta property=\"og:title\" content=\"Lee Miller : MAMVP (\u00e9dition 2026) - Librairie 7L\" \/>\n<meta property=\"og:description\" content=\"Une \u00e9dition augment\u00e9e du catalogue de laTate Britain. Le livre porte un regard complet sur l&#8217;oeuvre de cette photographe r\u00e9volutionnaire et r\u00e9v\u00e8le son importance en tant qu&#8217;artiste surr\u00e9aliste. Lee Miller (1907-1977) a endoss\u00e9 de nombreux r\u00f4les au cours de sa vie tr\u00e9pidente, passant d&#8217;avant-gardiste \u00e0 photographe commerciale, puis correspondante de guerre et photojournaliste, apportant \u00e0 [&hellip;]\" \/>\n<meta property=\"og:url\" content=\"https:\/\/librairie7l.com\/en\/produit\/lee-miller-mamvp-edition-2026-2\/\" \/>\n<meta property=\"og:site_name\" content=\"Librairie 7L\" \/>\n<meta property=\"article:modified_time\" content=\"2026-04-15T16:22:08+00:00\" \/>\n<meta property=\"og:image\" content=\"https:\/\/librairie7l.com\/wp-content\/uploads\/2025\/11\/9782759606313_1_75.jpg\" \/>\n\t<meta property=\"og:image:width\" content=\"600\" \/>\n\t<meta property=\"og:image:height\" content=\"786\" \/>\n\t<meta property=\"og:image:type\" content=\"image\/jpeg\" \/>\n<meta name=\"twitter:card\" content=\"summary_large_image\" \/>\n<meta name=\"twitter:label1\" content=\"Est. reading time\" \/>\n\t<meta name=\"twitter:data1\" content=\"1 minute\" \/>\n<script type=\"application\/ld+json\" class=\"yoast-schema-graph\">{\"@context\":\"https:\/\/schema.org\",\"@graph\":[{\"@type\":\"WebPage\",\"@id\":\"https:\/\/librairie7l.com\/en\/produit\/lee-miller-mamvp-edition-2026-2\/\",\"url\":\"https:\/\/librairie7l.com\/en\/produit\/lee-miller-mamvp-edition-2026-2\/\",\"name\":\"Lee Miller : MAMVP (\u00e9dition 2026) - Librairie 7L\",\"isPartOf\":{\"@id\":\"https:\/\/librairie7l.com\/en\/#website\"},\"datePublished\":\"2026-04-15T08:16:20+00:00\",\"dateModified\":\"2026-04-15T16:22:08+00:00\",\"breadcrumb\":{\"@id\":\"https:\/\/librairie7l.com\/en\/produit\/lee-miller-mamvp-edition-2026-2\/#breadcrumb\"},\"inLanguage\":\"en-US\",\"potentialAction\":[{\"@type\":\"ReadAction\",\"target\":[\"https:\/\/librairie7l.com\/en\/produit\/lee-miller-mamvp-edition-2026-2\/\"]}]},{\"@type\":\"BreadcrumbList\",\"@id\":\"https:\/\/librairie7l.com\/en\/produit\/lee-miller-mamvp-edition-2026-2\/#breadcrumb\",\"itemListElement\":[{\"@type\":\"ListItem\",\"position\":1,\"name\":\"Accueil\",\"item\":\"https:\/\/librairie7l.com\/en\/\"},{\"@type\":\"ListItem\",\"position\":2,\"name\":\"Shop\",\"item\":\"https:\/\/librairie7l.com\/en\/shop\/\"},{\"@type\":\"ListItem\",\"position\":3,\"name\":\"LEE MILLER : MAMVP (\u00c9DITION 2026)\"}]},{\"@type\":\"WebSite\",\"@id\":\"https:\/\/librairie7l.com\/en\/#website\",\"url\":\"https:\/\/librairie7l.com\/en\/\",\"name\":\"Librairie 7L\",\"description\":\"Librairie fond\u00e9e en 1999 par Karl Lagerfeld \u00e0 Paris\",\"publisher\":{\"@id\":\"https:\/\/librairie7l.com\/en\/#organization\"},\"potentialAction\":[{\"@type\":\"SearchAction\",\"target\":{\"@type\":\"EntryPoint\",\"urlTemplate\":\"https:\/\/librairie7l.com\/en\/?s={search_term_string}\"},\"query-input\":\"required name=search_term_string\"}],\"inLanguage\":\"en-US\"},{\"@type\":\"Organization\",\"@id\":\"https:\/\/librairie7l.com\/en\/#organization\",\"name\":\"Librairie 7L\",\"url\":\"https:\/\/librairie7l.com\/en\/\",\"logo\":{\"@type\":\"ImageObject\",\"inLanguage\":\"en-US\",\"@id\":\"https:\/\/librairie7l.com\/en\/#\/schema\/logo\/image\/\",\"url\":\"https:\/\/librairie7l.com\/wp-content\/uploads\/2022\/08\/logo-1.png\",\"contentUrl\":\"https:\/\/librairie7l.com\/wp-content\/uploads\/2022\/08\/logo-1.png\",\"width\":227,\"height\":301,\"caption\":\"Librairie 7L\"},\"image\":{\"@id\":\"https:\/\/librairie7l.com\/en\/#\/schema\/logo\/image\/\"}}]}<\/script>\n<!-- \/ Yoast SEO plugin. -->","yoast_head_json":{"title":"Lee Miller : MAMVP (\u00e9dition 2026) - Librairie 7L","robots":{"index":"index","follow":"follow","max-snippet":"max-snippet:-1","max-image-preview":"max-image-preview:large","max-video-preview":"max-video-preview:-1"},"canonical":"https:\/\/librairie7l.com\/en\/produit\/lee-miller-mamvp-edition-2026-2\/","og_locale":"en_US","og_type":"article","og_title":"Lee Miller : MAMVP (\u00e9dition 2026) - Librairie 7L","og_description":"Une \u00e9dition augment\u00e9e du catalogue de laTate Britain. Le livre porte un regard complet sur l&#8217;oeuvre de cette photographe r\u00e9volutionnaire et r\u00e9v\u00e8le son importance en tant qu&#8217;artiste surr\u00e9aliste. Lee Miller (1907-1977) a endoss\u00e9 de nombreux r\u00f4les au cours de sa vie tr\u00e9pidente, passant d&#8217;avant-gardiste \u00e0 photographe commerciale, puis correspondante de guerre et photojournaliste, apportant \u00e0 [&hellip;]","og_url":"https:\/\/librairie7l.com\/en\/produit\/lee-miller-mamvp-edition-2026-2\/","og_site_name":"Librairie 7L","article_modified_time":"2026-04-15T16:22:08+00:00","og_image":[{"width":600,"height":786,"url":"https:\/\/librairie7l.com\/wp-content\/uploads\/2025\/11\/9782759606313_1_75.jpg","type":"image\/jpeg"}],"twitter_card":"summary_large_image","twitter_misc":{"Est. reading time":"1 minute"},"schema":{"@context":"https:\/\/schema.org","@graph":[{"@type":"WebPage","@id":"https:\/\/librairie7l.com\/en\/produit\/lee-miller-mamvp-edition-2026-2\/","url":"https:\/\/librairie7l.com\/en\/produit\/lee-miller-mamvp-edition-2026-2\/","name":"Lee Miller : MAMVP (\u00e9dition 2026) - Librairie 7L","isPartOf":{"@id":"https:\/\/librairie7l.com\/en\/#website"},"datePublished":"2026-04-15T08:16:20+00:00","dateModified":"2026-04-15T16:22:08+00:00","breadcrumb":{"@id":"https:\/\/librairie7l.com\/en\/produit\/lee-miller-mamvp-edition-2026-2\/#breadcrumb"},"inLanguage":"en-US","potentialAction":[{"@type":"ReadAction","target":["https:\/\/librairie7l.com\/en\/produit\/lee-miller-mamvp-edition-2026-2\/"]}]},{"@type":"BreadcrumbList","@id":"https:\/\/librairie7l.com\/en\/produit\/lee-miller-mamvp-edition-2026-2\/#breadcrumb","itemListElement":[{"@type":"ListItem","position":1,"name":"Accueil","item":"https:\/\/librairie7l.com\/en\/"},{"@type":"ListItem","position":2,"name":"Shop","item":"https:\/\/librairie7l.com\/en\/shop\/"},{"@type":"ListItem","position":3,"name":"LEE MILLER : MAMVP (\u00c9DITION 2026)"}]},{"@type":"WebSite","@id":"https:\/\/librairie7l.com\/en\/#website","url":"https:\/\/librairie7l.com\/en\/","name":"Librairie 7L","description":"Librairie fond\u00e9e en 1999 par Karl Lagerfeld \u00e0 Paris","publisher":{"@id":"https:\/\/librairie7l.com\/en\/#organization"},"potentialAction":[{"@type":"SearchAction","target":{"@type":"EntryPoint","urlTemplate":"https:\/\/librairie7l.com\/en\/?s={search_term_string}"},"query-input":"required name=search_term_string"}],"inLanguage":"en-US"},{"@type":"Organization","@id":"https:\/\/librairie7l.com\/en\/#organization","name":"Librairie 7L","url":"https:\/\/librairie7l.com\/en\/","logo":{"@type":"ImageObject","inLanguage":"en-US","@id":"https:\/\/librairie7l.com\/en\/#\/schema\/logo\/image\/","url":"https:\/\/librairie7l.com\/wp-content\/uploads\/2022\/08\/logo-1.png","contentUrl":"https:\/\/librairie7l.com\/wp-content\/uploads\/2022\/08\/logo-1.png","width":227,"height":301,"caption":"Librairie 7L"},"image":{"@id":"https:\/\/librairie7l.com\/en\/#\/schema\/logo\/image\/"}}]}},"_links":{"self":[{"href":"https:\/\/librairie7l.com\/en\/wp-json\/wp\/v2\/product\/56335"}],"collection":[{"href":"https:\/\/librairie7l.com\/en\/wp-json\/wp\/v2\/product"}],"about":[{"href":"https:\/\/librairie7l.com\/en\/wp-json\/wp\/v2\/types\/product"}],"wp:featuredmedia":[{"embeddable":true,"href":"https:\/\/librairie7l.com\/en\/wp-json\/wp\/v2\/media\/56333"}],"wp:attachment":[{"href":"https:\/\/librairie7l.com\/en\/wp-json\/wp\/v2\/media?parent=56335"}],"wp:term":[{"taxonomy":"product_cat","embeddable":true,"href":"https:\/\/librairie7l.com\/en\/wp-json\/wp\/v2\/product_cat?post=56335"},{"taxonomy":"product_tag","embeddable":true,"href":"https:\/\/librairie7l.com\/en\/wp-json\/wp\/v2\/product_tag?post=56335"}],"curies":[{"name":"wp","href":"https:\/\/api.w.org\/{rel}","templated":true}]}}