{"id":56343,"date":"2026-04-15T10:16:25","date_gmt":"2026-04-15T08:16:25","guid":{"rendered":"https:\/\/librairie7l.com\/?post_type=product&#038;p=56343"},"modified":"2026-04-15T19:39:14","modified_gmt":"2026-04-15T17:39:14","slug":"fragonard-le-parfumeur-du-bonheur-2","status":"publish","type":"product","link":"https:\/\/librairie7l.com\/en\/produit\/fragonard-le-parfumeur-du-bonheur-2\/","title":{"rendered":"FRAGONARD : LE PARFUMEUR DU BONHEUR"},"content":{"rendered":"<p>Depuis 1926, la Maison Fragonard exalte l&#8217;\u00e9l\u00e9gance \u00e0 la fran\u00e7aise et \u00e9crit les chapitres d&#8217;une vision artistique unique\u00a0:\u00a0celle de Grasse et de la Riviera, o\u00f9 une production de parfums d&#8217;exception s&#8217;appuie sur un savoir-faire s\u00e9culaire et une cr\u00e9ativit\u00e9 guid\u00e9e par le plaisir. Cet ouvrage retrace dix d\u00e9cennies d&#8217;une qu\u00eate d&#8217;excellence ininterrompue. Au coeur de cette aventure, la cr\u00e9ation olfactive prend racine dans les jardins de la Maison, o\u00f9 sont cultiv\u00e9es avec passion les plantes embl\u00e9matiques du Pays grassois. Fid\u00e8le \u00e0 l&#8217;exigence de la tradition fran\u00e7aise, Fragonard privil\u00e9gie la noblesse des mati\u00e8res premi\u00e8res naturelles pour signer des compositions \u00e0 la fois authentiques et raffin\u00e9es. Des prestigieuses collections de flacons historiques aux mus\u00e9es d\u00e9di\u00e9s \u00e0 la peinture et aux arts textiles, ce livre c\u00e9l\u00e8bre la pl\u00e9nitude d&#8217;un art de vivre proven\u00e7al sign\u00e9 Fragonard. Servie par une iconographie exceptionnelle, cette r\u00e9trospective est un vibrant hommage \u00e0 la beaut\u00e9 et au patrimoine de la Maison.<\/p>\n","protected":false},"excerpt":{"rendered":"<p>Depuis 1926, la Maison Fragonard exalte l&#8217;\u00e9l\u00e9gance \u00e0 la fran\u00e7aise et \u00e9crit les chapitres d&#8217;une vision artistique unique\u00a0:\u00a0celle de Grasse et de la Riviera, o\u00f9 une production de parfums d&#8217;exception s&#8217;appuie sur un savoir-faire s\u00e9culaire et une cr\u00e9ativit\u00e9 guid\u00e9e par le plaisir. Cet ouvrage retrace dix d\u00e9cennies d&#8217;une qu\u00eate d&#8217;excellence ininterrompue. Au coeur de cette [&hellip;]<\/p>\n","protected":false},"featured_media":56341,"template":"","meta":[],"product_cat":[2948],"product_tag":[],"acf":[],"yoast_head":"<!-- This site is optimized with the Yoast SEO plugin v20.11 - https:\/\/yoast.com\/wordpress\/plugins\/seo\/ -->\n<title>Fragonard : Le parfumeur du bonheur - Librairie 7L<\/title>\n<meta name=\"robots\" content=\"index, follow, max-snippet:-1, max-image-preview:large, max-video-preview:-1\" \/>\n<link rel=\"canonical\" href=\"https:\/\/librairie7l.com\/en\/produit\/fragonard-le-parfumeur-du-bonheur-2\/\" \/>\n<meta property=\"og:locale\" content=\"en_US\" \/>\n<meta property=\"og:type\" content=\"article\" \/>\n<meta property=\"og:title\" content=\"Fragonard : Le parfumeur du bonheur - Librairie 7L\" \/>\n<meta property=\"og:description\" content=\"Depuis 1926, la Maison Fragonard exalte l&#8217;\u00e9l\u00e9gance \u00e0 la fran\u00e7aise et \u00e9crit les chapitres d&#8217;une vision artistique unique\u00a0:\u00a0celle de Grasse et de la Riviera, o\u00f9 une production de parfums d&#8217;exception s&#8217;appuie sur un savoir-faire s\u00e9culaire et une cr\u00e9ativit\u00e9 guid\u00e9e par le plaisir. Cet ouvrage retrace dix d\u00e9cennies d&#8217;une qu\u00eate d&#8217;excellence ininterrompue. Au coeur de cette [&hellip;]\" \/>\n<meta property=\"og:url\" content=\"https:\/\/librairie7l.com\/en\/produit\/fragonard-le-parfumeur-du-bonheur-2\/\" \/>\n<meta property=\"og:site_name\" content=\"Librairie 7L\" \/>\n<meta property=\"article:modified_time\" content=\"2026-04-15T17:39:14+00:00\" \/>\n<meta property=\"og:image\" content=\"https:\/\/librairie7l.com\/wp-content\/uploads\/2025\/12\/9782080496553_1_75.jpg\" \/>\n\t<meta property=\"og:image:width\" content=\"600\" \/>\n\t<meta property=\"og:image:height\" content=\"808\" \/>\n\t<meta property=\"og:image:type\" content=\"image\/jpeg\" \/>\n<meta name=\"twitter:card\" content=\"summary_large_image\" \/>\n<meta name=\"twitter:label1\" content=\"Est. reading time\" \/>\n\t<meta name=\"twitter:data1\" content=\"1 minute\" \/>\n<script type=\"application\/ld+json\" class=\"yoast-schema-graph\">{\"@context\":\"https:\/\/schema.org\",\"@graph\":[{\"@type\":\"WebPage\",\"@id\":\"https:\/\/librairie7l.com\/en\/produit\/fragonard-le-parfumeur-du-bonheur-2\/\",\"url\":\"https:\/\/librairie7l.com\/en\/produit\/fragonard-le-parfumeur-du-bonheur-2\/\",\"name\":\"Fragonard : Le parfumeur du bonheur - Librairie 7L\",\"isPartOf\":{\"@id\":\"https:\/\/librairie7l.com\/en\/#website\"},\"datePublished\":\"2026-04-15T08:16:25+00:00\",\"dateModified\":\"2026-04-15T17:39:14+00:00\",\"breadcrumb\":{\"@id\":\"https:\/\/librairie7l.com\/en\/produit\/fragonard-le-parfumeur-du-bonheur-2\/#breadcrumb\"},\"inLanguage\":\"en-US\",\"potentialAction\":[{\"@type\":\"ReadAction\",\"target\":[\"https:\/\/librairie7l.com\/en\/produit\/fragonard-le-parfumeur-du-bonheur-2\/\"]}]},{\"@type\":\"BreadcrumbList\",\"@id\":\"https:\/\/librairie7l.com\/en\/produit\/fragonard-le-parfumeur-du-bonheur-2\/#breadcrumb\",\"itemListElement\":[{\"@type\":\"ListItem\",\"position\":1,\"name\":\"Accueil\",\"item\":\"https:\/\/librairie7l.com\/en\/\"},{\"@type\":\"ListItem\",\"position\":2,\"name\":\"Shop\",\"item\":\"https:\/\/librairie7l.com\/en\/shop\/\"},{\"@type\":\"ListItem\",\"position\":3,\"name\":\"FRAGONARD : LE PARFUMEUR DU BONHEUR\"}]},{\"@type\":\"WebSite\",\"@id\":\"https:\/\/librairie7l.com\/en\/#website\",\"url\":\"https:\/\/librairie7l.com\/en\/\",\"name\":\"Librairie 7L\",\"description\":\"Librairie fond\u00e9e en 1999 par Karl Lagerfeld \u00e0 Paris\",\"publisher\":{\"@id\":\"https:\/\/librairie7l.com\/en\/#organization\"},\"potentialAction\":[{\"@type\":\"SearchAction\",\"target\":{\"@type\":\"EntryPoint\",\"urlTemplate\":\"https:\/\/librairie7l.com\/en\/?s={search_term_string}\"},\"query-input\":\"required name=search_term_string\"}],\"inLanguage\":\"en-US\"},{\"@type\":\"Organization\",\"@id\":\"https:\/\/librairie7l.com\/en\/#organization\",\"name\":\"Librairie 7L\",\"url\":\"https:\/\/librairie7l.com\/en\/\",\"logo\":{\"@type\":\"ImageObject\",\"inLanguage\":\"en-US\",\"@id\":\"https:\/\/librairie7l.com\/en\/#\/schema\/logo\/image\/\",\"url\":\"https:\/\/librairie7l.com\/wp-content\/uploads\/2022\/08\/logo-1.png\",\"contentUrl\":\"https:\/\/librairie7l.com\/wp-content\/uploads\/2022\/08\/logo-1.png\",\"width\":227,\"height\":301,\"caption\":\"Librairie 7L\"},\"image\":{\"@id\":\"https:\/\/librairie7l.com\/en\/#\/schema\/logo\/image\/\"}}]}<\/script>\n<!-- \/ Yoast SEO plugin. -->","yoast_head_json":{"title":"Fragonard : Le parfumeur du bonheur - Librairie 7L","robots":{"index":"index","follow":"follow","max-snippet":"max-snippet:-1","max-image-preview":"max-image-preview:large","max-video-preview":"max-video-preview:-1"},"canonical":"https:\/\/librairie7l.com\/en\/produit\/fragonard-le-parfumeur-du-bonheur-2\/","og_locale":"en_US","og_type":"article","og_title":"Fragonard : Le parfumeur du bonheur - Librairie 7L","og_description":"Depuis 1926, la Maison Fragonard exalte l&#8217;\u00e9l\u00e9gance \u00e0 la fran\u00e7aise et \u00e9crit les chapitres d&#8217;une vision artistique unique\u00a0:\u00a0celle de Grasse et de la Riviera, o\u00f9 une production de parfums d&#8217;exception s&#8217;appuie sur un savoir-faire s\u00e9culaire et une cr\u00e9ativit\u00e9 guid\u00e9e par le plaisir. Cet ouvrage retrace dix d\u00e9cennies d&#8217;une qu\u00eate d&#8217;excellence ininterrompue. Au coeur de cette [&hellip;]","og_url":"https:\/\/librairie7l.com\/en\/produit\/fragonard-le-parfumeur-du-bonheur-2\/","og_site_name":"Librairie 7L","article_modified_time":"2026-04-15T17:39:14+00:00","og_image":[{"width":600,"height":808,"url":"https:\/\/librairie7l.com\/wp-content\/uploads\/2025\/12\/9782080496553_1_75.jpg","type":"image\/jpeg"}],"twitter_card":"summary_large_image","twitter_misc":{"Est. reading time":"1 minute"},"schema":{"@context":"https:\/\/schema.org","@graph":[{"@type":"WebPage","@id":"https:\/\/librairie7l.com\/en\/produit\/fragonard-le-parfumeur-du-bonheur-2\/","url":"https:\/\/librairie7l.com\/en\/produit\/fragonard-le-parfumeur-du-bonheur-2\/","name":"Fragonard : Le parfumeur du bonheur - Librairie 7L","isPartOf":{"@id":"https:\/\/librairie7l.com\/en\/#website"},"datePublished":"2026-04-15T08:16:25+00:00","dateModified":"2026-04-15T17:39:14+00:00","breadcrumb":{"@id":"https:\/\/librairie7l.com\/en\/produit\/fragonard-le-parfumeur-du-bonheur-2\/#breadcrumb"},"inLanguage":"en-US","potentialAction":[{"@type":"ReadAction","target":["https:\/\/librairie7l.com\/en\/produit\/fragonard-le-parfumeur-du-bonheur-2\/"]}]},{"@type":"BreadcrumbList","@id":"https:\/\/librairie7l.com\/en\/produit\/fragonard-le-parfumeur-du-bonheur-2\/#breadcrumb","itemListElement":[{"@type":"ListItem","position":1,"name":"Accueil","item":"https:\/\/librairie7l.com\/en\/"},{"@type":"ListItem","position":2,"name":"Shop","item":"https:\/\/librairie7l.com\/en\/shop\/"},{"@type":"ListItem","position":3,"name":"FRAGONARD : LE PARFUMEUR DU BONHEUR"}]},{"@type":"WebSite","@id":"https:\/\/librairie7l.com\/en\/#website","url":"https:\/\/librairie7l.com\/en\/","name":"Librairie 7L","description":"Librairie fond\u00e9e en 1999 par Karl Lagerfeld \u00e0 Paris","publisher":{"@id":"https:\/\/librairie7l.com\/en\/#organization"},"potentialAction":[{"@type":"SearchAction","target":{"@type":"EntryPoint","urlTemplate":"https:\/\/librairie7l.com\/en\/?s={search_term_string}"},"query-input":"required name=search_term_string"}],"inLanguage":"en-US"},{"@type":"Organization","@id":"https:\/\/librairie7l.com\/en\/#organization","name":"Librairie 7L","url":"https:\/\/librairie7l.com\/en\/","logo":{"@type":"ImageObject","inLanguage":"en-US","@id":"https:\/\/librairie7l.com\/en\/#\/schema\/logo\/image\/","url":"https:\/\/librairie7l.com\/wp-content\/uploads\/2022\/08\/logo-1.png","contentUrl":"https:\/\/librairie7l.com\/wp-content\/uploads\/2022\/08\/logo-1.png","width":227,"height":301,"caption":"Librairie 7L"},"image":{"@id":"https:\/\/librairie7l.com\/en\/#\/schema\/logo\/image\/"}}]}},"_links":{"self":[{"href":"https:\/\/librairie7l.com\/en\/wp-json\/wp\/v2\/product\/56343"}],"collection":[{"href":"https:\/\/librairie7l.com\/en\/wp-json\/wp\/v2\/product"}],"about":[{"href":"https:\/\/librairie7l.com\/en\/wp-json\/wp\/v2\/types\/product"}],"wp:featuredmedia":[{"embeddable":true,"href":"https:\/\/librairie7l.com\/en\/wp-json\/wp\/v2\/media\/56341"}],"wp:attachment":[{"href":"https:\/\/librairie7l.com\/en\/wp-json\/wp\/v2\/media?parent=56343"}],"wp:term":[{"taxonomy":"product_cat","embeddable":true,"href":"https:\/\/librairie7l.com\/en\/wp-json\/wp\/v2\/product_cat?post=56343"},{"taxonomy":"product_tag","embeddable":true,"href":"https:\/\/librairie7l.com\/en\/wp-json\/wp\/v2\/product_tag?post=56343"}],"curies":[{"name":"wp","href":"https:\/\/api.w.org\/{rel}","templated":true}]}}