{"id":56347,"date":"2026-04-15T10:16:28","date_gmt":"2026-04-15T08:16:28","guid":{"rendered":"https:\/\/librairie7l.com\/?post_type=product&#038;p=56347"},"modified":"2026-04-15T20:10:46","modified_gmt":"2026-04-15T18:10:46","slug":"textiles-xviiieme-une-fabrique-a-reves-palais-galliera-2026-2","status":"publish","type":"product","link":"https:\/\/librairie7l.com\/en\/produit\/textiles-xviiieme-une-fabrique-a-reves-palais-galliera-2026-2\/","title":{"rendered":"TEXTILES XVIII\u00c8ME : UNE FABRIQUE \u00c0 R\u00caVES ; PALAIS GALLIERA 2026"},"content":{"rendered":"<p>Le palais Galliera, mus\u00e9e de la mode de Paris, conserve un fonds inestimable de pi\u00e8ces du XVIIIe si\u00e8cle, constitu\u00e9e des riches collections du mus\u00e9e Carnavalet et de la donation en 1920 de la Soci\u00e9t\u00e9 de l&#8217;histoire du costume fond\u00e9e par Leloir et compos\u00e9 d&#8217;un millier de v\u00eatements. Enrichi en 1962 d&#8217;un grand nombre de robes \u00e0 la fran\u00e7aise, le fonds, depuis, continue \u00e0 s&#8217;agrandir avec l&#8217;acquisition de pi\u00e8ces rares. Dans cette profusion de v\u00eatements, la chatoyance des textiles et des couleurs ne cessent<br \/>\nd&#8217;\u00e9merveiller. Car le XVIIIe, s&#8217;il est le si\u00e8cle par excellence du culte du para\u00eetre, est aussi le si\u00e8cle des couleurs (avec l&#8217;apparition des premiers cercles chromatiques notamment). Polychromie, mode des couleurs mixtes, claires et rabattues : le textile du XVIIIe si\u00e8cle se caract\u00e9rise par une multiplication des possibles.<br \/>\nCon\u00e7u \u00e0 la mani\u00e8re d&#8217;un recueil d&#8217;ornements et class\u00e9 par dominante chromatique, cet ouvrage est un objet de contemplation tout autant qu&#8217;un objet d&#8217;\u00e9tudes. Les d\u00e9tails pr\u00e9sent\u00e9s ici montrent une virtuosit\u00e9 technique et composent devant nos yeux un r\u00e9pertoire des savoir-faire et du go\u00fbt XVIIIe.<br \/>\nUn livre inspirant et une r\u00e9f\u00e9rence pour les designers, les historiens du textiles mais aussi et surtout tous les amoureux du beau.<\/p>\n","protected":false},"excerpt":{"rendered":"<p>Le palais Galliera, mus\u00e9e de la mode de Paris, conserve un fonds inestimable de pi\u00e8ces du XVIIIe si\u00e8cle, constitu\u00e9e des riches collections du mus\u00e9e Carnavalet et de la donation en 1920 de la Soci\u00e9t\u00e9 de l&#8217;histoire du costume fond\u00e9e par Leloir et compos\u00e9 d&#8217;un millier de v\u00eatements. Enrichi en 1962 d&#8217;un grand nombre de robes [&hellip;]<\/p>\n","protected":false},"featured_media":56345,"template":"","meta":[],"product_cat":[2948],"product_tag":[],"acf":[],"yoast_head":"<!-- This site is optimized with the Yoast SEO plugin v20.11 - https:\/\/yoast.com\/wordpress\/plugins\/seo\/ -->\n<title>Textiles XVIII\u00e8me : Une fabrique \u00e0 r\u00eaves ; Palais Galliera 2026 - Librairie 7L<\/title>\n<meta name=\"robots\" content=\"index, follow, max-snippet:-1, max-image-preview:large, max-video-preview:-1\" \/>\n<link rel=\"canonical\" href=\"https:\/\/librairie7l.com\/en\/produit\/textiles-xviiieme-une-fabrique-a-reves-palais-galliera-2026-2\/\" \/>\n<meta property=\"og:locale\" content=\"en_US\" \/>\n<meta property=\"og:type\" content=\"article\" \/>\n<meta property=\"og:title\" content=\"Textiles XVIII\u00e8me : Une fabrique \u00e0 r\u00eaves ; Palais Galliera 2026 - Librairie 7L\" \/>\n<meta property=\"og:description\" content=\"Le palais Galliera, mus\u00e9e de la mode de Paris, conserve un fonds inestimable de pi\u00e8ces du XVIIIe si\u00e8cle, constitu\u00e9e des riches collections du mus\u00e9e Carnavalet et de la donation en 1920 de la Soci\u00e9t\u00e9 de l&#8217;histoire du costume fond\u00e9e par Leloir et compos\u00e9 d&#8217;un millier de v\u00eatements. Enrichi en 1962 d&#8217;un grand nombre de robes [&hellip;]\" \/>\n<meta property=\"og:url\" content=\"https:\/\/librairie7l.com\/en\/produit\/textiles-xviiieme-une-fabrique-a-reves-palais-galliera-2026-2\/\" \/>\n<meta property=\"og:site_name\" content=\"Librairie 7L\" \/>\n<meta property=\"article:modified_time\" content=\"2026-04-15T18:10:46+00:00\" \/>\n<meta property=\"og:image\" content=\"https:\/\/librairie7l.com\/wp-content\/uploads\/2025\/11\/9782759606474_1_75.jpg\" \/>\n\t<meta property=\"og:image:width\" content=\"600\" \/>\n\t<meta property=\"og:image:height\" content=\"793\" \/>\n\t<meta property=\"og:image:type\" content=\"image\/jpeg\" \/>\n<meta name=\"twitter:card\" content=\"summary_large_image\" \/>\n<meta name=\"twitter:label1\" content=\"Est. reading time\" \/>\n\t<meta name=\"twitter:data1\" content=\"1 minute\" \/>\n<script type=\"application\/ld+json\" class=\"yoast-schema-graph\">{\"@context\":\"https:\/\/schema.org\",\"@graph\":[{\"@type\":\"WebPage\",\"@id\":\"https:\/\/librairie7l.com\/en\/produit\/textiles-xviiieme-une-fabrique-a-reves-palais-galliera-2026-2\/\",\"url\":\"https:\/\/librairie7l.com\/en\/produit\/textiles-xviiieme-une-fabrique-a-reves-palais-galliera-2026-2\/\",\"name\":\"Textiles XVIII\u00e8me : Une fabrique \u00e0 r\u00eaves ; Palais Galliera 2026 - Librairie 7L\",\"isPartOf\":{\"@id\":\"https:\/\/librairie7l.com\/en\/#website\"},\"datePublished\":\"2026-04-15T08:16:28+00:00\",\"dateModified\":\"2026-04-15T18:10:46+00:00\",\"breadcrumb\":{\"@id\":\"https:\/\/librairie7l.com\/en\/produit\/textiles-xviiieme-une-fabrique-a-reves-palais-galliera-2026-2\/#breadcrumb\"},\"inLanguage\":\"en-US\",\"potentialAction\":[{\"@type\":\"ReadAction\",\"target\":[\"https:\/\/librairie7l.com\/en\/produit\/textiles-xviiieme-une-fabrique-a-reves-palais-galliera-2026-2\/\"]}]},{\"@type\":\"BreadcrumbList\",\"@id\":\"https:\/\/librairie7l.com\/en\/produit\/textiles-xviiieme-une-fabrique-a-reves-palais-galliera-2026-2\/#breadcrumb\",\"itemListElement\":[{\"@type\":\"ListItem\",\"position\":1,\"name\":\"Accueil\",\"item\":\"https:\/\/librairie7l.com\/en\/\"},{\"@type\":\"ListItem\",\"position\":2,\"name\":\"Shop\",\"item\":\"https:\/\/librairie7l.com\/en\/shop\/\"},{\"@type\":\"ListItem\",\"position\":3,\"name\":\"TEXTILES XVIII\u00c8ME : UNE FABRIQUE \u00c0 R\u00caVES ; PALAIS GALLIERA 2026\"}]},{\"@type\":\"WebSite\",\"@id\":\"https:\/\/librairie7l.com\/en\/#website\",\"url\":\"https:\/\/librairie7l.com\/en\/\",\"name\":\"Librairie 7L\",\"description\":\"Librairie fond\u00e9e en 1999 par Karl Lagerfeld \u00e0 Paris\",\"publisher\":{\"@id\":\"https:\/\/librairie7l.com\/en\/#organization\"},\"potentialAction\":[{\"@type\":\"SearchAction\",\"target\":{\"@type\":\"EntryPoint\",\"urlTemplate\":\"https:\/\/librairie7l.com\/en\/?s={search_term_string}\"},\"query-input\":\"required name=search_term_string\"}],\"inLanguage\":\"en-US\"},{\"@type\":\"Organization\",\"@id\":\"https:\/\/librairie7l.com\/en\/#organization\",\"name\":\"Librairie 7L\",\"url\":\"https:\/\/librairie7l.com\/en\/\",\"logo\":{\"@type\":\"ImageObject\",\"inLanguage\":\"en-US\",\"@id\":\"https:\/\/librairie7l.com\/en\/#\/schema\/logo\/image\/\",\"url\":\"https:\/\/librairie7l.com\/wp-content\/uploads\/2022\/08\/logo-1.png\",\"contentUrl\":\"https:\/\/librairie7l.com\/wp-content\/uploads\/2022\/08\/logo-1.png\",\"width\":227,\"height\":301,\"caption\":\"Librairie 7L\"},\"image\":{\"@id\":\"https:\/\/librairie7l.com\/en\/#\/schema\/logo\/image\/\"}}]}<\/script>\n<!-- \/ Yoast SEO plugin. -->","yoast_head_json":{"title":"Textiles XVIII\u00e8me : Une fabrique \u00e0 r\u00eaves ; Palais Galliera 2026 - Librairie 7L","robots":{"index":"index","follow":"follow","max-snippet":"max-snippet:-1","max-image-preview":"max-image-preview:large","max-video-preview":"max-video-preview:-1"},"canonical":"https:\/\/librairie7l.com\/en\/produit\/textiles-xviiieme-une-fabrique-a-reves-palais-galliera-2026-2\/","og_locale":"en_US","og_type":"article","og_title":"Textiles XVIII\u00e8me : Une fabrique \u00e0 r\u00eaves ; Palais Galliera 2026 - Librairie 7L","og_description":"Le palais Galliera, mus\u00e9e de la mode de Paris, conserve un fonds inestimable de pi\u00e8ces du XVIIIe si\u00e8cle, constitu\u00e9e des riches collections du mus\u00e9e Carnavalet et de la donation en 1920 de la Soci\u00e9t\u00e9 de l&#8217;histoire du costume fond\u00e9e par Leloir et compos\u00e9 d&#8217;un millier de v\u00eatements. Enrichi en 1962 d&#8217;un grand nombre de robes [&hellip;]","og_url":"https:\/\/librairie7l.com\/en\/produit\/textiles-xviiieme-une-fabrique-a-reves-palais-galliera-2026-2\/","og_site_name":"Librairie 7L","article_modified_time":"2026-04-15T18:10:46+00:00","og_image":[{"width":600,"height":793,"url":"https:\/\/librairie7l.com\/wp-content\/uploads\/2025\/11\/9782759606474_1_75.jpg","type":"image\/jpeg"}],"twitter_card":"summary_large_image","twitter_misc":{"Est. reading time":"1 minute"},"schema":{"@context":"https:\/\/schema.org","@graph":[{"@type":"WebPage","@id":"https:\/\/librairie7l.com\/en\/produit\/textiles-xviiieme-une-fabrique-a-reves-palais-galliera-2026-2\/","url":"https:\/\/librairie7l.com\/en\/produit\/textiles-xviiieme-une-fabrique-a-reves-palais-galliera-2026-2\/","name":"Textiles XVIII\u00e8me : Une fabrique \u00e0 r\u00eaves ; Palais Galliera 2026 - Librairie 7L","isPartOf":{"@id":"https:\/\/librairie7l.com\/en\/#website"},"datePublished":"2026-04-15T08:16:28+00:00","dateModified":"2026-04-15T18:10:46+00:00","breadcrumb":{"@id":"https:\/\/librairie7l.com\/en\/produit\/textiles-xviiieme-une-fabrique-a-reves-palais-galliera-2026-2\/#breadcrumb"},"inLanguage":"en-US","potentialAction":[{"@type":"ReadAction","target":["https:\/\/librairie7l.com\/en\/produit\/textiles-xviiieme-une-fabrique-a-reves-palais-galliera-2026-2\/"]}]},{"@type":"BreadcrumbList","@id":"https:\/\/librairie7l.com\/en\/produit\/textiles-xviiieme-une-fabrique-a-reves-palais-galliera-2026-2\/#breadcrumb","itemListElement":[{"@type":"ListItem","position":1,"name":"Accueil","item":"https:\/\/librairie7l.com\/en\/"},{"@type":"ListItem","position":2,"name":"Shop","item":"https:\/\/librairie7l.com\/en\/shop\/"},{"@type":"ListItem","position":3,"name":"TEXTILES XVIII\u00c8ME : UNE FABRIQUE \u00c0 R\u00caVES ; PALAIS GALLIERA 2026"}]},{"@type":"WebSite","@id":"https:\/\/librairie7l.com\/en\/#website","url":"https:\/\/librairie7l.com\/en\/","name":"Librairie 7L","description":"Librairie fond\u00e9e en 1999 par Karl Lagerfeld \u00e0 Paris","publisher":{"@id":"https:\/\/librairie7l.com\/en\/#organization"},"potentialAction":[{"@type":"SearchAction","target":{"@type":"EntryPoint","urlTemplate":"https:\/\/librairie7l.com\/en\/?s={search_term_string}"},"query-input":"required name=search_term_string"}],"inLanguage":"en-US"},{"@type":"Organization","@id":"https:\/\/librairie7l.com\/en\/#organization","name":"Librairie 7L","url":"https:\/\/librairie7l.com\/en\/","logo":{"@type":"ImageObject","inLanguage":"en-US","@id":"https:\/\/librairie7l.com\/en\/#\/schema\/logo\/image\/","url":"https:\/\/librairie7l.com\/wp-content\/uploads\/2022\/08\/logo-1.png","contentUrl":"https:\/\/librairie7l.com\/wp-content\/uploads\/2022\/08\/logo-1.png","width":227,"height":301,"caption":"Librairie 7L"},"image":{"@id":"https:\/\/librairie7l.com\/en\/#\/schema\/logo\/image\/"}}]}},"_links":{"self":[{"href":"https:\/\/librairie7l.com\/en\/wp-json\/wp\/v2\/product\/56347"}],"collection":[{"href":"https:\/\/librairie7l.com\/en\/wp-json\/wp\/v2\/product"}],"about":[{"href":"https:\/\/librairie7l.com\/en\/wp-json\/wp\/v2\/types\/product"}],"wp:featuredmedia":[{"embeddable":true,"href":"https:\/\/librairie7l.com\/en\/wp-json\/wp\/v2\/media\/56345"}],"wp:attachment":[{"href":"https:\/\/librairie7l.com\/en\/wp-json\/wp\/v2\/media?parent=56347"}],"wp:term":[{"taxonomy":"product_cat","embeddable":true,"href":"https:\/\/librairie7l.com\/en\/wp-json\/wp\/v2\/product_cat?post=56347"},{"taxonomy":"product_tag","embeddable":true,"href":"https:\/\/librairie7l.com\/en\/wp-json\/wp\/v2\/product_tag?post=56347"}],"curies":[{"name":"wp","href":"https:\/\/api.w.org\/{rel}","templated":true}]}}