{"id":56359,"date":"2026-04-16T10:16:18","date_gmt":"2026-04-16T08:16:18","guid":{"rendered":"https:\/\/librairie7l.com\/?post_type=product&#038;p=56359"},"modified":"2026-04-17T15:46:26","modified_gmt":"2026-04-17T13:46:26","slug":"venise-revelee-2","status":"publish","type":"product","link":"https:\/\/librairie7l.com\/en\/produit\/venise-revelee-2\/","title":{"rendered":"VENISE R\u00c9V\u00c9L\u00c9E"},"content":{"rendered":"<p>Voler, traverser les murs et d\u00e9voiler les secrets de la S\u00e9r\u00e9nissime&#8230; c&#8217;est ce que propose l&#8217;exposition immersive \u00ab Venise r\u00e9v\u00e9l\u00e9e \u00bb. Cette d\u00e9couverte renouvel\u00e9e de la cit\u00e9 des Doges, de ses tr\u00e9sors et de ses histoires, est permise par des images 3D in\u00e9dites et innovantes. Immersion et sensations incomparables garanties !Le catalogue suit le parcours de l&#8217;exposition qui conjugue une chronologie historique \u00e0 une d\u00e9ambulation parmi les sites majeurs de la ville. Chaque partie du catalogue s&#8217;articule autour du d\u00e9cryptage iconographique d&#8217;un lieu embl\u00e9matique, de l&#8217;essai d&#8217;un sp\u00e9cialiste et du focus d&#8217;une oeuvre d&#8217;art symbolique. L&#8217;\u00e9clairage scientifique des conservateurs de la Fondazione Musei Civici di Venezia et des autres contributeurs renomm\u00e9s permettent de percer les myst\u00e8res de Venise.La topologie de la lagune et les fondations de la ville sont pass\u00e9s au rayon X pour comprendre l&#8217;\u00e9mergence de cette ville unique. La puissance \u00e9conomique et politique de Venise ainsi que la vie sociale qui s&#8217;y joue est inscrite dans l&#8217;architecture de ses plus beaux palais qui sont m\u00e9thodiquement r\u00e9v\u00e9l\u00e9s, de leurs fa\u00e7ades \u00e0 leurs entrailles, avec une attention particuli\u00e8re aux chefs-d&#8217;oeuvre qu&#8217;ils rec\u00e8lent et que l&#8217;on d\u00e9couvre avec un niveau de d\u00e9tail et de confort sans pr\u00e9c\u00e9dent. Les enjeux politiques, \u00e9conomiques et environnementaux sont analys\u00e9s pour conclure et ouvrir la r\u00e9flexion sur cette ville qui a encore tant \u00e0 raconter !<\/p>\n","protected":false},"excerpt":{"rendered":"<p>Voler, traverser les murs et d\u00e9voiler les secrets de la S\u00e9r\u00e9nissime&#8230; c&#8217;est ce que propose l&#8217;exposition immersive \u00ab Venise r\u00e9v\u00e9l\u00e9e \u00bb. Cette d\u00e9couverte renouvel\u00e9e de la cit\u00e9 des Doges, de ses tr\u00e9sors et de ses histoires, est permise par des images 3D in\u00e9dites et innovantes. Immersion et sensations incomparables garanties !Le catalogue suit le parcours [&hellip;]<\/p>\n","protected":false},"featured_media":56357,"template":"","meta":[],"product_cat":[2948],"product_tag":[],"acf":[],"yoast_head":"<!-- This site is optimized with the Yoast SEO plugin v20.11 - https:\/\/yoast.com\/wordpress\/plugins\/seo\/ -->\n<title>Venise r\u00e9v\u00e9l\u00e9e - Librairie 7L<\/title>\n<meta name=\"robots\" content=\"index, follow, max-snippet:-1, max-image-preview:large, max-video-preview:-1\" \/>\n<link rel=\"canonical\" href=\"https:\/\/librairie7l.com\/en\/produit\/venise-revelee-2\/\" \/>\n<meta property=\"og:locale\" content=\"en_US\" \/>\n<meta property=\"og:type\" content=\"article\" \/>\n<meta property=\"og:title\" content=\"Venise r\u00e9v\u00e9l\u00e9e - Librairie 7L\" \/>\n<meta property=\"og:description\" content=\"Voler, traverser les murs et d\u00e9voiler les secrets de la S\u00e9r\u00e9nissime&#8230; c&#8217;est ce que propose l&#8217;exposition immersive \u00ab Venise r\u00e9v\u00e9l\u00e9e \u00bb. Cette d\u00e9couverte renouvel\u00e9e de la cit\u00e9 des Doges, de ses tr\u00e9sors et de ses histoires, est permise par des images 3D in\u00e9dites et innovantes. Immersion et sensations incomparables garanties !Le catalogue suit le parcours [&hellip;]\" \/>\n<meta property=\"og:url\" content=\"https:\/\/librairie7l.com\/en\/produit\/venise-revelee-2\/\" \/>\n<meta property=\"og:site_name\" content=\"Librairie 7L\" \/>\n<meta property=\"article:modified_time\" content=\"2026-04-17T13:46:26+00:00\" \/>\n<meta property=\"og:image\" content=\"https:\/\/librairie7l.com\/wp-content\/uploads\/2022\/04\/9782711879328_1_75.jpg\" \/>\n\t<meta property=\"og:image:width\" content=\"807\" \/>\n\t<meta property=\"og:image:height\" content=\"600\" \/>\n\t<meta property=\"og:image:type\" content=\"image\/jpeg\" \/>\n<meta name=\"twitter:card\" content=\"summary_large_image\" \/>\n<meta name=\"twitter:label1\" content=\"Est. reading time\" \/>\n\t<meta name=\"twitter:data1\" content=\"1 minute\" \/>\n<script type=\"application\/ld+json\" class=\"yoast-schema-graph\">{\"@context\":\"https:\/\/schema.org\",\"@graph\":[{\"@type\":\"WebPage\",\"@id\":\"https:\/\/librairie7l.com\/en\/produit\/venise-revelee-2\/\",\"url\":\"https:\/\/librairie7l.com\/en\/produit\/venise-revelee-2\/\",\"name\":\"Venise r\u00e9v\u00e9l\u00e9e - Librairie 7L\",\"isPartOf\":{\"@id\":\"https:\/\/librairie7l.com\/en\/#website\"},\"datePublished\":\"2026-04-16T08:16:18+00:00\",\"dateModified\":\"2026-04-17T13:46:26+00:00\",\"breadcrumb\":{\"@id\":\"https:\/\/librairie7l.com\/en\/produit\/venise-revelee-2\/#breadcrumb\"},\"inLanguage\":\"en-US\",\"potentialAction\":[{\"@type\":\"ReadAction\",\"target\":[\"https:\/\/librairie7l.com\/en\/produit\/venise-revelee-2\/\"]}]},{\"@type\":\"BreadcrumbList\",\"@id\":\"https:\/\/librairie7l.com\/en\/produit\/venise-revelee-2\/#breadcrumb\",\"itemListElement\":[{\"@type\":\"ListItem\",\"position\":1,\"name\":\"Accueil\",\"item\":\"https:\/\/librairie7l.com\/en\/\"},{\"@type\":\"ListItem\",\"position\":2,\"name\":\"Shop\",\"item\":\"https:\/\/librairie7l.com\/en\/shop\/\"},{\"@type\":\"ListItem\",\"position\":3,\"name\":\"VENISE R\u00c9V\u00c9L\u00c9E\"}]},{\"@type\":\"WebSite\",\"@id\":\"https:\/\/librairie7l.com\/en\/#website\",\"url\":\"https:\/\/librairie7l.com\/en\/\",\"name\":\"Librairie 7L\",\"description\":\"Librairie fond\u00e9e en 1999 par Karl Lagerfeld \u00e0 Paris\",\"publisher\":{\"@id\":\"https:\/\/librairie7l.com\/en\/#organization\"},\"potentialAction\":[{\"@type\":\"SearchAction\",\"target\":{\"@type\":\"EntryPoint\",\"urlTemplate\":\"https:\/\/librairie7l.com\/en\/?s={search_term_string}\"},\"query-input\":\"required name=search_term_string\"}],\"inLanguage\":\"en-US\"},{\"@type\":\"Organization\",\"@id\":\"https:\/\/librairie7l.com\/en\/#organization\",\"name\":\"Librairie 7L\",\"url\":\"https:\/\/librairie7l.com\/en\/\",\"logo\":{\"@type\":\"ImageObject\",\"inLanguage\":\"en-US\",\"@id\":\"https:\/\/librairie7l.com\/en\/#\/schema\/logo\/image\/\",\"url\":\"https:\/\/librairie7l.com\/wp-content\/uploads\/2022\/08\/logo-1.png\",\"contentUrl\":\"https:\/\/librairie7l.com\/wp-content\/uploads\/2022\/08\/logo-1.png\",\"width\":227,\"height\":301,\"caption\":\"Librairie 7L\"},\"image\":{\"@id\":\"https:\/\/librairie7l.com\/en\/#\/schema\/logo\/image\/\"}}]}<\/script>\n<!-- \/ Yoast SEO plugin. -->","yoast_head_json":{"title":"Venise r\u00e9v\u00e9l\u00e9e - Librairie 7L","robots":{"index":"index","follow":"follow","max-snippet":"max-snippet:-1","max-image-preview":"max-image-preview:large","max-video-preview":"max-video-preview:-1"},"canonical":"https:\/\/librairie7l.com\/en\/produit\/venise-revelee-2\/","og_locale":"en_US","og_type":"article","og_title":"Venise r\u00e9v\u00e9l\u00e9e - Librairie 7L","og_description":"Voler, traverser les murs et d\u00e9voiler les secrets de la S\u00e9r\u00e9nissime&#8230; c&#8217;est ce que propose l&#8217;exposition immersive \u00ab Venise r\u00e9v\u00e9l\u00e9e \u00bb. Cette d\u00e9couverte renouvel\u00e9e de la cit\u00e9 des Doges, de ses tr\u00e9sors et de ses histoires, est permise par des images 3D in\u00e9dites et innovantes. Immersion et sensations incomparables garanties !Le catalogue suit le parcours [&hellip;]","og_url":"https:\/\/librairie7l.com\/en\/produit\/venise-revelee-2\/","og_site_name":"Librairie 7L","article_modified_time":"2026-04-17T13:46:26+00:00","og_image":[{"width":807,"height":600,"url":"https:\/\/librairie7l.com\/wp-content\/uploads\/2022\/04\/9782711879328_1_75.jpg","type":"image\/jpeg"}],"twitter_card":"summary_large_image","twitter_misc":{"Est. reading time":"1 minute"},"schema":{"@context":"https:\/\/schema.org","@graph":[{"@type":"WebPage","@id":"https:\/\/librairie7l.com\/en\/produit\/venise-revelee-2\/","url":"https:\/\/librairie7l.com\/en\/produit\/venise-revelee-2\/","name":"Venise r\u00e9v\u00e9l\u00e9e - Librairie 7L","isPartOf":{"@id":"https:\/\/librairie7l.com\/en\/#website"},"datePublished":"2026-04-16T08:16:18+00:00","dateModified":"2026-04-17T13:46:26+00:00","breadcrumb":{"@id":"https:\/\/librairie7l.com\/en\/produit\/venise-revelee-2\/#breadcrumb"},"inLanguage":"en-US","potentialAction":[{"@type":"ReadAction","target":["https:\/\/librairie7l.com\/en\/produit\/venise-revelee-2\/"]}]},{"@type":"BreadcrumbList","@id":"https:\/\/librairie7l.com\/en\/produit\/venise-revelee-2\/#breadcrumb","itemListElement":[{"@type":"ListItem","position":1,"name":"Accueil","item":"https:\/\/librairie7l.com\/en\/"},{"@type":"ListItem","position":2,"name":"Shop","item":"https:\/\/librairie7l.com\/en\/shop\/"},{"@type":"ListItem","position":3,"name":"VENISE R\u00c9V\u00c9L\u00c9E"}]},{"@type":"WebSite","@id":"https:\/\/librairie7l.com\/en\/#website","url":"https:\/\/librairie7l.com\/en\/","name":"Librairie 7L","description":"Librairie fond\u00e9e en 1999 par Karl Lagerfeld \u00e0 Paris","publisher":{"@id":"https:\/\/librairie7l.com\/en\/#organization"},"potentialAction":[{"@type":"SearchAction","target":{"@type":"EntryPoint","urlTemplate":"https:\/\/librairie7l.com\/en\/?s={search_term_string}"},"query-input":"required name=search_term_string"}],"inLanguage":"en-US"},{"@type":"Organization","@id":"https:\/\/librairie7l.com\/en\/#organization","name":"Librairie 7L","url":"https:\/\/librairie7l.com\/en\/","logo":{"@type":"ImageObject","inLanguage":"en-US","@id":"https:\/\/librairie7l.com\/en\/#\/schema\/logo\/image\/","url":"https:\/\/librairie7l.com\/wp-content\/uploads\/2022\/08\/logo-1.png","contentUrl":"https:\/\/librairie7l.com\/wp-content\/uploads\/2022\/08\/logo-1.png","width":227,"height":301,"caption":"Librairie 7L"},"image":{"@id":"https:\/\/librairie7l.com\/en\/#\/schema\/logo\/image\/"}}]}},"_links":{"self":[{"href":"https:\/\/librairie7l.com\/en\/wp-json\/wp\/v2\/product\/56359"}],"collection":[{"href":"https:\/\/librairie7l.com\/en\/wp-json\/wp\/v2\/product"}],"about":[{"href":"https:\/\/librairie7l.com\/en\/wp-json\/wp\/v2\/types\/product"}],"wp:featuredmedia":[{"embeddable":true,"href":"https:\/\/librairie7l.com\/en\/wp-json\/wp\/v2\/media\/56357"}],"wp:attachment":[{"href":"https:\/\/librairie7l.com\/en\/wp-json\/wp\/v2\/media?parent=56359"}],"wp:term":[{"taxonomy":"product_cat","embeddable":true,"href":"https:\/\/librairie7l.com\/en\/wp-json\/wp\/v2\/product_cat?post=56359"},{"taxonomy":"product_tag","embeddable":true,"href":"https:\/\/librairie7l.com\/en\/wp-json\/wp\/v2\/product_tag?post=56359"}],"curies":[{"name":"wp","href":"https:\/\/api.w.org\/{rel}","templated":true}]}}