{"id":56367,"date":"2026-04-16T10:16:23","date_gmt":"2026-04-16T08:16:23","guid":{"rendered":"https:\/\/librairie7l.com\/?post_type=product&#038;p=56367"},"modified":"2026-04-17T15:44:51","modified_gmt":"2026-04-17T13:44:51","slug":"le-guide-de-la-broderie-sashiko-2","status":"publish","type":"product","link":"https:\/\/librairie7l.com\/en\/produit\/le-guide-de-la-broderie-sashiko-2\/","title":{"rendered":"LE GUIDE DE LA BRODERIE SASHIKO"},"content":{"rendered":"<p>Art traditionnel japonais d&#8217;origine populaire, le sashiko exploite une technique simple, le point avant, pour r\u00e9aliser des motifs souvent inspir\u00e9s de la nature, d&#8217;une gronde ing\u00e9niosit\u00e9. Susan Briscoe en d\u00e9crit ici plus de 100, en d\u00e9voilant leur sens symbolique et en accompagnant chacun d&#8217;un gabarit et des explications n\u00e9cessaires \u00e0 leur reproduction. Elle ouvre ainsi le champ \u00e0 la cr\u00e9ativit\u00e9 du lecteur pour un nombre de r\u00e9alisations illimit\u00e9es.En v\u00e9ritable ouvrage d&#8217;initiation, ce guide retrace aussi l&#8217;histoire du sashiko et inclut des conseils pour le choix des tissus et du mat\u00e9riel, des conseils techniques g\u00e9n\u00e9raux, 10 beaux projets \u00e0 coudre et \u00e0 broder d\u00e9taill\u00e9s pas \u00e0 pas pour se lancer. Il se referme sur une galerie d&#8217;oeuvres anciennes et de cr\u00e9ations contemporaines o\u00f9 puiser encore davantage d&#8217;inspiration.<\/p>\n","protected":false},"excerpt":{"rendered":"<p>Art traditionnel japonais d&#8217;origine populaire, le sashiko exploite une technique simple, le point avant, pour r\u00e9aliser des motifs souvent inspir\u00e9s de la nature, d&#8217;une gronde ing\u00e9niosit\u00e9. Susan Briscoe en d\u00e9crit ici plus de 100, en d\u00e9voilant leur sens symbolique et en accompagnant chacun d&#8217;un gabarit et des explications n\u00e9cessaires \u00e0 leur reproduction. Elle ouvre ainsi [&hellip;]<\/p>\n","protected":false},"featured_media":56365,"template":"","meta":[],"product_cat":[2948],"product_tag":[],"acf":[],"yoast_head":"<!-- This site is optimized with the Yoast SEO plugin v20.11 - https:\/\/yoast.com\/wordpress\/plugins\/seo\/ -->\n<title>Le guide de la broderie sashiko - Librairie 7L<\/title>\n<meta name=\"robots\" content=\"index, follow, max-snippet:-1, max-image-preview:large, max-video-preview:-1\" \/>\n<link rel=\"canonical\" href=\"https:\/\/librairie7l.com\/en\/produit\/le-guide-de-la-broderie-sashiko-2\/\" \/>\n<meta property=\"og:locale\" content=\"en_US\" \/>\n<meta property=\"og:type\" content=\"article\" \/>\n<meta property=\"og:title\" content=\"Le guide de la broderie sashiko - Librairie 7L\" \/>\n<meta property=\"og:description\" content=\"Art traditionnel japonais d&#8217;origine populaire, le sashiko exploite une technique simple, le point avant, pour r\u00e9aliser des motifs souvent inspir\u00e9s de la nature, d&#8217;une gronde ing\u00e9niosit\u00e9. Susan Briscoe en d\u00e9crit ici plus de 100, en d\u00e9voilant leur sens symbolique et en accompagnant chacun d&#8217;un gabarit et des explications n\u00e9cessaires \u00e0 leur reproduction. Elle ouvre ainsi [&hellip;]\" \/>\n<meta property=\"og:url\" content=\"https:\/\/librairie7l.com\/en\/produit\/le-guide-de-la-broderie-sashiko-2\/\" \/>\n<meta property=\"og:site_name\" content=\"Librairie 7L\" \/>\n<meta property=\"article:modified_time\" content=\"2026-04-17T13:44:51+00:00\" \/>\n<meta property=\"og:image\" content=\"https:\/\/librairie7l.com\/wp-content\/uploads\/2017\/09\/9782212675405_1_75.jpg\" \/>\n\t<meta property=\"og:image:width\" content=\"600\" \/>\n\t<meta property=\"og:image:height\" content=\"756\" \/>\n\t<meta property=\"og:image:type\" content=\"image\/jpeg\" \/>\n<meta name=\"twitter:card\" content=\"summary_large_image\" \/>\n<meta name=\"twitter:label1\" content=\"Est. reading time\" \/>\n\t<meta name=\"twitter:data1\" content=\"1 minute\" \/>\n<script type=\"application\/ld+json\" class=\"yoast-schema-graph\">{\"@context\":\"https:\/\/schema.org\",\"@graph\":[{\"@type\":\"WebPage\",\"@id\":\"https:\/\/librairie7l.com\/en\/produit\/le-guide-de-la-broderie-sashiko-2\/\",\"url\":\"https:\/\/librairie7l.com\/en\/produit\/le-guide-de-la-broderie-sashiko-2\/\",\"name\":\"Le guide de la broderie sashiko - Librairie 7L\",\"isPartOf\":{\"@id\":\"https:\/\/librairie7l.com\/en\/#website\"},\"datePublished\":\"2026-04-16T08:16:23+00:00\",\"dateModified\":\"2026-04-17T13:44:51+00:00\",\"breadcrumb\":{\"@id\":\"https:\/\/librairie7l.com\/en\/produit\/le-guide-de-la-broderie-sashiko-2\/#breadcrumb\"},\"inLanguage\":\"en-US\",\"potentialAction\":[{\"@type\":\"ReadAction\",\"target\":[\"https:\/\/librairie7l.com\/en\/produit\/le-guide-de-la-broderie-sashiko-2\/\"]}]},{\"@type\":\"BreadcrumbList\",\"@id\":\"https:\/\/librairie7l.com\/en\/produit\/le-guide-de-la-broderie-sashiko-2\/#breadcrumb\",\"itemListElement\":[{\"@type\":\"ListItem\",\"position\":1,\"name\":\"Accueil\",\"item\":\"https:\/\/librairie7l.com\/en\/\"},{\"@type\":\"ListItem\",\"position\":2,\"name\":\"Shop\",\"item\":\"https:\/\/librairie7l.com\/en\/shop\/\"},{\"@type\":\"ListItem\",\"position\":3,\"name\":\"LE GUIDE DE LA BRODERIE SASHIKO\"}]},{\"@type\":\"WebSite\",\"@id\":\"https:\/\/librairie7l.com\/en\/#website\",\"url\":\"https:\/\/librairie7l.com\/en\/\",\"name\":\"Librairie 7L\",\"description\":\"Librairie fond\u00e9e en 1999 par Karl Lagerfeld \u00e0 Paris\",\"publisher\":{\"@id\":\"https:\/\/librairie7l.com\/en\/#organization\"},\"potentialAction\":[{\"@type\":\"SearchAction\",\"target\":{\"@type\":\"EntryPoint\",\"urlTemplate\":\"https:\/\/librairie7l.com\/en\/?s={search_term_string}\"},\"query-input\":\"required name=search_term_string\"}],\"inLanguage\":\"en-US\"},{\"@type\":\"Organization\",\"@id\":\"https:\/\/librairie7l.com\/en\/#organization\",\"name\":\"Librairie 7L\",\"url\":\"https:\/\/librairie7l.com\/en\/\",\"logo\":{\"@type\":\"ImageObject\",\"inLanguage\":\"en-US\",\"@id\":\"https:\/\/librairie7l.com\/en\/#\/schema\/logo\/image\/\",\"url\":\"https:\/\/librairie7l.com\/wp-content\/uploads\/2022\/08\/logo-1.png\",\"contentUrl\":\"https:\/\/librairie7l.com\/wp-content\/uploads\/2022\/08\/logo-1.png\",\"width\":227,\"height\":301,\"caption\":\"Librairie 7L\"},\"image\":{\"@id\":\"https:\/\/librairie7l.com\/en\/#\/schema\/logo\/image\/\"}}]}<\/script>\n<!-- \/ Yoast SEO plugin. -->","yoast_head_json":{"title":"Le guide de la broderie sashiko - Librairie 7L","robots":{"index":"index","follow":"follow","max-snippet":"max-snippet:-1","max-image-preview":"max-image-preview:large","max-video-preview":"max-video-preview:-1"},"canonical":"https:\/\/librairie7l.com\/en\/produit\/le-guide-de-la-broderie-sashiko-2\/","og_locale":"en_US","og_type":"article","og_title":"Le guide de la broderie sashiko - Librairie 7L","og_description":"Art traditionnel japonais d&#8217;origine populaire, le sashiko exploite une technique simple, le point avant, pour r\u00e9aliser des motifs souvent inspir\u00e9s de la nature, d&#8217;une gronde ing\u00e9niosit\u00e9. Susan Briscoe en d\u00e9crit ici plus de 100, en d\u00e9voilant leur sens symbolique et en accompagnant chacun d&#8217;un gabarit et des explications n\u00e9cessaires \u00e0 leur reproduction. Elle ouvre ainsi [&hellip;]","og_url":"https:\/\/librairie7l.com\/en\/produit\/le-guide-de-la-broderie-sashiko-2\/","og_site_name":"Librairie 7L","article_modified_time":"2026-04-17T13:44:51+00:00","og_image":[{"width":600,"height":756,"url":"https:\/\/librairie7l.com\/wp-content\/uploads\/2017\/09\/9782212675405_1_75.jpg","type":"image\/jpeg"}],"twitter_card":"summary_large_image","twitter_misc":{"Est. reading time":"1 minute"},"schema":{"@context":"https:\/\/schema.org","@graph":[{"@type":"WebPage","@id":"https:\/\/librairie7l.com\/en\/produit\/le-guide-de-la-broderie-sashiko-2\/","url":"https:\/\/librairie7l.com\/en\/produit\/le-guide-de-la-broderie-sashiko-2\/","name":"Le guide de la broderie sashiko - Librairie 7L","isPartOf":{"@id":"https:\/\/librairie7l.com\/en\/#website"},"datePublished":"2026-04-16T08:16:23+00:00","dateModified":"2026-04-17T13:44:51+00:00","breadcrumb":{"@id":"https:\/\/librairie7l.com\/en\/produit\/le-guide-de-la-broderie-sashiko-2\/#breadcrumb"},"inLanguage":"en-US","potentialAction":[{"@type":"ReadAction","target":["https:\/\/librairie7l.com\/en\/produit\/le-guide-de-la-broderie-sashiko-2\/"]}]},{"@type":"BreadcrumbList","@id":"https:\/\/librairie7l.com\/en\/produit\/le-guide-de-la-broderie-sashiko-2\/#breadcrumb","itemListElement":[{"@type":"ListItem","position":1,"name":"Accueil","item":"https:\/\/librairie7l.com\/en\/"},{"@type":"ListItem","position":2,"name":"Shop","item":"https:\/\/librairie7l.com\/en\/shop\/"},{"@type":"ListItem","position":3,"name":"LE GUIDE DE LA BRODERIE SASHIKO"}]},{"@type":"WebSite","@id":"https:\/\/librairie7l.com\/en\/#website","url":"https:\/\/librairie7l.com\/en\/","name":"Librairie 7L","description":"Librairie fond\u00e9e en 1999 par Karl Lagerfeld \u00e0 Paris","publisher":{"@id":"https:\/\/librairie7l.com\/en\/#organization"},"potentialAction":[{"@type":"SearchAction","target":{"@type":"EntryPoint","urlTemplate":"https:\/\/librairie7l.com\/en\/?s={search_term_string}"},"query-input":"required name=search_term_string"}],"inLanguage":"en-US"},{"@type":"Organization","@id":"https:\/\/librairie7l.com\/en\/#organization","name":"Librairie 7L","url":"https:\/\/librairie7l.com\/en\/","logo":{"@type":"ImageObject","inLanguage":"en-US","@id":"https:\/\/librairie7l.com\/en\/#\/schema\/logo\/image\/","url":"https:\/\/librairie7l.com\/wp-content\/uploads\/2022\/08\/logo-1.png","contentUrl":"https:\/\/librairie7l.com\/wp-content\/uploads\/2022\/08\/logo-1.png","width":227,"height":301,"caption":"Librairie 7L"},"image":{"@id":"https:\/\/librairie7l.com\/en\/#\/schema\/logo\/image\/"}}]}},"_links":{"self":[{"href":"https:\/\/librairie7l.com\/en\/wp-json\/wp\/v2\/product\/56367"}],"collection":[{"href":"https:\/\/librairie7l.com\/en\/wp-json\/wp\/v2\/product"}],"about":[{"href":"https:\/\/librairie7l.com\/en\/wp-json\/wp\/v2\/types\/product"}],"wp:featuredmedia":[{"embeddable":true,"href":"https:\/\/librairie7l.com\/en\/wp-json\/wp\/v2\/media\/56365"}],"wp:attachment":[{"href":"https:\/\/librairie7l.com\/en\/wp-json\/wp\/v2\/media?parent=56367"}],"wp:term":[{"taxonomy":"product_cat","embeddable":true,"href":"https:\/\/librairie7l.com\/en\/wp-json\/wp\/v2\/product_cat?post=56367"},{"taxonomy":"product_tag","embeddable":true,"href":"https:\/\/librairie7l.com\/en\/wp-json\/wp\/v2\/product_tag?post=56367"}],"curies":[{"name":"wp","href":"https:\/\/api.w.org\/{rel}","templated":true}]}}