{"id":56371,"date":"2026-04-16T10:16:26","date_gmt":"2026-04-16T08:16:26","guid":{"rendered":"https:\/\/librairie7l.com\/?post_type=product&#038;p=56371"},"modified":"2026-04-17T15:45:57","modified_gmt":"2026-04-17T13:45:57","slug":"palladiana-2","status":"publish","type":"product","link":"https:\/\/librairie7l.com\/en\/produit\/palladiana-2\/","title":{"rendered":"PALLADIANA"},"content":{"rendered":"<p>C&#8217;\u00e9tait le souhait d&#8217;Andr\u00e9 Chastel de r\u00e9unir en un volume tous les textes qu&#8217;il avait \u00e9crits pendant trente ans sur Andrea Palladio (Padoue, 1508-Vicence, 1580), l&#8217;un des plus grands architectes de la Renaissance. Aujourd&#8217;hui, l&#8217;on conna\u00eet les principes th\u00e9oriques de ce grand ma\u00eetre de la synth\u00e8se des classicismes grec et romain par son trait\u00e9 publi\u00e9 en 1570, I Quattro Libri, et ses nombreuses r\u00e9alisations, palais, villas qui surgissent dans le paysage comme des \u00abfabriques con\u00e7ues par un peintre humaniste\u00bb, \u00e9glises, toujours visibles \u00e0 Vicence, \u00e0 Venise et dans les alentours de ces villes. Dans sa pr\u00e9face, le professeur Renato Cevese, membre du comit\u00e9 scientifique du Centre Palladio de Vicence, rappelle \u00e0 quel point Andr\u00e9 Chastel avait \u00e0 la fois compris et magistralement expliqu\u00e9, dans ses diff\u00e9rents \u00e9crits, le g\u00e9nie inventif de Palladio, en particulier dans son fameux \u00abNu\u00bb de Palladio, o\u00f9 il traite de \u00abl&#8217;effet de lumineuse blancheur\u00bb auquel, pour des raisons explicites, Palladio tenait tant\u00bb. Ces dix textes forment \u00e0 la fois un ensemble rendant compte des id\u00e9es de Chastel sur Palladio et l&#8217;architecture de la Renaissance, et une excellente introduction \u00e0 l&#8217;oeuvre d&#8217;un des plus c\u00e9l\u00e8bres architectes de tous les temps.<\/p>\n","protected":false},"excerpt":{"rendered":"<p>C&#8217;\u00e9tait le souhait d&#8217;Andr\u00e9 Chastel de r\u00e9unir en un volume tous les textes qu&#8217;il avait \u00e9crits pendant trente ans sur Andrea Palladio (Padoue, 1508-Vicence, 1580), l&#8217;un des plus grands architectes de la Renaissance. Aujourd&#8217;hui, l&#8217;on conna\u00eet les principes th\u00e9oriques de ce grand ma\u00eetre de la synth\u00e8se des classicismes grec et romain par son trait\u00e9 publi\u00e9 [&hellip;]<\/p>\n","protected":false},"featured_media":56369,"template":"","meta":[],"product_cat":[2948],"product_tag":[],"acf":[],"yoast_head":"<!-- This site is optimized with the Yoast SEO plugin v20.11 - https:\/\/yoast.com\/wordpress\/plugins\/seo\/ -->\n<title>Palladiana - Librairie 7L<\/title>\n<meta name=\"robots\" content=\"index, follow, max-snippet:-1, max-image-preview:large, max-video-preview:-1\" \/>\n<link rel=\"canonical\" href=\"https:\/\/librairie7l.com\/en\/produit\/palladiana-2\/\" \/>\n<meta property=\"og:locale\" content=\"en_US\" \/>\n<meta property=\"og:type\" content=\"article\" \/>\n<meta property=\"og:title\" content=\"Palladiana - Librairie 7L\" \/>\n<meta property=\"og:description\" content=\"C&#8217;\u00e9tait le souhait d&#8217;Andr\u00e9 Chastel de r\u00e9unir en un volume tous les textes qu&#8217;il avait \u00e9crits pendant trente ans sur Andrea Palladio (Padoue, 1508-Vicence, 1580), l&#8217;un des plus grands architectes de la Renaissance. Aujourd&#8217;hui, l&#8217;on conna\u00eet les principes th\u00e9oriques de ce grand ma\u00eetre de la synth\u00e8se des classicismes grec et romain par son trait\u00e9 publi\u00e9 [&hellip;]\" \/>\n<meta property=\"og:url\" content=\"https:\/\/librairie7l.com\/en\/produit\/palladiana-2\/\" \/>\n<meta property=\"og:site_name\" content=\"Librairie 7L\" \/>\n<meta property=\"article:modified_time\" content=\"2026-04-17T13:45:57+00:00\" \/>\n<meta property=\"og:image\" content=\"https:\/\/librairie7l.com\/wp-content\/uploads\/1998\/02\/9782070741724_1_75.jpg\" \/>\n\t<meta property=\"og:image:width\" content=\"600\" \/>\n\t<meta property=\"og:image:height\" content=\"879\" \/>\n\t<meta property=\"og:image:type\" content=\"image\/jpeg\" \/>\n<meta name=\"twitter:card\" content=\"summary_large_image\" \/>\n<meta name=\"twitter:label1\" content=\"Est. reading time\" \/>\n\t<meta name=\"twitter:data1\" content=\"1 minute\" \/>\n<script type=\"application\/ld+json\" class=\"yoast-schema-graph\">{\"@context\":\"https:\/\/schema.org\",\"@graph\":[{\"@type\":\"WebPage\",\"@id\":\"https:\/\/librairie7l.com\/en\/produit\/palladiana-2\/\",\"url\":\"https:\/\/librairie7l.com\/en\/produit\/palladiana-2\/\",\"name\":\"Palladiana - Librairie 7L\",\"isPartOf\":{\"@id\":\"https:\/\/librairie7l.com\/en\/#website\"},\"datePublished\":\"2026-04-16T08:16:26+00:00\",\"dateModified\":\"2026-04-17T13:45:57+00:00\",\"breadcrumb\":{\"@id\":\"https:\/\/librairie7l.com\/en\/produit\/palladiana-2\/#breadcrumb\"},\"inLanguage\":\"en-US\",\"potentialAction\":[{\"@type\":\"ReadAction\",\"target\":[\"https:\/\/librairie7l.com\/en\/produit\/palladiana-2\/\"]}]},{\"@type\":\"BreadcrumbList\",\"@id\":\"https:\/\/librairie7l.com\/en\/produit\/palladiana-2\/#breadcrumb\",\"itemListElement\":[{\"@type\":\"ListItem\",\"position\":1,\"name\":\"Accueil\",\"item\":\"https:\/\/librairie7l.com\/en\/\"},{\"@type\":\"ListItem\",\"position\":2,\"name\":\"Shop\",\"item\":\"https:\/\/librairie7l.com\/en\/shop\/\"},{\"@type\":\"ListItem\",\"position\":3,\"name\":\"PALLADIANA\"}]},{\"@type\":\"WebSite\",\"@id\":\"https:\/\/librairie7l.com\/en\/#website\",\"url\":\"https:\/\/librairie7l.com\/en\/\",\"name\":\"Librairie 7L\",\"description\":\"Librairie fond\u00e9e en 1999 par Karl Lagerfeld \u00e0 Paris\",\"publisher\":{\"@id\":\"https:\/\/librairie7l.com\/en\/#organization\"},\"potentialAction\":[{\"@type\":\"SearchAction\",\"target\":{\"@type\":\"EntryPoint\",\"urlTemplate\":\"https:\/\/librairie7l.com\/en\/?s={search_term_string}\"},\"query-input\":\"required name=search_term_string\"}],\"inLanguage\":\"en-US\"},{\"@type\":\"Organization\",\"@id\":\"https:\/\/librairie7l.com\/en\/#organization\",\"name\":\"Librairie 7L\",\"url\":\"https:\/\/librairie7l.com\/en\/\",\"logo\":{\"@type\":\"ImageObject\",\"inLanguage\":\"en-US\",\"@id\":\"https:\/\/librairie7l.com\/en\/#\/schema\/logo\/image\/\",\"url\":\"https:\/\/librairie7l.com\/wp-content\/uploads\/2022\/08\/logo-1.png\",\"contentUrl\":\"https:\/\/librairie7l.com\/wp-content\/uploads\/2022\/08\/logo-1.png\",\"width\":227,\"height\":301,\"caption\":\"Librairie 7L\"},\"image\":{\"@id\":\"https:\/\/librairie7l.com\/en\/#\/schema\/logo\/image\/\"}}]}<\/script>\n<!-- \/ Yoast SEO plugin. -->","yoast_head_json":{"title":"Palladiana - Librairie 7L","robots":{"index":"index","follow":"follow","max-snippet":"max-snippet:-1","max-image-preview":"max-image-preview:large","max-video-preview":"max-video-preview:-1"},"canonical":"https:\/\/librairie7l.com\/en\/produit\/palladiana-2\/","og_locale":"en_US","og_type":"article","og_title":"Palladiana - Librairie 7L","og_description":"C&#8217;\u00e9tait le souhait d&#8217;Andr\u00e9 Chastel de r\u00e9unir en un volume tous les textes qu&#8217;il avait \u00e9crits pendant trente ans sur Andrea Palladio (Padoue, 1508-Vicence, 1580), l&#8217;un des plus grands architectes de la Renaissance. Aujourd&#8217;hui, l&#8217;on conna\u00eet les principes th\u00e9oriques de ce grand ma\u00eetre de la synth\u00e8se des classicismes grec et romain par son trait\u00e9 publi\u00e9 [&hellip;]","og_url":"https:\/\/librairie7l.com\/en\/produit\/palladiana-2\/","og_site_name":"Librairie 7L","article_modified_time":"2026-04-17T13:45:57+00:00","og_image":[{"width":600,"height":879,"url":"https:\/\/librairie7l.com\/wp-content\/uploads\/1998\/02\/9782070741724_1_75.jpg","type":"image\/jpeg"}],"twitter_card":"summary_large_image","twitter_misc":{"Est. reading time":"1 minute"},"schema":{"@context":"https:\/\/schema.org","@graph":[{"@type":"WebPage","@id":"https:\/\/librairie7l.com\/en\/produit\/palladiana-2\/","url":"https:\/\/librairie7l.com\/en\/produit\/palladiana-2\/","name":"Palladiana - Librairie 7L","isPartOf":{"@id":"https:\/\/librairie7l.com\/en\/#website"},"datePublished":"2026-04-16T08:16:26+00:00","dateModified":"2026-04-17T13:45:57+00:00","breadcrumb":{"@id":"https:\/\/librairie7l.com\/en\/produit\/palladiana-2\/#breadcrumb"},"inLanguage":"en-US","potentialAction":[{"@type":"ReadAction","target":["https:\/\/librairie7l.com\/en\/produit\/palladiana-2\/"]}]},{"@type":"BreadcrumbList","@id":"https:\/\/librairie7l.com\/en\/produit\/palladiana-2\/#breadcrumb","itemListElement":[{"@type":"ListItem","position":1,"name":"Accueil","item":"https:\/\/librairie7l.com\/en\/"},{"@type":"ListItem","position":2,"name":"Shop","item":"https:\/\/librairie7l.com\/en\/shop\/"},{"@type":"ListItem","position":3,"name":"PALLADIANA"}]},{"@type":"WebSite","@id":"https:\/\/librairie7l.com\/en\/#website","url":"https:\/\/librairie7l.com\/en\/","name":"Librairie 7L","description":"Librairie fond\u00e9e en 1999 par Karl Lagerfeld \u00e0 Paris","publisher":{"@id":"https:\/\/librairie7l.com\/en\/#organization"},"potentialAction":[{"@type":"SearchAction","target":{"@type":"EntryPoint","urlTemplate":"https:\/\/librairie7l.com\/en\/?s={search_term_string}"},"query-input":"required name=search_term_string"}],"inLanguage":"en-US"},{"@type":"Organization","@id":"https:\/\/librairie7l.com\/en\/#organization","name":"Librairie 7L","url":"https:\/\/librairie7l.com\/en\/","logo":{"@type":"ImageObject","inLanguage":"en-US","@id":"https:\/\/librairie7l.com\/en\/#\/schema\/logo\/image\/","url":"https:\/\/librairie7l.com\/wp-content\/uploads\/2022\/08\/logo-1.png","contentUrl":"https:\/\/librairie7l.com\/wp-content\/uploads\/2022\/08\/logo-1.png","width":227,"height":301,"caption":"Librairie 7L"},"image":{"@id":"https:\/\/librairie7l.com\/en\/#\/schema\/logo\/image\/"}}]}},"_links":{"self":[{"href":"https:\/\/librairie7l.com\/en\/wp-json\/wp\/v2\/product\/56371"}],"collection":[{"href":"https:\/\/librairie7l.com\/en\/wp-json\/wp\/v2\/product"}],"about":[{"href":"https:\/\/librairie7l.com\/en\/wp-json\/wp\/v2\/types\/product"}],"wp:featuredmedia":[{"embeddable":true,"href":"https:\/\/librairie7l.com\/en\/wp-json\/wp\/v2\/media\/56369"}],"wp:attachment":[{"href":"https:\/\/librairie7l.com\/en\/wp-json\/wp\/v2\/media?parent=56371"}],"wp:term":[{"taxonomy":"product_cat","embeddable":true,"href":"https:\/\/librairie7l.com\/en\/wp-json\/wp\/v2\/product_cat?post=56371"},{"taxonomy":"product_tag","embeddable":true,"href":"https:\/\/librairie7l.com\/en\/wp-json\/wp\/v2\/product_tag?post=56371"}],"curies":[{"name":"wp","href":"https:\/\/api.w.org\/{rel}","templated":true}]}}