{"id":56375,"date":"2026-04-16T10:16:29","date_gmt":"2026-04-16T08:16:29","guid":{"rendered":"https:\/\/librairie7l.com\/?post_type=product&#038;p=56375"},"modified":"2026-04-17T15:45:49","modified_gmt":"2026-04-17T13:45:49","slug":"fragile-murano-chefs-doeuvre-de-verre-de-la-renaissance-au-xxi-2","status":"publish","type":"product","link":"https:\/\/librairie7l.com\/en\/produit\/fragile-murano-chefs-doeuvre-de-verre-de-la-renaissance-au-xxi-2\/","title":{"rendered":"FRAGILE ; MURANO, CHEFS-D&#8217;OEUVRE DE VERRE DE LA RENAISSANCE AU XXI"},"content":{"rendered":"<p>Pour la premi\u00e8re fois en France, une exposition retrace l&#8217;extraordinaire aventure du verre de Murano en parcourant sept si\u00e8cles de cr\u00e9ation intense, du milieu du XVe si\u00e8cle \u00e0 nos jours. Ainsi, pr\u00e8s de deux cents pi\u00e8ces, nombreuses in\u00e9dites ou expos\u00e9es exceptionnellement, issues de collections publiques ou jalousement conserv\u00e9es dans des collections priv\u00e9es, seront r\u00e9unies.<br \/>\nPr\u00e9sent\u00e9 au mus\u00e9e Maillol, sous le haut patronage de la ville de Venise, l&#8217;exposition retrace le parcours historique de la production des grandes verreries : une s\u00e9lection parmi les plus beaux objets r\u00e9alis\u00e9s pour les grandes familles et les cours europ\u00e9ennes de la Renaissance, les fantaisies baroques et les cr\u00e9ations du XVIIIe si\u00e8cle, les pi\u00e8ces Art d\u00e9co des ann\u00e9es 1920 et du modernisme des ann\u00e9es 1950, jusqu&#8217;aux oeuvres contemporaines de \u00abStudio Glass\u00bb, mouvement d&#8217;artistes qui ont choisi d&#8217;utiliser le verre comme unique moyen d&#8217;expression.<\/p>\n","protected":false},"excerpt":{"rendered":"<p>Pour la premi\u00e8re fois en France, une exposition retrace l&#8217;extraordinaire aventure du verre de Murano en parcourant sept si\u00e8cles de cr\u00e9ation intense, du milieu du XVe si\u00e8cle \u00e0 nos jours. Ainsi, pr\u00e8s de deux cents pi\u00e8ces, nombreuses in\u00e9dites ou expos\u00e9es exceptionnellement, issues de collections publiques ou jalousement conserv\u00e9es dans des collections priv\u00e9es, seront r\u00e9unies. Pr\u00e9sent\u00e9 [&hellip;]<\/p>\n","protected":false},"featured_media":56373,"template":"","meta":[],"product_cat":[2948],"product_tag":[],"acf":[],"yoast_head":"<!-- This site is optimized with the Yoast SEO plugin v20.11 - https:\/\/yoast.com\/wordpress\/plugins\/seo\/ -->\n<title>Fragile ; murano, chefs-d&#039;oeuvre de verre de la Renaissance au XXI - Librairie 7L<\/title>\n<meta name=\"robots\" content=\"index, follow, max-snippet:-1, max-image-preview:large, max-video-preview:-1\" \/>\n<link rel=\"canonical\" href=\"https:\/\/librairie7l.com\/en\/produit\/fragile-murano-chefs-doeuvre-de-verre-de-la-renaissance-au-xxi-2\/\" \/>\n<meta property=\"og:locale\" content=\"en_US\" \/>\n<meta property=\"og:type\" content=\"article\" \/>\n<meta property=\"og:title\" content=\"Fragile ; murano, chefs-d&#039;oeuvre de verre de la Renaissance au XXI - Librairie 7L\" \/>\n<meta property=\"og:description\" content=\"Pour la premi\u00e8re fois en France, une exposition retrace l&#8217;extraordinaire aventure du verre de Murano en parcourant sept si\u00e8cles de cr\u00e9ation intense, du milieu du XVe si\u00e8cle \u00e0 nos jours. Ainsi, pr\u00e8s de deux cents pi\u00e8ces, nombreuses in\u00e9dites ou expos\u00e9es exceptionnellement, issues de collections publiques ou jalousement conserv\u00e9es dans des collections priv\u00e9es, seront r\u00e9unies. Pr\u00e9sent\u00e9 [&hellip;]\" \/>\n<meta property=\"og:url\" content=\"https:\/\/librairie7l.com\/en\/produit\/fragile-murano-chefs-doeuvre-de-verre-de-la-renaissance-au-xxi-2\/\" \/>\n<meta property=\"og:site_name\" content=\"Librairie 7L\" \/>\n<meta property=\"article:modified_time\" content=\"2026-04-17T13:45:49+00:00\" \/>\n<meta property=\"og:image\" content=\"https:\/\/librairie7l.com\/wp-content\/uploads\/2012\/11\/9782070140602_1_75.jpg\" \/>\n\t<meta property=\"og:image:width\" content=\"600\" \/>\n\t<meta property=\"og:image:height\" content=\"874\" \/>\n\t<meta property=\"og:image:type\" content=\"image\/jpeg\" \/>\n<meta name=\"twitter:card\" content=\"summary_large_image\" \/>\n<meta name=\"twitter:label1\" content=\"Est. reading time\" \/>\n\t<meta name=\"twitter:data1\" content=\"1 minute\" \/>\n<script type=\"application\/ld+json\" class=\"yoast-schema-graph\">{\"@context\":\"https:\/\/schema.org\",\"@graph\":[{\"@type\":\"WebPage\",\"@id\":\"https:\/\/librairie7l.com\/en\/produit\/fragile-murano-chefs-doeuvre-de-verre-de-la-renaissance-au-xxi-2\/\",\"url\":\"https:\/\/librairie7l.com\/en\/produit\/fragile-murano-chefs-doeuvre-de-verre-de-la-renaissance-au-xxi-2\/\",\"name\":\"Fragile ; murano, chefs-d'oeuvre de verre de la Renaissance au XXI - Librairie 7L\",\"isPartOf\":{\"@id\":\"https:\/\/librairie7l.com\/en\/#website\"},\"datePublished\":\"2026-04-16T08:16:29+00:00\",\"dateModified\":\"2026-04-17T13:45:49+00:00\",\"breadcrumb\":{\"@id\":\"https:\/\/librairie7l.com\/en\/produit\/fragile-murano-chefs-doeuvre-de-verre-de-la-renaissance-au-xxi-2\/#breadcrumb\"},\"inLanguage\":\"en-US\",\"potentialAction\":[{\"@type\":\"ReadAction\",\"target\":[\"https:\/\/librairie7l.com\/en\/produit\/fragile-murano-chefs-doeuvre-de-verre-de-la-renaissance-au-xxi-2\/\"]}]},{\"@type\":\"BreadcrumbList\",\"@id\":\"https:\/\/librairie7l.com\/en\/produit\/fragile-murano-chefs-doeuvre-de-verre-de-la-renaissance-au-xxi-2\/#breadcrumb\",\"itemListElement\":[{\"@type\":\"ListItem\",\"position\":1,\"name\":\"Accueil\",\"item\":\"https:\/\/librairie7l.com\/en\/\"},{\"@type\":\"ListItem\",\"position\":2,\"name\":\"Shop\",\"item\":\"https:\/\/librairie7l.com\/en\/shop\/\"},{\"@type\":\"ListItem\",\"position\":3,\"name\":\"FRAGILE ; MURANO, CHEFS-D&#8217;OEUVRE DE VERRE DE LA RENAISSANCE AU XXI\"}]},{\"@type\":\"WebSite\",\"@id\":\"https:\/\/librairie7l.com\/en\/#website\",\"url\":\"https:\/\/librairie7l.com\/en\/\",\"name\":\"Librairie 7L\",\"description\":\"Librairie fond\u00e9e en 1999 par Karl Lagerfeld \u00e0 Paris\",\"publisher\":{\"@id\":\"https:\/\/librairie7l.com\/en\/#organization\"},\"potentialAction\":[{\"@type\":\"SearchAction\",\"target\":{\"@type\":\"EntryPoint\",\"urlTemplate\":\"https:\/\/librairie7l.com\/en\/?s={search_term_string}\"},\"query-input\":\"required name=search_term_string\"}],\"inLanguage\":\"en-US\"},{\"@type\":\"Organization\",\"@id\":\"https:\/\/librairie7l.com\/en\/#organization\",\"name\":\"Librairie 7L\",\"url\":\"https:\/\/librairie7l.com\/en\/\",\"logo\":{\"@type\":\"ImageObject\",\"inLanguage\":\"en-US\",\"@id\":\"https:\/\/librairie7l.com\/en\/#\/schema\/logo\/image\/\",\"url\":\"https:\/\/librairie7l.com\/wp-content\/uploads\/2022\/08\/logo-1.png\",\"contentUrl\":\"https:\/\/librairie7l.com\/wp-content\/uploads\/2022\/08\/logo-1.png\",\"width\":227,\"height\":301,\"caption\":\"Librairie 7L\"},\"image\":{\"@id\":\"https:\/\/librairie7l.com\/en\/#\/schema\/logo\/image\/\"}}]}<\/script>\n<!-- \/ Yoast SEO plugin. -->","yoast_head_json":{"title":"Fragile ; murano, chefs-d'oeuvre de verre de la Renaissance au XXI - Librairie 7L","robots":{"index":"index","follow":"follow","max-snippet":"max-snippet:-1","max-image-preview":"max-image-preview:large","max-video-preview":"max-video-preview:-1"},"canonical":"https:\/\/librairie7l.com\/en\/produit\/fragile-murano-chefs-doeuvre-de-verre-de-la-renaissance-au-xxi-2\/","og_locale":"en_US","og_type":"article","og_title":"Fragile ; murano, chefs-d'oeuvre de verre de la Renaissance au XXI - Librairie 7L","og_description":"Pour la premi\u00e8re fois en France, une exposition retrace l&#8217;extraordinaire aventure du verre de Murano en parcourant sept si\u00e8cles de cr\u00e9ation intense, du milieu du XVe si\u00e8cle \u00e0 nos jours. Ainsi, pr\u00e8s de deux cents pi\u00e8ces, nombreuses in\u00e9dites ou expos\u00e9es exceptionnellement, issues de collections publiques ou jalousement conserv\u00e9es dans des collections priv\u00e9es, seront r\u00e9unies. Pr\u00e9sent\u00e9 [&hellip;]","og_url":"https:\/\/librairie7l.com\/en\/produit\/fragile-murano-chefs-doeuvre-de-verre-de-la-renaissance-au-xxi-2\/","og_site_name":"Librairie 7L","article_modified_time":"2026-04-17T13:45:49+00:00","og_image":[{"width":600,"height":874,"url":"https:\/\/librairie7l.com\/wp-content\/uploads\/2012\/11\/9782070140602_1_75.jpg","type":"image\/jpeg"}],"twitter_card":"summary_large_image","twitter_misc":{"Est. reading time":"1 minute"},"schema":{"@context":"https:\/\/schema.org","@graph":[{"@type":"WebPage","@id":"https:\/\/librairie7l.com\/en\/produit\/fragile-murano-chefs-doeuvre-de-verre-de-la-renaissance-au-xxi-2\/","url":"https:\/\/librairie7l.com\/en\/produit\/fragile-murano-chefs-doeuvre-de-verre-de-la-renaissance-au-xxi-2\/","name":"Fragile ; murano, chefs-d'oeuvre de verre de la Renaissance au XXI - Librairie 7L","isPartOf":{"@id":"https:\/\/librairie7l.com\/en\/#website"},"datePublished":"2026-04-16T08:16:29+00:00","dateModified":"2026-04-17T13:45:49+00:00","breadcrumb":{"@id":"https:\/\/librairie7l.com\/en\/produit\/fragile-murano-chefs-doeuvre-de-verre-de-la-renaissance-au-xxi-2\/#breadcrumb"},"inLanguage":"en-US","potentialAction":[{"@type":"ReadAction","target":["https:\/\/librairie7l.com\/en\/produit\/fragile-murano-chefs-doeuvre-de-verre-de-la-renaissance-au-xxi-2\/"]}]},{"@type":"BreadcrumbList","@id":"https:\/\/librairie7l.com\/en\/produit\/fragile-murano-chefs-doeuvre-de-verre-de-la-renaissance-au-xxi-2\/#breadcrumb","itemListElement":[{"@type":"ListItem","position":1,"name":"Accueil","item":"https:\/\/librairie7l.com\/en\/"},{"@type":"ListItem","position":2,"name":"Shop","item":"https:\/\/librairie7l.com\/en\/shop\/"},{"@type":"ListItem","position":3,"name":"FRAGILE ; MURANO, CHEFS-D&#8217;OEUVRE DE VERRE DE LA RENAISSANCE AU XXI"}]},{"@type":"WebSite","@id":"https:\/\/librairie7l.com\/en\/#website","url":"https:\/\/librairie7l.com\/en\/","name":"Librairie 7L","description":"Librairie fond\u00e9e en 1999 par Karl Lagerfeld \u00e0 Paris","publisher":{"@id":"https:\/\/librairie7l.com\/en\/#organization"},"potentialAction":[{"@type":"SearchAction","target":{"@type":"EntryPoint","urlTemplate":"https:\/\/librairie7l.com\/en\/?s={search_term_string}"},"query-input":"required name=search_term_string"}],"inLanguage":"en-US"},{"@type":"Organization","@id":"https:\/\/librairie7l.com\/en\/#organization","name":"Librairie 7L","url":"https:\/\/librairie7l.com\/en\/","logo":{"@type":"ImageObject","inLanguage":"en-US","@id":"https:\/\/librairie7l.com\/en\/#\/schema\/logo\/image\/","url":"https:\/\/librairie7l.com\/wp-content\/uploads\/2022\/08\/logo-1.png","contentUrl":"https:\/\/librairie7l.com\/wp-content\/uploads\/2022\/08\/logo-1.png","width":227,"height":301,"caption":"Librairie 7L"},"image":{"@id":"https:\/\/librairie7l.com\/en\/#\/schema\/logo\/image\/"}}]}},"_links":{"self":[{"href":"https:\/\/librairie7l.com\/en\/wp-json\/wp\/v2\/product\/56375"}],"collection":[{"href":"https:\/\/librairie7l.com\/en\/wp-json\/wp\/v2\/product"}],"about":[{"href":"https:\/\/librairie7l.com\/en\/wp-json\/wp\/v2\/types\/product"}],"wp:featuredmedia":[{"embeddable":true,"href":"https:\/\/librairie7l.com\/en\/wp-json\/wp\/v2\/media\/56373"}],"wp:attachment":[{"href":"https:\/\/librairie7l.com\/en\/wp-json\/wp\/v2\/media?parent=56375"}],"wp:term":[{"taxonomy":"product_cat","embeddable":true,"href":"https:\/\/librairie7l.com\/en\/wp-json\/wp\/v2\/product_cat?post=56375"},{"taxonomy":"product_tag","embeddable":true,"href":"https:\/\/librairie7l.com\/en\/wp-json\/wp\/v2\/product_tag?post=56375"}],"curies":[{"name":"wp","href":"https:\/\/api.w.org\/{rel}","templated":true}]}}