{"id":56379,"date":"2026-04-16T10:16:31","date_gmt":"2026-04-16T08:16:31","guid":{"rendered":"https:\/\/librairie7l.com\/?post_type=product&#038;p=56379"},"modified":"2026-04-17T15:06:16","modified_gmt":"2026-04-17T13:06:16","slug":"le-carnaval-la-fortune-et-la-folie-la-rencontre-de-paris-et-venise-a-laube-des-lumieres-2","status":"publish","type":"product","link":"https:\/\/librairie7l.com\/en\/produit\/le-carnaval-la-fortune-et-la-folie-la-rencontre-de-paris-et-venise-a-laube-des-lumieres-2\/","title":{"rendered":"LE CARNAVAL, LA FORTUNE ET LA FOLIE ; LA RENCONTRE DE PARIS ET VENISE \u00c0 L&#8217;AUBE DES LUMI\u00c8RES"},"content":{"rendered":"<p>[&#8230;] en v\u00e9rit\u00e9 c&#8217;est \u00e0 Venise qu&#8217;il faut venir pour trouver de v\u00e9ritables peintres. C&#8217;est par ces mots que le jeune Pierre-Jean Mariette s&#8217;enthousiasme pour l&#8217;art v\u00e9nitien en 1718. La cit\u00e9 lacustre et ses territoires de terra ferma attirent au d\u00e9but du XVIIIe si\u00e8cle de nombreux artistes fran\u00e7ais comme Louis Dorigny, Jean Raoux, Guy Louis II Vernansal et Nicolas Vleughels. Un surprenant moment d&#8217;\u00e9change se noue, marqu\u00e9 par une r\u00e9ciprocit\u00e9 intense. La r\u00e9gence de Philippe II d&#8217;Orl\u00e9ans (1715-1723) en est le point d&#8217;orgue. Soutenus par le m\u00e9c\u00e9nat des grands financiers comme Pierre Crozat et encourag\u00e9s par la prosp\u00e9rit\u00e9 \u00e9conomique du Syst\u00e8me, Rosalba Carriera, Gianantonio Pellegrini et Antonio Maria I Zanetti s&#8217;installent \u00e0 Paris. Peu de temps avant, Sebastiano Ricci leur avait ouvert la voie. Qu&#8217;ils soient Fran\u00e7ais \u00e0 Venise ou V\u00e9nitiens \u00e0 Paris, ancr\u00e9s dans une carri\u00e8re \u00e0 long terme ou seulement de passage, que recherchent-ils si loin de leur terre d&#8217;origine ?<\/p>\n<p>Venise rencontre Paris, le Carnaval rencontre la Fortune. Mais la Folie de 1720, caract\u00e9ris\u00e9e par l&#8217;\u00e9clatement chaotique de la bulle sp\u00e9culative et l&#8217;abandon des chim\u00e8res financi\u00e8res de John Law, bouleverse ce fragile \u00e9difice. En cette aube des Lumi\u00e8res o\u00f9 les fronti\u00e8res s&#8217;att\u00e9nuent pour favoriser la mobilit\u00e9 des hommes et des oeuvres, une premi\u00e8re R\u00e9publique des Arts se dessine. L&#8217;auteur brosse le portrait de deux \u00e9coles artistiques tourn\u00e9es l&#8217;une vers l&#8217;autre, de leurs moments d&#8217;\u00e9clats communs \u00e0 leurs in\u00e9luctables d\u00e9saccords.<\/p>\n<p>Participant au renouveau pour une p\u00e9riode injustement appel\u00e9e de transition, ce livre met en lumi\u00e8re la densit\u00e9 des \u00e9changes transnationaux et esquisse un peu plus les contours d&#8217;une premi\u00e8re Europe esth\u00e9tique avant d&#8217;\u00eatre politique.<\/p>\n","protected":false},"excerpt":{"rendered":"<p>[&#8230;] en v\u00e9rit\u00e9 c&#8217;est \u00e0 Venise qu&#8217;il faut venir pour trouver de v\u00e9ritables peintres. C&#8217;est par ces mots que le jeune Pierre-Jean Mariette s&#8217;enthousiasme pour l&#8217;art v\u00e9nitien en 1718. La cit\u00e9 lacustre et ses territoires de terra ferma attirent au d\u00e9but du XVIIIe si\u00e8cle de nombreux artistes fran\u00e7ais comme Louis Dorigny, Jean Raoux, Guy Louis [&hellip;]<\/p>\n","protected":false},"featured_media":56377,"template":"","meta":[],"product_cat":[2948],"product_tag":[],"acf":[],"yoast_head":"<!-- This site is optimized with the Yoast SEO plugin v20.11 - https:\/\/yoast.com\/wordpress\/plugins\/seo\/ -->\n<title>Le carnaval, la fortune et la folie ; la rencontre de Paris et Venise \u00e0 l&#039;aube des Lumi\u00e8res - Librairie 7L<\/title>\n<meta name=\"robots\" content=\"index, follow, max-snippet:-1, max-image-preview:large, max-video-preview:-1\" \/>\n<link rel=\"canonical\" href=\"https:\/\/librairie7l.com\/en\/produit\/le-carnaval-la-fortune-et-la-folie-la-rencontre-de-paris-et-venise-a-laube-des-lumieres-2\/\" \/>\n<meta property=\"og:locale\" content=\"en_US\" \/>\n<meta property=\"og:type\" content=\"article\" \/>\n<meta property=\"og:title\" content=\"Le carnaval, la fortune et la folie ; la rencontre de Paris et Venise \u00e0 l&#039;aube des Lumi\u00e8res - Librairie 7L\" \/>\n<meta property=\"og:description\" content=\"[&#8230;] en v\u00e9rit\u00e9 c&#8217;est \u00e0 Venise qu&#8217;il faut venir pour trouver de v\u00e9ritables peintres. C&#8217;est par ces mots que le jeune Pierre-Jean Mariette s&#8217;enthousiasme pour l&#8217;art v\u00e9nitien en 1718. La cit\u00e9 lacustre et ses territoires de terra ferma attirent au d\u00e9but du XVIIIe si\u00e8cle de nombreux artistes fran\u00e7ais comme Louis Dorigny, Jean Raoux, Guy Louis [&hellip;]\" \/>\n<meta property=\"og:url\" content=\"https:\/\/librairie7l.com\/en\/produit\/le-carnaval-la-fortune-et-la-folie-la-rencontre-de-paris-et-venise-a-laube-des-lumieres-2\/\" \/>\n<meta property=\"og:site_name\" content=\"Librairie 7L\" \/>\n<meta property=\"article:modified_time\" content=\"2026-04-17T13:06:16+00:00\" \/>\n<meta property=\"og:image\" content=\"https:\/\/librairie7l.com\/wp-content\/uploads\/2017\/06\/9782753558861_1_75.jpg\" \/>\n\t<meta property=\"og:image:width\" content=\"600\" \/>\n\t<meta property=\"og:image:height\" content=\"805\" \/>\n\t<meta property=\"og:image:type\" content=\"image\/jpeg\" \/>\n<meta name=\"twitter:card\" content=\"summary_large_image\" \/>\n<meta name=\"twitter:label1\" content=\"Est. reading time\" \/>\n\t<meta name=\"twitter:data1\" content=\"1 minute\" \/>\n<script type=\"application\/ld+json\" class=\"yoast-schema-graph\">{\"@context\":\"https:\/\/schema.org\",\"@graph\":[{\"@type\":\"WebPage\",\"@id\":\"https:\/\/librairie7l.com\/en\/produit\/le-carnaval-la-fortune-et-la-folie-la-rencontre-de-paris-et-venise-a-laube-des-lumieres-2\/\",\"url\":\"https:\/\/librairie7l.com\/en\/produit\/le-carnaval-la-fortune-et-la-folie-la-rencontre-de-paris-et-venise-a-laube-des-lumieres-2\/\",\"name\":\"Le carnaval, la fortune et la folie ; la rencontre de Paris et Venise \u00e0 l'aube des Lumi\u00e8res - Librairie 7L\",\"isPartOf\":{\"@id\":\"https:\/\/librairie7l.com\/en\/#website\"},\"datePublished\":\"2026-04-16T08:16:31+00:00\",\"dateModified\":\"2026-04-17T13:06:16+00:00\",\"breadcrumb\":{\"@id\":\"https:\/\/librairie7l.com\/en\/produit\/le-carnaval-la-fortune-et-la-folie-la-rencontre-de-paris-et-venise-a-laube-des-lumieres-2\/#breadcrumb\"},\"inLanguage\":\"en-US\",\"potentialAction\":[{\"@type\":\"ReadAction\",\"target\":[\"https:\/\/librairie7l.com\/en\/produit\/le-carnaval-la-fortune-et-la-folie-la-rencontre-de-paris-et-venise-a-laube-des-lumieres-2\/\"]}]},{\"@type\":\"BreadcrumbList\",\"@id\":\"https:\/\/librairie7l.com\/en\/produit\/le-carnaval-la-fortune-et-la-folie-la-rencontre-de-paris-et-venise-a-laube-des-lumieres-2\/#breadcrumb\",\"itemListElement\":[{\"@type\":\"ListItem\",\"position\":1,\"name\":\"Accueil\",\"item\":\"https:\/\/librairie7l.com\/en\/\"},{\"@type\":\"ListItem\",\"position\":2,\"name\":\"Shop\",\"item\":\"https:\/\/librairie7l.com\/en\/shop\/\"},{\"@type\":\"ListItem\",\"position\":3,\"name\":\"LE CARNAVAL, LA FORTUNE ET LA FOLIE ; LA RENCONTRE DE PARIS ET VENISE \u00c0 L&#8217;AUBE DES LUMI\u00c8RES\"}]},{\"@type\":\"WebSite\",\"@id\":\"https:\/\/librairie7l.com\/en\/#website\",\"url\":\"https:\/\/librairie7l.com\/en\/\",\"name\":\"Librairie 7L\",\"description\":\"Librairie fond\u00e9e en 1999 par Karl Lagerfeld \u00e0 Paris\",\"publisher\":{\"@id\":\"https:\/\/librairie7l.com\/en\/#organization\"},\"potentialAction\":[{\"@type\":\"SearchAction\",\"target\":{\"@type\":\"EntryPoint\",\"urlTemplate\":\"https:\/\/librairie7l.com\/en\/?s={search_term_string}\"},\"query-input\":\"required name=search_term_string\"}],\"inLanguage\":\"en-US\"},{\"@type\":\"Organization\",\"@id\":\"https:\/\/librairie7l.com\/en\/#organization\",\"name\":\"Librairie 7L\",\"url\":\"https:\/\/librairie7l.com\/en\/\",\"logo\":{\"@type\":\"ImageObject\",\"inLanguage\":\"en-US\",\"@id\":\"https:\/\/librairie7l.com\/en\/#\/schema\/logo\/image\/\",\"url\":\"https:\/\/librairie7l.com\/wp-content\/uploads\/2022\/08\/logo-1.png\",\"contentUrl\":\"https:\/\/librairie7l.com\/wp-content\/uploads\/2022\/08\/logo-1.png\",\"width\":227,\"height\":301,\"caption\":\"Librairie 7L\"},\"image\":{\"@id\":\"https:\/\/librairie7l.com\/en\/#\/schema\/logo\/image\/\"}}]}<\/script>\n<!-- \/ Yoast SEO plugin. -->","yoast_head_json":{"title":"Le carnaval, la fortune et la folie ; la rencontre de Paris et Venise \u00e0 l'aube des Lumi\u00e8res - Librairie 7L","robots":{"index":"index","follow":"follow","max-snippet":"max-snippet:-1","max-image-preview":"max-image-preview:large","max-video-preview":"max-video-preview:-1"},"canonical":"https:\/\/librairie7l.com\/en\/produit\/le-carnaval-la-fortune-et-la-folie-la-rencontre-de-paris-et-venise-a-laube-des-lumieres-2\/","og_locale":"en_US","og_type":"article","og_title":"Le carnaval, la fortune et la folie ; la rencontre de Paris et Venise \u00e0 l'aube des Lumi\u00e8res - Librairie 7L","og_description":"[&#8230;] en v\u00e9rit\u00e9 c&#8217;est \u00e0 Venise qu&#8217;il faut venir pour trouver de v\u00e9ritables peintres. C&#8217;est par ces mots que le jeune Pierre-Jean Mariette s&#8217;enthousiasme pour l&#8217;art v\u00e9nitien en 1718. La cit\u00e9 lacustre et ses territoires de terra ferma attirent au d\u00e9but du XVIIIe si\u00e8cle de nombreux artistes fran\u00e7ais comme Louis Dorigny, Jean Raoux, Guy Louis [&hellip;]","og_url":"https:\/\/librairie7l.com\/en\/produit\/le-carnaval-la-fortune-et-la-folie-la-rencontre-de-paris-et-venise-a-laube-des-lumieres-2\/","og_site_name":"Librairie 7L","article_modified_time":"2026-04-17T13:06:16+00:00","og_image":[{"width":600,"height":805,"url":"https:\/\/librairie7l.com\/wp-content\/uploads\/2017\/06\/9782753558861_1_75.jpg","type":"image\/jpeg"}],"twitter_card":"summary_large_image","twitter_misc":{"Est. reading time":"1 minute"},"schema":{"@context":"https:\/\/schema.org","@graph":[{"@type":"WebPage","@id":"https:\/\/librairie7l.com\/en\/produit\/le-carnaval-la-fortune-et-la-folie-la-rencontre-de-paris-et-venise-a-laube-des-lumieres-2\/","url":"https:\/\/librairie7l.com\/en\/produit\/le-carnaval-la-fortune-et-la-folie-la-rencontre-de-paris-et-venise-a-laube-des-lumieres-2\/","name":"Le carnaval, la fortune et la folie ; la rencontre de Paris et Venise \u00e0 l'aube des Lumi\u00e8res - Librairie 7L","isPartOf":{"@id":"https:\/\/librairie7l.com\/en\/#website"},"datePublished":"2026-04-16T08:16:31+00:00","dateModified":"2026-04-17T13:06:16+00:00","breadcrumb":{"@id":"https:\/\/librairie7l.com\/en\/produit\/le-carnaval-la-fortune-et-la-folie-la-rencontre-de-paris-et-venise-a-laube-des-lumieres-2\/#breadcrumb"},"inLanguage":"en-US","potentialAction":[{"@type":"ReadAction","target":["https:\/\/librairie7l.com\/en\/produit\/le-carnaval-la-fortune-et-la-folie-la-rencontre-de-paris-et-venise-a-laube-des-lumieres-2\/"]}]},{"@type":"BreadcrumbList","@id":"https:\/\/librairie7l.com\/en\/produit\/le-carnaval-la-fortune-et-la-folie-la-rencontre-de-paris-et-venise-a-laube-des-lumieres-2\/#breadcrumb","itemListElement":[{"@type":"ListItem","position":1,"name":"Accueil","item":"https:\/\/librairie7l.com\/en\/"},{"@type":"ListItem","position":2,"name":"Shop","item":"https:\/\/librairie7l.com\/en\/shop\/"},{"@type":"ListItem","position":3,"name":"LE CARNAVAL, LA FORTUNE ET LA FOLIE ; LA RENCONTRE DE PARIS ET VENISE \u00c0 L&#8217;AUBE DES LUMI\u00c8RES"}]},{"@type":"WebSite","@id":"https:\/\/librairie7l.com\/en\/#website","url":"https:\/\/librairie7l.com\/en\/","name":"Librairie 7L","description":"Librairie fond\u00e9e en 1999 par Karl Lagerfeld \u00e0 Paris","publisher":{"@id":"https:\/\/librairie7l.com\/en\/#organization"},"potentialAction":[{"@type":"SearchAction","target":{"@type":"EntryPoint","urlTemplate":"https:\/\/librairie7l.com\/en\/?s={search_term_string}"},"query-input":"required name=search_term_string"}],"inLanguage":"en-US"},{"@type":"Organization","@id":"https:\/\/librairie7l.com\/en\/#organization","name":"Librairie 7L","url":"https:\/\/librairie7l.com\/en\/","logo":{"@type":"ImageObject","inLanguage":"en-US","@id":"https:\/\/librairie7l.com\/en\/#\/schema\/logo\/image\/","url":"https:\/\/librairie7l.com\/wp-content\/uploads\/2022\/08\/logo-1.png","contentUrl":"https:\/\/librairie7l.com\/wp-content\/uploads\/2022\/08\/logo-1.png","width":227,"height":301,"caption":"Librairie 7L"},"image":{"@id":"https:\/\/librairie7l.com\/en\/#\/schema\/logo\/image\/"}}]}},"_links":{"self":[{"href":"https:\/\/librairie7l.com\/en\/wp-json\/wp\/v2\/product\/56379"}],"collection":[{"href":"https:\/\/librairie7l.com\/en\/wp-json\/wp\/v2\/product"}],"about":[{"href":"https:\/\/librairie7l.com\/en\/wp-json\/wp\/v2\/types\/product"}],"wp:featuredmedia":[{"embeddable":true,"href":"https:\/\/librairie7l.com\/en\/wp-json\/wp\/v2\/media\/56377"}],"wp:attachment":[{"href":"https:\/\/librairie7l.com\/en\/wp-json\/wp\/v2\/media?parent=56379"}],"wp:term":[{"taxonomy":"product_cat","embeddable":true,"href":"https:\/\/librairie7l.com\/en\/wp-json\/wp\/v2\/product_cat?post=56379"},{"taxonomy":"product_tag","embeddable":true,"href":"https:\/\/librairie7l.com\/en\/wp-json\/wp\/v2\/product_tag?post=56379"}],"curies":[{"name":"wp","href":"https:\/\/api.w.org\/{rel}","templated":true}]}}