{"id":56383,"date":"2026-04-16T10:16:35","date_gmt":"2026-04-16T08:16:35","guid":{"rendered":"https:\/\/librairie7l.com\/?post_type=product&#038;p=56383"},"modified":"2026-04-17T15:45:04","modified_gmt":"2026-04-17T13:45:04","slug":"audaces-dun-style-les-interieurs-sous-le-consulat-2","status":"publish","type":"product","link":"https:\/\/librairie7l.com\/en\/produit\/audaces-dun-style-les-interieurs-sous-le-consulat-2\/","title":{"rendered":"AUDACES D&#8217;UN STYLE : LES INT\u00c9RIEURS SOUS LE CONSULAT"},"content":{"rendered":"<p>Audaces d&#8217;un style explore la gen\u00e8se d&#8217;une esth\u00e9tique unique et inventive, situ\u00e9e \u00e0 la crois\u00e9e des h\u00e9ritages classiques et des aspirations politiques d&#8217;un r\u00e9gime en mutation.<br \/>\nLes dix ann\u00e9es qui s&#8217;\u00e9tendent de 1795 \u00e0 1804 voient s&#8217;\u00e9panouir un art de vivre foisonnant. Au go\u00fbt de la f\u00eate de la jeunesse dor\u00e9e et extravagante du Directoire r\u00e9pond, sous le Consulat, l&#8217;app\u00e9tence pour le luxe d&#8217;une soci\u00e9t\u00e9 en pleine recomposition. L&#8217;\u00e9l\u00e9gance des lignes et l&#8217;engouement pour l&#8217;exotisme, h\u00e9rit\u00e9s du XVIIIe si\u00e8cle, se conjuguent aux influences de Rome, de Pomp\u00e9i, de la Renaissance, sans oublier celle de l&#8217;\u00c9gypte antique. Charles Percier et Pierre-L\u00e9onard Fontaine, d\u00e9corateurs embl\u00e9matiques, jouent un r\u00f4le d\u00e9terminant dans l&#8217;\u00e9laboration de ce nouveau langage stylistique. Celui-ci trouve sa pleine expression dans les r\u00e9alisations des plus c\u00e9l\u00e8bres artisans, parmi lesquels figurent les fr\u00e8res Jacob.<br \/>\n\u00c0 la mani\u00e8re d&#8217;un carnet de tendances imagin\u00e9 par un architecte de l&#8217;\u00e9poque, l&#8217;ouvrage invite \u00e0 d\u00e9crypter les formes, les motifs, les ornements et les couleurs qui traduisent ce renouveau stylistique. Il s&#8217;appuie \u00e9galement sur plusieurs exemples caract\u00e9ristiques du luxe parisien, comme les h\u00f4tels de Madame R\u00e9camier et de la g\u00e9n\u00e9rale Moreau ou encore la demeure du couple consulaire rue Chantereine, pour mettre en lumi\u00e8re cet art de vivre qui s&#8217;illustre dans la sph\u00e8re priv\u00e9e.<br \/>\nCette d\u00e9cennie voit \u00e9galement l&#8217;ascension politique du g\u00e9n\u00e9ral Bonaparte. L&#8217;instauration du Consulat, puis du Consulat \u00e0 vie, s&#8217;accompagne d&#8217;une red\u00e9finition du cadre symbolique du pouvoir. Acajou et bois dor\u00e9 s&#8217;accordent aux mat\u00e9riaux pr\u00e9cieux pour asseoir la l\u00e9gitimit\u00e9 de l&#8217;autorit\u00e9 naissante, dans un raffinement unique de lignes et d&#8217;ornements.<\/p>\n","protected":false},"excerpt":{"rendered":"<p>Audaces d&#8217;un style explore la gen\u00e8se d&#8217;une esth\u00e9tique unique et inventive, situ\u00e9e \u00e0 la crois\u00e9e des h\u00e9ritages classiques et des aspirations politiques d&#8217;un r\u00e9gime en mutation. Les dix ann\u00e9es qui s&#8217;\u00e9tendent de 1795 \u00e0 1804 voient s&#8217;\u00e9panouir un art de vivre foisonnant. Au go\u00fbt de la f\u00eate de la jeunesse dor\u00e9e et extravagante du Directoire [&hellip;]<\/p>\n","protected":false},"featured_media":56381,"template":"","meta":[],"product_cat":[2948],"product_tag":[],"acf":[],"yoast_head":"<!-- This site is optimized with the Yoast SEO plugin v20.11 - https:\/\/yoast.com\/wordpress\/plugins\/seo\/ -->\n<title>Audaces d&#039;un style : Les int\u00e9rieurs sous le Consulat - Librairie 7L<\/title>\n<meta name=\"robots\" content=\"index, follow, max-snippet:-1, max-image-preview:large, max-video-preview:-1\" \/>\n<link rel=\"canonical\" href=\"https:\/\/librairie7l.com\/en\/produit\/audaces-dun-style-les-interieurs-sous-le-consulat-2\/\" \/>\n<meta property=\"og:locale\" content=\"en_US\" \/>\n<meta property=\"og:type\" content=\"article\" \/>\n<meta property=\"og:title\" content=\"Audaces d&#039;un style : Les int\u00e9rieurs sous le Consulat - Librairie 7L\" \/>\n<meta property=\"og:description\" content=\"Audaces d&#8217;un style explore la gen\u00e8se d&#8217;une esth\u00e9tique unique et inventive, situ\u00e9e \u00e0 la crois\u00e9e des h\u00e9ritages classiques et des aspirations politiques d&#8217;un r\u00e9gime en mutation. Les dix ann\u00e9es qui s&#8217;\u00e9tendent de 1795 \u00e0 1804 voient s&#8217;\u00e9panouir un art de vivre foisonnant. Au go\u00fbt de la f\u00eate de la jeunesse dor\u00e9e et extravagante du Directoire [&hellip;]\" \/>\n<meta property=\"og:url\" content=\"https:\/\/librairie7l.com\/en\/produit\/audaces-dun-style-les-interieurs-sous-le-consulat-2\/\" \/>\n<meta property=\"og:site_name\" content=\"Librairie 7L\" \/>\n<meta property=\"article:modified_time\" content=\"2026-04-17T13:45:04+00:00\" \/>\n<meta property=\"og:image\" content=\"https:\/\/librairie7l.com\/wp-content\/uploads\/2025\/09\/9782359064889_1_75.jpg\" \/>\n\t<meta property=\"og:image:width\" content=\"600\" \/>\n\t<meta property=\"og:image:height\" content=\"857\" \/>\n\t<meta property=\"og:image:type\" content=\"image\/jpeg\" \/>\n<meta name=\"twitter:card\" content=\"summary_large_image\" \/>\n<meta name=\"twitter:label1\" content=\"Est. reading time\" \/>\n\t<meta name=\"twitter:data1\" content=\"1 minute\" \/>\n<script type=\"application\/ld+json\" class=\"yoast-schema-graph\">{\"@context\":\"https:\/\/schema.org\",\"@graph\":[{\"@type\":\"WebPage\",\"@id\":\"https:\/\/librairie7l.com\/en\/produit\/audaces-dun-style-les-interieurs-sous-le-consulat-2\/\",\"url\":\"https:\/\/librairie7l.com\/en\/produit\/audaces-dun-style-les-interieurs-sous-le-consulat-2\/\",\"name\":\"Audaces d'un style : Les int\u00e9rieurs sous le Consulat - Librairie 7L\",\"isPartOf\":{\"@id\":\"https:\/\/librairie7l.com\/en\/#website\"},\"datePublished\":\"2026-04-16T08:16:35+00:00\",\"dateModified\":\"2026-04-17T13:45:04+00:00\",\"breadcrumb\":{\"@id\":\"https:\/\/librairie7l.com\/en\/produit\/audaces-dun-style-les-interieurs-sous-le-consulat-2\/#breadcrumb\"},\"inLanguage\":\"en-US\",\"potentialAction\":[{\"@type\":\"ReadAction\",\"target\":[\"https:\/\/librairie7l.com\/en\/produit\/audaces-dun-style-les-interieurs-sous-le-consulat-2\/\"]}]},{\"@type\":\"BreadcrumbList\",\"@id\":\"https:\/\/librairie7l.com\/en\/produit\/audaces-dun-style-les-interieurs-sous-le-consulat-2\/#breadcrumb\",\"itemListElement\":[{\"@type\":\"ListItem\",\"position\":1,\"name\":\"Accueil\",\"item\":\"https:\/\/librairie7l.com\/en\/\"},{\"@type\":\"ListItem\",\"position\":2,\"name\":\"Shop\",\"item\":\"https:\/\/librairie7l.com\/en\/shop\/\"},{\"@type\":\"ListItem\",\"position\":3,\"name\":\"AUDACES D&#8217;UN STYLE : LES INT\u00c9RIEURS SOUS LE CONSULAT\"}]},{\"@type\":\"WebSite\",\"@id\":\"https:\/\/librairie7l.com\/en\/#website\",\"url\":\"https:\/\/librairie7l.com\/en\/\",\"name\":\"Librairie 7L\",\"description\":\"Librairie fond\u00e9e en 1999 par Karl Lagerfeld \u00e0 Paris\",\"publisher\":{\"@id\":\"https:\/\/librairie7l.com\/en\/#organization\"},\"potentialAction\":[{\"@type\":\"SearchAction\",\"target\":{\"@type\":\"EntryPoint\",\"urlTemplate\":\"https:\/\/librairie7l.com\/en\/?s={search_term_string}\"},\"query-input\":\"required name=search_term_string\"}],\"inLanguage\":\"en-US\"},{\"@type\":\"Organization\",\"@id\":\"https:\/\/librairie7l.com\/en\/#organization\",\"name\":\"Librairie 7L\",\"url\":\"https:\/\/librairie7l.com\/en\/\",\"logo\":{\"@type\":\"ImageObject\",\"inLanguage\":\"en-US\",\"@id\":\"https:\/\/librairie7l.com\/en\/#\/schema\/logo\/image\/\",\"url\":\"https:\/\/librairie7l.com\/wp-content\/uploads\/2022\/08\/logo-1.png\",\"contentUrl\":\"https:\/\/librairie7l.com\/wp-content\/uploads\/2022\/08\/logo-1.png\",\"width\":227,\"height\":301,\"caption\":\"Librairie 7L\"},\"image\":{\"@id\":\"https:\/\/librairie7l.com\/en\/#\/schema\/logo\/image\/\"}}]}<\/script>\n<!-- \/ Yoast SEO plugin. -->","yoast_head_json":{"title":"Audaces d'un style : Les int\u00e9rieurs sous le Consulat - Librairie 7L","robots":{"index":"index","follow":"follow","max-snippet":"max-snippet:-1","max-image-preview":"max-image-preview:large","max-video-preview":"max-video-preview:-1"},"canonical":"https:\/\/librairie7l.com\/en\/produit\/audaces-dun-style-les-interieurs-sous-le-consulat-2\/","og_locale":"en_US","og_type":"article","og_title":"Audaces d'un style : Les int\u00e9rieurs sous le Consulat - Librairie 7L","og_description":"Audaces d&#8217;un style explore la gen\u00e8se d&#8217;une esth\u00e9tique unique et inventive, situ\u00e9e \u00e0 la crois\u00e9e des h\u00e9ritages classiques et des aspirations politiques d&#8217;un r\u00e9gime en mutation. Les dix ann\u00e9es qui s&#8217;\u00e9tendent de 1795 \u00e0 1804 voient s&#8217;\u00e9panouir un art de vivre foisonnant. Au go\u00fbt de la f\u00eate de la jeunesse dor\u00e9e et extravagante du Directoire [&hellip;]","og_url":"https:\/\/librairie7l.com\/en\/produit\/audaces-dun-style-les-interieurs-sous-le-consulat-2\/","og_site_name":"Librairie 7L","article_modified_time":"2026-04-17T13:45:04+00:00","og_image":[{"width":600,"height":857,"url":"https:\/\/librairie7l.com\/wp-content\/uploads\/2025\/09\/9782359064889_1_75.jpg","type":"image\/jpeg"}],"twitter_card":"summary_large_image","twitter_misc":{"Est. reading time":"1 minute"},"schema":{"@context":"https:\/\/schema.org","@graph":[{"@type":"WebPage","@id":"https:\/\/librairie7l.com\/en\/produit\/audaces-dun-style-les-interieurs-sous-le-consulat-2\/","url":"https:\/\/librairie7l.com\/en\/produit\/audaces-dun-style-les-interieurs-sous-le-consulat-2\/","name":"Audaces d'un style : Les int\u00e9rieurs sous le Consulat - Librairie 7L","isPartOf":{"@id":"https:\/\/librairie7l.com\/en\/#website"},"datePublished":"2026-04-16T08:16:35+00:00","dateModified":"2026-04-17T13:45:04+00:00","breadcrumb":{"@id":"https:\/\/librairie7l.com\/en\/produit\/audaces-dun-style-les-interieurs-sous-le-consulat-2\/#breadcrumb"},"inLanguage":"en-US","potentialAction":[{"@type":"ReadAction","target":["https:\/\/librairie7l.com\/en\/produit\/audaces-dun-style-les-interieurs-sous-le-consulat-2\/"]}]},{"@type":"BreadcrumbList","@id":"https:\/\/librairie7l.com\/en\/produit\/audaces-dun-style-les-interieurs-sous-le-consulat-2\/#breadcrumb","itemListElement":[{"@type":"ListItem","position":1,"name":"Accueil","item":"https:\/\/librairie7l.com\/en\/"},{"@type":"ListItem","position":2,"name":"Shop","item":"https:\/\/librairie7l.com\/en\/shop\/"},{"@type":"ListItem","position":3,"name":"AUDACES D&#8217;UN STYLE : LES INT\u00c9RIEURS SOUS LE CONSULAT"}]},{"@type":"WebSite","@id":"https:\/\/librairie7l.com\/en\/#website","url":"https:\/\/librairie7l.com\/en\/","name":"Librairie 7L","description":"Librairie fond\u00e9e en 1999 par Karl Lagerfeld \u00e0 Paris","publisher":{"@id":"https:\/\/librairie7l.com\/en\/#organization"},"potentialAction":[{"@type":"SearchAction","target":{"@type":"EntryPoint","urlTemplate":"https:\/\/librairie7l.com\/en\/?s={search_term_string}"},"query-input":"required name=search_term_string"}],"inLanguage":"en-US"},{"@type":"Organization","@id":"https:\/\/librairie7l.com\/en\/#organization","name":"Librairie 7L","url":"https:\/\/librairie7l.com\/en\/","logo":{"@type":"ImageObject","inLanguage":"en-US","@id":"https:\/\/librairie7l.com\/en\/#\/schema\/logo\/image\/","url":"https:\/\/librairie7l.com\/wp-content\/uploads\/2022\/08\/logo-1.png","contentUrl":"https:\/\/librairie7l.com\/wp-content\/uploads\/2022\/08\/logo-1.png","width":227,"height":301,"caption":"Librairie 7L"},"image":{"@id":"https:\/\/librairie7l.com\/en\/#\/schema\/logo\/image\/"}}]}},"_links":{"self":[{"href":"https:\/\/librairie7l.com\/en\/wp-json\/wp\/v2\/product\/56383"}],"collection":[{"href":"https:\/\/librairie7l.com\/en\/wp-json\/wp\/v2\/product"}],"about":[{"href":"https:\/\/librairie7l.com\/en\/wp-json\/wp\/v2\/types\/product"}],"wp:featuredmedia":[{"embeddable":true,"href":"https:\/\/librairie7l.com\/en\/wp-json\/wp\/v2\/media\/56381"}],"wp:attachment":[{"href":"https:\/\/librairie7l.com\/en\/wp-json\/wp\/v2\/media?parent=56383"}],"wp:term":[{"taxonomy":"product_cat","embeddable":true,"href":"https:\/\/librairie7l.com\/en\/wp-json\/wp\/v2\/product_cat?post=56383"},{"taxonomy":"product_tag","embeddable":true,"href":"https:\/\/librairie7l.com\/en\/wp-json\/wp\/v2\/product_tag?post=56383"}],"curies":[{"name":"wp","href":"https:\/\/api.w.org\/{rel}","templated":true}]}}