{"id":56387,"date":"2026-04-16T10:16:37","date_gmt":"2026-04-16T08:16:37","guid":{"rendered":"https:\/\/librairie7l.com\/?post_type=product&#038;p=56387"},"modified":"2026-04-17T15:45:49","modified_gmt":"2026-04-17T13:45:49","slug":"david-michel-ange-enquete-sur-une-disproportion-2","status":"publish","type":"product","link":"https:\/\/librairie7l.com\/en\/produit\/david-michel-ange-enquete-sur-une-disproportion-2\/","title":{"rendered":"DAVID, MICHEL-ANGE : ENQU\u00caTE SUR UNE DISPROPORTION"},"content":{"rendered":"<p>\u00abC&#8217;est l\u00e0 que Michel-Ange arr\u00eate l&#8217;image de la pose qu&#8217;il a en t\u00eate, dans la vall\u00e9e de personne, entre les hauteurs de deux camps. David est calme, il attend le silence et qu&#8217;aucun vent ne puisse d\u00e9vier la trajectoire de son tir.\u00bb Erri De Luca livre ici une m\u00e9ditation po\u00e9tique sur de la figure de David. Entre le jeune berger des \u00c9critures et le colosse de marbre sculpt\u00e9 par Michel-Ange, il fait le r\u00e9cit d&#8217;une disproportion, avec toute la puissance \u00e9vocatoire de son style. Ce r\u00e9cit double de l&#8217;initiation d&#8217;un futur roi et de la m\u00e9tamorphose de la mati\u00e8re invite \u00e0 un dialogue in\u00e9dit entre texte et images.<\/p>\n","protected":false},"excerpt":{"rendered":"<p>\u00abC&#8217;est l\u00e0 que Michel-Ange arr\u00eate l&#8217;image de la pose qu&#8217;il a en t\u00eate, dans la vall\u00e9e de personne, entre les hauteurs de deux camps. David est calme, il attend le silence et qu&#8217;aucun vent ne puisse d\u00e9vier la trajectoire de son tir.\u00bb Erri De Luca livre ici une m\u00e9ditation po\u00e9tique sur de la figure de [&hellip;]<\/p>\n","protected":false},"featured_media":56385,"template":"","meta":[],"product_cat":[2948],"product_tag":[],"acf":[],"yoast_head":"<!-- This site is optimized with the Yoast SEO plugin v20.11 - https:\/\/yoast.com\/wordpress\/plugins\/seo\/ -->\n<title>David, Michel-Ange : Enqu\u00eate sur une disproportion - Librairie 7L<\/title>\n<meta name=\"robots\" content=\"index, follow, max-snippet:-1, max-image-preview:large, max-video-preview:-1\" \/>\n<link rel=\"canonical\" href=\"https:\/\/librairie7l.com\/en\/produit\/david-michel-ange-enquete-sur-une-disproportion-2\/\" \/>\n<meta property=\"og:locale\" content=\"en_US\" \/>\n<meta property=\"og:type\" content=\"article\" \/>\n<meta property=\"og:title\" content=\"David, Michel-Ange : Enqu\u00eate sur une disproportion - Librairie 7L\" \/>\n<meta property=\"og:description\" content=\"\u00abC&#8217;est l\u00e0 que Michel-Ange arr\u00eate l&#8217;image de la pose qu&#8217;il a en t\u00eate, dans la vall\u00e9e de personne, entre les hauteurs de deux camps. David est calme, il attend le silence et qu&#8217;aucun vent ne puisse d\u00e9vier la trajectoire de son tir.\u00bb Erri De Luca livre ici une m\u00e9ditation po\u00e9tique sur de la figure de [&hellip;]\" \/>\n<meta property=\"og:url\" content=\"https:\/\/librairie7l.com\/en\/produit\/david-michel-ange-enquete-sur-une-disproportion-2\/\" \/>\n<meta property=\"og:site_name\" content=\"Librairie 7L\" \/>\n<meta property=\"article:modified_time\" content=\"2026-04-17T13:45:49+00:00\" \/>\n<meta property=\"og:image\" content=\"https:\/\/librairie7l.com\/wp-content\/uploads\/2025\/12\/9782073158291_1_75.jpg\" \/>\n\t<meta property=\"og:image:width\" content=\"600\" \/>\n\t<meta property=\"og:image:height\" content=\"900\" \/>\n\t<meta property=\"og:image:type\" content=\"image\/jpeg\" \/>\n<meta name=\"twitter:card\" content=\"summary_large_image\" \/>\n<meta name=\"twitter:label1\" content=\"Est. reading time\" \/>\n\t<meta name=\"twitter:data1\" content=\"1 minute\" \/>\n<script type=\"application\/ld+json\" class=\"yoast-schema-graph\">{\"@context\":\"https:\/\/schema.org\",\"@graph\":[{\"@type\":\"WebPage\",\"@id\":\"https:\/\/librairie7l.com\/en\/produit\/david-michel-ange-enquete-sur-une-disproportion-2\/\",\"url\":\"https:\/\/librairie7l.com\/en\/produit\/david-michel-ange-enquete-sur-une-disproportion-2\/\",\"name\":\"David, Michel-Ange : Enqu\u00eate sur une disproportion - Librairie 7L\",\"isPartOf\":{\"@id\":\"https:\/\/librairie7l.com\/en\/#website\"},\"datePublished\":\"2026-04-16T08:16:37+00:00\",\"dateModified\":\"2026-04-17T13:45:49+00:00\",\"breadcrumb\":{\"@id\":\"https:\/\/librairie7l.com\/en\/produit\/david-michel-ange-enquete-sur-une-disproportion-2\/#breadcrumb\"},\"inLanguage\":\"en-US\",\"potentialAction\":[{\"@type\":\"ReadAction\",\"target\":[\"https:\/\/librairie7l.com\/en\/produit\/david-michel-ange-enquete-sur-une-disproportion-2\/\"]}]},{\"@type\":\"BreadcrumbList\",\"@id\":\"https:\/\/librairie7l.com\/en\/produit\/david-michel-ange-enquete-sur-une-disproportion-2\/#breadcrumb\",\"itemListElement\":[{\"@type\":\"ListItem\",\"position\":1,\"name\":\"Accueil\",\"item\":\"https:\/\/librairie7l.com\/en\/\"},{\"@type\":\"ListItem\",\"position\":2,\"name\":\"Shop\",\"item\":\"https:\/\/librairie7l.com\/en\/shop\/\"},{\"@type\":\"ListItem\",\"position\":3,\"name\":\"DAVID, MICHEL-ANGE : ENQU\u00caTE SUR UNE DISPROPORTION\"}]},{\"@type\":\"WebSite\",\"@id\":\"https:\/\/librairie7l.com\/en\/#website\",\"url\":\"https:\/\/librairie7l.com\/en\/\",\"name\":\"Librairie 7L\",\"description\":\"Librairie fond\u00e9e en 1999 par Karl Lagerfeld \u00e0 Paris\",\"publisher\":{\"@id\":\"https:\/\/librairie7l.com\/en\/#organization\"},\"potentialAction\":[{\"@type\":\"SearchAction\",\"target\":{\"@type\":\"EntryPoint\",\"urlTemplate\":\"https:\/\/librairie7l.com\/en\/?s={search_term_string}\"},\"query-input\":\"required name=search_term_string\"}],\"inLanguage\":\"en-US\"},{\"@type\":\"Organization\",\"@id\":\"https:\/\/librairie7l.com\/en\/#organization\",\"name\":\"Librairie 7L\",\"url\":\"https:\/\/librairie7l.com\/en\/\",\"logo\":{\"@type\":\"ImageObject\",\"inLanguage\":\"en-US\",\"@id\":\"https:\/\/librairie7l.com\/en\/#\/schema\/logo\/image\/\",\"url\":\"https:\/\/librairie7l.com\/wp-content\/uploads\/2022\/08\/logo-1.png\",\"contentUrl\":\"https:\/\/librairie7l.com\/wp-content\/uploads\/2022\/08\/logo-1.png\",\"width\":227,\"height\":301,\"caption\":\"Librairie 7L\"},\"image\":{\"@id\":\"https:\/\/librairie7l.com\/en\/#\/schema\/logo\/image\/\"}}]}<\/script>\n<!-- \/ Yoast SEO plugin. -->","yoast_head_json":{"title":"David, Michel-Ange : Enqu\u00eate sur une disproportion - Librairie 7L","robots":{"index":"index","follow":"follow","max-snippet":"max-snippet:-1","max-image-preview":"max-image-preview:large","max-video-preview":"max-video-preview:-1"},"canonical":"https:\/\/librairie7l.com\/en\/produit\/david-michel-ange-enquete-sur-une-disproportion-2\/","og_locale":"en_US","og_type":"article","og_title":"David, Michel-Ange : Enqu\u00eate sur une disproportion - Librairie 7L","og_description":"\u00abC&#8217;est l\u00e0 que Michel-Ange arr\u00eate l&#8217;image de la pose qu&#8217;il a en t\u00eate, dans la vall\u00e9e de personne, entre les hauteurs de deux camps. David est calme, il attend le silence et qu&#8217;aucun vent ne puisse d\u00e9vier la trajectoire de son tir.\u00bb Erri De Luca livre ici une m\u00e9ditation po\u00e9tique sur de la figure de [&hellip;]","og_url":"https:\/\/librairie7l.com\/en\/produit\/david-michel-ange-enquete-sur-une-disproportion-2\/","og_site_name":"Librairie 7L","article_modified_time":"2026-04-17T13:45:49+00:00","og_image":[{"width":600,"height":900,"url":"https:\/\/librairie7l.com\/wp-content\/uploads\/2025\/12\/9782073158291_1_75.jpg","type":"image\/jpeg"}],"twitter_card":"summary_large_image","twitter_misc":{"Est. reading time":"1 minute"},"schema":{"@context":"https:\/\/schema.org","@graph":[{"@type":"WebPage","@id":"https:\/\/librairie7l.com\/en\/produit\/david-michel-ange-enquete-sur-une-disproportion-2\/","url":"https:\/\/librairie7l.com\/en\/produit\/david-michel-ange-enquete-sur-une-disproportion-2\/","name":"David, Michel-Ange : Enqu\u00eate sur une disproportion - Librairie 7L","isPartOf":{"@id":"https:\/\/librairie7l.com\/en\/#website"},"datePublished":"2026-04-16T08:16:37+00:00","dateModified":"2026-04-17T13:45:49+00:00","breadcrumb":{"@id":"https:\/\/librairie7l.com\/en\/produit\/david-michel-ange-enquete-sur-une-disproportion-2\/#breadcrumb"},"inLanguage":"en-US","potentialAction":[{"@type":"ReadAction","target":["https:\/\/librairie7l.com\/en\/produit\/david-michel-ange-enquete-sur-une-disproportion-2\/"]}]},{"@type":"BreadcrumbList","@id":"https:\/\/librairie7l.com\/en\/produit\/david-michel-ange-enquete-sur-une-disproportion-2\/#breadcrumb","itemListElement":[{"@type":"ListItem","position":1,"name":"Accueil","item":"https:\/\/librairie7l.com\/en\/"},{"@type":"ListItem","position":2,"name":"Shop","item":"https:\/\/librairie7l.com\/en\/shop\/"},{"@type":"ListItem","position":3,"name":"DAVID, MICHEL-ANGE : ENQU\u00caTE SUR UNE DISPROPORTION"}]},{"@type":"WebSite","@id":"https:\/\/librairie7l.com\/en\/#website","url":"https:\/\/librairie7l.com\/en\/","name":"Librairie 7L","description":"Librairie fond\u00e9e en 1999 par Karl Lagerfeld \u00e0 Paris","publisher":{"@id":"https:\/\/librairie7l.com\/en\/#organization"},"potentialAction":[{"@type":"SearchAction","target":{"@type":"EntryPoint","urlTemplate":"https:\/\/librairie7l.com\/en\/?s={search_term_string}"},"query-input":"required name=search_term_string"}],"inLanguage":"en-US"},{"@type":"Organization","@id":"https:\/\/librairie7l.com\/en\/#organization","name":"Librairie 7L","url":"https:\/\/librairie7l.com\/en\/","logo":{"@type":"ImageObject","inLanguage":"en-US","@id":"https:\/\/librairie7l.com\/en\/#\/schema\/logo\/image\/","url":"https:\/\/librairie7l.com\/wp-content\/uploads\/2022\/08\/logo-1.png","contentUrl":"https:\/\/librairie7l.com\/wp-content\/uploads\/2022\/08\/logo-1.png","width":227,"height":301,"caption":"Librairie 7L"},"image":{"@id":"https:\/\/librairie7l.com\/en\/#\/schema\/logo\/image\/"}}]}},"_links":{"self":[{"href":"https:\/\/librairie7l.com\/en\/wp-json\/wp\/v2\/product\/56387"}],"collection":[{"href":"https:\/\/librairie7l.com\/en\/wp-json\/wp\/v2\/product"}],"about":[{"href":"https:\/\/librairie7l.com\/en\/wp-json\/wp\/v2\/types\/product"}],"wp:featuredmedia":[{"embeddable":true,"href":"https:\/\/librairie7l.com\/en\/wp-json\/wp\/v2\/media\/56385"}],"wp:attachment":[{"href":"https:\/\/librairie7l.com\/en\/wp-json\/wp\/v2\/media?parent=56387"}],"wp:term":[{"taxonomy":"product_cat","embeddable":true,"href":"https:\/\/librairie7l.com\/en\/wp-json\/wp\/v2\/product_cat?post=56387"},{"taxonomy":"product_tag","embeddable":true,"href":"https:\/\/librairie7l.com\/en\/wp-json\/wp\/v2\/product_tag?post=56387"}],"curies":[{"name":"wp","href":"https:\/\/api.w.org\/{rel}","templated":true}]}}