{"id":56391,"date":"2026-04-16T10:16:39","date_gmt":"2026-04-16T08:16:39","guid":{"rendered":"https:\/\/librairie7l.com\/?post_type=product&#038;p=56391"},"modified":"2026-04-17T15:46:26","modified_gmt":"2026-04-17T13:46:26","slug":"jardins-cotiers-2","status":"publish","type":"product","link":"https:\/\/librairie7l.com\/en\/produit\/jardins-cotiers-2\/","title":{"rendered":"JARDINS C\u00d4TIERS"},"content":{"rendered":"<p>Concevoir des jardins en harmonie avec leur environnement est devenu une part essentielle du travail des paysagistes, en particulier pour les jardins de bord de mer. Jardins c\u00f4tiers pr\u00e9sente 48 jardins priv\u00e9s du monde entier saisissants de beaut\u00e9, empreints de tranquillit\u00e9 et marqu\u00e9s par leur lien profond avec le paysage. Une introduction lumineuse de Nigel Dunnett, cr\u00e9ateur de jardins et sp\u00e9cialiste des plantes de renom, d\u00e9crit les difficult\u00e9s et les avantages des jardins c\u00f4tiers. Les lieux pr\u00e9sent\u00e9s ici sont r\u00e9partis selon quatre grands types d&#8217;environnements : situ\u00e9s sur des falaises, avec une vue cadr\u00e9e sur l&#8217;oc\u00e9an, \u00e0 la sensibilit\u00e9 \u00e9cologique accrue ou les pieds dans le sable. Voyagez sur les plus beaux rivages du monde gr\u00e2ce aux textes d\u00e9taill\u00e9s de Sorrel Everton ainsi qu&#8217;aux superbes photographies qui les accompagnent.<\/p>\n","protected":false},"excerpt":{"rendered":"<p>Concevoir des jardins en harmonie avec leur environnement est devenu une part essentielle du travail des paysagistes, en particulier pour les jardins de bord de mer. Jardins c\u00f4tiers pr\u00e9sente 48 jardins priv\u00e9s du monde entier saisissants de beaut\u00e9, empreints de tranquillit\u00e9 et marqu\u00e9s par leur lien profond avec le paysage. Une introduction lumineuse de Nigel [&hellip;]<\/p>\n","protected":false},"featured_media":56389,"template":"","meta":[],"product_cat":[2948],"product_tag":[],"acf":[],"yoast_head":"<!-- This site is optimized with the Yoast SEO plugin v20.11 - https:\/\/yoast.com\/wordpress\/plugins\/seo\/ -->\n<title>Jardins c\u00f4tiers - Librairie 7L<\/title>\n<meta name=\"robots\" content=\"index, follow, max-snippet:-1, max-image-preview:large, max-video-preview:-1\" \/>\n<link rel=\"canonical\" href=\"https:\/\/librairie7l.com\/en\/produit\/jardins-cotiers-2\/\" \/>\n<meta property=\"og:locale\" content=\"en_US\" \/>\n<meta property=\"og:type\" content=\"article\" \/>\n<meta property=\"og:title\" content=\"Jardins c\u00f4tiers - Librairie 7L\" \/>\n<meta property=\"og:description\" content=\"Concevoir des jardins en harmonie avec leur environnement est devenu une part essentielle du travail des paysagistes, en particulier pour les jardins de bord de mer. Jardins c\u00f4tiers pr\u00e9sente 48 jardins priv\u00e9s du monde entier saisissants de beaut\u00e9, empreints de tranquillit\u00e9 et marqu\u00e9s par leur lien profond avec le paysage. Une introduction lumineuse de Nigel [&hellip;]\" \/>\n<meta property=\"og:url\" content=\"https:\/\/librairie7l.com\/en\/produit\/jardins-cotiers-2\/\" \/>\n<meta property=\"og:site_name\" content=\"Librairie 7L\" \/>\n<meta property=\"article:modified_time\" content=\"2026-04-17T13:46:26+00:00\" \/>\n<meta property=\"og:image\" content=\"https:\/\/librairie7l.com\/wp-content\/uploads\/2025\/11\/9781837291793_1_75.jpg\" \/>\n\t<meta property=\"og:image:width\" content=\"600\" \/>\n\t<meta property=\"og:image:height\" content=\"782\" \/>\n\t<meta property=\"og:image:type\" content=\"image\/jpeg\" \/>\n<meta name=\"twitter:card\" content=\"summary_large_image\" \/>\n<meta name=\"twitter:label1\" content=\"Est. reading time\" \/>\n\t<meta name=\"twitter:data1\" content=\"1 minute\" \/>\n<script type=\"application\/ld+json\" class=\"yoast-schema-graph\">{\"@context\":\"https:\/\/schema.org\",\"@graph\":[{\"@type\":\"WebPage\",\"@id\":\"https:\/\/librairie7l.com\/en\/produit\/jardins-cotiers-2\/\",\"url\":\"https:\/\/librairie7l.com\/en\/produit\/jardins-cotiers-2\/\",\"name\":\"Jardins c\u00f4tiers - Librairie 7L\",\"isPartOf\":{\"@id\":\"https:\/\/librairie7l.com\/en\/#website\"},\"datePublished\":\"2026-04-16T08:16:39+00:00\",\"dateModified\":\"2026-04-17T13:46:26+00:00\",\"breadcrumb\":{\"@id\":\"https:\/\/librairie7l.com\/en\/produit\/jardins-cotiers-2\/#breadcrumb\"},\"inLanguage\":\"en-US\",\"potentialAction\":[{\"@type\":\"ReadAction\",\"target\":[\"https:\/\/librairie7l.com\/en\/produit\/jardins-cotiers-2\/\"]}]},{\"@type\":\"BreadcrumbList\",\"@id\":\"https:\/\/librairie7l.com\/en\/produit\/jardins-cotiers-2\/#breadcrumb\",\"itemListElement\":[{\"@type\":\"ListItem\",\"position\":1,\"name\":\"Accueil\",\"item\":\"https:\/\/librairie7l.com\/en\/\"},{\"@type\":\"ListItem\",\"position\":2,\"name\":\"Shop\",\"item\":\"https:\/\/librairie7l.com\/en\/shop\/\"},{\"@type\":\"ListItem\",\"position\":3,\"name\":\"JARDINS C\u00d4TIERS\"}]},{\"@type\":\"WebSite\",\"@id\":\"https:\/\/librairie7l.com\/en\/#website\",\"url\":\"https:\/\/librairie7l.com\/en\/\",\"name\":\"Librairie 7L\",\"description\":\"Librairie fond\u00e9e en 1999 par Karl Lagerfeld \u00e0 Paris\",\"publisher\":{\"@id\":\"https:\/\/librairie7l.com\/en\/#organization\"},\"potentialAction\":[{\"@type\":\"SearchAction\",\"target\":{\"@type\":\"EntryPoint\",\"urlTemplate\":\"https:\/\/librairie7l.com\/en\/?s={search_term_string}\"},\"query-input\":\"required name=search_term_string\"}],\"inLanguage\":\"en-US\"},{\"@type\":\"Organization\",\"@id\":\"https:\/\/librairie7l.com\/en\/#organization\",\"name\":\"Librairie 7L\",\"url\":\"https:\/\/librairie7l.com\/en\/\",\"logo\":{\"@type\":\"ImageObject\",\"inLanguage\":\"en-US\",\"@id\":\"https:\/\/librairie7l.com\/en\/#\/schema\/logo\/image\/\",\"url\":\"https:\/\/librairie7l.com\/wp-content\/uploads\/2022\/08\/logo-1.png\",\"contentUrl\":\"https:\/\/librairie7l.com\/wp-content\/uploads\/2022\/08\/logo-1.png\",\"width\":227,\"height\":301,\"caption\":\"Librairie 7L\"},\"image\":{\"@id\":\"https:\/\/librairie7l.com\/en\/#\/schema\/logo\/image\/\"}}]}<\/script>\n<!-- \/ Yoast SEO plugin. -->","yoast_head_json":{"title":"Jardins c\u00f4tiers - Librairie 7L","robots":{"index":"index","follow":"follow","max-snippet":"max-snippet:-1","max-image-preview":"max-image-preview:large","max-video-preview":"max-video-preview:-1"},"canonical":"https:\/\/librairie7l.com\/en\/produit\/jardins-cotiers-2\/","og_locale":"en_US","og_type":"article","og_title":"Jardins c\u00f4tiers - Librairie 7L","og_description":"Concevoir des jardins en harmonie avec leur environnement est devenu une part essentielle du travail des paysagistes, en particulier pour les jardins de bord de mer. Jardins c\u00f4tiers pr\u00e9sente 48 jardins priv\u00e9s du monde entier saisissants de beaut\u00e9, empreints de tranquillit\u00e9 et marqu\u00e9s par leur lien profond avec le paysage. Une introduction lumineuse de Nigel [&hellip;]","og_url":"https:\/\/librairie7l.com\/en\/produit\/jardins-cotiers-2\/","og_site_name":"Librairie 7L","article_modified_time":"2026-04-17T13:46:26+00:00","og_image":[{"width":600,"height":782,"url":"https:\/\/librairie7l.com\/wp-content\/uploads\/2025\/11\/9781837291793_1_75.jpg","type":"image\/jpeg"}],"twitter_card":"summary_large_image","twitter_misc":{"Est. reading time":"1 minute"},"schema":{"@context":"https:\/\/schema.org","@graph":[{"@type":"WebPage","@id":"https:\/\/librairie7l.com\/en\/produit\/jardins-cotiers-2\/","url":"https:\/\/librairie7l.com\/en\/produit\/jardins-cotiers-2\/","name":"Jardins c\u00f4tiers - Librairie 7L","isPartOf":{"@id":"https:\/\/librairie7l.com\/en\/#website"},"datePublished":"2026-04-16T08:16:39+00:00","dateModified":"2026-04-17T13:46:26+00:00","breadcrumb":{"@id":"https:\/\/librairie7l.com\/en\/produit\/jardins-cotiers-2\/#breadcrumb"},"inLanguage":"en-US","potentialAction":[{"@type":"ReadAction","target":["https:\/\/librairie7l.com\/en\/produit\/jardins-cotiers-2\/"]}]},{"@type":"BreadcrumbList","@id":"https:\/\/librairie7l.com\/en\/produit\/jardins-cotiers-2\/#breadcrumb","itemListElement":[{"@type":"ListItem","position":1,"name":"Accueil","item":"https:\/\/librairie7l.com\/en\/"},{"@type":"ListItem","position":2,"name":"Shop","item":"https:\/\/librairie7l.com\/en\/shop\/"},{"@type":"ListItem","position":3,"name":"JARDINS C\u00d4TIERS"}]},{"@type":"WebSite","@id":"https:\/\/librairie7l.com\/en\/#website","url":"https:\/\/librairie7l.com\/en\/","name":"Librairie 7L","description":"Librairie fond\u00e9e en 1999 par Karl Lagerfeld \u00e0 Paris","publisher":{"@id":"https:\/\/librairie7l.com\/en\/#organization"},"potentialAction":[{"@type":"SearchAction","target":{"@type":"EntryPoint","urlTemplate":"https:\/\/librairie7l.com\/en\/?s={search_term_string}"},"query-input":"required name=search_term_string"}],"inLanguage":"en-US"},{"@type":"Organization","@id":"https:\/\/librairie7l.com\/en\/#organization","name":"Librairie 7L","url":"https:\/\/librairie7l.com\/en\/","logo":{"@type":"ImageObject","inLanguage":"en-US","@id":"https:\/\/librairie7l.com\/en\/#\/schema\/logo\/image\/","url":"https:\/\/librairie7l.com\/wp-content\/uploads\/2022\/08\/logo-1.png","contentUrl":"https:\/\/librairie7l.com\/wp-content\/uploads\/2022\/08\/logo-1.png","width":227,"height":301,"caption":"Librairie 7L"},"image":{"@id":"https:\/\/librairie7l.com\/en\/#\/schema\/logo\/image\/"}}]}},"_links":{"self":[{"href":"https:\/\/librairie7l.com\/en\/wp-json\/wp\/v2\/product\/56391"}],"collection":[{"href":"https:\/\/librairie7l.com\/en\/wp-json\/wp\/v2\/product"}],"about":[{"href":"https:\/\/librairie7l.com\/en\/wp-json\/wp\/v2\/types\/product"}],"wp:featuredmedia":[{"embeddable":true,"href":"https:\/\/librairie7l.com\/en\/wp-json\/wp\/v2\/media\/56389"}],"wp:attachment":[{"href":"https:\/\/librairie7l.com\/en\/wp-json\/wp\/v2\/media?parent=56391"}],"wp:term":[{"taxonomy":"product_cat","embeddable":true,"href":"https:\/\/librairie7l.com\/en\/wp-json\/wp\/v2\/product_cat?post=56391"},{"taxonomy":"product_tag","embeddable":true,"href":"https:\/\/librairie7l.com\/en\/wp-json\/wp\/v2\/product_tag?post=56391"}],"curies":[{"name":"wp","href":"https:\/\/api.w.org\/{rel}","templated":true}]}}