{"id":56403,"date":"2026-04-16T10:16:46","date_gmt":"2026-04-16T08:16:46","guid":{"rendered":"https:\/\/librairie7l.com\/?post_type=product&#038;p=56403"},"modified":"2026-04-16T15:20:38","modified_gmt":"2026-04-16T13:20:38","slug":"charles-zublena-ebeniste-et-designer-2","status":"publish","type":"product","link":"https:\/\/librairie7l.com\/en\/produit\/charles-zublena-ebeniste-et-designer-2\/","title":{"rendered":"CHARLES ZUBLENA, \u00c9B\u00c9NISTE ET D\u00c9SIGNER"},"content":{"rendered":"<p>Charles Zublena (1910-1979) d&#8217;origine italienne commence tr\u00e8s jeune sa formation d&#8217;\u00e9b\u00e9niste qu&#8217;il compl\u00e8te en suivant des cours de dessin et d&#8217;histoire du Mobilier. Il \u00e9migre en France en 1930 et ouvre \u00e0 Paris son premier atelier o\u00f9 il dessine, con\u00e7oit et r\u00e9alise ses propres cr\u00e9ations qu&#8217;il exposera vers 1950 au Mus\u00e9e Galliera. Dans les ann\u00e9es soixante il est invit\u00e9 par des grands cr\u00e9ateurs (Maxime Old et Joseph Andr\u00e9 Motte) \u00e0 rejoindre la Soci\u00e9t\u00e9 des Artistes D\u00e9corateurs (SAD) et son comit\u00e9 directeur. Il pr\u00e9sente ses r\u00e9alisations dans de nombreux Salons internationaux \u00e0 Paris, Bruxelles, Turin. C&#8217;est \u00e0 partir d&#8217;une  chaise longue en bois, remarqu\u00e9e pour son design par les ministres Andr\u00e9 Malraux et Eug\u00e8ne Claudius-Petit,  qu&#8217;il cr\u00e9e le c\u00e9l\u00e8bre si\u00e8ge en plastique Eurolax 1 qui se r\u00e9pandra sur de nombreuses plages en France et \u00e0 l&#8217;\u00e9tranger.  En fin des ann\u00e9es soixante, il est invit\u00e9 par l&#8217;Ecole Boule et \u00e0 l&#8217;Ecole d&#8217;Arts appliqu\u00e9s \u00e0 donner des cours aux futurs \u00e9b\u00e9nistes et designers. Parall\u00e8lement \u00e0 son activit\u00e9 de cr\u00e9ateur il remporte, en  1976 et 1979, le titre de &#8220;Meilleur ouvrier de France&#8221; et sera fait Chevalier de l&#8217;Ordre national du M\u00e9rite.<\/p>\n","protected":false},"excerpt":{"rendered":"<p>Charles Zublena (1910-1979) d&#8217;origine italienne commence tr\u00e8s jeune sa formation d&#8217;\u00e9b\u00e9niste qu&#8217;il compl\u00e8te en suivant des cours de dessin et d&#8217;histoire du Mobilier. Il \u00e9migre en France en 1930 et ouvre \u00e0 Paris son premier atelier o\u00f9 il dessine, con\u00e7oit et r\u00e9alise ses propres cr\u00e9ations qu&#8217;il exposera vers 1950 au Mus\u00e9e Galliera. Dans les ann\u00e9es [&hellip;]<\/p>\n","protected":false},"featured_media":56401,"template":"","meta":[],"product_cat":[2948],"product_tag":[],"acf":[],"yoast_head":"<!-- This site is optimized with the Yoast SEO plugin v20.11 - https:\/\/yoast.com\/wordpress\/plugins\/seo\/ -->\n<title>Charles Zublena, \u00e9b\u00e9niste et d\u00e9signer - Librairie 7L<\/title>\n<meta name=\"robots\" content=\"index, follow, max-snippet:-1, max-image-preview:large, max-video-preview:-1\" \/>\n<link rel=\"canonical\" href=\"https:\/\/librairie7l.com\/en\/produit\/charles-zublena-ebeniste-et-designer-2\/\" \/>\n<meta property=\"og:locale\" content=\"en_US\" \/>\n<meta property=\"og:type\" content=\"article\" \/>\n<meta property=\"og:title\" content=\"Charles Zublena, \u00e9b\u00e9niste et d\u00e9signer - Librairie 7L\" \/>\n<meta property=\"og:description\" content=\"Charles Zublena (1910-1979) d&#8217;origine italienne commence tr\u00e8s jeune sa formation d&#8217;\u00e9b\u00e9niste qu&#8217;il compl\u00e8te en suivant des cours de dessin et d&#8217;histoire du Mobilier. Il \u00e9migre en France en 1930 et ouvre \u00e0 Paris son premier atelier o\u00f9 il dessine, con\u00e7oit et r\u00e9alise ses propres cr\u00e9ations qu&#8217;il exposera vers 1950 au Mus\u00e9e Galliera. Dans les ann\u00e9es [&hellip;]\" \/>\n<meta property=\"og:url\" content=\"https:\/\/librairie7l.com\/en\/produit\/charles-zublena-ebeniste-et-designer-2\/\" \/>\n<meta property=\"og:site_name\" content=\"Librairie 7L\" \/>\n<meta property=\"article:modified_time\" content=\"2026-04-16T13:20:38+00:00\" \/>\n<meta property=\"og:image\" content=\"https:\/\/librairie7l.com\/wp-content\/uploads\/2025\/06\/9788836662319_1_75.jpg\" \/>\n\t<meta property=\"og:image:width\" content=\"600\" \/>\n\t<meta property=\"og:image:height\" content=\"805\" \/>\n\t<meta property=\"og:image:type\" content=\"image\/jpeg\" \/>\n<meta name=\"twitter:card\" content=\"summary_large_image\" \/>\n<meta name=\"twitter:label1\" content=\"Est. reading time\" \/>\n\t<meta name=\"twitter:data1\" content=\"1 minute\" \/>\n<script type=\"application\/ld+json\" class=\"yoast-schema-graph\">{\"@context\":\"https:\/\/schema.org\",\"@graph\":[{\"@type\":\"WebPage\",\"@id\":\"https:\/\/librairie7l.com\/en\/produit\/charles-zublena-ebeniste-et-designer-2\/\",\"url\":\"https:\/\/librairie7l.com\/en\/produit\/charles-zublena-ebeniste-et-designer-2\/\",\"name\":\"Charles Zublena, \u00e9b\u00e9niste et d\u00e9signer - Librairie 7L\",\"isPartOf\":{\"@id\":\"https:\/\/librairie7l.com\/en\/#website\"},\"datePublished\":\"2026-04-16T08:16:46+00:00\",\"dateModified\":\"2026-04-16T13:20:38+00:00\",\"breadcrumb\":{\"@id\":\"https:\/\/librairie7l.com\/en\/produit\/charles-zublena-ebeniste-et-designer-2\/#breadcrumb\"},\"inLanguage\":\"en-US\",\"potentialAction\":[{\"@type\":\"ReadAction\",\"target\":[\"https:\/\/librairie7l.com\/en\/produit\/charles-zublena-ebeniste-et-designer-2\/\"]}]},{\"@type\":\"BreadcrumbList\",\"@id\":\"https:\/\/librairie7l.com\/en\/produit\/charles-zublena-ebeniste-et-designer-2\/#breadcrumb\",\"itemListElement\":[{\"@type\":\"ListItem\",\"position\":1,\"name\":\"Accueil\",\"item\":\"https:\/\/librairie7l.com\/en\/\"},{\"@type\":\"ListItem\",\"position\":2,\"name\":\"Shop\",\"item\":\"https:\/\/librairie7l.com\/en\/shop\/\"},{\"@type\":\"ListItem\",\"position\":3,\"name\":\"CHARLES ZUBLENA, \u00c9B\u00c9NISTE ET D\u00c9SIGNER\"}]},{\"@type\":\"WebSite\",\"@id\":\"https:\/\/librairie7l.com\/en\/#website\",\"url\":\"https:\/\/librairie7l.com\/en\/\",\"name\":\"Librairie 7L\",\"description\":\"Librairie fond\u00e9e en 1999 par Karl Lagerfeld \u00e0 Paris\",\"publisher\":{\"@id\":\"https:\/\/librairie7l.com\/en\/#organization\"},\"potentialAction\":[{\"@type\":\"SearchAction\",\"target\":{\"@type\":\"EntryPoint\",\"urlTemplate\":\"https:\/\/librairie7l.com\/en\/?s={search_term_string}\"},\"query-input\":\"required name=search_term_string\"}],\"inLanguage\":\"en-US\"},{\"@type\":\"Organization\",\"@id\":\"https:\/\/librairie7l.com\/en\/#organization\",\"name\":\"Librairie 7L\",\"url\":\"https:\/\/librairie7l.com\/en\/\",\"logo\":{\"@type\":\"ImageObject\",\"inLanguage\":\"en-US\",\"@id\":\"https:\/\/librairie7l.com\/en\/#\/schema\/logo\/image\/\",\"url\":\"https:\/\/librairie7l.com\/wp-content\/uploads\/2022\/08\/logo-1.png\",\"contentUrl\":\"https:\/\/librairie7l.com\/wp-content\/uploads\/2022\/08\/logo-1.png\",\"width\":227,\"height\":301,\"caption\":\"Librairie 7L\"},\"image\":{\"@id\":\"https:\/\/librairie7l.com\/en\/#\/schema\/logo\/image\/\"}}]}<\/script>\n<!-- \/ Yoast SEO plugin. -->","yoast_head_json":{"title":"Charles Zublena, \u00e9b\u00e9niste et d\u00e9signer - Librairie 7L","robots":{"index":"index","follow":"follow","max-snippet":"max-snippet:-1","max-image-preview":"max-image-preview:large","max-video-preview":"max-video-preview:-1"},"canonical":"https:\/\/librairie7l.com\/en\/produit\/charles-zublena-ebeniste-et-designer-2\/","og_locale":"en_US","og_type":"article","og_title":"Charles Zublena, \u00e9b\u00e9niste et d\u00e9signer - Librairie 7L","og_description":"Charles Zublena (1910-1979) d&#8217;origine italienne commence tr\u00e8s jeune sa formation d&#8217;\u00e9b\u00e9niste qu&#8217;il compl\u00e8te en suivant des cours de dessin et d&#8217;histoire du Mobilier. Il \u00e9migre en France en 1930 et ouvre \u00e0 Paris son premier atelier o\u00f9 il dessine, con\u00e7oit et r\u00e9alise ses propres cr\u00e9ations qu&#8217;il exposera vers 1950 au Mus\u00e9e Galliera. Dans les ann\u00e9es [&hellip;]","og_url":"https:\/\/librairie7l.com\/en\/produit\/charles-zublena-ebeniste-et-designer-2\/","og_site_name":"Librairie 7L","article_modified_time":"2026-04-16T13:20:38+00:00","og_image":[{"width":600,"height":805,"url":"https:\/\/librairie7l.com\/wp-content\/uploads\/2025\/06\/9788836662319_1_75.jpg","type":"image\/jpeg"}],"twitter_card":"summary_large_image","twitter_misc":{"Est. reading time":"1 minute"},"schema":{"@context":"https:\/\/schema.org","@graph":[{"@type":"WebPage","@id":"https:\/\/librairie7l.com\/en\/produit\/charles-zublena-ebeniste-et-designer-2\/","url":"https:\/\/librairie7l.com\/en\/produit\/charles-zublena-ebeniste-et-designer-2\/","name":"Charles Zublena, \u00e9b\u00e9niste et d\u00e9signer - Librairie 7L","isPartOf":{"@id":"https:\/\/librairie7l.com\/en\/#website"},"datePublished":"2026-04-16T08:16:46+00:00","dateModified":"2026-04-16T13:20:38+00:00","breadcrumb":{"@id":"https:\/\/librairie7l.com\/en\/produit\/charles-zublena-ebeniste-et-designer-2\/#breadcrumb"},"inLanguage":"en-US","potentialAction":[{"@type":"ReadAction","target":["https:\/\/librairie7l.com\/en\/produit\/charles-zublena-ebeniste-et-designer-2\/"]}]},{"@type":"BreadcrumbList","@id":"https:\/\/librairie7l.com\/en\/produit\/charles-zublena-ebeniste-et-designer-2\/#breadcrumb","itemListElement":[{"@type":"ListItem","position":1,"name":"Accueil","item":"https:\/\/librairie7l.com\/en\/"},{"@type":"ListItem","position":2,"name":"Shop","item":"https:\/\/librairie7l.com\/en\/shop\/"},{"@type":"ListItem","position":3,"name":"CHARLES ZUBLENA, \u00c9B\u00c9NISTE ET D\u00c9SIGNER"}]},{"@type":"WebSite","@id":"https:\/\/librairie7l.com\/en\/#website","url":"https:\/\/librairie7l.com\/en\/","name":"Librairie 7L","description":"Librairie fond\u00e9e en 1999 par Karl Lagerfeld \u00e0 Paris","publisher":{"@id":"https:\/\/librairie7l.com\/en\/#organization"},"potentialAction":[{"@type":"SearchAction","target":{"@type":"EntryPoint","urlTemplate":"https:\/\/librairie7l.com\/en\/?s={search_term_string}"},"query-input":"required name=search_term_string"}],"inLanguage":"en-US"},{"@type":"Organization","@id":"https:\/\/librairie7l.com\/en\/#organization","name":"Librairie 7L","url":"https:\/\/librairie7l.com\/en\/","logo":{"@type":"ImageObject","inLanguage":"en-US","@id":"https:\/\/librairie7l.com\/en\/#\/schema\/logo\/image\/","url":"https:\/\/librairie7l.com\/wp-content\/uploads\/2022\/08\/logo-1.png","contentUrl":"https:\/\/librairie7l.com\/wp-content\/uploads\/2022\/08\/logo-1.png","width":227,"height":301,"caption":"Librairie 7L"},"image":{"@id":"https:\/\/librairie7l.com\/en\/#\/schema\/logo\/image\/"}}]}},"_links":{"self":[{"href":"https:\/\/librairie7l.com\/en\/wp-json\/wp\/v2\/product\/56403"}],"collection":[{"href":"https:\/\/librairie7l.com\/en\/wp-json\/wp\/v2\/product"}],"about":[{"href":"https:\/\/librairie7l.com\/en\/wp-json\/wp\/v2\/types\/product"}],"wp:featuredmedia":[{"embeddable":true,"href":"https:\/\/librairie7l.com\/en\/wp-json\/wp\/v2\/media\/56401"}],"wp:attachment":[{"href":"https:\/\/librairie7l.com\/en\/wp-json\/wp\/v2\/media?parent=56403"}],"wp:term":[{"taxonomy":"product_cat","embeddable":true,"href":"https:\/\/librairie7l.com\/en\/wp-json\/wp\/v2\/product_cat?post=56403"},{"taxonomy":"product_tag","embeddable":true,"href":"https:\/\/librairie7l.com\/en\/wp-json\/wp\/v2\/product_tag?post=56403"}],"curies":[{"name":"wp","href":"https:\/\/api.w.org\/{rel}","templated":true}]}}