{"id":56407,"date":"2026-04-16T10:16:48","date_gmt":"2026-04-16T08:16:48","guid":{"rendered":"https:\/\/librairie7l.com\/?post_type=product&#038;p=56407"},"modified":"2026-04-16T14:00:04","modified_gmt":"2026-04-16T12:00:04","slug":"rencontres-a-venise-etrangers-et-venitiens-dans-lart-du-xviie-siecle-2","status":"publish","type":"product","link":"https:\/\/librairie7l.com\/en\/produit\/rencontres-a-venise-etrangers-et-venitiens-dans-lart-du-xviie-siecle-2\/","title":{"rendered":"RENCONTRES \u00c0 VENISE ; \u00c9TRANGERS ET V\u00c9NITIENS DANS L&#8217;ART DU XVIIE SI\u00c8CLE"},"content":{"rendered":"<p>La collection de peintures italiennes du XVII\u00e8 si\u00e8cle expos\u00e9e \u00e0 Ajaccio est l&#8217;une des plus importantes de France.<br \/>\nL&#8217;organisation de ce genre d&#8217;exposition, en partenariat avec les Gallerie dell&#8217;Accademia di Venezia, permettra donc de mettre en valeur ces collections tout en constituant une \u00e9tape importante dans la recherche en histoire de l&#8217;art sur ce si\u00e8cle.<br \/>\nL&#8217;exposition, dont le commissariat est assur\u00e9 par les deux grandes sp\u00e9cialistes de la peinture v\u00e9nitienne du Seicento, permettra au public de d\u00e9couvrir une p\u00e9riode m\u00e9connue, gr\u00e2ce \u00e0 des oeuvres magnifiques exceptionnellement pr\u00eat\u00e9es par les Beaux-Arts de Venise.<\/p>\n<p>La vitalit\u00e9 et la diversit\u00e9 de l&#8217;\u00e9cole de peinture v\u00e9nitienne du XVII\u00e8 si\u00e8cle, qui b\u00e9n\u00e9ficie de l&#8217;apport novateur de nombreux artistes \u00e9trangers, sera illustr\u00e9e par des peintures, des dessins mais aussi des sculptures. Le catalogue accompagnant l&#8217;exposition s&#8217;articulera autour de th\u00e8mes et genres qui connurent un succ\u00e8s pr\u00e9pond\u00e9rant : portraits, autoportraits, all\u00e9gories des arts, visions c\u00e9lestes, h\u00e9ros de la Bible et de l&#8217;histoire antique&#8230;en passant par des th\u00e8mes macabres qui stimul\u00e8rent particuli\u00e8rement l&#8217;imagination des artistes comme des commanditaires.<\/p>\n","protected":false},"excerpt":{"rendered":"<p>La collection de peintures italiennes du XVII\u00e8 si\u00e8cle expos\u00e9e \u00e0 Ajaccio est l&#8217;une des plus importantes de France. L&#8217;organisation de ce genre d&#8217;exposition, en partenariat avec les Gallerie dell&#8217;Accademia di Venezia, permettra donc de mettre en valeur ces collections tout en constituant une \u00e9tape importante dans la recherche en histoire de l&#8217;art sur ce si\u00e8cle. [&hellip;]<\/p>\n","protected":false},"featured_media":56405,"template":"","meta":[],"product_cat":[2948],"product_tag":[],"acf":[],"yoast_head":"<!-- This site is optimized with the Yoast SEO plugin v20.11 - https:\/\/yoast.com\/wordpress\/plugins\/seo\/ -->\n<title>Rencontres \u00e0 Venise ; \u00e9trangers et V\u00e9nitiens dans l&#039;art du XVIIe si\u00e8cle - Librairie 7L<\/title>\n<meta name=\"robots\" content=\"index, follow, max-snippet:-1, max-image-preview:large, max-video-preview:-1\" \/>\n<link rel=\"canonical\" href=\"https:\/\/librairie7l.com\/en\/produit\/rencontres-a-venise-etrangers-et-venitiens-dans-lart-du-xviie-siecle-2\/\" \/>\n<meta property=\"og:locale\" content=\"en_US\" \/>\n<meta property=\"og:type\" content=\"article\" \/>\n<meta property=\"og:title\" content=\"Rencontres \u00e0 Venise ; \u00e9trangers et V\u00e9nitiens dans l&#039;art du XVIIe si\u00e8cle - Librairie 7L\" \/>\n<meta property=\"og:description\" content=\"La collection de peintures italiennes du XVII\u00e8 si\u00e8cle expos\u00e9e \u00e0 Ajaccio est l&#8217;une des plus importantes de France. L&#8217;organisation de ce genre d&#8217;exposition, en partenariat avec les Gallerie dell&#8217;Accademia di Venezia, permettra donc de mettre en valeur ces collections tout en constituant une \u00e9tape importante dans la recherche en histoire de l&#8217;art sur ce si\u00e8cle. [&hellip;]\" \/>\n<meta property=\"og:url\" content=\"https:\/\/librairie7l.com\/en\/produit\/rencontres-a-venise-etrangers-et-venitiens-dans-lart-du-xviie-siecle-2\/\" \/>\n<meta property=\"og:site_name\" content=\"Librairie 7L\" \/>\n<meta property=\"article:modified_time\" content=\"2026-04-16T12:00:04+00:00\" \/>\n<meta property=\"og:image\" content=\"https:\/\/librairie7l.com\/wp-content\/uploads\/2018\/06\/9788836638734_1_75.jpg\" \/>\n\t<meta property=\"og:image:width\" content=\"332\" \/>\n\t<meta property=\"og:image:height\" content=\"426\" \/>\n\t<meta property=\"og:image:type\" content=\"image\/jpeg\" \/>\n<meta name=\"twitter:card\" content=\"summary_large_image\" \/>\n<meta name=\"twitter:label1\" content=\"Est. reading time\" \/>\n\t<meta name=\"twitter:data1\" content=\"1 minute\" \/>\n<script type=\"application\/ld+json\" class=\"yoast-schema-graph\">{\"@context\":\"https:\/\/schema.org\",\"@graph\":[{\"@type\":\"WebPage\",\"@id\":\"https:\/\/librairie7l.com\/en\/produit\/rencontres-a-venise-etrangers-et-venitiens-dans-lart-du-xviie-siecle-2\/\",\"url\":\"https:\/\/librairie7l.com\/en\/produit\/rencontres-a-venise-etrangers-et-venitiens-dans-lart-du-xviie-siecle-2\/\",\"name\":\"Rencontres \u00e0 Venise ; \u00e9trangers et V\u00e9nitiens dans l'art du XVIIe si\u00e8cle - Librairie 7L\",\"isPartOf\":{\"@id\":\"https:\/\/librairie7l.com\/en\/#website\"},\"datePublished\":\"2026-04-16T08:16:48+00:00\",\"dateModified\":\"2026-04-16T12:00:04+00:00\",\"breadcrumb\":{\"@id\":\"https:\/\/librairie7l.com\/en\/produit\/rencontres-a-venise-etrangers-et-venitiens-dans-lart-du-xviie-siecle-2\/#breadcrumb\"},\"inLanguage\":\"en-US\",\"potentialAction\":[{\"@type\":\"ReadAction\",\"target\":[\"https:\/\/librairie7l.com\/en\/produit\/rencontres-a-venise-etrangers-et-venitiens-dans-lart-du-xviie-siecle-2\/\"]}]},{\"@type\":\"BreadcrumbList\",\"@id\":\"https:\/\/librairie7l.com\/en\/produit\/rencontres-a-venise-etrangers-et-venitiens-dans-lart-du-xviie-siecle-2\/#breadcrumb\",\"itemListElement\":[{\"@type\":\"ListItem\",\"position\":1,\"name\":\"Accueil\",\"item\":\"https:\/\/librairie7l.com\/en\/\"},{\"@type\":\"ListItem\",\"position\":2,\"name\":\"Shop\",\"item\":\"https:\/\/librairie7l.com\/en\/shop\/\"},{\"@type\":\"ListItem\",\"position\":3,\"name\":\"RENCONTRES \u00c0 VENISE ; \u00c9TRANGERS ET V\u00c9NITIENS DANS L&#8217;ART DU XVIIE SI\u00c8CLE\"}]},{\"@type\":\"WebSite\",\"@id\":\"https:\/\/librairie7l.com\/en\/#website\",\"url\":\"https:\/\/librairie7l.com\/en\/\",\"name\":\"Librairie 7L\",\"description\":\"Librairie fond\u00e9e en 1999 par Karl Lagerfeld \u00e0 Paris\",\"publisher\":{\"@id\":\"https:\/\/librairie7l.com\/en\/#organization\"},\"potentialAction\":[{\"@type\":\"SearchAction\",\"target\":{\"@type\":\"EntryPoint\",\"urlTemplate\":\"https:\/\/librairie7l.com\/en\/?s={search_term_string}\"},\"query-input\":\"required name=search_term_string\"}],\"inLanguage\":\"en-US\"},{\"@type\":\"Organization\",\"@id\":\"https:\/\/librairie7l.com\/en\/#organization\",\"name\":\"Librairie 7L\",\"url\":\"https:\/\/librairie7l.com\/en\/\",\"logo\":{\"@type\":\"ImageObject\",\"inLanguage\":\"en-US\",\"@id\":\"https:\/\/librairie7l.com\/en\/#\/schema\/logo\/image\/\",\"url\":\"https:\/\/librairie7l.com\/wp-content\/uploads\/2022\/08\/logo-1.png\",\"contentUrl\":\"https:\/\/librairie7l.com\/wp-content\/uploads\/2022\/08\/logo-1.png\",\"width\":227,\"height\":301,\"caption\":\"Librairie 7L\"},\"image\":{\"@id\":\"https:\/\/librairie7l.com\/en\/#\/schema\/logo\/image\/\"}}]}<\/script>\n<!-- \/ Yoast SEO plugin. -->","yoast_head_json":{"title":"Rencontres \u00e0 Venise ; \u00e9trangers et V\u00e9nitiens dans l'art du XVIIe si\u00e8cle - Librairie 7L","robots":{"index":"index","follow":"follow","max-snippet":"max-snippet:-1","max-image-preview":"max-image-preview:large","max-video-preview":"max-video-preview:-1"},"canonical":"https:\/\/librairie7l.com\/en\/produit\/rencontres-a-venise-etrangers-et-venitiens-dans-lart-du-xviie-siecle-2\/","og_locale":"en_US","og_type":"article","og_title":"Rencontres \u00e0 Venise ; \u00e9trangers et V\u00e9nitiens dans l'art du XVIIe si\u00e8cle - Librairie 7L","og_description":"La collection de peintures italiennes du XVII\u00e8 si\u00e8cle expos\u00e9e \u00e0 Ajaccio est l&#8217;une des plus importantes de France. L&#8217;organisation de ce genre d&#8217;exposition, en partenariat avec les Gallerie dell&#8217;Accademia di Venezia, permettra donc de mettre en valeur ces collections tout en constituant une \u00e9tape importante dans la recherche en histoire de l&#8217;art sur ce si\u00e8cle. [&hellip;]","og_url":"https:\/\/librairie7l.com\/en\/produit\/rencontres-a-venise-etrangers-et-venitiens-dans-lart-du-xviie-siecle-2\/","og_site_name":"Librairie 7L","article_modified_time":"2026-04-16T12:00:04+00:00","og_image":[{"width":332,"height":426,"url":"https:\/\/librairie7l.com\/wp-content\/uploads\/2018\/06\/9788836638734_1_75.jpg","type":"image\/jpeg"}],"twitter_card":"summary_large_image","twitter_misc":{"Est. reading time":"1 minute"},"schema":{"@context":"https:\/\/schema.org","@graph":[{"@type":"WebPage","@id":"https:\/\/librairie7l.com\/en\/produit\/rencontres-a-venise-etrangers-et-venitiens-dans-lart-du-xviie-siecle-2\/","url":"https:\/\/librairie7l.com\/en\/produit\/rencontres-a-venise-etrangers-et-venitiens-dans-lart-du-xviie-siecle-2\/","name":"Rencontres \u00e0 Venise ; \u00e9trangers et V\u00e9nitiens dans l'art du XVIIe si\u00e8cle - Librairie 7L","isPartOf":{"@id":"https:\/\/librairie7l.com\/en\/#website"},"datePublished":"2026-04-16T08:16:48+00:00","dateModified":"2026-04-16T12:00:04+00:00","breadcrumb":{"@id":"https:\/\/librairie7l.com\/en\/produit\/rencontres-a-venise-etrangers-et-venitiens-dans-lart-du-xviie-siecle-2\/#breadcrumb"},"inLanguage":"en-US","potentialAction":[{"@type":"ReadAction","target":["https:\/\/librairie7l.com\/en\/produit\/rencontres-a-venise-etrangers-et-venitiens-dans-lart-du-xviie-siecle-2\/"]}]},{"@type":"BreadcrumbList","@id":"https:\/\/librairie7l.com\/en\/produit\/rencontres-a-venise-etrangers-et-venitiens-dans-lart-du-xviie-siecle-2\/#breadcrumb","itemListElement":[{"@type":"ListItem","position":1,"name":"Accueil","item":"https:\/\/librairie7l.com\/en\/"},{"@type":"ListItem","position":2,"name":"Shop","item":"https:\/\/librairie7l.com\/en\/shop\/"},{"@type":"ListItem","position":3,"name":"RENCONTRES \u00c0 VENISE ; \u00c9TRANGERS ET V\u00c9NITIENS DANS L&#8217;ART DU XVIIE SI\u00c8CLE"}]},{"@type":"WebSite","@id":"https:\/\/librairie7l.com\/en\/#website","url":"https:\/\/librairie7l.com\/en\/","name":"Librairie 7L","description":"Librairie fond\u00e9e en 1999 par Karl Lagerfeld \u00e0 Paris","publisher":{"@id":"https:\/\/librairie7l.com\/en\/#organization"},"potentialAction":[{"@type":"SearchAction","target":{"@type":"EntryPoint","urlTemplate":"https:\/\/librairie7l.com\/en\/?s={search_term_string}"},"query-input":"required name=search_term_string"}],"inLanguage":"en-US"},{"@type":"Organization","@id":"https:\/\/librairie7l.com\/en\/#organization","name":"Librairie 7L","url":"https:\/\/librairie7l.com\/en\/","logo":{"@type":"ImageObject","inLanguage":"en-US","@id":"https:\/\/librairie7l.com\/en\/#\/schema\/logo\/image\/","url":"https:\/\/librairie7l.com\/wp-content\/uploads\/2022\/08\/logo-1.png","contentUrl":"https:\/\/librairie7l.com\/wp-content\/uploads\/2022\/08\/logo-1.png","width":227,"height":301,"caption":"Librairie 7L"},"image":{"@id":"https:\/\/librairie7l.com\/en\/#\/schema\/logo\/image\/"}}]}},"_links":{"self":[{"href":"https:\/\/librairie7l.com\/en\/wp-json\/wp\/v2\/product\/56407"}],"collection":[{"href":"https:\/\/librairie7l.com\/en\/wp-json\/wp\/v2\/product"}],"about":[{"href":"https:\/\/librairie7l.com\/en\/wp-json\/wp\/v2\/types\/product"}],"wp:featuredmedia":[{"embeddable":true,"href":"https:\/\/librairie7l.com\/en\/wp-json\/wp\/v2\/media\/56405"}],"wp:attachment":[{"href":"https:\/\/librairie7l.com\/en\/wp-json\/wp\/v2\/media?parent=56407"}],"wp:term":[{"taxonomy":"product_cat","embeddable":true,"href":"https:\/\/librairie7l.com\/en\/wp-json\/wp\/v2\/product_cat?post=56407"},{"taxonomy":"product_tag","embeddable":true,"href":"https:\/\/librairie7l.com\/en\/wp-json\/wp\/v2\/product_tag?post=56407"}],"curies":[{"name":"wp","href":"https:\/\/api.w.org\/{rel}","templated":true}]}}