{"id":56413,"date":"2026-04-16T10:16:54","date_gmt":"2026-04-16T08:16:54","guid":{"rendered":"https:\/\/librairie7l.com\/?post_type=product&#038;p=56413"},"modified":"2026-04-16T14:04:39","modified_gmt":"2026-04-16T12:04:39","slug":"joy-joy-de-rohan-chabot-par-eric-jansen-version-anglaise-2","status":"publish","type":"product","link":"https:\/\/librairie7l.com\/en\/produit\/joy-joy-de-rohan-chabot-par-eric-jansen-version-anglaise-2\/","title":{"rendered":"JOY : JOY DE ROHAN CHABOT PAR ERIC JANSEN &#8211; VERSION ANGLAISE"},"content":{"rendered":"<p>Form\u00e9e \u00e0 l&#8217;\u00c9cole des Arts D\u00e9coratifs de la rue Beethoven \u00e0 Paris,<br \/>\nJoy  de  Rohan Chabot, artiste-peintre et sculpteur est reconnue dans le<br \/>\nmonde entier. Ses oeuvres sont depuis de nombreuses ann\u00e9es recherch\u00e9es<br \/>\npar les plus grands collectionneurs internationaux qui suivent son travail<br \/>\navec passion et enchantement. Sa longue collaboration avec Dior Maison<br \/>\net ses nombreuses expositions \u00e0 travers le monde ont fait d&#8217;elle une<br \/>\nartiste incontournable.<br \/>\nJoy de Rohan Chabot a deux passions : la nature et les arts d\u00e9coratifs.<br \/>\nIl n&#8217;en fallait pas plus \u00e0 cette artiste hors pair et pluridisciplinaire pour laisser<br \/>\ns&#8217;exprimer son talent sur des mat\u00e9riaux aussi divers que le fer, le bois, le<br \/>\nverre. Sous ses mains et ses pinceaux naissent des univers oniriques o\u00f9<br \/>\nle  trompe l&#8217;oeil flirte avec la po\u00e9sie et o\u00f9 la nature nous offre ce qu&#8217;elle<br \/>\na de plus beau dans une explosion de couleurs. Avec ses cr\u00e9ations, Joy<br \/>\nveut montrer que de simples mat\u00e9riaux (le fer, le bronze, le bois, le verre)<br \/>\npeuvent acqu\u00e9rir une identit\u00e9 sophistiqu\u00e9e, d\u00e9corative et intemporelle.<br \/>\nSa principale inspiration vient des jardins imaginaires auxquels elle r\u00eave<br \/>\ndepuis sa plus tendre enfance et qui sont les th\u00e8mes de ses principales<br \/>\ncollections de mobilier et d&#8217;objets.<br \/>\nElle taille elle-m\u00eame le bois, polit le verre, d\u00e9coupe le m\u00e9tal, pose la laque,<br \/>\npeint la t\u00f4le, dore \u00e0 la feuille&#8230; Joy de Rohan Chabot est une artiste compl\u00e8te<br \/>\nqui con\u00e7oit une oeuvre et ne l&#8217;abandonne pas avant le dernier coup de<br \/>\npinceau ou de ciseau. Elle sait tout faire, les travaux les plus techniques<br \/>\ncomme les plus d\u00e9coratifs.<br \/>\nAutant de cr\u00e9ations qui nous entra\u00eenent dans le monde joyeux et inattendu<br \/>\nde Joy de Rohan Chabot. In\u00e9dites originales, hors du commun qui<br \/>\ns\u00e9duisent les amateurs d&#8217;art d\u00e9coratif et ceux, toujours plus nombreux<br \/>\nqui se passionnent pour les meubles et objets uniques et \u00e9tonnants<\/p>\n","protected":false},"excerpt":{"rendered":"<p>Form\u00e9e \u00e0 l&#8217;\u00c9cole des Arts D\u00e9coratifs de la rue Beethoven \u00e0 Paris, Joy de Rohan Chabot, artiste-peintre et sculpteur est reconnue dans le monde entier. Ses oeuvres sont depuis de nombreuses ann\u00e9es recherch\u00e9es par les plus grands collectionneurs internationaux qui suivent son travail avec passion et enchantement. Sa longue collaboration avec Dior Maison et ses [&hellip;]<\/p>\n","protected":false},"featured_media":0,"template":"","meta":[],"product_cat":[2948],"product_tag":[],"acf":[],"yoast_head":"<!-- This site is optimized with the Yoast SEO plugin v20.11 - https:\/\/yoast.com\/wordpress\/plugins\/seo\/ -->\n<title>Joy : Joy de Rohan Chabot par Eric Jansen - version anglaise - Librairie 7L<\/title>\n<meta name=\"robots\" content=\"index, follow, max-snippet:-1, max-image-preview:large, max-video-preview:-1\" \/>\n<link rel=\"canonical\" href=\"https:\/\/librairie7l.com\/en\/produit\/joy-joy-de-rohan-chabot-par-eric-jansen-version-anglaise-2\/\" \/>\n<meta property=\"og:locale\" content=\"en_US\" \/>\n<meta property=\"og:type\" content=\"article\" \/>\n<meta property=\"og:title\" content=\"Joy : Joy de Rohan Chabot par Eric Jansen - version anglaise - Librairie 7L\" \/>\n<meta property=\"og:description\" content=\"Form\u00e9e \u00e0 l&#8217;\u00c9cole des Arts D\u00e9coratifs de la rue Beethoven \u00e0 Paris, Joy de Rohan Chabot, artiste-peintre et sculpteur est reconnue dans le monde entier. Ses oeuvres sont depuis de nombreuses ann\u00e9es recherch\u00e9es par les plus grands collectionneurs internationaux qui suivent son travail avec passion et enchantement. Sa longue collaboration avec Dior Maison et ses [&hellip;]\" \/>\n<meta property=\"og:url\" content=\"https:\/\/librairie7l.com\/en\/produit\/joy-joy-de-rohan-chabot-par-eric-jansen-version-anglaise-2\/\" \/>\n<meta property=\"og:site_name\" content=\"Librairie 7L\" \/>\n<meta property=\"article:modified_time\" content=\"2026-04-16T12:04:39+00:00\" \/>\n<meta name=\"twitter:card\" content=\"summary_large_image\" \/>\n<meta name=\"twitter:label1\" content=\"Est. reading time\" \/>\n\t<meta name=\"twitter:data1\" content=\"2 minutes\" \/>\n<script type=\"application\/ld+json\" class=\"yoast-schema-graph\">{\"@context\":\"https:\/\/schema.org\",\"@graph\":[{\"@type\":\"WebPage\",\"@id\":\"https:\/\/librairie7l.com\/en\/produit\/joy-joy-de-rohan-chabot-par-eric-jansen-version-anglaise-2\/\",\"url\":\"https:\/\/librairie7l.com\/en\/produit\/joy-joy-de-rohan-chabot-par-eric-jansen-version-anglaise-2\/\",\"name\":\"Joy : Joy de Rohan Chabot par Eric Jansen - version anglaise - Librairie 7L\",\"isPartOf\":{\"@id\":\"https:\/\/librairie7l.com\/en\/#website\"},\"datePublished\":\"2026-04-16T08:16:54+00:00\",\"dateModified\":\"2026-04-16T12:04:39+00:00\",\"breadcrumb\":{\"@id\":\"https:\/\/librairie7l.com\/en\/produit\/joy-joy-de-rohan-chabot-par-eric-jansen-version-anglaise-2\/#breadcrumb\"},\"inLanguage\":\"en-US\",\"potentialAction\":[{\"@type\":\"ReadAction\",\"target\":[\"https:\/\/librairie7l.com\/en\/produit\/joy-joy-de-rohan-chabot-par-eric-jansen-version-anglaise-2\/\"]}]},{\"@type\":\"BreadcrumbList\",\"@id\":\"https:\/\/librairie7l.com\/en\/produit\/joy-joy-de-rohan-chabot-par-eric-jansen-version-anglaise-2\/#breadcrumb\",\"itemListElement\":[{\"@type\":\"ListItem\",\"position\":1,\"name\":\"Accueil\",\"item\":\"https:\/\/librairie7l.com\/en\/\"},{\"@type\":\"ListItem\",\"position\":2,\"name\":\"Shop\",\"item\":\"https:\/\/librairie7l.com\/en\/shop\/\"},{\"@type\":\"ListItem\",\"position\":3,\"name\":\"JOY : JOY DE ROHAN CHABOT PAR ERIC JANSEN &#8211; VERSION ANGLAISE\"}]},{\"@type\":\"WebSite\",\"@id\":\"https:\/\/librairie7l.com\/en\/#website\",\"url\":\"https:\/\/librairie7l.com\/en\/\",\"name\":\"Librairie 7L\",\"description\":\"Librairie fond\u00e9e en 1999 par Karl Lagerfeld \u00e0 Paris\",\"publisher\":{\"@id\":\"https:\/\/librairie7l.com\/en\/#organization\"},\"potentialAction\":[{\"@type\":\"SearchAction\",\"target\":{\"@type\":\"EntryPoint\",\"urlTemplate\":\"https:\/\/librairie7l.com\/en\/?s={search_term_string}\"},\"query-input\":\"required name=search_term_string\"}],\"inLanguage\":\"en-US\"},{\"@type\":\"Organization\",\"@id\":\"https:\/\/librairie7l.com\/en\/#organization\",\"name\":\"Librairie 7L\",\"url\":\"https:\/\/librairie7l.com\/en\/\",\"logo\":{\"@type\":\"ImageObject\",\"inLanguage\":\"en-US\",\"@id\":\"https:\/\/librairie7l.com\/en\/#\/schema\/logo\/image\/\",\"url\":\"https:\/\/librairie7l.com\/wp-content\/uploads\/2022\/08\/logo-1.png\",\"contentUrl\":\"https:\/\/librairie7l.com\/wp-content\/uploads\/2022\/08\/logo-1.png\",\"width\":227,\"height\":301,\"caption\":\"Librairie 7L\"},\"image\":{\"@id\":\"https:\/\/librairie7l.com\/en\/#\/schema\/logo\/image\/\"}}]}<\/script>\n<!-- \/ Yoast SEO plugin. -->","yoast_head_json":{"title":"Joy : Joy de Rohan Chabot par Eric Jansen - version anglaise - Librairie 7L","robots":{"index":"index","follow":"follow","max-snippet":"max-snippet:-1","max-image-preview":"max-image-preview:large","max-video-preview":"max-video-preview:-1"},"canonical":"https:\/\/librairie7l.com\/en\/produit\/joy-joy-de-rohan-chabot-par-eric-jansen-version-anglaise-2\/","og_locale":"en_US","og_type":"article","og_title":"Joy : Joy de Rohan Chabot par Eric Jansen - version anglaise - Librairie 7L","og_description":"Form\u00e9e \u00e0 l&#8217;\u00c9cole des Arts D\u00e9coratifs de la rue Beethoven \u00e0 Paris, Joy de Rohan Chabot, artiste-peintre et sculpteur est reconnue dans le monde entier. Ses oeuvres sont depuis de nombreuses ann\u00e9es recherch\u00e9es par les plus grands collectionneurs internationaux qui suivent son travail avec passion et enchantement. Sa longue collaboration avec Dior Maison et ses [&hellip;]","og_url":"https:\/\/librairie7l.com\/en\/produit\/joy-joy-de-rohan-chabot-par-eric-jansen-version-anglaise-2\/","og_site_name":"Librairie 7L","article_modified_time":"2026-04-16T12:04:39+00:00","twitter_card":"summary_large_image","twitter_misc":{"Est. reading time":"2 minutes"},"schema":{"@context":"https:\/\/schema.org","@graph":[{"@type":"WebPage","@id":"https:\/\/librairie7l.com\/en\/produit\/joy-joy-de-rohan-chabot-par-eric-jansen-version-anglaise-2\/","url":"https:\/\/librairie7l.com\/en\/produit\/joy-joy-de-rohan-chabot-par-eric-jansen-version-anglaise-2\/","name":"Joy : Joy de Rohan Chabot par Eric Jansen - version anglaise - Librairie 7L","isPartOf":{"@id":"https:\/\/librairie7l.com\/en\/#website"},"datePublished":"2026-04-16T08:16:54+00:00","dateModified":"2026-04-16T12:04:39+00:00","breadcrumb":{"@id":"https:\/\/librairie7l.com\/en\/produit\/joy-joy-de-rohan-chabot-par-eric-jansen-version-anglaise-2\/#breadcrumb"},"inLanguage":"en-US","potentialAction":[{"@type":"ReadAction","target":["https:\/\/librairie7l.com\/en\/produit\/joy-joy-de-rohan-chabot-par-eric-jansen-version-anglaise-2\/"]}]},{"@type":"BreadcrumbList","@id":"https:\/\/librairie7l.com\/en\/produit\/joy-joy-de-rohan-chabot-par-eric-jansen-version-anglaise-2\/#breadcrumb","itemListElement":[{"@type":"ListItem","position":1,"name":"Accueil","item":"https:\/\/librairie7l.com\/en\/"},{"@type":"ListItem","position":2,"name":"Shop","item":"https:\/\/librairie7l.com\/en\/shop\/"},{"@type":"ListItem","position":3,"name":"JOY : JOY DE ROHAN CHABOT PAR ERIC JANSEN &#8211; VERSION ANGLAISE"}]},{"@type":"WebSite","@id":"https:\/\/librairie7l.com\/en\/#website","url":"https:\/\/librairie7l.com\/en\/","name":"Librairie 7L","description":"Librairie fond\u00e9e en 1999 par Karl Lagerfeld \u00e0 Paris","publisher":{"@id":"https:\/\/librairie7l.com\/en\/#organization"},"potentialAction":[{"@type":"SearchAction","target":{"@type":"EntryPoint","urlTemplate":"https:\/\/librairie7l.com\/en\/?s={search_term_string}"},"query-input":"required name=search_term_string"}],"inLanguage":"en-US"},{"@type":"Organization","@id":"https:\/\/librairie7l.com\/en\/#organization","name":"Librairie 7L","url":"https:\/\/librairie7l.com\/en\/","logo":{"@type":"ImageObject","inLanguage":"en-US","@id":"https:\/\/librairie7l.com\/en\/#\/schema\/logo\/image\/","url":"https:\/\/librairie7l.com\/wp-content\/uploads\/2022\/08\/logo-1.png","contentUrl":"https:\/\/librairie7l.com\/wp-content\/uploads\/2022\/08\/logo-1.png","width":227,"height":301,"caption":"Librairie 7L"},"image":{"@id":"https:\/\/librairie7l.com\/en\/#\/schema\/logo\/image\/"}}]}},"_links":{"self":[{"href":"https:\/\/librairie7l.com\/en\/wp-json\/wp\/v2\/product\/56413"}],"collection":[{"href":"https:\/\/librairie7l.com\/en\/wp-json\/wp\/v2\/product"}],"about":[{"href":"https:\/\/librairie7l.com\/en\/wp-json\/wp\/v2\/types\/product"}],"wp:attachment":[{"href":"https:\/\/librairie7l.com\/en\/wp-json\/wp\/v2\/media?parent=56413"}],"wp:term":[{"taxonomy":"product_cat","embeddable":true,"href":"https:\/\/librairie7l.com\/en\/wp-json\/wp\/v2\/product_cat?post=56413"},{"taxonomy":"product_tag","embeddable":true,"href":"https:\/\/librairie7l.com\/en\/wp-json\/wp\/v2\/product_tag?post=56413"}],"curies":[{"name":"wp","href":"https:\/\/api.w.org\/{rel}","templated":true}]}}