{"id":56417,"date":"2026-04-16T10:16:56","date_gmt":"2026-04-16T08:16:56","guid":{"rendered":"https:\/\/librairie7l.com\/?post_type=product&#038;p=56417"},"modified":"2026-04-16T13:42:18","modified_gmt":"2026-04-16T11:42:18","slug":"gaetano-pesce-the-chiatday-project-2","status":"publish","type":"product","link":"https:\/\/librairie7l.com\/en\/produit\/gaetano-pesce-the-chiatday-project-2\/","title":{"rendered":"GAETANO PESCE : THE CHIATDAY PROJECT"},"content":{"rendered":"<p>Architecte avant d&#8217;\u00eatre designer, Gaetano Pesce (1939-1924) r\u00e9alisa en 1994 l&#8217;un des projets architecturaux les plus marquants de la d\u00e9cennie en r\u00e9ponse \u00e0 une commande de Jay Chiat. Directeur de ChiatDAy, l&#8217;agence de communication la plus en vogue de New York et Los Angeles, il est inspir\u00e9 par l&#8217;appartement novateur et empreint d&#8217;une libert\u00e9 totale r\u00e9alis\u00e9 par le mastro italien pour Ruth Shuman. Jay Chiat souhaite &#8220;un bureau virtuel, sans horaires, sans cloisons, sans papier, sans poste attitr\u00e9, enti\u00e8rement digital&#8221;.<br \/>\nAvant l&#8217;\u00e8re du tout num\u00e9rique, le 180 Maiden Lane se mue en terrain de jeu et d&#8217;exp\u00e9rimentation. Le mobilier et le b\u00e2ti se couvrent de r\u00e9sine, mat\u00e9riau dont Gaetano Pesce est le sp\u00e9cialiste, car &#8220;il permet la joie, la d\u00e9couverte, la stimulation, en accord avec les caract\u00e9ristiques du corps humain : la souplesse, la transparence, la joie, la couleur&#8221;.<br \/>\nL&#8217;ensemble est pens\u00e9 comme un village fait de ruelles, selon les lin\u00e9aments d&#8217;un visage, et articul\u00e9 autour de diff\u00e9rentes zones : caf\u00e9t\u00e9ria, salles de r\u00e9union, salle vid\u00e9o, ainsi qu&#8217;une dizaine d&#8217;espaces r\u00e9serv\u00e9s aux principaux clients de l&#8217;agence. L&#8217;exceptionnel reportage photographique de Donatella Brun, les dessins pr\u00e9paratoires et les images d&#8217;archives issus du Studio Gaetano Pesce permettent de saisir l&#8217;ampleur et l&#8217;ambition de cette r\u00e9alisation d\u00e9terminante dans le parcours de Gaetano Pesce.<br \/>\nPortes, tables, chaises, rangements, bureaux, canap\u00e9s, luminaires : Gaetano Pesce signe pour ChiatDay un ensemble complet, r\u00e9uni en un catalogue illustr\u00e9 in\u00e9dit.<\/p>\n","protected":false},"excerpt":{"rendered":"<p>Architecte avant d&#8217;\u00eatre designer, Gaetano Pesce (1939-1924) r\u00e9alisa en 1994 l&#8217;un des projets architecturaux les plus marquants de la d\u00e9cennie en r\u00e9ponse \u00e0 une commande de Jay Chiat. Directeur de ChiatDAy, l&#8217;agence de communication la plus en vogue de New York et Los Angeles, il est inspir\u00e9 par l&#8217;appartement novateur et empreint d&#8217;une libert\u00e9 totale [&hellip;]<\/p>\n","protected":false},"featured_media":56415,"template":"","meta":[],"product_cat":[2948],"product_tag":[],"acf":[],"yoast_head":"<!-- This site is optimized with the Yoast SEO plugin v20.11 - https:\/\/yoast.com\/wordpress\/plugins\/seo\/ -->\n<title>Gaetano Pesce : The ChiatDay Project - Librairie 7L<\/title>\n<meta name=\"robots\" content=\"index, follow, max-snippet:-1, max-image-preview:large, max-video-preview:-1\" \/>\n<link rel=\"canonical\" href=\"https:\/\/librairie7l.com\/en\/produit\/gaetano-pesce-the-chiatday-project-2\/\" \/>\n<meta property=\"og:locale\" content=\"en_US\" \/>\n<meta property=\"og:type\" content=\"article\" \/>\n<meta property=\"og:title\" content=\"Gaetano Pesce : The ChiatDay Project - Librairie 7L\" \/>\n<meta property=\"og:description\" content=\"Architecte avant d&#8217;\u00eatre designer, Gaetano Pesce (1939-1924) r\u00e9alisa en 1994 l&#8217;un des projets architecturaux les plus marquants de la d\u00e9cennie en r\u00e9ponse \u00e0 une commande de Jay Chiat. Directeur de ChiatDAy, l&#8217;agence de communication la plus en vogue de New York et Los Angeles, il est inspir\u00e9 par l&#8217;appartement novateur et empreint d&#8217;une libert\u00e9 totale [&hellip;]\" \/>\n<meta property=\"og:url\" content=\"https:\/\/librairie7l.com\/en\/produit\/gaetano-pesce-the-chiatday-project-2\/\" \/>\n<meta property=\"og:site_name\" content=\"Librairie 7L\" \/>\n<meta property=\"article:modified_time\" content=\"2026-04-16T11:42:18+00:00\" \/>\n<meta property=\"og:image\" content=\"https:\/\/librairie7l.com\/wp-content\/uploads\/2026\/01\/9782376661191_1_75.jpg\" \/>\n\t<meta property=\"og:image:width\" content=\"600\" \/>\n\t<meta property=\"og:image:height\" content=\"763\" \/>\n\t<meta property=\"og:image:type\" content=\"image\/jpeg\" \/>\n<meta name=\"twitter:card\" content=\"summary_large_image\" \/>\n<meta name=\"twitter:label1\" content=\"Est. reading time\" \/>\n\t<meta name=\"twitter:data1\" content=\"1 minute\" \/>\n<script type=\"application\/ld+json\" class=\"yoast-schema-graph\">{\"@context\":\"https:\/\/schema.org\",\"@graph\":[{\"@type\":\"WebPage\",\"@id\":\"https:\/\/librairie7l.com\/en\/produit\/gaetano-pesce-the-chiatday-project-2\/\",\"url\":\"https:\/\/librairie7l.com\/en\/produit\/gaetano-pesce-the-chiatday-project-2\/\",\"name\":\"Gaetano Pesce : The ChiatDay Project - Librairie 7L\",\"isPartOf\":{\"@id\":\"https:\/\/librairie7l.com\/en\/#website\"},\"datePublished\":\"2026-04-16T08:16:56+00:00\",\"dateModified\":\"2026-04-16T11:42:18+00:00\",\"breadcrumb\":{\"@id\":\"https:\/\/librairie7l.com\/en\/produit\/gaetano-pesce-the-chiatday-project-2\/#breadcrumb\"},\"inLanguage\":\"en-US\",\"potentialAction\":[{\"@type\":\"ReadAction\",\"target\":[\"https:\/\/librairie7l.com\/en\/produit\/gaetano-pesce-the-chiatday-project-2\/\"]}]},{\"@type\":\"BreadcrumbList\",\"@id\":\"https:\/\/librairie7l.com\/en\/produit\/gaetano-pesce-the-chiatday-project-2\/#breadcrumb\",\"itemListElement\":[{\"@type\":\"ListItem\",\"position\":1,\"name\":\"Accueil\",\"item\":\"https:\/\/librairie7l.com\/en\/\"},{\"@type\":\"ListItem\",\"position\":2,\"name\":\"Shop\",\"item\":\"https:\/\/librairie7l.com\/en\/shop\/\"},{\"@type\":\"ListItem\",\"position\":3,\"name\":\"GAETANO PESCE : THE CHIATDAY PROJECT\"}]},{\"@type\":\"WebSite\",\"@id\":\"https:\/\/librairie7l.com\/en\/#website\",\"url\":\"https:\/\/librairie7l.com\/en\/\",\"name\":\"Librairie 7L\",\"description\":\"Librairie fond\u00e9e en 1999 par Karl Lagerfeld \u00e0 Paris\",\"publisher\":{\"@id\":\"https:\/\/librairie7l.com\/en\/#organization\"},\"potentialAction\":[{\"@type\":\"SearchAction\",\"target\":{\"@type\":\"EntryPoint\",\"urlTemplate\":\"https:\/\/librairie7l.com\/en\/?s={search_term_string}\"},\"query-input\":\"required name=search_term_string\"}],\"inLanguage\":\"en-US\"},{\"@type\":\"Organization\",\"@id\":\"https:\/\/librairie7l.com\/en\/#organization\",\"name\":\"Librairie 7L\",\"url\":\"https:\/\/librairie7l.com\/en\/\",\"logo\":{\"@type\":\"ImageObject\",\"inLanguage\":\"en-US\",\"@id\":\"https:\/\/librairie7l.com\/en\/#\/schema\/logo\/image\/\",\"url\":\"https:\/\/librairie7l.com\/wp-content\/uploads\/2022\/08\/logo-1.png\",\"contentUrl\":\"https:\/\/librairie7l.com\/wp-content\/uploads\/2022\/08\/logo-1.png\",\"width\":227,\"height\":301,\"caption\":\"Librairie 7L\"},\"image\":{\"@id\":\"https:\/\/librairie7l.com\/en\/#\/schema\/logo\/image\/\"}}]}<\/script>\n<!-- \/ Yoast SEO plugin. -->","yoast_head_json":{"title":"Gaetano Pesce : The ChiatDay Project - Librairie 7L","robots":{"index":"index","follow":"follow","max-snippet":"max-snippet:-1","max-image-preview":"max-image-preview:large","max-video-preview":"max-video-preview:-1"},"canonical":"https:\/\/librairie7l.com\/en\/produit\/gaetano-pesce-the-chiatday-project-2\/","og_locale":"en_US","og_type":"article","og_title":"Gaetano Pesce : The ChiatDay Project - Librairie 7L","og_description":"Architecte avant d&#8217;\u00eatre designer, Gaetano Pesce (1939-1924) r\u00e9alisa en 1994 l&#8217;un des projets architecturaux les plus marquants de la d\u00e9cennie en r\u00e9ponse \u00e0 une commande de Jay Chiat. Directeur de ChiatDAy, l&#8217;agence de communication la plus en vogue de New York et Los Angeles, il est inspir\u00e9 par l&#8217;appartement novateur et empreint d&#8217;une libert\u00e9 totale [&hellip;]","og_url":"https:\/\/librairie7l.com\/en\/produit\/gaetano-pesce-the-chiatday-project-2\/","og_site_name":"Librairie 7L","article_modified_time":"2026-04-16T11:42:18+00:00","og_image":[{"width":600,"height":763,"url":"https:\/\/librairie7l.com\/wp-content\/uploads\/2026\/01\/9782376661191_1_75.jpg","type":"image\/jpeg"}],"twitter_card":"summary_large_image","twitter_misc":{"Est. reading time":"1 minute"},"schema":{"@context":"https:\/\/schema.org","@graph":[{"@type":"WebPage","@id":"https:\/\/librairie7l.com\/en\/produit\/gaetano-pesce-the-chiatday-project-2\/","url":"https:\/\/librairie7l.com\/en\/produit\/gaetano-pesce-the-chiatday-project-2\/","name":"Gaetano Pesce : The ChiatDay Project - Librairie 7L","isPartOf":{"@id":"https:\/\/librairie7l.com\/en\/#website"},"datePublished":"2026-04-16T08:16:56+00:00","dateModified":"2026-04-16T11:42:18+00:00","breadcrumb":{"@id":"https:\/\/librairie7l.com\/en\/produit\/gaetano-pesce-the-chiatday-project-2\/#breadcrumb"},"inLanguage":"en-US","potentialAction":[{"@type":"ReadAction","target":["https:\/\/librairie7l.com\/en\/produit\/gaetano-pesce-the-chiatday-project-2\/"]}]},{"@type":"BreadcrumbList","@id":"https:\/\/librairie7l.com\/en\/produit\/gaetano-pesce-the-chiatday-project-2\/#breadcrumb","itemListElement":[{"@type":"ListItem","position":1,"name":"Accueil","item":"https:\/\/librairie7l.com\/en\/"},{"@type":"ListItem","position":2,"name":"Shop","item":"https:\/\/librairie7l.com\/en\/shop\/"},{"@type":"ListItem","position":3,"name":"GAETANO PESCE : THE CHIATDAY PROJECT"}]},{"@type":"WebSite","@id":"https:\/\/librairie7l.com\/en\/#website","url":"https:\/\/librairie7l.com\/en\/","name":"Librairie 7L","description":"Librairie fond\u00e9e en 1999 par Karl Lagerfeld \u00e0 Paris","publisher":{"@id":"https:\/\/librairie7l.com\/en\/#organization"},"potentialAction":[{"@type":"SearchAction","target":{"@type":"EntryPoint","urlTemplate":"https:\/\/librairie7l.com\/en\/?s={search_term_string}"},"query-input":"required name=search_term_string"}],"inLanguage":"en-US"},{"@type":"Organization","@id":"https:\/\/librairie7l.com\/en\/#organization","name":"Librairie 7L","url":"https:\/\/librairie7l.com\/en\/","logo":{"@type":"ImageObject","inLanguage":"en-US","@id":"https:\/\/librairie7l.com\/en\/#\/schema\/logo\/image\/","url":"https:\/\/librairie7l.com\/wp-content\/uploads\/2022\/08\/logo-1.png","contentUrl":"https:\/\/librairie7l.com\/wp-content\/uploads\/2022\/08\/logo-1.png","width":227,"height":301,"caption":"Librairie 7L"},"image":{"@id":"https:\/\/librairie7l.com\/en\/#\/schema\/logo\/image\/"}}]}},"_links":{"self":[{"href":"https:\/\/librairie7l.com\/en\/wp-json\/wp\/v2\/product\/56417"}],"collection":[{"href":"https:\/\/librairie7l.com\/en\/wp-json\/wp\/v2\/product"}],"about":[{"href":"https:\/\/librairie7l.com\/en\/wp-json\/wp\/v2\/types\/product"}],"wp:featuredmedia":[{"embeddable":true,"href":"https:\/\/librairie7l.com\/en\/wp-json\/wp\/v2\/media\/56415"}],"wp:attachment":[{"href":"https:\/\/librairie7l.com\/en\/wp-json\/wp\/v2\/media?parent=56417"}],"wp:term":[{"taxonomy":"product_cat","embeddable":true,"href":"https:\/\/librairie7l.com\/en\/wp-json\/wp\/v2\/product_cat?post=56417"},{"taxonomy":"product_tag","embeddable":true,"href":"https:\/\/librairie7l.com\/en\/wp-json\/wp\/v2\/product_tag?post=56417"}],"curies":[{"name":"wp","href":"https:\/\/api.w.org\/{rel}","templated":true}]}}